{"id":5588,"date":"2023-01-12T20:24:31","date_gmt":"2023-01-12T20:24:31","guid":{"rendered":"https:\/\/livinghome.vn\/thiet-bi\/?post_type=product&#038;p=5588"},"modified":"2024-11-29T14:19:20","modified_gmt":"2024-11-29T07:19:20","slug":"may-rua-chen-texgio-tg-tgwf68gb","status":"publish","type":"product","link":"https:\/\/livinghome.vn\/thiet-bi\/may-rua-chen-texgio-tg-tgwf68gb\/","title":{"rendered":"M\u00e1y r\u1eeda ch\u00e9n Texgio TG-TGWF68GB \u0110\u1ed9c L\u1eadp 11 B\u1ed9 9 L\u00edt N\u01b0\u1edbc"},"content":{"rendered":"<h2>M\u00e1y r\u1eeda ch\u00e9n Texgio TG-TGWF68GB 11 b\u1ed9 s\u1ea5y t\u0103ng c\u01b0\u1eddng &#8211; s\u1ea5y kh\u00ed n\u00f3ng PTC<\/h2>\n<figure id=\"attachment_64034\" aria-describedby=\"caption-attachment-64034\" style=\"width: 800px\" class=\"wp-caption alignnone\"><img loading=\"lazy\" decoding=\"async\" class=\"size-large wp-image-64034\" src=\"https:\/\/livinghome.vn\/thiet-bi\/wp-content\/uploads\/nha-bep\/texgio\/may-rua-chen-bat\/may-rua-chen-bat-gia-dinh-texgio-tg-tgwf68gb\/may-rua-chen-bat-gia-dinh-texgio-tg-tgwf68gb-800x800.jpg\" alt=\"M\u00e1y r\u1eeda ch\u00e9n Texgio TG-TGWF68GB\" width=\"800\" height=\"800\" title=\"\"><figcaption id=\"caption-attachment-64034\" class=\"wp-caption-text\">M\u00e1y r\u1eeda ch\u00e9n Texgio TG-TGWF68GB<\/figcaption><\/figure>\n<ul>\n<li>D\u00e2y chuy\u1ec1n s\u1ea3n xu\u1ea5t c\u00f4ng ngh\u1ec7 \u0110\u1ee9c<\/li>\n<li>\u00a0T\u00ednh n\u0103ng \u0111\u1eb7c bi\u1ec7t: WIFI, S\u1ea5y ExtraDrying, Qu\u1ea1t Fresh Air,\u00a0Delay<\/li>\n<li>\u00a0C\u00f4ng ngh\u1ec7 s\u1ea5y:\u00a0S\u1ea5y\u00a0kh\u00ed n\u00f3ng\u00a0PTC &#8211; Trung Qu\u1ed1c l\u00e0 Qu\u1ed1c gia duy nh\u1ea5t s\u00e1ng ch\u1ebf v\u00e0\u00a0\u00e1p d\u1ee5ng c\u00f4ng ngh\u1ec7 s\u1ea5y PTC tr\u00ean th\u1ecb tr\u01b0\u1eddng hi\u1ec7n nay<\/li>\n<li>\u00a0Ch\u1ee9c n\u0103ng an to\u00e0n: Kh\u00f3a tr\u1ebb em<\/li>\n<li>\u00a0Dung t\u00edch: 11\u00a0B\u1ed9<\/li>\n<li>\u00a0Ki\u1ec3u d\u00e1ng: <a href=\"https:\/\/livinghome.vn\/thiet-bi\/may-rua-chen-bat\/\">M\u00e1y r\u1eeda ch\u00e9n <\/a>\u0110\u1eb7t b\u00e0n\/B\u00e1n \u00e2m<\/li>\n<li>\u00a0Ch\u1ea5t li\u1ec7u: K\u00ednh c\u01b0\u1eddng l\u1ef1c\u00a0\u0111en<\/li>\n<li>\u00a0\u0110i\u1ec1u khi\u1ec3n: C\u1ea3m \u1ee9ng<\/li>\n<li>\u00a0L\u01b0\u1ee3ng n\u01b0\u1edbc ti\u00eau th\u1ee5 : 9 L<\/li>\n<li>\u00a0\u0110\u1ed9 \u1ed3n :\u00a0&lt;46\u00a0Db<\/li>\n<li>\u00a0K\u00edch th\u01b0\u1edbc s\u1ea3n ph\u1ea9m: C635\u00a0x R595\u00a0x S500\u00a0mm<\/li>\n<li>\u00a0B\u1ea3o H\u00e0nh\u00a05 n\u0103m<\/li>\n<li>\u00a0Ch\u01b0\u01a1ng tr\u00ecnh r\u1eeda: 7<\/li>\n<\/ul>\n<h3>K\u1ebeT N\u1ed0I WIFI TH\u00d4NG MINH TI\u1ec6N L\u1ee2I<\/h3>\n<div>\n<figure id=\"attachment_64041\" aria-describedby=\"caption-attachment-64041\" style=\"width: 1020px\" class=\"wp-caption alignnone\"><img loading=\"lazy\" decoding=\"async\" class=\"size-large wp-image-64041\" src=\"https:\/\/livinghome.vn\/thiet-bi\/wp-content\/uploads\/nha-bep\/texgio\/may-rua-chen-bat\/may-rua-chen-bat-gia-dinh-texgio-tg-tgwf68gb\/may-rua-chen-bat-gia-dinh-texgio-tg-tgwf68gb-6-1067x800.jpg\" alt=\"M\u00e1y r\u1eeda ch\u00e9n Texgio TG-TGWF68GB\" width=\"1020\" height=\"765\" title=\"\"><figcaption id=\"caption-attachment-64041\" class=\"wp-caption-text\">M\u00e1y r\u1eeda ch\u00e9n Texgio TG-TGWF68GB<\/figcaption><\/figure>\n<\/div>\n<div>\n<div>\u0110i\u1ec1u khi\u1ec3n v\u00e0 ki\u1ec3m so\u00e1t ho\u1ea1t \u0111\u1ed9ng m\u00e1y \u1edf b\u1ea5t c\u1ee9 \u0111\u00e2u, b\u1ea5t c\u1ee9 l\u00fac n\u00e0o b\u1ea1n mu\u1ed1n ch\u1ec9 sau 1 n\u00fat\u00a0ch\u1ea1m.<\/div>\n<div>\n<h3>\u0110\u1ed8NG C\u01a0 DUAL SPEED<\/h3>\n<div>\n<figure id=\"attachment_64036\" aria-describedby=\"caption-attachment-64036\" style=\"width: 800px\" class=\"wp-caption alignnone\"><img loading=\"lazy\" decoding=\"async\" class=\"size-large wp-image-64036\" src=\"https:\/\/livinghome.vn\/thiet-bi\/wp-content\/uploads\/nha-bep\/texgio\/may-rua-chen-bat\/may-rua-chen-bat-gia-dinh-texgio-tg-tgwf68gb\/may-rua-chen-bat-gia-dinh-texgio-tg-tgwf68gb-2-800x800.jpg\" alt=\"M\u00e1y r\u1eeda ch\u00e9n Texgio TG-TGWF68GB\" width=\"800\" height=\"800\" title=\"\"><figcaption id=\"caption-attachment-64036\" class=\"wp-caption-text\">M\u00e1y r\u1eeda ch\u00e9n Texgio TG-TGWF68GB<\/figcaption><\/figure>\n<\/div>\n<div>\u0110\u1ed9ng c\u01a1 hai t\u1ed1c \u0111\u1ed9 Arrow c\u1ee7a \u0110\u1ee9c<br \/>\nV\u1eadn h\u00e0nh m\u1ea1nh m\u1ebd, hi\u1ec7u su\u1ea5t t\u0103ng 13,4%<br \/>\nK\u1ebft n\u1ed1i linh ho\u1ea1t gi\u00fap gi\u1ea3m 10,6% ti\u1ebfng \u1ed3n.<\/div>\n<div>\n<h3>S\u1ea4Y KH\u00d4 KH\u00cd N\u00d3NG PTC<\/h3>\n<figure id=\"attachment_64039\" aria-describedby=\"caption-attachment-64039\" style=\"width: 1020px\" class=\"wp-caption alignnone\"><img loading=\"lazy\" decoding=\"async\" class=\"size-large wp-image-64039\" src=\"https:\/\/livinghome.vn\/thiet-bi\/wp-content\/uploads\/nha-bep\/texgio\/may-rua-chen-bat\/may-rua-chen-bat-gia-dinh-texgio-tg-tgwf68gb\/may-rua-chen-bat-gia-dinh-texgio-tg-tgwf68gb-7-1067x800.jpg\" alt=\"M\u00e1y r\u1eeda ch\u00e9n Texgio TG-TGWF68GB\" width=\"1020\" height=\"765\" title=\"\"><figcaption id=\"caption-attachment-64039\" class=\"wp-caption-text\">M\u00e1y r\u1eeda ch\u00e9n Texgio TG-TGWF68GB<\/figcaption><\/figure>\n<div>M\u00e1y r\u1eeda ch\u00e9n b\u00e1t 11 \u0111\u01b0\u1ee3c trang b\u1ecb b\u1ed9 l\u01b0u nhi\u1ec7t v\u00e0 ti\u1ebft ki\u1ec7m n\u0103ng l\u01b0\u1ee3ng Ecotech, t\u0103ng hi\u1ec7u su\u1ea5t l\u00ean 30%.<br \/>\nC\u00f4ng ngh\u1ec7\u00a0PTC (Positive Temperature Coefficient) s\u1ea5y\u00a0n\u00e2ng c\u1ea5p\u00a0th\u00f4ng minh v\u00e0 ti\u1ebft ki\u1ec7m.<\/div>\n<div>\n<h3>TU\u1ea6N HO\u00c0N T\u00c1I SINH ENMET<\/h3>\n<div>\n<figure id=\"attachment_64040\" aria-describedby=\"caption-attachment-64040\" style=\"width: 800px\" class=\"wp-caption alignnone\"><img loading=\"lazy\" decoding=\"async\" class=\"size-large wp-image-64040\" src=\"https:\/\/livinghome.vn\/thiet-bi\/wp-content\/uploads\/nha-bep\/texgio\/may-rua-chen-bat\/may-rua-chen-bat-gia-dinh-texgio-tg-tgwf68gb\/may-rua-chen-bat-gia-dinh-texgio-tg-tgwf68gb-3-800x800.jpg\" alt=\"M\u00e1y r\u1eeda ch\u00e9n Texgio TG-TGWF68GB\" width=\"800\" height=\"800\" title=\"\"><figcaption id=\"caption-attachment-64040\" class=\"wp-caption-text\">M\u00e1y r\u1eeda ch\u00e9n Texgio TG-TGWF68GB<\/figcaption><\/figure>\n<p>L\u1ecdc h\u1ebft\u00a0Canxi<sup>+<\/sup>, Magie<sup>+<\/sup>\u00a0trong n\u01b0\u1edbc.<br \/>\nKhi m\u00e1y \u0111\u00e3 \u0111\u01b0\u1ee3c x\u1eed l\u00fd n\u01b0\u1edbc m\u1ec1m c\u00f3 th\u1ec3 \u0111\u1ea1t \u0111\u1ed9 s\u1ea1ch t\u1edbi 99%, b\u1ea3o v\u1ec7 h\u1ec7 th\u1ed1ng, b\u1ea3o v\u1ec7 m\u00f4i tr\u01b0\u1eddng.<\/p>\n<\/div>\n<div><\/div>\n<div>\n<h3>TRAO \u0110\u1ed4I L\u1eccC GI\u00d3 FRESH AIR<\/h3>\n<div>\n<div id=\"Translation\">\n<figure id=\"attachment_64038\" aria-describedby=\"caption-attachment-64038\" style=\"width: 1020px\" class=\"wp-caption alignnone\"><img loading=\"lazy\" decoding=\"async\" class=\"size-large wp-image-64038\" src=\"https:\/\/livinghome.vn\/thiet-bi\/wp-content\/uploads\/nha-bep\/texgio\/may-rua-chen-bat\/may-rua-chen-bat-gia-dinh-texgio-tg-tgwf68gb\/may-rua-chen-bat-gia-dinh-texgio-tg-tgwf68gb-1-1067x800.jpg\" alt=\"M\u00e1y r\u1eeda ch\u00e9n Texgio TG-TGWF68GB\" width=\"1020\" height=\"765\" title=\"\"><figcaption id=\"caption-attachment-64038\" class=\"wp-caption-text\">M\u00e1y r\u1eeda ch\u00e9n Texgio TG-TGWF68GB<\/figcaption><\/figure>\n<p>H\u1ec7 th\u1ed1ng t\u1ea1o gi\u00f3 m\u1edbi Fresh Air ho\u1ea1t \u0111\u1ed9ng 5 ph\u00fat m\u1ed7i gi\u1edd l\u1ecdc t\u1ed1i \u01b0u kh\u00f4ng kh\u00ed trong l\u00e0nh b\u00ean trong khoang m\u00e1y.<\/p>\n<\/div>\n<div>\n<h3>TAY PHUN K\u00c9P QUAY \u0110\u1ea2O G\u00d3C 360<sup>o<\/sup><\/h3>\n<figure id=\"attachment_64037\" aria-describedby=\"caption-attachment-64037\" style=\"width: 1020px\" class=\"wp-caption alignnone\"><img loading=\"lazy\" decoding=\"async\" class=\"size-large wp-image-64037\" src=\"https:\/\/livinghome.vn\/thiet-bi\/wp-content\/uploads\/nha-bep\/texgio\/may-rua-chen-bat\/may-rua-chen-bat-gia-dinh-texgio-tg-tgwf68gb\/may-rua-chen-bat-gia-dinh-texgio-tg-tgwf68gb-8-1067x800.jpg\" alt=\"M\u00e1y r\u1eeda ch\u00e9n Texgio TG-TGWF68GB\" width=\"1020\" height=\"765\" title=\"\"><figcaption id=\"caption-attachment-64037\" class=\"wp-caption-text\">M\u00e1y r\u1eeda ch\u00e9n Texgio TG-TGWF68GB<\/figcaption><\/figure>\n<p>\u0110\u1ed9ng c\u01a1 hai t\u1ed1c \u0111\u1ed9 cho \u00e1p l\u1ef1c n\u01b0\u1edbc cao quay 360\u00b0 kh\u00f4ng g\u00f3c ch\u1ebft. Tay phun hai l\u1edbp k\u00e9p g\u00f3c \u0111\u1ea3o ng\u01b0\u1ee3c l\u1ed7 phun tia n\u01b0\u1edbc thi\u1ebft k\u1ebf h\u00ecnh h\u1ecdc vi m\u00f4 r\u1eeda l\u1ed1c xo\u00e1y, kh\u00f4ng l\u1eafng c\u1eb7n, s\u1ea1ch s\u00e2u h\u01a1n.<\/p>\n<div>\n<h3>THI\u1ebeT K\u1ebe X\u1ebeP CH\u00c9N B\u00c1T KI\u1ec2U CH\u00c2U \u00c1<\/h3>\n<figure id=\"attachment_64035\" aria-describedby=\"caption-attachment-64035\" style=\"width: 800px\" class=\"wp-caption alignnone\"><img loading=\"lazy\" decoding=\"async\" class=\"size-large wp-image-64035\" src=\"https:\/\/livinghome.vn\/thiet-bi\/wp-content\/uploads\/nha-bep\/texgio\/may-rua-chen-bat\/may-rua-chen-bat-gia-dinh-texgio-tg-tgwf68gb\/may-rua-chen-bat-gia-dinh-texgio-tg-tgwf68gb-4-800x800.jpg\" alt=\"M\u00e1y r\u1eeda ch\u00e9n Texgio TG-TGWF68GB\" width=\"800\" height=\"800\" title=\"\"><figcaption id=\"caption-attachment-64035\" class=\"wp-caption-text\">M\u00e1y r\u1eeda ch\u00e9n Texgio TG-TGWF68GB<\/figcaption><\/figure>\n<\/div>\n<div>2 gi\u00e0n r\u1eeda +1 gi\u1ecf \u0111\u0169a th\u00eca<br \/>\nNan g\u1eadp ti\u1ec7n l\u1ee3i, linh ho\u1ea1t m\u1edf r\u1ed9ng di\u1ec7n t\u00edch x\u1ebfp n\u1ed3i xoong<\/div>\n<div>\n<h3>K\u00cdCH TH\u01af\u1edaC L\u1eaeP \u0110\u1eb6T<\/h3>\n<figure id=\"attachment_64042\" aria-describedby=\"caption-attachment-64042\" style=\"width: 800px\" class=\"wp-caption alignnone\"><img loading=\"lazy\" decoding=\"async\" class=\"size-large wp-image-64042\" src=\"https:\/\/livinghome.vn\/thiet-bi\/wp-content\/uploads\/nha-bep\/texgio\/may-rua-chen-bat\/may-rua-chen-bat-gia-dinh-texgio-tg-tgwf68gb\/may-rua-chen-bat-gia-dinh-texgio-tg-tgwf68gb-5-800x800.jpg\" alt=\"M\u00e1y r\u1eeda ch\u00e9n Texgio TG-TGWF68GB\" width=\"800\" height=\"800\" title=\"\"><figcaption id=\"caption-attachment-64042\" class=\"wp-caption-text\">M\u00e1y r\u1eeda ch\u00e9n Texgio TG-TGWF68GB<\/figcaption><\/figure>\n<div class=\"content-detail\">Tham kh\u1ea3o k\u00edch th\u01b0\u1edbc t\u1ee7 ch\u1edd l\u1eafp \u00e2m<\/div>\n<\/div>\n<\/div>\n<\/div>\n<\/div>\n<\/div>\n<\/div>\n<\/div>\n<\/div>\n","protected":false},"excerpt":{"rendered":"<p>M\u00e1y r\u1eeda ch\u00e9n Texgio TG-TGWF68GB 11 b\u1ed9 s\u1ea5y t\u0103ng c\u01b0\u1eddng &#8211; s\u1ea5y kh\u00ed n\u00f3ng PTC D\u00e2y chuy\u1ec1n s\u1ea3n xu\u1ea5t c\u00f4ng ngh\u1ec7 \u0110\u1ee9c \u00a0T\u00ednh n\u0103ng \u0111\u1eb7c bi\u1ec7t: WIFI, S\u1ea5y ExtraDrying, Qu\u1ea1t Fresh Air,\u00a0Delay \u00a0C\u00f4ng ngh\u1ec7 s\u1ea5y:\u00a0S\u1ea5y\u00a0kh\u00ed n\u00f3ng\u00a0PTC &#8211; Trung Qu\u1ed1c l\u00e0 Qu\u1ed1c gia duy nh\u1ea5t s\u00e1ng ch\u1ebf v\u00e0\u00a0\u00e1p d\u1ee5ng c\u00f4ng ngh\u1ec7 s\u1ea5y PTC tr\u00ean th\u1ecb tr\u01b0\u1eddng [&#8230;]\n","protected":false},"featured_media":5743,"comment_status":"open","ping_status":"closed","template":"","meta":[],"product_brand":[],"product_cat":[610,92,938,828,827,818,826,817,569],"product_tag":[93,575,481,576,574],"class_list":{"0":"post-5588","1":"product","2":"type-product","3":"status-publish","4":"has-post-thumbnail","6":"product_cat-may-rua-chen-bat-texgio","7":"product_cat-may-rua-chen-bat","8":"product_cat-may-rua-chen-bat-11-bo","9":"product_cat-may-rua-chen-bat-am-tu","10":"product_cat-may-rua-chen-bat-ban-am","11":"product_cat-may-rua-chen-bat-de-ban","12":"product_cat-may-rua-chen-bat-doc-lap","13":"product_cat-may-rua-chen-bat-mini","14":"product_cat-thuong-hieu-texgio","15":"product_tag-may-rua-chen","16":"product_tag-may-rua-chen-11-bo","17":"product_tag-may-rua-chen-ban-am","18":"product_tag-may-rua-chen-texgio","19":"product_tag-texgio","21":"first","22":"instock","23":"sale","24":"shipping-taxable","25":"purchasable","26":"product-type-simple"},"_links":{"self":[{"href":"https:\/\/livinghome.vn\/thiet-bi\/wp-json\/wp\/v2\/product\/5588","targetHints":{"allow":["GET"]}}],"collection":[{"href":"https:\/\/livinghome.vn\/thiet-bi\/wp-json\/wp\/v2\/product"}],"about":[{"href":"https:\/\/livinghome.vn\/thiet-bi\/wp-json\/wp\/v2\/types\/product"}],"replies":[{"embeddable":true,"href":"https:\/\/livinghome.vn\/thiet-bi\/wp-json\/wp\/v2\/comments?post=5588"}],"wp:featuredmedia":[{"embeddable":true,"href":"https:\/\/livinghome.vn\/thiet-bi\/wp-json\/wp\/v2\/media\/5743"}],"wp:attachment":[{"href":"https:\/\/livinghome.vn\/thiet-bi\/wp-json\/wp\/v2\/media?parent=5588"}],"wp:term":[{"taxonomy":"product_brand","embeddable":true,"href":"https:\/\/livinghome.vn\/thiet-bi\/wp-json\/wp\/v2\/product_brand?post=5588"},{"taxonomy":"product_cat","embeddable":true,"href":"https:\/\/livinghome.vn\/thiet-bi\/wp-json\/wp\/v2\/product_cat?post=5588"},{"taxonomy":"product_tag","embeddable":true,"href":"https:\/\/livinghome.vn\/thiet-bi\/wp-json\/wp\/v2\/product_tag?post=5588"}],"curies":[{"name":"wp","href":"https:\/\/api.w.org\/{rel}","templated":true}]}}