{"id":5587,"date":"2023-01-12T20:24:31","date_gmt":"2023-01-12T20:24:31","guid":{"rendered":"https:\/\/livinghome.vn\/thiet-bi\/?post_type=product&#038;p=5587"},"modified":"2024-11-29T14:19:20","modified_gmt":"2024-11-29T07:19:20","slug":"may-rua-chen-texgio-tg-tgwfd78gb-11-bo-tu-he-cua-diet-khuan-uv","status":"publish","type":"product","link":"https:\/\/livinghome.vn\/thiet-bi\/may-rua-chen-texgio-tg-tgwfd78gb-11-bo-tu-he-cua-diet-khuan-uv\/","title":{"rendered":"M\u00e1y r\u1eeda ch\u00e9n Texgio TG-TGWFD78GB B\u00e1n \u00c2m 11 B\u1ed9 9 L\u00edt N\u01b0\u1edbc"},"content":{"rendered":"<h2>M\u00e1y r\u1eeda ch\u00e9n Texgio TG-TGWFD78GB 11 B\u1ed9 thi\u1ebft k\u1ebf m\u00e0u \u0111en m\u1eb7t k\u00ednh c\u01b0\u1eddng l\u1ef1c sang tr\u1ecdng<\/h2>\n<p>&nbsp;<\/p>\n<figure id=\"attachment_64022\" aria-describedby=\"caption-attachment-64022\" style=\"width: 800px\" class=\"wp-caption alignnone\"><img loading=\"lazy\" decoding=\"async\" class=\"size-large wp-image-64022\" src=\"https:\/\/livinghome.vn\/thiet-bi\/wp-content\/uploads\/nha-bep\/texgio\/may-rua-chen-bat\/may-rua-chen-bat-gia-dinh-texgio-tg-tgwfd78gb\/may-rua-chen-bat-gia-dinh-texgio-tg-tgwfd78gb-800x800.jpg\" alt=\"M\u00e1y r\u1eeda ch\u00e9n Texgio TG-TGWFD78GB \" width=\"800\" height=\"800\" title=\"\"><figcaption id=\"caption-attachment-64022\" class=\"wp-caption-text\">M\u00e1y r\u1eeda ch\u00e9n Texgio TG-TGWFD78GB<\/figcaption><\/figure>\n<ul>\n<li>D\u00e2y chuy\u1ec1n s\u1ea3n xu\u1ea5t chu\u1ea9n c\u00f4ng ngh\u1ec7 \u0110\u1ee9c<\/li>\n<li>\u00a0T\u00ednh n\u0103ng \u0111\u1eb7c bi\u1ec7t:\u00a0WIFI, UV, S\u1ea5y t\u0103ng c\u01b0\u1eddng ExtraDrying, T\u1ef1 \u0111\u1ed9ng h\u00e9 c\u1eeda AutoDoor, H\u1eb9n gi\u1edd Delay<\/li>\n<li>\u00a0C\u00f4ng ngh\u1ec7 s\u1ea5y:\u00a0S\u1ea5y\u00a0kh\u00ed n\u00f3ng\u00a0PTC &#8211; Trung Qu\u1ed1c l\u00e0 Qu\u1ed1c gia duy nh\u1ea5t s\u00e1ng ch\u1ebf v\u00e0\u00a0\u00e1p d\u1ee5ng c\u00f4ng ngh\u1ec7 s\u1ea5y PTC tr\u00ean th\u1ecb tr\u01b0\u1eddng hi\u1ec7n nay<\/li>\n<li>\u00a0Ch\u1ee9c n\u0103ng an to\u00e0n: Kh\u00f3a tr\u1ebb em, B\u1ea3o v\u1ec7 ch\u1ed1ng tr\u00e0n<\/li>\n<li>\u00a0Dung t\u00edch: 11\u00a0B\u1ed9<\/li>\n<li>\u00a0Ki\u1ec3u d\u00e1ng: <a href=\"https:\/\/livinghome.vn\/thiet-bi\/may-rua-chen-bat\/\">M\u00e1y r\u1eeda ch\u00e9n<\/a> \u0110\u1eb7t b\u00e0n\/B\u00e1n \u00e2m<\/li>\n<li>\u00a0Ch\u1ea5t li\u1ec7u: K\u00ednh c\u01b0\u1eddng l\u1ef1c \u0111en<\/li>\n<li>\u00a0\u0110i\u1ec1u khi\u1ec3n: C\u1ea3m \u1ee9ng<\/li>\n<li>\u00a0L\u01b0\u1ee3ng n\u01b0\u1edbc ti\u00eau th\u1ee5 : 9 L<\/li>\n<li>\u00a0\u0110\u1ed9 \u1ed3n :\u00a0&lt;48\u00a0Db<\/li>\n<li>\u00a0K\u00edch th\u01b0\u1edbc s\u1ea3n ph\u1ea9m: C625\u00a0x R595 x S525\u00a0mm<\/li>\n<li>\u00a0B\u1ea3o H\u00e0n: 05 n\u0103m<strong>\u00a0<\/strong><\/li>\n<li>\u00a0Ch\u01b0\u01a1ng tr\u00ecnh r\u1eeda: 6<\/li>\n<\/ul>\n<h3>K\u1ebeT N\u1ed0I WIFI TH\u00d4NG MINH TI\u1ec6N L\u1ee2I<\/h3>\n<div class=\"content-detail\">\n<div id=\"Translation\">\n<p><img loading=\"lazy\" decoding=\"async\" class=\"alignnone size-large wp-image-64024\" src=\"https:\/\/livinghome.vn\/thiet-bi\/wp-content\/uploads\/nha-bep\/texgio\/may-rua-chen-bat\/may-rua-chen-bat-gia-dinh-texgio-tg-tgwfd78gb\/may-rua-chen-bat-gia-dinh-texgio-tg-tgwfd78gb-1-800x800.jpg\" alt=\"may rua chen bat gia dinh texgio tg tgwfd78gb 1\" width=\"800\" height=\"800\" title=\"\"><br \/>\n\u0110i\u1ec1u khi\u1ec3n v\u00e0 ki\u1ec3m so\u00e1t ho\u1ea1t \u0111\u1ed9ng m\u00e1y \u1edf b\u1ea5t c\u1ee9 \u0111\u00e2u, b\u1ea5t c\u1ee9 l\u00fac n\u00e0o b\u1ea1n mu\u1ed1n ch\u1ec9 sau 1 n\u00fat\u00a0ch\u1ea1m.<\/p>\n<h3>C\u00d4NG NGH\u1ec6 S\u1ea4Y PTC KH\u00cd N\u00d3NG<\/h3>\n<figure id=\"attachment_64026\" aria-describedby=\"caption-attachment-64026\" style=\"width: 1020px\" class=\"wp-caption alignnone\"><img loading=\"lazy\" decoding=\"async\" class=\"size-large wp-image-64026\" src=\"https:\/\/livinghome.vn\/thiet-bi\/wp-content\/uploads\/nha-bep\/texgio\/may-rua-chen-bat\/may-rua-chen-bat-gia-dinh-texgio-tg-tgwfd78gb\/may-rua-chen-bat-gia-dinh-texgio-tg-tgwfd78gb-6-1067x800.jpg\" alt=\"M\u00e1y r\u1eeda ch\u00e9n Texgio TG-TGWFD78GB\" width=\"1020\" height=\"765\" title=\"\"><figcaption id=\"caption-attachment-64026\" class=\"wp-caption-text\">M\u00e1y r\u1eeda ch\u00e9n Texgio TG-TGWFD78GB<\/figcaption><\/figure>\n<p>Positive\u00a0Temperature\u00a0Coefficient<br \/>\nM\u00e1y r\u1eeda b\u00e1t 11 b\u1ed9 TGWFD78GB trang b\u1ecb h\u1ec7 th\u1ed1ng s\u1ea5y kh\u00f4\u00a0th\u00f4ng minh v\u00e0 ti\u1ebft ki\u1ec7m.<br \/>\nB\u1ed9 l\u01b0u nhi\u1ec7t v\u00e0 ti\u1ebft ki\u1ec7m n\u0103ng l\u01b0\u1ee3ng Ecotech t\u0103ng hi\u1ec7u su\u1ea5t l\u00ean 30%.<\/p>\n<\/div>\n<h3>DI\u1ec6T KHU\u1ea8N TIA C\u1ef0C T\u00cdM<\/h3>\n<div class=\"content-detail\">\n<figure id=\"attachment_64019\" aria-describedby=\"caption-attachment-64019\" style=\"width: 1020px\" class=\"wp-caption alignnone\"><img loading=\"lazy\" decoding=\"async\" class=\"size-large wp-image-64019\" src=\"https:\/\/livinghome.vn\/thiet-bi\/wp-content\/uploads\/nha-bep\/texgio\/may-rua-chen-bat\/may-rua-chen-bat-gia-dinh-texgio-tg-tgwfd78gb\/may-rua-chen-bat-gia-dinh-texgio-tg-tgwfd78gb-7-1067x800.jpg\" alt=\"M\u00e1y r\u1eeda ch\u00e9n Texgio TG-TGWFD78GB\" width=\"1020\" height=\"765\" title=\"\"><figcaption id=\"caption-attachment-64019\" class=\"wp-caption-text\">M\u00e1y r\u1eeda ch\u00e9n Texgio TG-TGWFD78GB<\/figcaption><\/figure>\n<p>Tia\u00a0<strong>UV<\/strong> hay c\u00f2n g\u1ecdi l\u00e0 tia c\u1ef1c t\u00edm c\u00f3 t\u00e1c d\u1ee5ng ti\u00eau di\u1ec7t c\u1ea5u tr\u00fac t\u1ebft b\u00e0o<br \/>\nDNA ho\u1eb7c RNA c\u1ee7a si\u00eau vi ng\u0103n ng\u1eeba s\u1ef1 tr\u1edf l\u1ea1i c\u1ee7a ch\u00fang.<\/p>\n<\/div>\n<div>\n<h3>T\u1ef0 \u0110\u1ed8NG H\u00c9 C\u1eecA AUTO DOOR<\/h3>\n<div class=\"content-detail\">\n<figure id=\"attachment_64027\" aria-describedby=\"caption-attachment-64027\" style=\"width: 1020px\" class=\"wp-caption alignnone\"><img loading=\"lazy\" decoding=\"async\" class=\"size-large wp-image-64027\" src=\"https:\/\/livinghome.vn\/thiet-bi\/wp-content\/uploads\/nha-bep\/texgio\/may-rua-chen-bat\/may-rua-chen-bat-gia-dinh-texgio-tg-tgwfd78gb\/may-rua-chen-bat-gia-dinh-texgio-tg-tgwfd78gb-8-1067x800.jpg\" alt=\"M\u00e1y r\u1eeda ch\u00e9n Texgio TG-TGWFD78GB\" width=\"1020\" height=\"765\" title=\"\"><figcaption id=\"caption-attachment-64027\" class=\"wp-caption-text\">M\u00e1y r\u1eeda ch\u00e9n Texgio TG-TGWFD78GB<\/figcaption><\/figure>\n<p>Sau khi k\u1ebft th\u00fac chu tr\u00ecnh r\u1eeda, m\u00e1y s\u1ebd t\u1ef1 \u0111\u1ed9ng h\u00e9 m\u1edf c\u1eeda, t\u1ea3n nhi\u1ec7t t\u1ef1 nhi\u00ean ra m\u00f4i tr\u01b0\u1eddng xung quanh, gi\u00fap hong kh\u00f4 ch\u00e9n \u0111\u0129a t\u1ed1i \u01b0u.<\/p>\n<\/div>\n<\/div>\n<\/div>\n<div><\/div>\n<h3>K\u00cdCH TH\u01af\u1edaC L\u1eaeP \u0110\u1eb6T<\/h3>\n<figure id=\"attachment_64020\" aria-describedby=\"caption-attachment-64020\" style=\"width: 1020px\" class=\"wp-caption alignnone\"><img loading=\"lazy\" decoding=\"async\" class=\"size-large wp-image-64020\" src=\"https:\/\/livinghome.vn\/thiet-bi\/wp-content\/uploads\/nha-bep\/texgio\/may-rua-chen-bat\/may-rua-chen-bat-gia-dinh-texgio-tg-tgwfd78gb\/may-rua-chen-bat-gia-dinh-texgio-tg-tgwfd78gb-5-1067x800.jpg\" alt=\"M\u00e1y r\u1eeda ch\u00e9n Texgio TG-TGWFD78GB\" width=\"1020\" height=\"765\" title=\"\"><figcaption id=\"caption-attachment-64020\" class=\"wp-caption-text\">M\u00e1y r\u1eeda ch\u00e9n Texgio TG-TGWFD78GB<\/figcaption><\/figure>\n","protected":false},"excerpt":{"rendered":"<p>M\u00e1y r\u1eeda ch\u00e9n Texgio TG-TGWFD78GB 11 B\u1ed9 thi\u1ebft k\u1ebf m\u00e0u \u0111en m\u1eb7t k\u00ednh c\u01b0\u1eddng l\u1ef1c sang tr\u1ecdng &nbsp; D\u00e2y chuy\u1ec1n s\u1ea3n xu\u1ea5t chu\u1ea9n c\u00f4ng ngh\u1ec7 \u0110\u1ee9c \u00a0T\u00ednh n\u0103ng \u0111\u1eb7c bi\u1ec7t:\u00a0WIFI, UV, S\u1ea5y t\u0103ng c\u01b0\u1eddng ExtraDrying, T\u1ef1 \u0111\u1ed9ng h\u00e9 c\u1eeda AutoDoor, H\u1eb9n gi\u1edd Delay \u00a0C\u00f4ng ngh\u1ec7 s\u1ea5y:\u00a0S\u1ea5y\u00a0kh\u00ed n\u00f3ng\u00a0PTC &#8211; Trung Qu\u1ed1c l\u00e0 Qu\u1ed1c gia duy nh\u1ea5t [&#8230;]\n","protected":false},"featured_media":5735,"comment_status":"open","ping_status":"closed","template":"","meta":[],"product_brand":[],"product_cat":[610,92,938,818,826,817,569],"product_tag":[93,575,576,574],"class_list":{"0":"post-5587","1":"product","2":"type-product","3":"status-publish","4":"has-post-thumbnail","6":"product_cat-may-rua-chen-bat-texgio","7":"product_cat-may-rua-chen-bat","8":"product_cat-may-rua-chen-bat-11-bo","9":"product_cat-may-rua-chen-bat-de-ban","10":"product_cat-may-rua-chen-bat-doc-lap","11":"product_cat-may-rua-chen-bat-mini","12":"product_cat-thuong-hieu-texgio","13":"product_tag-may-rua-chen","14":"product_tag-may-rua-chen-11-bo","15":"product_tag-may-rua-chen-texgio","16":"product_tag-texgio","18":"first","19":"instock","20":"sale","21":"shipping-taxable","22":"purchasable","23":"product-type-simple"},"_links":{"self":[{"href":"https:\/\/livinghome.vn\/thiet-bi\/wp-json\/wp\/v2\/product\/5587","targetHints":{"allow":["GET"]}}],"collection":[{"href":"https:\/\/livinghome.vn\/thiet-bi\/wp-json\/wp\/v2\/product"}],"about":[{"href":"https:\/\/livinghome.vn\/thiet-bi\/wp-json\/wp\/v2\/types\/product"}],"replies":[{"embeddable":true,"href":"https:\/\/livinghome.vn\/thiet-bi\/wp-json\/wp\/v2\/comments?post=5587"}],"wp:featuredmedia":[{"embeddable":true,"href":"https:\/\/livinghome.vn\/thiet-bi\/wp-json\/wp\/v2\/media\/5735"}],"wp:attachment":[{"href":"https:\/\/livinghome.vn\/thiet-bi\/wp-json\/wp\/v2\/media?parent=5587"}],"wp:term":[{"taxonomy":"product_brand","embeddable":true,"href":"https:\/\/livinghome.vn\/thiet-bi\/wp-json\/wp\/v2\/product_brand?post=5587"},{"taxonomy":"product_cat","embeddable":true,"href":"https:\/\/livinghome.vn\/thiet-bi\/wp-json\/wp\/v2\/product_cat?post=5587"},{"taxonomy":"product_tag","embeddable":true,"href":"https:\/\/livinghome.vn\/thiet-bi\/wp-json\/wp\/v2\/product_tag?post=5587"}],"curies":[{"name":"wp","href":"https:\/\/api.w.org\/{rel}","templated":true}]}}