{"id":5586,"date":"2023-01-12T20:24:31","date_gmt":"2023-01-12T20:24:31","guid":{"rendered":"https:\/\/livinghome.vn\/thiet-bi\/?post_type=product&#038;p=5586"},"modified":"2024-11-29T14:19:22","modified_gmt":"2024-11-29T07:19:22","slug":"may-rua-chen-texgio-tg-tgwf98sb","status":"publish","type":"product","link":"https:\/\/livinghome.vn\/thiet-bi\/may-rua-chen-texgio-tg-tgwf98sb\/","title":{"rendered":"M\u00e1y r\u1eeda ch\u00e9n Texgio TG-TGWF98SB B\u00e1n \u00c2m 11 B\u1ed9 9 L\u00edt N\u01b0\u1edbc"},"content":{"rendered":"<h2>M\u00e1y r\u1eeda ch\u00e9n Texgio TG-TGWF98SB 11 b\u1ed9 &#8211; Di\u1ec7t khu\u1ea9n UV &#8211; S\u1ea5y t\u0103ng c\u01b0\u1eddng<\/h2>\n<figure id=\"attachment_63749\" aria-describedby=\"caption-attachment-63749\" style=\"width: 800px\" class=\"wp-caption alignnone\"><img loading=\"lazy\" decoding=\"async\" class=\"size-large wp-image-63749\" src=\"https:\/\/livinghome.vn\/thiet-bi\/wp-content\/uploads\/nha-bep\/texgio\/may-rua-chen-bat\/may-rua-chen-bat-gia-dinh-texgio-tg-tgwf98sb\/may-rua-chen-bat-gia-dinh-texgio-tg-tgwf98sb-1-800x800.jpg\" alt=\"M\u00e1y r\u1eeda ch\u00e9n Texgio TG-TGWF98SB\" width=\"800\" height=\"800\" title=\"\"><figcaption id=\"caption-attachment-63749\" class=\"wp-caption-text\">M\u00e1y r\u1eeda ch\u00e9n Texgio TG-TGWF98SB<\/figcaption><\/figure>\n<ul>\n<li>D\u00e2y chuy\u1ec1n s\u1ea3n xu\u1ea5t c\u00f4ng ngh\u1ec7 \u0110\u1ee9c<\/li>\n<li>\u00a0T\u00ednh n\u0103ng\u00a0\u0111\u1eb7c bi\u1ec7t: WIFI, S\u1ea5y ExtraDrying, Qu\u1ea1t Fresh Air, Di\u1ec7t khu\u1ea9n UV,\u00a0Delay<\/li>\n<li>\u00a0C\u00f4ng ngh\u1ec7 s\u1ea5y:\u00a0S\u1ea5y\u00a0kh\u00ed n\u00f3ng\u00a0PTC &#8211; Trung Qu\u1ed1c l\u00e0 Qu\u1ed1c gia duy nh\u1ea5t s\u00e1ng ch\u1ebf v\u00e0\u00a0\u00e1p d\u1ee5ng c\u00f4ng ngh\u1ec7 s\u1ea5y PTC tr\u00ean th\u1ecb tr\u01b0\u1eddng hi\u1ec7n nay<\/li>\n<li>\u00a0Ch\u1ee9c n\u0103ng an to\u00e0n: Kh\u00f3a tr\u1ebb em<\/li>\n<li>\u00a0Dung t\u00edch: 11\u00a0B\u1ed9<\/li>\n<li>\u00a0Ki\u1ec3u d\u00e1ng: <a href=\"https:\/\/livinghome.vn\/?s=m%C3%A1y+r%E1%BB%ADa+ch%C3%A9n&amp;post_type=product\">M\u00e1y r\u1eeda ch\u00e9n \u0110\u1eb7t b\u00e0n\/B\u00e1n \u00e2m<\/a><\/li>\n<li>\u00a0Ch\u1ea5t li\u1ec7u: Inox \u0111en cao c\u1ea5p<\/li>\n<li>\u00a0\u0110i\u1ec1u khi\u1ec3n: C\u1ea3m \u1ee9ng<\/li>\n<li>\u00a0L\u01b0\u1ee3ng n\u01b0\u1edbc ti\u00eau th\u1ee5 : 9 L<\/li>\n<li>\u00a0\u0110\u1ed9 \u1ed3n :\u00a0&lt;46\u00a0Db<\/li>\n<li>\u00a0K\u00edch th\u01b0\u1edbc s\u1ea3n ph\u1ea9m: C635\u00a0x R595 x S500\u00a0mm<\/li>\n<li>\u00a0B\u1ea3o H\u00e0nh\u00a05 n\u0103m<\/li>\n<li>\u00a0Ch\u01b0\u01a1ng tr\u00ecnh r\u1eeda: 8<\/li>\n<\/ul>\n<h3>K\u1ebeT N\u1ed0I WIFI TH\u00d4NG MINH TI\u1ec6N L\u1ee2I<\/h3>\n<div>\n<figure id=\"attachment_63746\" aria-describedby=\"caption-attachment-63746\" style=\"width: 1020px\" class=\"wp-caption alignnone\"><img loading=\"lazy\" decoding=\"async\" class=\"size-large wp-image-63746\" src=\"https:\/\/livinghome.vn\/thiet-bi\/wp-content\/uploads\/nha-bep\/texgio\/may-rua-chen-bat\/may-rua-chen-bat-gia-dinh-texgio-tg-tgwf98sb\/may-rua-chen-bat-gia-dinh-texgio-tg-tgwf98sb-3-1067x800.jpg\" alt=\"M\u00e1y r\u1eeda ch\u00e9n Texgio TG-TGWF98SB\" width=\"1020\" height=\"765\" title=\"\"><figcaption id=\"caption-attachment-63746\" class=\"wp-caption-text\">M\u00e1y r\u1eeda ch\u00e9n Texgio TG-TGWF98SB<\/figcaption><\/figure>\n<p>\u0110i\u1ec1u khi\u1ec3n v\u00e0 ki\u1ec3m so\u00e1t ho\u1ea1t \u0111\u1ed9ng m\u00e1y \u1edf b\u1ea5t c\u1ee9 \u0111\u00e2u, b\u1ea5t c\u1ee9 l\u00fac n\u00e0o b\u1ea1n mu\u1ed1n ch\u1ec9 sau 1 n\u00fat\u00a0ch\u1ea1m.<\/p>\n<\/div>\n<div>\n<h3>TAY PHUN K\u00c9P QUAY \u0110\u1ea2O G\u00d3C 360<sup>o<\/sup><\/h3>\n<div>\n<div>\n<figure id=\"attachment_63755\" aria-describedby=\"caption-attachment-63755\" style=\"width: 1020px\" class=\"wp-caption alignnone\"><img loading=\"lazy\" decoding=\"async\" class=\"size-large wp-image-63755\" src=\"https:\/\/livinghome.vn\/thiet-bi\/wp-content\/uploads\/nha-bep\/texgio\/may-rua-chen-bat\/may-rua-chen-bat-gia-dinh-texgio-tg-tgwf98sb\/may-rua-chen-bat-gia-dinh-texgio-tg-tgwf98sb-9-1067x800.jpg\" alt=\"M\u00e1y r\u1eeda ch\u00e9n Texgio TG-TGWF98SB\" width=\"1020\" height=\"765\" title=\"\"><figcaption id=\"caption-attachment-63755\" class=\"wp-caption-text\">M\u00e1y r\u1eeda ch\u00e9n Texgio TG-TGWF98SB<\/figcaption><\/figure>\n<\/div>\n<div id=\"Translation\">\u0110\u1ed9ng c\u01a1 hai t\u1ed1c \u0111\u1ed9 cho \u00e1p l\u1ef1c n\u01b0\u1edbc cao quay 360\u00b0 kh\u00f4ng g\u00f3c ch\u1ebft.<\/div>\n<div>\n<h3>\u0110\u1ed8NG C\u01a0 DUAL SPEED M\u1ea0NH M\u1ebc<\/h3>\n<\/div>\n<div>\n<figure id=\"attachment_63742\" aria-describedby=\"caption-attachment-63742\" style=\"width: 800px\" class=\"wp-caption alignnone\"><img loading=\"lazy\" decoding=\"async\" class=\"size-large wp-image-63742\" src=\"https:\/\/livinghome.vn\/thiet-bi\/wp-content\/uploads\/nha-bep\/texgio\/may-rua-chen-bat\/may-rua-chen-bat-gia-dinh-texgio-tg-tgwf98sb\/may-rua-chen-bat-gia-dinh-texgio-tg-tgwf98sb-13-800x800.jpg\" alt=\"M\u00e1y r\u1eeda ch\u00e9n Texgio TG-TGWF98SB\" width=\"800\" height=\"800\" title=\"\"><figcaption id=\"caption-attachment-63742\" class=\"wp-caption-text\">M\u00e1y r\u1eeda ch\u00e9n Texgio TG-TGWF98SB<\/figcaption><\/figure>\n<\/div>\n<div>V\u1eadn h\u00e0nh m\u1ea1nh m\u1ebdhi\u1ec7u su\u1ea5t l\u00e0m s\u1ea1ch t\u0103ng 13,4%<br \/>\nThi\u1ebft k\u1ebf k\u1ebft n\u1ed1i linh ho\u1ea1t gi\u1ea3m 10,6% ti\u1ebfng \u1ed3n.<\/div>\n<div>\n<h3>TU\u1ea6N HO\u00c0N T\u00c1I SINH ENMET<\/h3>\n<div>\n<figure id=\"attachment_63754\" aria-describedby=\"caption-attachment-63754\" style=\"width: 800px\" class=\"wp-caption alignnone\"><img loading=\"lazy\" decoding=\"async\" class=\"size-large wp-image-63754\" src=\"https:\/\/livinghome.vn\/thiet-bi\/wp-content\/uploads\/nha-bep\/texgio\/may-rua-chen-bat\/may-rua-chen-bat-gia-dinh-texgio-tg-tgwf98sb\/may-rua-chen-bat-gia-dinh-texgio-tg-tgwf98sb-12-800x800.jpg\" alt=\"M\u00e1y r\u1eeda ch\u00e9n Texgio TG-TGWF98SB\" width=\"800\" height=\"800\" title=\"\"><figcaption id=\"caption-attachment-63754\" class=\"wp-caption-text\">M\u00e1y r\u1eeda ch\u00e9n Texgio TG-TGWF98SB<\/figcaption><\/figure>\n<\/div>\n<div>\n<div id=\"Translation\">L\u1ecdc h\u1ebft\u00a0Canxi<sup>+<\/sup>, Magie<sup>+<\/sup>\u00a0trong n\u01b0\u1edbc.<br \/>\nKhi m\u00e1y \u0111\u00e3 \u0111\u01b0\u1ee3c x\u1eed l\u00fd n\u01b0\u1edbc m\u1ec1m c\u00f3 th\u1ec3 \u0111\u1ea1t \u0111\u1ed9 s\u1ea1ch t\u1edbi 99%, b\u1ea3o v\u1ec7 h\u1ec7 th\u1ed1ng, b\u1ea3o v\u1ec7 m\u00f4i tr\u01b0\u1eddng.<\/div>\n<div>\n<h3>C\u00d4NG NGH\u1ec6 S\u1ea4Y PTC KH\u00cd N\u00d3NG<\/h3>\n<figure id=\"attachment_63750\" aria-describedby=\"caption-attachment-63750\" style=\"width: 800px\" class=\"wp-caption alignnone\"><img loading=\"lazy\" decoding=\"async\" class=\"size-large wp-image-63750\" src=\"https:\/\/livinghome.vn\/thiet-bi\/wp-content\/uploads\/nha-bep\/texgio\/may-rua-chen-bat\/may-rua-chen-bat-gia-dinh-texgio-tg-tgwf98sb\/may-rua-chen-bat-gia-dinh-texgio-tg-tgwf98sb-14-800x800.jpg\" alt=\"M\u00e1y r\u1eeda ch\u00e9n Texgio TG-TGWF98SB\" width=\"800\" height=\"800\" title=\"\"><figcaption id=\"caption-attachment-63750\" class=\"wp-caption-text\">M\u00e1y r\u1eeda ch\u00e9n Texgio TG-TGWF98SB<\/figcaption><\/figure>\n<p><strong>P<\/strong>ositive\u00a0<strong>T<\/strong>emperature\u00a0<strong>C<\/strong>oefficient<br \/>\nH\u1ec7 th\u1ed1ng s\u1ea5y kh\u00f4\u00a0th\u00f4ng minh v\u00e0 ti\u1ebft ki\u1ec7m.<br \/>\nB\u1ed9 l\u01b0u nhi\u1ec7t v\u00e0 ti\u1ebft ki\u1ec7m n\u0103ng l\u01b0\u1ee3ng<br \/>\nEcotech t\u0103ng hi\u1ec7u su\u1ea5t l\u00ean 30%.<\/p>\n<h3>TRAO \u0110\u1ed4I GI\u00d3 M\u1edaI FRESH AIR<\/h3>\n<figure id=\"attachment_63756\" aria-describedby=\"caption-attachment-63756\" style=\"width: 1020px\" class=\"wp-caption alignnone\"><img loading=\"lazy\" decoding=\"async\" class=\"size-large wp-image-63756\" src=\"https:\/\/livinghome.vn\/thiet-bi\/wp-content\/uploads\/nha-bep\/texgio\/may-rua-chen-bat\/may-rua-chen-bat-gia-dinh-texgio-tg-tgwf98sb\/may-rua-chen-bat-gia-dinh-texgio-tg-tgwf98sb-15-1067x800.jpg\" alt=\"M\u00e1y r\u1eeda ch\u00e9n Texgio TG-TGWF98SB\" width=\"1020\" height=\"765\" title=\"\"><figcaption id=\"caption-attachment-63756\" class=\"wp-caption-text\">M\u00e1y r\u1eeda ch\u00e9n Texgio TG-TGWF98SB<\/figcaption><\/figure>\n<div class=\"content-detail\">\n<div id=\"Translation\">H\u1ec7 th\u1ed1ng t\u1ea1o gi\u00f3 m\u1edbi Fresh Air ho\u1ea1t \u0111\u1ed9ng 5 ph\u00fat m\u1ed7i gi\u1edd l\u1ecdc t\u1ed1i \u01b0u kh\u00f4ng kh\u00ed trong l\u00e0nh b\u00ean trong khoang m\u00e1y.<\/div>\n<div>\n<h3>DI\u1ec6T KHU\u1ea8N TIA C\u01afC T\u00cdM<\/h3>\n<figure id=\"attachment_63743\" aria-describedby=\"caption-attachment-63743\" style=\"width: 1020px\" class=\"wp-caption alignnone\"><img loading=\"lazy\" decoding=\"async\" class=\"size-large wp-image-63743\" src=\"https:\/\/livinghome.vn\/thiet-bi\/wp-content\/uploads\/nha-bep\/texgio\/may-rua-chen-bat\/may-rua-chen-bat-gia-dinh-texgio-tg-tgwf98sb\/may-rua-chen-bat-gia-dinh-texgio-tg-tgwf98sb-11-1067x800.jpg\" alt=\"M\u00e1y r\u1eeda ch\u00e9n Texgio TG-TGWF98SB\" width=\"1020\" height=\"765\" title=\"\"><figcaption id=\"caption-attachment-63743\" class=\"wp-caption-text\">M\u00e1y r\u1eeda ch\u00e9n Texgio TG-TGWF98SB<\/figcaption><\/figure>\n<div class=\"content-detail\">Tia\u00a0<strong>UV<\/strong> hay c\u00f2n g\u1ecdi l\u00e0 tia c\u1ef1c t\u00edm c\u00f3 t\u00e1c d\u1ee5ng ti\u00eau di\u1ec7t c\u1ea5u tr\u00fac t\u1ebft b\u00e0o<br \/>\nDNA ho\u1eb7c RNA c\u1ee7a si\u00eau vi ng\u0103n ng\u1eeba s\u1ef1 tr\u1edf l\u1ea1i c\u1ee7a ch\u00fang.<\/div>\n<div>\n<h3>C\u1ea2M BI\u1ebeN N\u01af\u1edaC TH\u00d4NG MINH<\/h3>\n<figure id=\"attachment_63748\" aria-describedby=\"caption-attachment-63748\" style=\"width: 1020px\" class=\"wp-caption alignnone\"><img loading=\"lazy\" decoding=\"async\" class=\"size-large wp-image-63748\" src=\"https:\/\/livinghome.vn\/thiet-bi\/wp-content\/uploads\/nha-bep\/texgio\/may-rua-chen-bat\/may-rua-chen-bat-gia-dinh-texgio-tg-tgwf98sb\/may-rua-chen-bat-gia-dinh-texgio-tg-tgwf98sb-10-1067x800.jpg\" alt=\"M\u00e1y r\u1eeda ch\u00e9n Texgio TG-TGWF98SB\" width=\"1020\" height=\"765\" title=\"\"><figcaption id=\"caption-attachment-63748\" class=\"wp-caption-text\">M\u00e1y r\u1eeda ch\u00e9n Texgio TG-TGWF98SB<\/figcaption><\/figure>\n<div class=\"content-detail\">H\u1ec7 th\u1ed1ng c\u1ea3m bi\u1ebfn \u0111\u1ed9 \u0111\u1ee5c c\u1ee7a n\u01b0\u1edbc \u0111i\u1ec1u ch\u1ec9nh c\u01b0\u1eddng \u0111\u1ed9 x\u1ea3, th\u1eddi gian v\u00e0\u00a0nhi\u1ec7t \u0111\u1ed9 r\u1eeda<br \/>\nR\u1eeda b\u00e1t \u0111\u0129a th\u00f4ng minh v\u00e0 hi\u1ec7u qu\u1ea3 ti\u1ebft ki\u1ec7m \u0111i\u1ec7n v\u00e0\u00a0n\u01b0\u1edbc \u0111\u00e1ng k\u1ec3.<\/div>\n<div>\n<h3>X\u1ebeP CH\u00c9N B\u00c1T KI\u1ec2U CH\u00c2U \u00c1<\/h3>\n<figure id=\"attachment_63744\" aria-describedby=\"caption-attachment-63744\" style=\"width: 1020px\" class=\"wp-caption alignnone\"><img loading=\"lazy\" decoding=\"async\" class=\"size-large wp-image-63744\" src=\"https:\/\/livinghome.vn\/thiet-bi\/wp-content\/uploads\/nha-bep\/texgio\/may-rua-chen-bat\/may-rua-chen-bat-gia-dinh-texgio-tg-tgwf98sb\/may-rua-chen-bat-gia-dinh-texgio-tg-tgwf98sb-2-1067x800.jpg\" alt=\"M\u00e1y r\u1eeda ch\u00e9n Texgio TG-TGWF98SB\" width=\"1020\" height=\"765\" title=\"\"><figcaption id=\"caption-attachment-63744\" class=\"wp-caption-text\">M\u00e1y r\u1eeda ch\u00e9n Texgio TG-TGWF98SB<\/figcaption><\/figure>\n<div>2 gi\u00e0n r\u1eeda +1 gi\u1ecf \u0111\u0169a th\u00eca<br \/>\nGi\u00e0n d\u01b0\u1edbi nan g\u1eadp ti\u1ec7n l\u1ee3i m\u1edf r\u1ed9ng di\u1ec7n t\u00edch x\u1ebfp \u0111\u1ed3.<\/div>\n<div>\n<h3>K\u00cdCH TH\u01af\u1edaC L\u1eaeP \u0110\u1eb6T<\/h3>\n<div class=\"content-detail\">\n<div>\n<figure id=\"attachment_63752\" aria-describedby=\"caption-attachment-63752\" style=\"width: 1020px\" class=\"wp-caption alignnone\"><img loading=\"lazy\" decoding=\"async\" class=\"size-large wp-image-63752\" src=\"https:\/\/livinghome.vn\/thiet-bi\/wp-content\/uploads\/nha-bep\/texgio\/may-rua-chen-bat\/may-rua-chen-bat-gia-dinh-texgio-tg-tgwf98sb\/may-rua-chen-bat-gia-dinh-texgio-tg-tgwf98sb-8-1067x800.jpg\" alt=\"M\u00e1y r\u1eeda ch\u00e9n Texgio TG-TGWF98SB\" width=\"1020\" height=\"765\" title=\"\"><figcaption id=\"caption-attachment-63752\" class=\"wp-caption-text\">M\u00e1y r\u1eeda ch\u00e9n Texgio TG-TGWF98SB<\/figcaption><\/figure>\n<\/div>\n<div id=\"Translation\">Tham kh\u1ea3o k\u00edch th\u01b0\u1edbc t\u1ee7 ch\u1edd l\u1eafp \u00e2m<\/div>\n<\/div>\n<\/div>\n<\/div>\n<\/div>\n<\/div>\n<\/div>\n<\/div>\n<\/div>\n<\/div>\n<\/div>\n<\/div>\n","protected":false},"excerpt":{"rendered":"<p>M\u00e1y r\u1eeda ch\u00e9n Texgio TG-TGWF98SB 11 b\u1ed9 &#8211; Di\u1ec7t khu\u1ea9n UV &#8211; S\u1ea5y t\u0103ng c\u01b0\u1eddng D\u00e2y chuy\u1ec1n s\u1ea3n xu\u1ea5t c\u00f4ng ngh\u1ec7 \u0110\u1ee9c \u00a0T\u00ednh n\u0103ng\u00a0\u0111\u1eb7c bi\u1ec7t: WIFI, S\u1ea5y ExtraDrying, Qu\u1ea1t Fresh Air, Di\u1ec7t khu\u1ea9n UV,\u00a0Delay \u00a0C\u00f4ng ngh\u1ec7 s\u1ea5y:\u00a0S\u1ea5y\u00a0kh\u00ed n\u00f3ng\u00a0PTC &#8211; Trung Qu\u1ed1c l\u00e0 Qu\u1ed1c gia duy nh\u1ea5t s\u00e1ng ch\u1ebf v\u00e0\u00a0\u00e1p d\u1ee5ng c\u00f4ng ngh\u1ec7 s\u1ea5y PTC tr\u00ean [&#8230;]\n","protected":false},"featured_media":5726,"comment_status":"open","ping_status":"closed","template":"","meta":[],"product_brand":[],"product_cat":[610,92,938,827,818,826,817,569],"product_tag":[93,575,481,576,574],"class_list":{"0":"post-5586","1":"product","2":"type-product","3":"status-publish","4":"has-post-thumbnail","6":"product_cat-may-rua-chen-bat-texgio","7":"product_cat-may-rua-chen-bat","8":"product_cat-may-rua-chen-bat-11-bo","9":"product_cat-may-rua-chen-bat-ban-am","10":"product_cat-may-rua-chen-bat-de-ban","11":"product_cat-may-rua-chen-bat-doc-lap","12":"product_cat-may-rua-chen-bat-mini","13":"product_cat-thuong-hieu-texgio","14":"product_tag-may-rua-chen","15":"product_tag-may-rua-chen-11-bo","16":"product_tag-may-rua-chen-ban-am","17":"product_tag-may-rua-chen-texgio","18":"product_tag-texgio","20":"first","21":"instock","22":"sale","23":"shipping-taxable","24":"purchasable","25":"product-type-simple"},"_links":{"self":[{"href":"https:\/\/livinghome.vn\/thiet-bi\/wp-json\/wp\/v2\/product\/5586","targetHints":{"allow":["GET"]}}],"collection":[{"href":"https:\/\/livinghome.vn\/thiet-bi\/wp-json\/wp\/v2\/product"}],"about":[{"href":"https:\/\/livinghome.vn\/thiet-bi\/wp-json\/wp\/v2\/types\/product"}],"replies":[{"embeddable":true,"href":"https:\/\/livinghome.vn\/thiet-bi\/wp-json\/wp\/v2\/comments?post=5586"}],"wp:featuredmedia":[{"embeddable":true,"href":"https:\/\/livinghome.vn\/thiet-bi\/wp-json\/wp\/v2\/media\/5726"}],"wp:attachment":[{"href":"https:\/\/livinghome.vn\/thiet-bi\/wp-json\/wp\/v2\/media?parent=5586"}],"wp:term":[{"taxonomy":"product_brand","embeddable":true,"href":"https:\/\/livinghome.vn\/thiet-bi\/wp-json\/wp\/v2\/product_brand?post=5586"},{"taxonomy":"product_cat","embeddable":true,"href":"https:\/\/livinghome.vn\/thiet-bi\/wp-json\/wp\/v2\/product_cat?post=5586"},{"taxonomy":"product_tag","embeddable":true,"href":"https:\/\/livinghome.vn\/thiet-bi\/wp-json\/wp\/v2\/product_tag?post=5586"}],"curies":[{"name":"wp","href":"https:\/\/api.w.org\/{rel}","templated":true}]}}