{"id":5585,"date":"2023-01-12T20:24:31","date_gmt":"2023-01-12T20:24:31","guid":{"rendered":"https:\/\/livinghome.vn\/thiet-bi\/?post_type=product&#038;p=5585"},"modified":"2024-11-29T14:19:22","modified_gmt":"2024-11-29T07:19:22","slug":"may-rua-chen-texgio-tg-tg20h775g","status":"publish","type":"product","link":"https:\/\/livinghome.vn\/thiet-bi\/may-rua-chen-texgio-tg-tg20h775g\/","title":{"rendered":"M\u00e1y r\u1eeda ch\u00e9n Texgio TG-TG20H775G \u0110\u1ed9c L\u1eadp 13 B\u1ed9 11 L\u00edt N\u01b0\u1edbc"},"content":{"rendered":"<h2>M\u00e1y r\u1eeda ch\u00e9n Texgio TG-TG20H775G b\u00e1n \u00e2m 13 B\u1ed9 r\u1eeda si\u00eau t\u1ed1c Turbo Speed<\/h2>\n<figure id=\"attachment_63733\" aria-describedby=\"caption-attachment-63733\" style=\"width: 800px\" class=\"wp-caption alignnone\"><img loading=\"lazy\" decoding=\"async\" class=\"size-large wp-image-63733\" src=\"https:\/\/livinghome.vn\/thiet-bi\/wp-content\/uploads\/nha-bep\/texgio\/may-rua-chen-bat\/may-rua-chen-bat-gia-dinh-texgio-tg-tg20h775g\/may-rua-chen-bat-gia-dinh-texgio-tg-tg20h775g-800x800.jpg\" alt=\"M\u00e1y r\u1eeda ch\u00e9n Texgio TG-TG20H775G\u00a0\" width=\"800\" height=\"800\" title=\"\"><figcaption id=\"caption-attachment-63733\" class=\"wp-caption-text\">M\u00e1y r\u1eeda ch\u00e9n Texgio TG-TG20H775G<\/figcaption><\/figure>\n<ul>\n<li>\u00a0T\u00ednh n\u0103ng \u0111\u1eb7c bi\u1ec7t: BLDC motor, S\u1ea5y Dry&amp;Fresh, s\u1ea5y ExtraDrying, R\u1eeda si\u00eau t\u1ed1c Turbo Speed,\u00a0Delay<\/li>\n<li>\u00a0C\u00f4ng ngh\u1ec7 s\u1ea5y:\u00a0S\u1ea5y\u00a0kh\u00ed n\u00f3ng\u00a0PTC &#8211; Trung Qu\u1ed1c l\u00e0 Qu\u1ed1c gia duy nh\u1ea5t s\u00e1ng ch\u1ebf v\u00e0\u00a0\u00e1p d\u1ee5ng c\u00f4ng ngh\u1ec7 s\u1ea5y PTC tr\u00ean th\u1ecb tr\u01b0\u1eddng hi\u1ec7n nay<\/li>\n<li>\u00a0Ch\u1ee9c n\u0103ng an to\u00e0n: Ch\u1ed1ng r\u00f2 r\u1ec9 AquaStop, Kh\u00f3a tr\u1ebb em<\/li>\n<li>\u00a0Dung t\u00edch: 13\u00a0B\u1ed9<\/li>\n<li>\u00a0Ki\u1ec3u d\u00e1ng: <a href=\"https:\/\/livinghome.vn\/?s=m%C3%A1y+r%E1%BB%ADa+ch%C3%A9n&amp;post_type=product\">M\u00e1y r\u1eeda ch\u00e9n \u0110\u1ed9c l\u1eadp \/B\u00e1n \u00e2m<\/a><\/li>\n<li>\u00a0Ch\u1ea5t li\u1ec7u: S\u01a1n t\u0129nh \u0111i\u1ec7n ghi cao c\u1ea5p<\/li>\n<li>\u00a0\u0110i\u1ec1u khi\u1ec3n: C\u1ea3m \u1ee9ng<\/li>\n<li>\u00a0L\u01b0\u1ee3ng n\u01b0\u1edbc ti\u00eau th\u1ee5 : 11\u00a0L<\/li>\n<li>\u00a0\u0110\u1ed9 \u1ed3n :\u00a044\u00a0Db<\/li>\n<li>\u00a0K\u00edch th\u01b0\u1edbc s\u1ea3n ph\u1ea9m: C805\u00a0x R600\u00a0x S600 mm<\/li>\n<li>D\u00e2y chuy\u1ec1n s\u1ea3n xu\u1ea5t c\u00f4ng ngh\u1ec7 \u0110\u1ee9c<\/li>\n<li>\u00a0B\u1ea3o H\u00e0nh\u00a05 n\u0103m<\/li>\n<li>\u00a0Ch\u01b0\u01a1ng tr\u00ecnh r\u1eeda: 9<\/li>\n<\/ul>\n<h3>S\u1ea4Y KH\u00d4 KH\u00cd N\u00d3NG EXTRA DRYING<\/h3>\n<figure id=\"attachment_63737\" aria-describedby=\"caption-attachment-63737\" style=\"width: 800px\" class=\"wp-caption alignnone\"><img loading=\"lazy\" decoding=\"async\" class=\"size-large wp-image-63737\" src=\"https:\/\/livinghome.vn\/thiet-bi\/wp-content\/uploads\/nha-bep\/texgio\/may-rua-chen-bat\/may-rua-chen-bat-gia-dinh-texgio-tg-tg20h775g\/may-rua-chen-bat-gia-dinh-texgio-tg-tg20h775g-7-800x800.jpg\" alt=\"M\u00e1y r\u1eeda ch\u00e9n Texgio TG-TG20H775G\" width=\"800\" height=\"800\" title=\"\"><figcaption id=\"caption-attachment-63737\" class=\"wp-caption-text\">M\u00e1y r\u1eeda ch\u00e9n Texgio TG-TG20H775G<\/figcaption><\/figure>\n<div class=\"content-detail\">\n<div id=\"Translation\">\n<div>C\u00f4ng ngh\u1ec7 s\u1ea5y kh\u00f4 kh\u00ed n\u00f3ng PTC c\u1ee7a \u0110\u1ee9c gi\u00fap kh\u00f4ng kh\u00ed trong m\u00e1y \u0111\u1ed1i l\u01b0u tu\u1ea7n ho\u00e0n, kh\u00f4ng c\u00f2n \u0111\u1ecdng n\u01b0\u1edbc, hi\u1ec7u qu\u1ea3 v\u01b0\u1ee3t tr\u1ed9i.<\/div>\n<div>\n<h3>L\u01afU TH\u00d4NG LU\u00c2N PHI\u00caN DRY&amp;FRESH<\/h3>\n<figure id=\"attachment_63731\" aria-describedby=\"caption-attachment-63731\" style=\"width: 800px\" class=\"wp-caption alignnone\"><img loading=\"lazy\" decoding=\"async\" class=\"size-large wp-image-63731\" src=\"https:\/\/livinghome.vn\/thiet-bi\/wp-content\/uploads\/nha-bep\/texgio\/may-rua-chen-bat\/may-rua-chen-bat-gia-dinh-texgio-tg-tg20h775g\/may-rua-chen-bat-gia-dinh-texgio-tg-tg20h775g-3-800x800.jpg\" alt=\"M\u00e1y r\u1eeda ch\u00e9n Texgio TG-TG20H775G\u00a0\" width=\"800\" height=\"800\" title=\"\"><figcaption id=\"caption-attachment-63731\" class=\"wp-caption-text\">M\u00e1y r\u1eeda ch\u00e9n Texgio TG-TG20H775G<\/figcaption><\/figure>\n<div>Gi\u00fap b\u00e1t \u0111\u0129a v\u00e0 khoang m\u00e1y lu\u00f4n kh\u00f4 r\u00e1o t\u01b0\u01a1i m\u00e1t, kh\u00f4ng m\u00f9i, v\u00f4 khu\u1ea9n tuy\u1ec7t \u0111\u1ed1i.<\/div>\n<div>\n<h3>TURBO SPEED+ R\u1eecA SI\u00caU T\u1ed0C<\/h3>\n<div>\n<figure id=\"attachment_63732\" aria-describedby=\"caption-attachment-63732\" style=\"width: 800px\" class=\"wp-caption alignnone\"><img loading=\"lazy\" decoding=\"async\" class=\"size-large wp-image-63732\" src=\"https:\/\/livinghome.vn\/thiet-bi\/wp-content\/uploads\/nha-bep\/texgio\/may-rua-chen-bat\/may-rua-chen-bat-gia-dinh-texgio-tg-tg20h775g\/may-rua-chen-bat-gia-dinh-texgio-tg-tg20h775g-4-800x800.jpg\" alt=\"M\u00e1y r\u1eeda ch\u00e9n Texgio TG-TG20H775G\u00a0\" width=\"800\" height=\"800\" title=\"\"><figcaption id=\"caption-attachment-63732\" class=\"wp-caption-text\">M\u00e1y r\u1eeda ch\u00e9n Texgio TG-TG20H775G<\/figcaption><\/figure>\n<p>T\u00ednh n\u0103ng Turbo Speed+ gi\u1ea3m th\u1eddi gian r\u1eeda \u0111\u00e1ng k\u1ec3 khi\u00a0b\u1ea1n c\u1ea7n r\u1eeda nhi\u1ec1u, r\u1eeda nhanh.<br \/>\nD\u00e0nh th\u1eddi gian cho nh\u1eefng ng\u01b0\u1eddi y\u00eau th\u01b0\u01a1ng.<\/p>\n<\/div>\n<div>\n<h3>\u0110\u1ed8NG C\u01a0 BLDC T\u1ed0I T\u00c2N<\/h3>\n<figure id=\"attachment_63735\" aria-describedby=\"caption-attachment-63735\" style=\"width: 1020px\" class=\"wp-caption alignnone\"><img loading=\"lazy\" decoding=\"async\" class=\"size-large wp-image-63735\" src=\"https:\/\/livinghome.vn\/thiet-bi\/wp-content\/uploads\/nha-bep\/texgio\/may-rua-chen-bat\/may-rua-chen-bat-gia-dinh-texgio-tg-tg20h775g\/may-rua-chen-bat-gia-dinh-texgio-tg-tg20h775g-1-1067x800.jpg\" alt=\"M\u00e1y r\u1eeda ch\u00e9n Texgio TG-TG20H775G\u00a0\" width=\"1020\" height=\"765\" title=\"\"><figcaption id=\"caption-attachment-63735\" class=\"wp-caption-text\">M\u00e1y r\u1eeda ch\u00e9n Texgio TG-TG20H775G<\/figcaption><\/figure>\n<div>R\u1eeda s\u1ea1ch s\u00e2u<br \/>\nKh\u00f4ng g\u00e2y ti\u1ebfng \u1ed3n<br \/>\nT\u0103ng tu\u1ed5i th\u1ecd c\u1ee7a m\u00e1y<\/div>\n<div>\n<h3>TAY PHUN 3 T\u1ea6NG XOAY 720o<\/h3>\n<figure id=\"attachment_63734\" aria-describedby=\"caption-attachment-63734\" style=\"width: 800px\" class=\"wp-caption alignnone\"><img loading=\"lazy\" decoding=\"async\" class=\"size-large wp-image-63734\" src=\"https:\/\/livinghome.vn\/thiet-bi\/wp-content\/uploads\/nha-bep\/texgio\/may-rua-chen-bat\/may-rua-chen-bat-gia-dinh-texgio-tg-tg20h775g\/may-rua-chen-bat-gia-dinh-texgio-tg-tg20h775g-6-800x800.jpg\" alt=\"M\u00e1y r\u1eeda ch\u00e9n Texgio TG-TG20H775G\u00a0\" width=\"800\" height=\"800\" title=\"\"><figcaption id=\"caption-attachment-63734\" class=\"wp-caption-text\">M\u00e1y r\u1eeda ch\u00e9n Texgio TG-TG20H775G<\/figcaption><\/figure>\n<div>\n<div id=\"Translation\">D\u00f2ng n\u01b0\u1edbc \u00e1p l\u1ef1c m\u1ea1nh xo\u00e1y 720o qu\u00e9t s\u1ea1ch m\u1ecdi ng\u00f3c ng\u00e1ch, l\u00e0m s\u1ea1ch m\u1ecdi b\u1ec1 m\u1eb7t.<\/div>\n<div>\n<h3>K\u00cdCH TH\u01af\u1edaC NH\u1ece G\u1eccN<\/h3>\n<div class=\"content-detail\">\n<figure id=\"attachment_63730\" aria-describedby=\"caption-attachment-63730\" style=\"width: 1020px\" class=\"wp-caption alignnone\"><img loading=\"lazy\" decoding=\"async\" class=\"size-large wp-image-63730\" src=\"https:\/\/livinghome.vn\/thiet-bi\/wp-content\/uploads\/nha-bep\/texgio\/may-rua-chen-bat\/may-rua-chen-bat-gia-dinh-texgio-tg-tg20h775g\/may-rua-chen-bat-gia-dinh-texgio-tg-tg20h775g-5-1067x800.jpg\" alt=\"M\u00e1y r\u1eeda ch\u00e9n Texgio TG-TG20H775G\u00a0\" width=\"1020\" height=\"765\" title=\"\"><figcaption id=\"caption-attachment-63730\" class=\"wp-caption-text\">M\u00e1y r\u1eeda ch\u00e9n Texgio TG-TG20H775G<\/figcaption><\/figure>\n<p>K\u00edch th\u01b0\u1edbc nh\u1ecf g\u1ecdn S600 x R600 x C805 mm, chi\u1ec1u cao m\u00e1y<strong>\u00a0<\/strong>ch\u1ec9 775mm sau khi b\u1ecf n\u1eafp tr\u1ea7n.<\/p>\n<\/div>\n<div>\n<h3>D\u1ec4 D\u00c0NG \u0110\u1ed2NG B\u1ed8<\/h3>\n<figure id=\"attachment_63736\" aria-describedby=\"caption-attachment-63736\" style=\"width: 1020px\" class=\"wp-caption alignnone\"><img loading=\"lazy\" decoding=\"async\" class=\"size-large wp-image-63736\" src=\"https:\/\/livinghome.vn\/thiet-bi\/wp-content\/uploads\/nha-bep\/texgio\/may-rua-chen-bat\/may-rua-chen-bat-gia-dinh-texgio-tg-tg20h775g\/may-rua-chen-bat-gia-dinh-texgio-tg-tg20h775g-2-1067x800.jpg\" alt=\"M\u00e1y r\u1eeda ch\u00e9n Texgio TG-TG20H775G\u00a0\" width=\"1020\" height=\"765\" title=\"\"><figcaption id=\"caption-attachment-63736\" class=\"wp-caption-text\">M\u00e1y r\u1eeda ch\u00e9n Texgio TG-TG20H775G<\/figcaption><\/figure>\n<div>M\u00e0u ghi s\u00e1ng ch\u1ee7 \u0111\u1ea1o nh\u00e3 nh\u1eb7n v\u00e0 sang tr\u1ecdng, m\u00e1y r\u1eeda b\u00e1t 13 b\u1ed9 TG20H775G ph\u00f9 h\u1ee3p m\u1ecdi kh\u00f4ng gian b\u1ebfp Vi\u1ec7t.<\/div>\n<\/div>\n<\/div>\n<\/div>\n<\/div>\n<\/div>\n<\/div>\n<\/div>\n<\/div>\n<\/div>\n","protected":false},"excerpt":{"rendered":"<p>M\u00e1y r\u1eeda ch\u00e9n Texgio TG-TG20H775G b\u00e1n \u00e2m 13 B\u1ed9 r\u1eeda si\u00eau t\u1ed1c Turbo Speed \u00a0T\u00ednh n\u0103ng \u0111\u1eb7c bi\u1ec7t: BLDC motor, S\u1ea5y Dry&amp;Fresh, s\u1ea5y ExtraDrying, R\u1eeda si\u00eau t\u1ed1c Turbo Speed,\u00a0Delay \u00a0C\u00f4ng ngh\u1ec7 s\u1ea5y:\u00a0S\u1ea5y\u00a0kh\u00ed n\u00f3ng\u00a0PTC &#8211; Trung Qu\u1ed1c l\u00e0 Qu\u1ed1c gia duy nh\u1ea5t s\u00e1ng ch\u1ebf v\u00e0\u00a0\u00e1p d\u1ee5ng c\u00f4ng ngh\u1ec7 s\u1ea5y PTC tr\u00ean th\u1ecb tr\u01b0\u1eddng hi\u1ec7n nay \u00a0Ch\u1ee9c [&#8230;]\n","protected":false},"featured_media":5719,"comment_status":"open","ping_status":"closed","template":"","meta":[],"product_brand":[],"product_cat":[610,92,822,828,827,826,569],"product_tag":[93,479,481,205,576,574],"class_list":{"0":"post-5585","1":"product","2":"type-product","3":"status-publish","4":"has-post-thumbnail","6":"product_cat-may-rua-chen-bat-texgio","7":"product_cat-may-rua-chen-bat","8":"product_cat-may-rua-chen-bat-13-bo","9":"product_cat-may-rua-chen-bat-am-tu","10":"product_cat-may-rua-chen-bat-ban-am","11":"product_cat-may-rua-chen-bat-doc-lap","12":"product_cat-thuong-hieu-texgio","13":"product_tag-may-rua-chen","14":"product_tag-may-rua-chen-13-bo","15":"product_tag-may-rua-chen-ban-am","16":"product_tag-may-rua-chen-doc-lap","17":"product_tag-may-rua-chen-texgio","18":"product_tag-texgio","20":"first","21":"instock","22":"sale","23":"shipping-taxable","24":"purchasable","25":"product-type-simple"},"_links":{"self":[{"href":"https:\/\/livinghome.vn\/thiet-bi\/wp-json\/wp\/v2\/product\/5585","targetHints":{"allow":["GET"]}}],"collection":[{"href":"https:\/\/livinghome.vn\/thiet-bi\/wp-json\/wp\/v2\/product"}],"about":[{"href":"https:\/\/livinghome.vn\/thiet-bi\/wp-json\/wp\/v2\/types\/product"}],"replies":[{"embeddable":true,"href":"https:\/\/livinghome.vn\/thiet-bi\/wp-json\/wp\/v2\/comments?post=5585"}],"wp:featuredmedia":[{"embeddable":true,"href":"https:\/\/livinghome.vn\/thiet-bi\/wp-json\/wp\/v2\/media\/5719"}],"wp:attachment":[{"href":"https:\/\/livinghome.vn\/thiet-bi\/wp-json\/wp\/v2\/media?parent=5585"}],"wp:term":[{"taxonomy":"product_brand","embeddable":true,"href":"https:\/\/livinghome.vn\/thiet-bi\/wp-json\/wp\/v2\/product_brand?post=5585"},{"taxonomy":"product_cat","embeddable":true,"href":"https:\/\/livinghome.vn\/thiet-bi\/wp-json\/wp\/v2\/product_cat?post=5585"},{"taxonomy":"product_tag","embeddable":true,"href":"https:\/\/livinghome.vn\/thiet-bi\/wp-json\/wp\/v2\/product_tag?post=5585"}],"curies":[{"name":"wp","href":"https:\/\/api.w.org\/{rel}","templated":true}]}}