{"id":5583,"date":"2023-01-12T20:24:31","date_gmt":"2023-01-12T20:24:31","guid":{"rendered":"https:\/\/livinghome.vn\/thiet-bi\/?post_type=product&#038;p=5583"},"modified":"2024-11-29T14:19:21","modified_gmt":"2024-11-29T07:19:21","slug":"may-rua-chen-bat-13-bo-texgio-tg-21h775b","status":"publish","type":"product","link":"https:\/\/livinghome.vn\/thiet-bi\/may-rua-chen-bat-13-bo-texgio-tg-21h775b\/","title":{"rendered":"M\u00e1y R\u1eeda Ch\u00e9n B\u00e1t 13 B\u1ed9 Texgio TG-21H775B, S\u1ea5y Kh\u00ed N\u00f3ng, Di\u1ec7t Khu\u1ea9n UV"},"content":{"rendered":"<h2>M\u00e1y r\u1eeda ch\u00e9n 13 b\u1ed9 Texgio thi\u1ebft k\u1ebf hi\u1ec7n \u0111\u1ea1i m\u1ea1nh m\u1ebd <img loading=\"lazy\" decoding=\"async\" class=\"size-large wp-image-63711\" src=\"https:\/\/livinghome.vn\/thiet-bi\/wp-content\/uploads\/nha-bep\/texgio\/may-rua-chen-bat\/may-rua-chen-bat-gia-dinh-texgio-tg-tg21h775b\/may-rua-chen-bat-gia-dinh-texgio-tg-tg21h775b-800x800.jpg\" alt=\"M\u00e1y r\u1eeda ch\u00e9n Texgio TG-21H775B\" width=\"800\" height=\"800\" title=\"\"><\/h2>\n<p>Thi\u1ebft k\u1ebf m\u1ea1nh m\u1ebd, m\u00e0u s\u1eafc sang tr\u1ecdng \u0111\u1eadm n\u00e9t th\u1eddi \u0111\u1ea1i c\u1ee7a Texgio TG-21H775B<\/p>\n<ul>\n<li>D\u00e2y chuy\u1ec1n s\u1ea3n xu\u1ea5t c\u00f4ng ngh\u1ec7 \u0110\u1ee9c<\/li>\n<li>\u00a0T\u00ednh n\u0103ng \u0111\u1eb7c bi\u1ec7t: S\u1ea5y ExtraDrying, S\u1ea5y Storage B\u1ea3o Qu\u1ea3n, Di\u1ec7t khu\u1ea9n UV,\u00a0Delay<\/li>\n<li>\u00a0C\u00f4ng ngh\u1ec7 s\u1ea5y:\u00a0S\u1ea5y\u00a0kh\u00ed n\u00f3ng\u00a0PTC &#8211; Trung Qu\u1ed1c l\u00e0 Qu\u1ed1c gia duy nh\u1ea5t s\u00e1ng ch\u1ebf v\u00e0\u00a0\u00e1p d\u1ee5ng c\u00f4ng ngh\u1ec7 s\u1ea5y PTC tr\u00ean th\u1ecb tr\u01b0\u1eddng hi\u1ec7n nay<\/li>\n<li>\u00a0Ch\u1ee9c\u00a0n\u0103ng an to\u00e0n: Kh\u00f3a tr\u1ebb em<\/li>\n<li>\u00a0Dung t\u00edch: 13\u00a0B\u1ed9<\/li>\n<li>\u00a0Ki\u1ec3u d\u00e1ng: <a href=\"https:\/\/livinghome.vn\/?s=m%C3%A1y+r%E1%BB%ADa+ch%C3%A9n&amp;post_type=product\">M\u00e1y r\u1eeda ch\u00e9n \u0110\u1ed9c l\u1eadp \/B\u00e1n \u00e2m<\/a><\/li>\n<li>\u00a0Ch\u1ea5t li\u1ec7u: S\u01a1n t\u0129nh \u0111i\u1ec7n\u00a0\u0111en<\/li>\n<li>\u00a0\u0110i\u1ec1u khi\u1ec3n: C\u1ea3m \u1ee9ng<\/li>\n<li>\u00a0L\u01b0\u1ee3ng n\u01b0\u1edbc ti\u00eau th\u1ee5 : 14\u00a0L<\/li>\n<li>\u00a0\u0110\u1ed9 \u1ed3n :\u00a0&lt;49\u00a0Db<\/li>\n<li>\u00a0K\u00edch th\u01b0\u1edbc s\u1ea3n ph\u1ea9m: C806\u00a0x R601\u00a0x S600 mm<\/li>\n<li>\u00a0B\u1ea3o H\u00e0nh\u00a05 n\u0103m<\/li>\n<li>\u00a0Ch\u01b0\u01a1ng tr\u00ecnh r\u1eeda: 6<\/li>\n<\/ul>\n<h3>C\u00f4ng ngh\u1ec7 s\u1ea5y kh\u00ed n\u00f3ng PTC<\/h3>\n<figure id=\"attachment_63713\" aria-describedby=\"caption-attachment-63713\" style=\"width: 1020px\" class=\"wp-caption alignnone\"><img loading=\"lazy\" decoding=\"async\" class=\"size-large wp-image-63713\" src=\"https:\/\/livinghome.vn\/thiet-bi\/wp-content\/uploads\/nha-bep\/texgio\/may-rua-chen-bat\/may-rua-chen-bat-gia-dinh-texgio-tg-tg21h775b\/may-rua-chen-bat-gia-dinh-texgio-tg-tg21h775b-2-1067x800.jpg\" alt=\"M\u00e1y r\u1eeda ch\u00e9n Texgio TG-21H775B\" width=\"1020\" height=\"765\" title=\"\"><figcaption id=\"caption-attachment-63713\" class=\"wp-caption-text\">R\u1eeda xong v\u00e0 s\u1ea5y b\u1eb1ng kh\u00ed n\u00f3ng th\u00ec c\u00f2n g\u00ec b\u1eb1ng cho c\u00e1c lo\u1ea1i ch\u00e9n d\u0129a ho\u00e0n to\u00e0n s\u1ea1ch kh\u00f4<\/figcaption><\/figure>\n<p>H\u1ec7 th\u1ed1ng s\u1ea5y t\u0103ng c\u01b0\u1eddng Hot air Drying\u00a0gi\u00fap s\u1ea5y kh\u00f4 ho\u00e0n h\u1ea3o ch\u00e9n b\u00e1t,\u00a0<strong>P<\/strong>ositive\u00a0<strong>T<\/strong>emperature\u00a0<strong>C<\/strong>oefficient (PTC)C\u00f4ng ngh\u1ec7\u00a0s\u1ea5y m\u1edbi,\u00a0th\u00f4ng minh v\u00e0 ti\u1ebft ki\u1ec7m.<\/p>\n<h2>T\u00ednh n\u0103ng b\u1ea3o qu\u1ea3n<\/h2>\n<ul>\n<li>Gi\u00fap lo\u1ea1i b\u1ecf m\u00f9i h\u00f4i, n\u1ea5m m\u1ed1c v\u00e0 vi khu\u1ea9n<\/li>\n<li>C\u00f3 th\u1ec3 k\u00e9o d\u00e0i 24 ti\u1ebfng ho\u1eb7c 72 ti\u1ebfng tu\u1ef3 \u00fd<\/li>\n<li>M\u00e1y r\u1eeda b\u00e1t 13 b\u1ed9 TG21H775B \u0111\u01b0\u1ee3c s\u1eed d\u1ee5ng nh\u01b0 m\u1ed9t t\u1ee7 l\u01b0u b\u00e1t th\u00f4ng minh<\/li>\n<\/ul>\n<p>&nbsp;<\/p>\n<figure id=\"attachment_63712\" aria-describedby=\"caption-attachment-63712\" style=\"width: 1020px\" class=\"wp-caption alignnone\"><img loading=\"lazy\" decoding=\"async\" class=\"size-large wp-image-63712\" src=\"https:\/\/livinghome.vn\/thiet-bi\/wp-content\/uploads\/nha-bep\/texgio\/may-rua-chen-bat\/may-rua-chen-bat-gia-dinh-texgio-tg-tg21h775b\/may-rua-chen-bat-gia-dinh-texgio-tg-tg21h775b-1-1067x800.jpg\" alt=\"M\u00e1y r\u1eeda ch\u00e9n Texgio TG-21H775B\" width=\"1020\" height=\"765\" title=\"\"><figcaption id=\"caption-attachment-63712\" class=\"wp-caption-text\">Ch\u00e9n d\u0129a sau khi l\u1eafp xong c\u00f3 th\u1ec3 tho\u1ea3i m\u00e1i b\u1ea3o qu\u1ea3n t\u1ea1i b\u00ean trong m\u00e1y v\u1edbi th\u01b0\u1eddi gian l\u00ean t\u1edbi 72 ti\u1ebfng \u0111\u1ed3ng h\u1ed3<\/figcaption><\/figure>\n<h3>C\u00f4ng ngh\u1ec7 tia UV di\u1ec7t khu\u1ea9n<\/h3>\n<ul>\n<li>Tia\u00a0<strong>UV<\/strong> ti\u00eau di\u1ec7t c\u1ea5u tr\u00fac t\u1ebf b\u00e0o DNA v\u00e0 RNA, v\u00e0 ng\u0103n c\u1ea3n\u00a0s\u1ef1 tr\u1edf l\u1ea1i c\u1ee7a si\u00eau vi.<\/li>\n<li>Ch\u01b0\u01a1ng tr\u00ecnh R\u1eeda di\u1ec7t khu\u1ea9n Hygiene gi\u00fap t\u00e1c d\u1ee5ng kh\u1eed khu\u1ea9n g\u1ea5p 4 l\u1ea7n<\/li>\n<\/ul>\n<figure id=\"attachment_63715\" aria-describedby=\"caption-attachment-63715\" style=\"width: 1020px\" class=\"wp-caption alignnone\"><img loading=\"lazy\" decoding=\"async\" class=\"size-large wp-image-63715\" src=\"https:\/\/livinghome.vn\/thiet-bi\/wp-content\/uploads\/nha-bep\/texgio\/may-rua-chen-bat\/may-rua-chen-bat-gia-dinh-texgio-tg-tg21h775b\/may-rua-chen-bat-gia-dinh-texgio-tg-tg21h775b-3-1067x800.jpg\" alt=\"M\u00e1y r\u1eeda ch\u00e9n Texgio TG-21H775B\" width=\"1020\" height=\"765\" title=\"\"><figcaption id=\"caption-attachment-63715\" class=\"wp-caption-text\">Tia UV mang l\u1ea1i cho b\u1ea1n kh\u1ea3 n\u0103ng di\u1ec7t khu\u1ea9n tuy\u1ec7t v\u1eddi, ch\u00e9n d\u0129a kh\u00f4ng c\u00f2n n\u1ed5i lo m\u1ea7m b\u1ec7nh<\/figcaption><\/figure>\n<div>\n<p><span style=\"font-size: 20.16px; color: #333333;\">Thi\u1ebft k\u1ebf ch\u00e9n x\u1ebfp ki\u1ec3u \u00c1 Ch\u00e2u<\/span><\/p>\n<ul>\n<li>M\u00e1y r\u1eeda b\u00e1t TG21H775B dung t\u00edch 13 b\u1ed9<\/li>\n<li>2 gi\u00e0n + 1 gi\u1ecf \u0111\u0169a + 1 khay g\u1ea5p l\u1eedng<\/li>\n<li>R\u1eeda c\u1ea3 b\u00e1t \u0111\u0129a, ly c\u1ed1c, n\u1ed3i xoong c\u00f9ng 1 l\u00fac<\/li>\n<\/ul>\n<p>&nbsp;<\/p>\n<\/div>\n<div>\n<div>\n<figure id=\"attachment_63714\" aria-describedby=\"caption-attachment-63714\" style=\"width: 1020px\" class=\"wp-caption alignnone\"><img loading=\"lazy\" decoding=\"async\" class=\"size-large wp-image-63714\" src=\"https:\/\/livinghome.vn\/thiet-bi\/wp-content\/uploads\/nha-bep\/texgio\/may-rua-chen-bat\/may-rua-chen-bat-gia-dinh-texgio-tg-tg21h775b\/may-rua-chen-bat-gia-dinh-texgio-tg-tg21h775b-4-1069x800.jpg\" alt=\"M\u00e1y r\u1eeda ch\u00e9n Texgio TG-21H775B\" width=\"1020\" height=\"763\" title=\"\"><figcaption id=\"caption-attachment-63714\" class=\"wp-caption-text\">M\u00e1y r\u1eeda ch\u00e9n Texgio TG-21H775B<\/figcaption><\/figure>\n<p>&nbsp;<\/p>\n<\/div>\n<div>\n<h3>K\u00edch th\u01b0\u1edbc l\u1eafp \u0111\u1eb7t \u00e2m t\u1ee7<\/h3>\n<ul>\n<li>K\u00edch th\u01b0\u1edbc nh\u1ecf g\u1ecdn S600 x R601 x C806 mm, chi\u1ec1u cao m\u00e1y<strong>\u00a0<\/strong>ch\u1ec9 775mm sau khi b\u1ecf n\u1eafp tr\u1ea7n<\/li>\n<\/ul>\n<div class=\"content-detail\">\n<figure id=\"attachment_63716\" aria-describedby=\"caption-attachment-63716\" style=\"width: 1020px\" class=\"wp-caption alignnone\"><img loading=\"lazy\" decoding=\"async\" class=\"size-large wp-image-63716\" src=\"https:\/\/livinghome.vn\/thiet-bi\/wp-content\/uploads\/nha-bep\/texgio\/may-rua-chen-bat\/may-rua-chen-bat-gia-dinh-texgio-tg-tg21h775b\/may-rua-chen-bat-gia-dinh-texgio-tg-tg21h775b-5-1067x800.jpg\" alt=\"M\u00e1y r\u1eeda ch\u00e9n Texgio TG-21H775B\" width=\"1020\" height=\"765\" title=\"\"><figcaption id=\"caption-attachment-63716\" class=\"wp-caption-text\">K\u00edch th\u01b0\u1edbc khoan l\u1ed7 n\u1ebfu b\u1ea1n mu\u1ed1n l\u1eafp b\u00e1n \u00e2m M\u00e1y r\u1eeda ch\u00e9n Texgio TG-21H775B<\/figcaption><\/figure>\n<\/div>\n<div class=\"content-detail\"><\/div>\n<\/div>\n<\/div>\n","protected":false},"excerpt":{"rendered":"<p>M\u00e1y r\u1eeda ch\u00e9n 13 b\u1ed9 Texgio thi\u1ebft k\u1ebf hi\u1ec7n \u0111\u1ea1i m\u1ea1nh m\u1ebd Thi\u1ebft k\u1ebf m\u1ea1nh m\u1ebd, m\u00e0u s\u1eafc sang tr\u1ecdng \u0111\u1eadm n\u00e9t th\u1eddi \u0111\u1ea1i c\u1ee7a Texgio TG-21H775B D\u00e2y chuy\u1ec1n s\u1ea3n xu\u1ea5t c\u00f4ng ngh\u1ec7 \u0110\u1ee9c \u00a0T\u00ednh n\u0103ng \u0111\u1eb7c bi\u1ec7t: S\u1ea5y ExtraDrying, S\u1ea5y Storage B\u1ea3o Qu\u1ea3n, Di\u1ec7t khu\u1ea9n UV,\u00a0Delay \u00a0C\u00f4ng ngh\u1ec7 s\u1ea5y:\u00a0S\u1ea5y\u00a0kh\u00ed n\u00f3ng\u00a0PTC &#8211; Trung Qu\u1ed1c l\u00e0 [&#8230;]\n","protected":false},"featured_media":5702,"comment_status":"open","ping_status":"closed","template":"","meta":[],"product_brand":[],"product_cat":[610,92,822,828,827,826,569],"product_tag":[93,479,481,205,576,574],"class_list":{"0":"post-5583","1":"product","2":"type-product","3":"status-publish","4":"has-post-thumbnail","6":"product_cat-may-rua-chen-bat-texgio","7":"product_cat-may-rua-chen-bat","8":"product_cat-may-rua-chen-bat-13-bo","9":"product_cat-may-rua-chen-bat-am-tu","10":"product_cat-may-rua-chen-bat-ban-am","11":"product_cat-may-rua-chen-bat-doc-lap","12":"product_cat-thuong-hieu-texgio","13":"product_tag-may-rua-chen","14":"product_tag-may-rua-chen-13-bo","15":"product_tag-may-rua-chen-ban-am","16":"product_tag-may-rua-chen-doc-lap","17":"product_tag-may-rua-chen-texgio","18":"product_tag-texgio","20":"first","21":"instock","22":"sale","23":"shipping-taxable","24":"purchasable","25":"product-type-simple"},"_links":{"self":[{"href":"https:\/\/livinghome.vn\/thiet-bi\/wp-json\/wp\/v2\/product\/5583","targetHints":{"allow":["GET"]}}],"collection":[{"href":"https:\/\/livinghome.vn\/thiet-bi\/wp-json\/wp\/v2\/product"}],"about":[{"href":"https:\/\/livinghome.vn\/thiet-bi\/wp-json\/wp\/v2\/types\/product"}],"replies":[{"embeddable":true,"href":"https:\/\/livinghome.vn\/thiet-bi\/wp-json\/wp\/v2\/comments?post=5583"}],"wp:featuredmedia":[{"embeddable":true,"href":"https:\/\/livinghome.vn\/thiet-bi\/wp-json\/wp\/v2\/media\/5702"}],"wp:attachment":[{"href":"https:\/\/livinghome.vn\/thiet-bi\/wp-json\/wp\/v2\/media?parent=5583"}],"wp:term":[{"taxonomy":"product_brand","embeddable":true,"href":"https:\/\/livinghome.vn\/thiet-bi\/wp-json\/wp\/v2\/product_brand?post=5583"},{"taxonomy":"product_cat","embeddable":true,"href":"https:\/\/livinghome.vn\/thiet-bi\/wp-json\/wp\/v2\/product_cat?post=5583"},{"taxonomy":"product_tag","embeddable":true,"href":"https:\/\/livinghome.vn\/thiet-bi\/wp-json\/wp\/v2\/product_tag?post=5583"}],"curies":[{"name":"wp","href":"https:\/\/api.w.org\/{rel}","templated":true}]}}