{"id":5582,"date":"2023-01-12T20:24:31","date_gmt":"2023-01-12T20:24:31","guid":{"rendered":"https:\/\/livinghome.vn\/thiet-bi\/?post_type=product&#038;p=5582"},"modified":"2024-11-29T14:19:21","modified_gmt":"2024-11-29T07:19:21","slug":"may-rua-chen-bat-14-bo-texgio-tg-fpcm795b","status":"publish","type":"product","link":"https:\/\/livinghome.vn\/thiet-bi\/may-rua-chen-bat-14-bo-texgio-tg-fpcm795b\/","title":{"rendered":"M\u00e1y R\u1eeda Ch\u00e9n B\u00e1t 14 B\u1ed9 Texgio TG-FPCM795B, \u0110\u1ed9c L\u1eadp, Tia UV, S\u1ea5y Kh\u00ed"},"content":{"rendered":"<h2>M\u00e1y r\u1eeda ch\u00e9n Texgio TG-TGFPCM795B 14 b\u1ed9 v\u1edbi 6 ch\u01b0\u01a1ng tr\u00ecnh r\u1eeda &#8211; 8 t\u00ednh n\u0103ng t\u0103ng c\u01b0\u1eddng<\/h2>\n<figure id=\"attachment_63709\" aria-describedby=\"caption-attachment-63709\" style=\"width: 800px\" class=\"wp-caption alignnone\"><img loading=\"lazy\" decoding=\"async\" class=\"size-large wp-image-63709\" src=\"https:\/\/livinghome.vn\/thiet-bi\/wp-content\/uploads\/nha-bep\/texgio\/may-rua-chen-bat\/may-rua-chen-bat-gia-dinh-texgio-tg-tgfpcm795b\/may-rua-chen-bat-gia-dinh-texgio-tg-tgfpcm795b-800x800.jpg\" alt=\"M\u00e1y r\u1eeda ch\u00e9n gia \u0111\u00ecnh Texgio TG-TGFPCM795B\" width=\"800\" height=\"800\" title=\"\"><figcaption id=\"caption-attachment-63709\" class=\"wp-caption-text\">M\u00e1y r\u1eeda ch\u00e9n gia \u0111\u00ecnh Texgio TG-TGFPCM795B<\/figcaption><\/figure>\n<ul>\n<li>D\u00e2y chuy\u1ec1n s\u1ea3n xu\u1ea5t c\u00f4ng ngh\u1ec7 \u0110\u1ee9c<\/li>\n<li><span style=\"color: #e74c3c;\">\u00a0<\/span>T\u00ednh n\u0103ng \u0111\u1eb7c bi\u1ec7t: B\u1ea3o qu\u1ea3n Storage, R\u1eeda ch\u1ecdn v\u00f9ng Alternating, Di\u1ec7t khu\u1ea9n UV, R\u1eeda t\u0103ng c\u01b0\u1eddng, S\u1ea5y ExtraDrying, Express,\u00a0Delay, N\u00e2ng h\u1ea1 gi\u00e0n r\u1eeda<\/li>\n<li>\u00a0C\u00f4ng ngh\u1ec7 s\u1ea5y:\u00a0S\u1ea5y\u00a0kh\u00ed n\u00f3ng\u00a0PTC &#8211; Trung Qu\u1ed1c l\u00e0 Qu\u1ed1c gia duy nh\u1ea5t s\u00e1ng ch\u1ebf v\u00e0\u00a0\u00e1p d\u1ee5ng c\u00f4ng ngh\u1ec7 s\u1ea5y PTC tr\u00ean th\u1ecb tr\u01b0\u1eddng hi\u1ec7n nay<\/li>\n<li>\u00a0Ch\u1ee9c n\u0103ng an to\u00e0n: Kh\u00f3a tr\u1ebb em<\/li>\n<li>\u00a0Dung t\u00edch: 14\u00a0B\u1ed9<\/li>\n<li>\u00a0Ki\u1ec3u d\u00e1ng: <a href=\"https:\/\/livinghome.vn\/?s=m%C3%A1y+r%E1%BB%ADa+ch%C3%A9n&amp;post_type=product\">M\u00e1y r\u1eeda ch\u00e9n \u0110\u1ed9c l\u1eadp \/B\u00e1n \u00e2m<\/a><\/li>\n<li>\u00a0Ch\u1ea5t li\u1ec7u: PCM \u0111en<\/li>\n<li>\u00a0\u0110i\u1ec1u khi\u1ec3n: C\u1ea3m \u1ee9ng<\/li>\n<li>\u00a0L\u01b0\u1ee3ng n\u01b0\u1edbc ti\u00eau th\u1ee5 : 11\u00a0L<\/li>\n<li>\u00a0\u0110\u1ed9 \u1ed3n :\u00a0&lt;46\u00a0Db<\/li>\n<li>\u00a0K\u00edch th\u01b0\u1edbc s\u1ea3n ph\u1ea9m: C795 x R598 x S600 mm<\/li>\n<li>\u00a0B\u1ea3o H\u00e0nh\u00a05 n\u0103m<\/li>\n<li>\u00a0Ch\u01b0\u01a1ng tr\u00ecnh r\u1eeda: 6<\/li>\n<\/ul>\n<h3>C\u00d4NG NGH\u1ec6 S\u1ea4Y PTC KH\u00cd N\u00d3NG<\/h3>\n<figure id=\"attachment_63704\" aria-describedby=\"caption-attachment-63704\" style=\"width: 1020px\" class=\"wp-caption alignnone\"><img loading=\"lazy\" decoding=\"async\" class=\"size-large wp-image-63704\" src=\"https:\/\/livinghome.vn\/thiet-bi\/wp-content\/uploads\/nha-bep\/texgio\/may-rua-chen-bat\/may-rua-chen-bat-gia-dinh-texgio-tg-tgfpcm795b\/may-rua-chen-bat-gia-dinh-texgio-tg-tgfpcm795b-4-1067x800.jpg\" alt=\"M\u00e1y r\u1eeda ch\u00e9n gia \u0111\u00ecnh Texgio TG-TGFPCM795B\" width=\"1020\" height=\"765\" title=\"\"><figcaption id=\"caption-attachment-63704\" class=\"wp-caption-text\">M\u00e1y r\u1eeda ch\u00e9n gia \u0111\u00ecnh Texgio TG-TGFPCM795B<\/figcaption><\/figure>\n<p>H\u1ec7 th\u1ed1ng s\u1ea5y t\u0103ng c\u01b0\u1eddng Hot air Drying\u00a0gi\u00fap s\u1ea5y kh\u00f4 ho\u00e0n h\u1ea3o ch\u00e9n b\u00e1t, <strong>P<\/strong>ositive\u00a0<strong>T<\/strong>emperature\u00a0<strong>C<\/strong>oefficient (PTC)<br \/>\nC\u00f4ng ngh\u1ec7\u00a0s\u1ea5y m\u1edbi,\u00a0th\u00f4ng minh v\u00e0 ti\u1ebft ki\u1ec7m.<\/p>\n<h3>T\u00cdNH N\u0102NG B\u1ea2O QU\u1ea2N STORAGE<\/h3>\n<figure id=\"attachment_63702\" aria-describedby=\"caption-attachment-63702\" style=\"width: 1020px\" class=\"wp-caption alignnone\"><img loading=\"lazy\" decoding=\"async\" class=\"size-large wp-image-63702\" src=\"https:\/\/livinghome.vn\/thiet-bi\/wp-content\/uploads\/nha-bep\/texgio\/may-rua-chen-bat\/may-rua-chen-bat-gia-dinh-texgio-tg-tgfpcm795b\/may-rua-chen-bat-gia-dinh-texgio-tg-tgfpcm795b-1-1067x800.jpg\" alt=\"M\u00e1y r\u1eeda ch\u00e9n gia \u0111\u00ecnh Texgio TG-TGFPCM795B\" width=\"1020\" height=\"765\" title=\"\"><figcaption id=\"caption-attachment-63702\" class=\"wp-caption-text\">M\u00e1y r\u1eeda ch\u00e9n gia \u0111\u00ecnh Texgio TG-TGFPCM795B<\/figcaption><\/figure>\n<p>Gi\u00fap lo\u1ea1i b\u1ecf m\u00f9i h\u00f4i, n\u1ea5m m\u1ed1c v\u00e0 vi khu\u1ea9n. M\u00e1y r\u1eeda b\u00e1t 14 b\u1ed9 TGFPCM795B \u0111\u01b0\u1ee3c s\u1eed d\u1ee5ng nh\u01b0 m\u1ed9t t\u1ee7 l\u01b0u\u00a0b\u00e1t th\u00f4ng minh.<\/p>\n<h3>DI\u1ec6T KHU\u1ea8N UV<\/h3>\n<figure id=\"attachment_63706\" aria-describedby=\"caption-attachment-63706\" style=\"width: 1020px\" class=\"wp-caption alignnone\"><img loading=\"lazy\" decoding=\"async\" class=\"size-large wp-image-63706\" src=\"https:\/\/livinghome.vn\/thiet-bi\/wp-content\/uploads\/nha-bep\/texgio\/may-rua-chen-bat\/may-rua-chen-bat-gia-dinh-texgio-tg-tgfpcm795b\/may-rua-chen-bat-gia-dinh-texgio-tg-tgfpcm795b-5-1067x800.jpg\" alt=\"M\u00e1y r\u1eeda ch\u00e9n gia \u0111\u00ecnh Texgio TG-TGFPCM795B\" width=\"1020\" height=\"765\" title=\"\"><figcaption id=\"caption-attachment-63706\" class=\"wp-caption-text\">M\u00e1y r\u1eeda ch\u00e9n gia \u0111\u00ecnh Texgio TG-TGFPCM795B<\/figcaption><\/figure>\n<div>\n<p>Tia\u00a0<strong>UV<\/strong> ti\u00eau di\u1ec7t c\u1ea5u tr\u00fac t\u1ebf b\u00e0o DNA v\u00e0 RNA, v\u00e0 ng\u0103n c\u1ea3n\u00a0s\u1ef1 tr\u1edf l\u1ea1i c\u1ee7a si\u00eau vi.<\/p>\n<p>Ch\u01b0\u01a1ng tr\u00ecnh R\u1eeda di\u1ec7t khu\u1ea9n Hygiene gi\u00fap t\u00e1c d\u1ee5ng kh\u1eed khu\u1ea9n g\u1ea5p 4 l\u1ea7n.<\/p>\n<\/div>\n<div>\n<h3>R\u1eecA CH\u1eccN V\u00d9NG ALTERNATING<\/h3>\n<div>\n<figure id=\"attachment_63707\" aria-describedby=\"caption-attachment-63707\" style=\"width: 1020px\" class=\"wp-caption alignnone\"><img loading=\"lazy\" decoding=\"async\" class=\"size-large wp-image-63707\" src=\"https:\/\/livinghome.vn\/thiet-bi\/wp-content\/uploads\/nha-bep\/texgio\/may-rua-chen-bat\/may-rua-chen-bat-gia-dinh-texgio-tg-tgfpcm795b\/may-rua-chen-bat-gia-dinh-texgio-tg-tgfpcm795b-2-1067x800.jpg\" alt=\"M\u00e1y r\u1eeda ch\u00e9n gia \u0111\u00ecnh Texgio TG-TGFPCM795B\" width=\"1020\" height=\"765\" title=\"\"><figcaption id=\"caption-attachment-63707\" class=\"wp-caption-text\">M\u00e1y r\u1eeda ch\u00e9n gia \u0111\u00ecnh Texgio TG-TGFPCM795B<\/figcaption><\/figure>\n<\/div>\n<div>Ch\u1ecdn linh \u0111\u1ed9ng r\u1eeda gi\u00e0n tr\u00ean ho\u1eb7c r\u1eeda gi\u00e0n d\u01b0\u1edbi,\u00a0m\u00e1y s\u1ebd ch\u1ec9 ho\u1ea1t \u0111\u1ed9ng 1 tay phun.<br \/>\nTi\u1ebft ki\u1ec7m t\u1ed1i \u0111a l\u01b0\u1ee3ng n\u01b0\u1edbc v\u00e0 \u0111i\u1ec7n n\u0103ng ti\u00eau th\u1ee5 khi b\u00e1t \u0111\u0129a \u00edt, kh\u00f4ng \u0111\u1ea7y t\u1ea3i.<\/div>\n<div>\n<div class=\"inner-page-col\">\n<h3>R\u1eecA S\u00c2U T\u0102NG C\u01af\u1edcNG<\/h3>\n<div class=\"content-detail\">\n<figure id=\"attachment_63705\" aria-describedby=\"caption-attachment-63705\" style=\"width: 1020px\" class=\"wp-caption alignnone\"><img loading=\"lazy\" decoding=\"async\" class=\"size-large wp-image-63705\" src=\"https:\/\/livinghome.vn\/thiet-bi\/wp-content\/uploads\/nha-bep\/texgio\/may-rua-chen-bat\/may-rua-chen-bat-gia-dinh-texgio-tg-tgfpcm795b\/may-rua-chen-bat-gia-dinh-texgio-tg-tgfpcm795b-7-1067x800.jpg\" alt=\"M\u00e1y r\u1eeda ch\u00e9n gia \u0111\u00ecnh Texgio TG-TGFPCM795B\" width=\"1020\" height=\"765\" title=\"\"><figcaption id=\"caption-attachment-63705\" class=\"wp-caption-text\">M\u00e1y r\u1eeda ch\u00e9n gia \u0111\u00ecnh Texgio TG-TGFPCM795B<\/figcaption><\/figure>\n<\/div>\n<\/div>\n<p>S\u1eed d\u1ee5ng \u00e1p l\u1ef1c n\u01b0\u1edbc m\u1ea1nh, t\u0103ng th\u1eddi gian l\u00e0m s\u1ea1ch s\u00e2u 360<sup>o<\/sup>\u00a0b\u00e1t \u0111\u0129a,\u00a0\u0111\u00e1nh bay m\u1ecdi\u00a0v\u1ebft b\u1ea9n.<\/p>\n<\/div>\n<div>\n<h3>R\u1eecA SI\u00caU T\u1ed0C XPRESS<\/h3>\n<div>\n<figure id=\"attachment_63703\" aria-describedby=\"caption-attachment-63703\" style=\"width: 1020px\" class=\"wp-caption alignnone\"><img loading=\"lazy\" decoding=\"async\" class=\"size-large wp-image-63703\" src=\"https:\/\/livinghome.vn\/thiet-bi\/wp-content\/uploads\/nha-bep\/texgio\/may-rua-chen-bat\/may-rua-chen-bat-gia-dinh-texgio-tg-tgfpcm795b\/may-rua-chen-bat-gia-dinh-texgio-tg-tgfpcm795b-3-1067x800.jpg\" alt=\"M\u00e1y r\u1eeda ch\u00e9n gia \u0111\u00ecnh Texgio TG-TGFPCM795B\" width=\"1020\" height=\"765\" title=\"\"><figcaption id=\"caption-attachment-63703\" class=\"wp-caption-text\">M\u00e1y r\u1eeda ch\u00e9n gia \u0111\u00ecnh Texgio TG-TGFPCM795B<\/figcaption><\/figure>\n<\/div>\n<div>Gi\u1ea3m th\u1eddi gian r\u1eeda \u0111\u00e1ng k\u1ec3, khi nh\u00e0 c\u00f3 c\u1ed7 b\u00e0n v\u00e0\u00a0b\u1ea1n c\u1ea7n r\u1eeda nhi\u1ec1u, r\u1eeda\u00a0nhanh.<\/div>\n<div>\n<h3>K\u00cdCH TH\u01af\u1edaC L\u1eaeP \u00c2M T\u1ee6<\/h3>\n<div class=\"content-detail\">\n<figure id=\"attachment_63708\" aria-describedby=\"caption-attachment-63708\" style=\"width: 1020px\" class=\"wp-caption alignnone\"><img loading=\"lazy\" decoding=\"async\" class=\"size-large wp-image-63708\" src=\"https:\/\/livinghome.vn\/thiet-bi\/wp-content\/uploads\/nha-bep\/texgio\/may-rua-chen-bat\/may-rua-chen-bat-gia-dinh-texgio-tg-tgfpcm795b\/may-rua-chen-bat-gia-dinh-texgio-tg-tgfpcm795b-6-1067x800.jpg\" alt=\"M\u00e1y r\u1eeda ch\u00e9n gia \u0111\u00ecnh Texgio TG-TGFPCM795B\" width=\"1020\" height=\"765\" title=\"\"><figcaption id=\"caption-attachment-63708\" class=\"wp-caption-text\">M\u00e1y r\u1eeda ch\u00e9n gia \u0111\u00ecnh Texgio TG-TGFPCM795B<\/figcaption><\/figure>\n<\/div>\n<div class=\"content-detail\">\n<div>K\u00edch th\u01b0\u1edbc nh\u1ecf g\u1ecdn S600 x R601 x C795 mm, chi\u1ec1u cao m\u00e1y<strong>\u00a0<\/strong>ch\u1ec9 765mm sau khi b\u1ecf n\u1eafp tr\u1ea7n<\/div>\n<\/div>\n<\/div>\n<div><\/div>\n<\/div>\n<\/div>\n","protected":false},"excerpt":{"rendered":"<p>M\u00e1y r\u1eeda ch\u00e9n Texgio TG-TGFPCM795B 14 b\u1ed9 v\u1edbi 6 ch\u01b0\u01a1ng tr\u00ecnh r\u1eeda &#8211; 8 t\u00ednh n\u0103ng t\u0103ng c\u01b0\u1eddng D\u00e2y chuy\u1ec1n s\u1ea3n xu\u1ea5t c\u00f4ng ngh\u1ec7 \u0110\u1ee9c \u00a0T\u00ednh n\u0103ng \u0111\u1eb7c bi\u1ec7t: B\u1ea3o qu\u1ea3n Storage, R\u1eeda ch\u1ecdn v\u00f9ng Alternating, Di\u1ec7t khu\u1ea9n UV, R\u1eeda t\u0103ng c\u01b0\u1eddng, S\u1ea5y ExtraDrying, Express,\u00a0Delay, N\u00e2ng h\u1ea1 gi\u00e0n r\u1eeda \u00a0C\u00f4ng ngh\u1ec7 s\u1ea5y:\u00a0S\u1ea5y\u00a0kh\u00ed n\u00f3ng\u00a0PTC &#8211; Trung [&#8230;]\n","protected":false},"featured_media":5691,"comment_status":"open","ping_status":"closed","template":"","meta":[],"product_brand":[],"product_cat":[610,92,569],"product_tag":[93,478,481,205,576,574],"class_list":{"0":"post-5582","1":"product","2":"type-product","3":"status-publish","4":"has-post-thumbnail","6":"product_cat-may-rua-chen-bat-texgio","7":"product_cat-may-rua-chen-bat","8":"product_cat-thuong-hieu-texgio","9":"product_tag-may-rua-chen","10":"product_tag-may-rua-chen-14-bo","11":"product_tag-may-rua-chen-ban-am","12":"product_tag-may-rua-chen-doc-lap","13":"product_tag-may-rua-chen-texgio","14":"product_tag-texgio","16":"first","17":"instock","18":"sale","19":"shipping-taxable","20":"purchasable","21":"product-type-simple"},"_links":{"self":[{"href":"https:\/\/livinghome.vn\/thiet-bi\/wp-json\/wp\/v2\/product\/5582","targetHints":{"allow":["GET"]}}],"collection":[{"href":"https:\/\/livinghome.vn\/thiet-bi\/wp-json\/wp\/v2\/product"}],"about":[{"href":"https:\/\/livinghome.vn\/thiet-bi\/wp-json\/wp\/v2\/types\/product"}],"replies":[{"embeddable":true,"href":"https:\/\/livinghome.vn\/thiet-bi\/wp-json\/wp\/v2\/comments?post=5582"}],"wp:featuredmedia":[{"embeddable":true,"href":"https:\/\/livinghome.vn\/thiet-bi\/wp-json\/wp\/v2\/media\/5691"}],"wp:attachment":[{"href":"https:\/\/livinghome.vn\/thiet-bi\/wp-json\/wp\/v2\/media?parent=5582"}],"wp:term":[{"taxonomy":"product_brand","embeddable":true,"href":"https:\/\/livinghome.vn\/thiet-bi\/wp-json\/wp\/v2\/product_brand?post=5582"},{"taxonomy":"product_cat","embeddable":true,"href":"https:\/\/livinghome.vn\/thiet-bi\/wp-json\/wp\/v2\/product_cat?post=5582"},{"taxonomy":"product_tag","embeddable":true,"href":"https:\/\/livinghome.vn\/thiet-bi\/wp-json\/wp\/v2\/product_tag?post=5582"}],"curies":[{"name":"wp","href":"https:\/\/api.w.org\/{rel}","templated":true}]}}