{"id":5578,"date":"2023-01-12T20:24:31","date_gmt":"2023-01-12T20:24:31","guid":{"rendered":"https:\/\/livinghome.vn\/thiet-bi\/?post_type=product&#038;p=5578"},"modified":"2024-11-29T14:19:20","modified_gmt":"2024-11-29T07:19:20","slug":"may-rua-chen-texgio-tg-tgf3815s","status":"publish","type":"product","link":"https:\/\/livinghome.vn\/thiet-bi\/may-rua-chen-texgio-tg-tgf3815s\/","title":{"rendered":"M\u00e1y R\u1eeda Ch\u00e9n Texgio TG-TGF3815S \u0110\u1ed9c L\u1eadp 15 B\u1ed9 10 L\u00edt N\u01b0\u1edbc"},"content":{"rendered":"<h2>M\u00e1y r\u1eeda ch\u00e9n Texgio TG-TGF3815S dung t\u00edch 15 b\u1ed9 &#8211; lo\u1ea1i s\u1ea5y ng\u01b0ng t\u1ee5 \u0111\u01b0\u1ee3c nh\u1eadp kh\u1ea9u t\u1eeb \u0110\u1ee9c<\/h2>\n<figure id=\"attachment_63629\" aria-describedby=\"caption-attachment-63629\" style=\"width: 800px\" class=\"wp-caption alignnone\"><img loading=\"lazy\" decoding=\"async\" class=\"size-large wp-image-63629\" src=\"https:\/\/livinghome.vn\/thiet-bi\/wp-content\/uploads\/nha-bep\/texgio\/may-rua-chen-bat\/may-rua-chen-bat-gia-dinh-texgio-tg-tgf3815s\/may-rua-chen-bat-gia-dinh-texgio-tg-tgf3815s-800x800.jpg\" alt=\"M\u00e1y r\u1eeda ch\u00e9n b\u00e1t Texgio TG-TGF3815S\" width=\"800\" height=\"800\" title=\"\"><figcaption id=\"caption-attachment-63629\" class=\"wp-caption-text\">M\u00e1y r\u1eeda ch\u00e9n b\u00e1t Texgio TG-TGF3815S<\/figcaption><\/figure>\n<ul>\n<li>\u00a0D\u00e2y chuy\u1ec1n s\u1ea3n xu\u1ea5t c\u00f4ng ngh\u1ec7 \u0110\u1ee9c<\/li>\n<li>\u00a0T\u00ednh n\u0103ng \u0111\u1eb7c bi\u1ec7t: S\u1ea5y ExtraDrying, R\u1eeda s\u00e2u PowerWash\/ R\u00fat ng\u1eafn th\u1eddi gian Express\/ R\u1eeda b\u00e1n t\u1ea3i Dual Zone\/ T\u1ef1 \u0111\u1ed9ng m\u1edf c\u1eeda Auto Door\/ Delay<\/li>\n<li>\u00a0C\u00f4ng ngh\u1ec7 s\u1ea5y: Ng\u01b0ng t\u1ee5<\/li>\n<li>\u00a0Ch\u1ee9c n\u0103ng an to\u00e0n: Ch\u1ed1ng r\u00f2 r\u1ec9 n\u01b0\u1edbc, Kh\u00f3a tr\u1ebb em<\/li>\n<li>\u00a0Dung t\u00edch: 15 B\u1ed9<\/li>\n<li>\u00a0Ki\u1ec3u d\u00e1ng: <a href=\"https:\/\/livinghome.vn\/?s=m%C3%A1y+r%E1%BB%ADa+ch%C3%A9n&amp;post_type=product\">M\u00e1y r\u1eeda ch\u00e9n \u0110\u1ed9c l\u1eadp\/B\u00e1n \u00e2m<\/a><\/li>\n<li>\u00a0Ch\u1ea5t li\u1ec7u: Inox b\u1ea1c\u00a0cao c\u1ea5p<\/li>\n<li>\u00a0\u0110i\u1ec1u khi\u1ec3n: C\u1ea3m \u1ee9ng<\/li>\n<li>\u00a0L\u01b0\u1ee3ng n\u01b0\u1edbc ti\u00eau th\u1ee5 :\u00a010L<\/li>\n<li>\u00a0\u0110\u1ed9 \u1ed3n :\u00a0&lt;46 Db<\/li>\n<li>\u00a0K\u00edch th\u01b0\u1edbc s\u1ea3n ph\u1ea9m: C845 x R598\u00a0x S600 mm<\/li>\n<li>\u00a0B\u1ea3o H\u00e0nh: 05 n\u0103m<\/li>\n<li>\u00a0Ch\u01b0\u01a1ng tr\u00ecnh r\u1eeda: 8<\/li>\n<\/ul>\n<h3>H\u1ec6 TH\u1ed0NG CH\u1ed0NG R\u00d2 R\u1ec8 AQUASTOP<\/h3>\n<figure id=\"attachment_63635\" aria-describedby=\"caption-attachment-63635\" style=\"width: 1020px\" class=\"wp-caption alignnone\"><img loading=\"lazy\" decoding=\"async\" class=\"size-large wp-image-63635\" src=\"https:\/\/livinghome.vn\/thiet-bi\/wp-content\/uploads\/nha-bep\/texgio\/may-rua-chen-bat\/may-rua-chen-bat-gia-dinh-texgio-tg-tgf3815s\/may-rua-chen-bat-gia-dinh-texgio-tg-tgf3815s-11-1067x800.jpg\" alt=\"M\u00e1y r\u1eeda ch\u00e9n b\u00e1t Texgio TG-TGF3815S\" width=\"1020\" height=\"765\" title=\"\"><figcaption id=\"caption-attachment-63635\" class=\"wp-caption-text\">M\u00e1y r\u1eeda ch\u00e9n b\u00e1t Texgio TG-TGF3815S<\/figcaption><\/figure>\n<p>H\u1ec7 th\u1ed1ng c\u1ea3m bi\u1ebfn\u00a0AquaStop s\u1ebd li\u00ean t\u1ee5c theo d\u00f5i t\u00ecnh tr\u1ea1ng c\u1ee7a m\u00e1y, n\u1ebfu c\u00f3 b\u1ea5t c\u1ee9 s\u1ef1 r\u00f2 r\u1ec9 n\u01b0\u1edbc n\u00e0o h\u1ec7 th\u1ed1ng van \u0111i\u1ec7n t\u1eed c\u1ee7a m\u00e1y s\u1ebd ngay l\u1eadp t\u1ee9c \u0111\u00f3ng l\u1ea1i ng\u1eaft ngu\u1ed3n c\u1ea5p n\u01b0\u1edbc, \u0111\u1ea3m b\u1ea3o an to\u00e0n.<\/p>\n<h3>C\u1ea2M BI\u1ebeN N\u01af\u1edaC TH\u00d4NG MINH<\/h3>\n<div>\n<figure id=\"attachment_63634\" aria-describedby=\"caption-attachment-63634\" style=\"width: 1020px\" class=\"wp-caption alignnone\"><img loading=\"lazy\" decoding=\"async\" class=\"size-large wp-image-63634\" src=\"https:\/\/livinghome.vn\/thiet-bi\/wp-content\/uploads\/nha-bep\/texgio\/may-rua-chen-bat\/may-rua-chen-bat-gia-dinh-texgio-tg-tgf3815s\/may-rua-chen-bat-gia-dinh-texgio-tg-tgf3815s-2-1067x800.jpg\" alt=\"M\u00e1y r\u1eeda ch\u00e9n b\u00e1t Texgio TG-TGF3815S\" width=\"1020\" height=\"765\" title=\"\"><figcaption id=\"caption-attachment-63634\" class=\"wp-caption-text\">M\u00e1y r\u1eeda ch\u00e9n b\u00e1t Texgio TG-TGF3815S<\/figcaption><\/figure>\n<p>M\u00e1y r\u1eeda ch\u00e9n Texgio TG3815S<br \/>\nH\u1ec7 th\u1ed1ng c\u1ea3m bi\u1ebfn \u0111\u1ed9 \u0111\u1ee5c c\u1ee7a\u00a0n\u01b0\u1edbc<br \/>\nR\u1eeda b\u00e1t \u0111\u0129a th\u00f4ng minh v\u00e0 hi\u1ec7u qu\u1ea3 ti\u1ebft ki\u1ec7m \u0111i\u1ec7n v\u00e0\u00a0n\u01b0\u1edbc \u0111\u00e1ng k\u1ec3.<\/p>\n<\/div>\n<div>\n<h3>S\u1ea4Y KH\u00d4 T\u0102NG C\u01af\u1edcNG EXTRA DRYING<\/h3>\n<div>\n<figure id=\"attachment_63632\" aria-describedby=\"caption-attachment-63632\" style=\"width: 800px\" class=\"wp-caption alignnone\"><img loading=\"lazy\" decoding=\"async\" class=\"size-large wp-image-63632\" src=\"https:\/\/livinghome.vn\/thiet-bi\/wp-content\/uploads\/nha-bep\/texgio\/may-rua-chen-bat\/may-rua-chen-bat-gia-dinh-texgio-tg-tgf3815s\/may-rua-chen-bat-gia-dinh-texgio-tg-tgf3815s-7-800x800.jpg\" alt=\"M\u00e1y r\u1eeda ch\u00e9n b\u00e1t Texgio TG-TGF3815S\" width=\"800\" height=\"800\" title=\"\"><figcaption id=\"caption-attachment-63632\" class=\"wp-caption-text\">M\u00e1y r\u1eeda ch\u00e9n b\u00e1t Texgio TG-TGF3815S<\/figcaption><\/figure>\n<p>V\u1edbi t\u00ednh n\u0103ng Extra Drying s\u1ea5y t\u0103ng c\u01b0\u1eddng gi\u00fap th\u00fac \u0111\u1ea9y kh\u1ea3 n\u0103ng bay h\u01a1i t\u1ed1i \u01b0u.<\/p>\n<\/div>\n<div>\n<h3>R\u1eecA S\u00c2U T\u0102NG C\u01af\u1edcNG POWERWASH<\/h3>\n<div>\n<figure id=\"attachment_63637\" aria-describedby=\"caption-attachment-63637\" style=\"width: 1020px\" class=\"wp-caption alignnone\"><img loading=\"lazy\" decoding=\"async\" class=\"size-large wp-image-63637\" src=\"https:\/\/livinghome.vn\/thiet-bi\/wp-content\/uploads\/nha-bep\/texgio\/may-rua-chen-bat\/may-rua-chen-bat-gia-dinh-texgio-tg-tgf3815s\/may-rua-chen-bat-gia-dinh-texgio-tg-tgf3815s-5-1067x800.jpg\" alt=\"M\u00e1y r\u1eeda ch\u00e9n b\u00e1t Texgio TG-TGF3815S\" width=\"1020\" height=\"765\" title=\"\"><figcaption id=\"caption-attachment-63637\" class=\"wp-caption-text\">M\u00e1y r\u1eeda ch\u00e9n b\u00e1t Texgio TG-TGF3815S<\/figcaption><\/figure>\n<p>S\u1eed d\u1ee5ng \u00e1p l\u1ef1c n\u01b0\u1edbc m\u1ea1nh, t\u0103ng th\u1eddi gian l\u00e0m s\u1ea1ch s\u00e2u 360<sup>o<\/sup>\u00a0b\u00e1t \u0111\u0129a,\u00a0\u0111\u00e1nh bay m\u1ecdi\u00a0v\u1ebft b\u1ea9n.<\/p>\n<\/div>\n<div>\n<h3>R\u1eecA B\u00c1N T\u1ea2I CH\u1eccN GI\u00c0N DUAL ZONE<\/h3>\n<div>\n<p><img loading=\"lazy\" decoding=\"async\" class=\"size-large wp-image-63638\" src=\"https:\/\/livinghome.vn\/thiet-bi\/wp-content\/uploads\/nha-bep\/texgio\/may-rua-chen-bat\/may-rua-chen-bat-gia-dinh-texgio-tg-tgf3815s\/may-rua-chen-bat-gia-dinh-texgio-tg-tgf3815s-3-1067x800.jpg\" alt=\"M\u00e1y r\u1eeda ch\u00e9n b\u00e1t Texgio TG-TGF3815S \" width=\"1020\" height=\"765\" title=\"\"><\/p>\n<p>Ch\u1ecdn linh \u0111\u1ed9ng r\u1eeda gi\u00e0n tr\u00ean ho\u1eb7c r\u1eeda gi\u00e0n d\u01b0\u1edbi, m\u00e1y s\u1ebd ch\u1ec9 ho\u1ea1t \u0111\u1ed9ng 1 tay phun.<br \/>\nTi\u1ebft ki\u1ec7m t\u1ed1i \u0111a l\u01b0\u1ee3ng n\u01b0\u1edbc v\u00e0 \u0111i\u1ec7n n\u0103ng ti\u00eau th\u1ee5 khi b\u00e1t \u0111\u0129a \u00edt, kh\u00f4ng \u0111\u1ea7y t\u1ea3i.<\/p>\n<\/div>\n<h3>R\u00daT NG\u1eaeN TH\u1edcI GIAN EXPRESS<\/h3>\n<figure id=\"attachment_63630\" aria-describedby=\"caption-attachment-63630\" style=\"width: 1020px\" class=\"wp-caption alignnone\"><img loading=\"lazy\" decoding=\"async\" class=\"size-large wp-image-63630\" src=\"https:\/\/livinghome.vn\/thiet-bi\/wp-content\/uploads\/nha-bep\/texgio\/may-rua-chen-bat\/may-rua-chen-bat-gia-dinh-texgio-tg-tgf3815s\/may-rua-chen-bat-gia-dinh-texgio-tg-tgf3815s-4-1067x800.jpg\" alt=\"M\u00e1y r\u1eeda ch\u00e9n b\u00e1t Texgio TG-TGF3815S\" width=\"1020\" height=\"765\" title=\"\"><figcaption id=\"caption-attachment-63630\" class=\"wp-caption-text\">M\u00e1y r\u1eeda ch\u00e9n b\u00e1t Texgio TG-TGF3815S<\/figcaption><\/figure>\n<p>Gi\u1ea3m th\u1eddi gian r\u1eeda \u0111\u00e1ng k\u1ec3, khi nh\u00e0 c\u00f3 c\u1ed7 b\u00e0n v\u00e0\u00a0b\u1ea1n c\u1ea7n r\u1eeda nhi\u1ec1u, r\u1eeda\u00a0nhanh.<\/p>\n<div class=\"mm-page mm-slideout\">\n<div class=\"bot-proDetail\">\n<div class=\"container\">\n<div class=\"content-detail content-detail2\">\n<div class=\"list-page\">\n<div class=\"list-page\">\n<div class=\"container\">\n<div class=\"item-page\">\n<div class=\"col-page\">\n<div class=\"inner-page-col\">\n<h3><\/h3>\n<h3>T\u1ef0 \u0110\u1ed8NG M\u1ede C\u1eecA\u00a0 AUTO DOOR<\/h3>\n<div>\n<figure id=\"attachment_63636\" aria-describedby=\"caption-attachment-63636\" style=\"width: 1020px\" class=\"wp-caption alignnone\"><img loading=\"lazy\" decoding=\"async\" class=\"size-large wp-image-63636\" src=\"https:\/\/livinghome.vn\/thiet-bi\/wp-content\/uploads\/nha-bep\/texgio\/may-rua-chen-bat\/may-rua-chen-bat-gia-dinh-texgio-tg-tgf3815s\/may-rua-chen-bat-gia-dinh-texgio-tg-tgf3815s-6-1067x800.jpg\" alt=\"M\u00e1y r\u1eeda ch\u00e9n b\u00e1t Texgio TG-TGF3815S\" width=\"1020\" height=\"765\" title=\"\"><figcaption id=\"caption-attachment-63636\" class=\"wp-caption-text\">M\u00e1y r\u1eeda ch\u00e9n b\u00e1t Texgio TG-TGF3815S<\/figcaption><\/figure>\n<p>Sau khi k\u1ebft th\u00fac chu tr\u00ecnh r\u1eeda, m\u00e1y t\u1ef1 \u0111\u1ed9ng m\u1edf c\u1eeda, h\u1ea1n ch\u1ebf t\u1ed1i \u0111a h\u1ea5p h\u01a1i, \u0111\u1ecdng h\u01a1i n\u01b0\u1edbc sau r\u1eeda \u1edf tr\u00ean b\u00e1t \u0111\u0129a.<\/p>\n<\/div>\n<\/div>\n<\/div>\n<\/div>\n<\/div>\n<div class=\"list-page\">\n<div class=\"container\">\n<div class=\"item-page\">\n<div>\n<div>\n<h3>GI\u00c0N N\u00c2NG \u0110I\u1ec0U CH\u1ec8NH LINH HO\u1ea0T<\/h3>\n<div>\n<figure id=\"attachment_63631\" aria-describedby=\"caption-attachment-63631\" style=\"width: 1020px\" class=\"wp-caption alignnone\"><img loading=\"lazy\" decoding=\"async\" class=\"size-large wp-image-63631\" src=\"https:\/\/livinghome.vn\/thiet-bi\/wp-content\/uploads\/nha-bep\/texgio\/may-rua-chen-bat\/may-rua-chen-bat-gia-dinh-texgio-tg-tgf3815s\/may-rua-chen-bat-gia-dinh-texgio-tg-tgf3815s-9-1067x800.jpg\" alt=\"M\u00e1y r\u1eeda ch\u00e9n b\u00e1t Texgio TG-TGF3815S\" width=\"1020\" height=\"765\" title=\"\"><figcaption id=\"caption-attachment-63631\" class=\"wp-caption-text\">M\u00e1y r\u1eeda ch\u00e9n b\u00e1t Texgio TG-TGF3815S<\/figcaption><\/figure>\n<p>Khi c\u1ea7n r\u1eeda n\u1ed3i s\u00e2u, \u0111\u1ed3 cao, \u0111\u0129a size l\u1edbn, b\u1ea1n s\u1ebd c\u1ea7n th\u00eam kh\u00f4ng gian \u0111\u1ec3 tay phun kh\u00f4ng b\u1ecb ch\u1ea1m.<br \/>\nV\u1edbi m\u00e1y r\u1eeda b\u00e1t 15 b\u1ed9 TGF3815S b\u1ea1n ch\u1ec9 c\u1ea7n thao t\u00e1c nh\u1ea5c gi\u00e0n gi\u1eefa l\u00ean m\u1ed9t ch\u00fat \u0111\u1ec3 v\u00e0o kh\u1edbp, kh\u00f4ng gian c\u00f3 th\u1ec3 m\u1edf r\u1ed9ng gi\u00fap b\u1ea1n tho\u1ea3i m\u00e1i x\u1ebfp \u0111\u1ed3.<\/p>\n<\/div>\n<\/div>\n<\/div>\n<\/div>\n<\/div>\n<\/div>\n<div class=\"list-page\">\n<div class=\"container\">\n<div class=\"item-page\">\n<div class=\"col-page\"><\/div>\n<div>\n<h3>G\u1ee2I \u00dd X\u1ebeP \u0110\u1ed2<\/h3>\n<div class=\"content-detail\">\n<div>\n<figure id=\"attachment_63628\" aria-describedby=\"caption-attachment-63628\" style=\"width: 1020px\" class=\"wp-caption alignnone\"><img loading=\"lazy\" decoding=\"async\" class=\"size-large wp-image-63628\" src=\"https:\/\/livinghome.vn\/thiet-bi\/wp-content\/uploads\/nha-bep\/texgio\/may-rua-chen-bat\/may-rua-chen-bat-gia-dinh-texgio-tg-tgf3815s\/may-rua-chen-bat-gia-dinh-texgio-tg-tgf3815s-8-1067x800.jpg\" alt=\"M\u00e1y r\u1eeda ch\u00e9n b\u00e1t Texgio TG-TGF3815S\" width=\"1020\" height=\"765\" title=\"\"><figcaption id=\"caption-attachment-63628\" class=\"wp-caption-text\">M\u00e1y r\u1eeda ch\u00e9n b\u00e1t Texgio TG-TGF3815S<\/figcaption><\/figure>\n<p>TGF3815S thi\u1ebft k\u1ebf 3 gi\u00e0n r\u1eeda c\u00f3 th\u1ec3 t\u1ea3i t\u1edbi 3 m\u00e2m c\u1ed7 Vi\u1ec7t.<\/p>\n<\/div>\n<\/div>\n<\/div>\n<\/div>\n<\/div>\n<div class=\"container\">\n<div class=\"item-page\">\n<div>\n<h3>K\u00cdCH TH\u01af\u1edaC L\u1eaeP \u00c2M T\u1ee6<\/h3>\n<div class=\"content-detail\">\n<figure id=\"attachment_63633\" aria-describedby=\"caption-attachment-63633\" style=\"width: 1020px\" class=\"wp-caption alignnone\"><img loading=\"lazy\" decoding=\"async\" class=\"size-large wp-image-63633\" src=\"https:\/\/livinghome.vn\/thiet-bi\/wp-content\/uploads\/nha-bep\/texgio\/may-rua-chen-bat\/may-rua-chen-bat-gia-dinh-texgio-tg-tgf3815s\/may-rua-chen-bat-gia-dinh-texgio-tg-tgf3815s-10-1067x800.jpg\" alt=\"M\u00e1y r\u1eeda ch\u00e9n b\u00e1t Texgio TG-TGF3815S\" width=\"1020\" height=\"765\" title=\"\"><figcaption id=\"caption-attachment-63633\" class=\"wp-caption-text\">M\u00e1y r\u1eeda ch\u00e9n b\u00e1t Texgio TG-TGF3815S<\/figcaption><\/figure>\n<\/div>\n<\/div>\n<\/div>\n<\/div>\n<\/div>\n<\/div>\n<\/div>\n<\/div>\n<\/div>\n<\/div>\n<div id=\"tailieu\" class=\"document\">\n<div class=\"container\">\n<div class=\"c30\"><\/div>\n<\/div>\n<\/div>\n<\/div>\n<\/div>\n<\/div>\n<\/div>\n","protected":false},"excerpt":{"rendered":"<p>M\u00e1y r\u1eeda ch\u00e9n Texgio TG-TGF3815S dung t\u00edch 15 b\u1ed9 &#8211; lo\u1ea1i s\u1ea5y ng\u01b0ng t\u1ee5 \u0111\u01b0\u1ee3c nh\u1eadp kh\u1ea9u t\u1eeb \u0110\u1ee9c \u00a0D\u00e2y chuy\u1ec1n s\u1ea3n xu\u1ea5t c\u00f4ng ngh\u1ec7 \u0110\u1ee9c \u00a0T\u00ednh n\u0103ng \u0111\u1eb7c bi\u1ec7t: S\u1ea5y ExtraDrying, R\u1eeda s\u00e2u PowerWash\/ R\u00fat ng\u1eafn th\u1eddi gian Express\/ R\u1eeda b\u00e1n t\u1ea3i Dual Zone\/ T\u1ef1 \u0111\u1ed9ng m\u1edf c\u1eeda Auto Door\/ Delay \u00a0C\u00f4ng ngh\u1ec7 s\u1ea5y: [&#8230;]\n","protected":false},"featured_media":5655,"comment_status":"open","ping_status":"closed","template":"","meta":[],"product_brand":[],"product_cat":[610,92,824,828,827,867,826,569],"product_tag":[93,577,137,578,576,574],"class_list":{"0":"post-5578","1":"product","2":"type-product","3":"status-publish","4":"has-post-thumbnail","6":"product_cat-may-rua-chen-bat-texgio","7":"product_cat-may-rua-chen-bat","8":"product_cat-may-rua-chen-bat-15-bo","9":"product_cat-may-rua-chen-bat-am-tu","10":"product_cat-may-rua-chen-bat-ban-am","11":"product_cat-may-rua-chen-bat-chau-au","12":"product_cat-may-rua-chen-bat-doc-lap","13":"product_cat-thuong-hieu-texgio","14":"product_tag-may-rua-chen","15":"product_tag-may-rua-chen-15-bo","16":"product_tag-may-rua-chen-am-tu","17":"product_tag-may-rua-chen-ngung-tu","18":"product_tag-may-rua-chen-texgio","19":"product_tag-texgio","21":"first","22":"instock","23":"sale","24":"shipping-taxable","25":"purchasable","26":"product-type-simple"},"_links":{"self":[{"href":"https:\/\/livinghome.vn\/thiet-bi\/wp-json\/wp\/v2\/product\/5578","targetHints":{"allow":["GET"]}}],"collection":[{"href":"https:\/\/livinghome.vn\/thiet-bi\/wp-json\/wp\/v2\/product"}],"about":[{"href":"https:\/\/livinghome.vn\/thiet-bi\/wp-json\/wp\/v2\/types\/product"}],"replies":[{"embeddable":true,"href":"https:\/\/livinghome.vn\/thiet-bi\/wp-json\/wp\/v2\/comments?post=5578"}],"wp:featuredmedia":[{"embeddable":true,"href":"https:\/\/livinghome.vn\/thiet-bi\/wp-json\/wp\/v2\/media\/5655"}],"wp:attachment":[{"href":"https:\/\/livinghome.vn\/thiet-bi\/wp-json\/wp\/v2\/media?parent=5578"}],"wp:term":[{"taxonomy":"product_brand","embeddable":true,"href":"https:\/\/livinghome.vn\/thiet-bi\/wp-json\/wp\/v2\/product_brand?post=5578"},{"taxonomy":"product_cat","embeddable":true,"href":"https:\/\/livinghome.vn\/thiet-bi\/wp-json\/wp\/v2\/product_cat?post=5578"},{"taxonomy":"product_tag","embeddable":true,"href":"https:\/\/livinghome.vn\/thiet-bi\/wp-json\/wp\/v2\/product_tag?post=5578"}],"curies":[{"name":"wp","href":"https:\/\/api.w.org\/{rel}","templated":true}]}}