{"id":5577,"date":"2023-01-12T20:24:31","date_gmt":"2023-01-12T20:24:31","guid":{"rendered":"https:\/\/livinghome.vn\/thiet-bi\/?post_type=product&#038;p=5577"},"modified":"2024-11-29T14:19:20","modified_gmt":"2024-11-29T07:19:20","slug":"may-rua-chen-texgio-tg-tgf3815b","status":"publish","type":"product","link":"https:\/\/livinghome.vn\/thiet-bi\/may-rua-chen-texgio-tg-tgf3815b\/","title":{"rendered":"M\u00e1y R\u1eeda Ch\u00e9n Texgio TG-TGF3815B \u0110\u1ed9c L\u1eadp 15 B\u1ed9n 10 L\u00edt N\u01b0\u1edbc"},"content":{"rendered":"<h1>M\u00e1y r\u1eeda ch\u00e9n Texgio TG-TGF3815B t\u1ef1 \u0111\u1ed9ng m\u1edf c\u1eeda k\u1ebft h\u1ee3p s\u1ea5y t\u0103ng c\u01b0\u1eddng si\u00eau hot<\/h1>\n<figure id=\"attachment_63609\" aria-describedby=\"caption-attachment-63609\" style=\"width: 800px\" class=\"wp-caption alignnone\"><img loading=\"lazy\" decoding=\"async\" class=\"size-large wp-image-63609\" src=\"https:\/\/livinghome.vn\/thiet-bi\/wp-content\/uploads\/nha-bep\/texgio\/may-rua-chen-bat\/may-rua-chen-bat-gia-dinh-texgio-tg-tgf3815b\/may-rua-chen-bat-gia-dinh-texgio-tg-tgf3815b-800x800.jpg\" alt=\"M\u00e1y r\u1eeda ch\u00e9n b\u00e1t Texgio TG-TGF3815B\" width=\"800\" height=\"800\" title=\"\"><figcaption id=\"caption-attachment-63609\" class=\"wp-caption-text\">M\u00e1y r\u1eeda ch\u00e9n Texgio TG-TGF3815B<\/figcaption><\/figure>\n<ul>\n<li>D\u00e2y chuy\u1ec1n s\u1ea3n xu\u1ea5t c\u00f4ng ngh\u1ec7 \u0110\u1ee9c<\/li>\n<li>T\u00ednh n\u0103ng \u0111\u1eb7c bi\u1ec7t: S\u1ea5y ExtraDrying\/ R\u1eeda s\u00e2u PowerWash\/ R\u00fat ng\u1eafn th\u1eddi gian Express\/ R\u1eeda b\u00e1n t\u1ea3i Dual Zone\/ T\u1ef1 \u0111\u1ed9ng m\u1edf c\u1eeda Auto Door\/ Delay<\/li>\n<li>C\u00f4ng ngh\u1ec7 s\u1ea5y: <a href=\"https:\/\/livinghome.vn\/thiet-bi\/may-rua-chen-bat\/\">M\u00e1y r\u1eeda ch\u00e9n ng\u01b0ng t\u1ee5<\/a><\/li>\n<li>Ch\u1ee9c n\u0103ng an to\u00e0n: Ch\u1ed1ng r\u00f2 r\u1ec9 n\u01b0\u1edbc, Kh\u00f3a tr\u1ebb em<\/li>\n<li>Dung t\u00edch: 15 B\u1ed9<\/li>\n<li>Ki\u1ec3u d\u00e1ng: \u0110\u1ed9c l\u1eadp\/B\u00e1n \u00e2m<\/li>\n<li>Ch\u1ea5t li\u1ec7u: Inox \u0111en cao c\u1ea5p<\/li>\n<li>\u0110i\u1ec1u khi\u1ec3n: C\u1ea3m \u1ee9ng<\/li>\n<li>L\u01b0\u1ee3ng n\u01b0\u1edbc ti\u00eau th\u1ee5 : 10L<\/li>\n<li>\u0110\u1ed9 \u1ed3n : &lt;46 Db<\/li>\n<li>K\u00edch th\u01b0\u1edbc s\u1ea3n ph\u1ea9m: C845 x R600 x S600 mm<\/li>\n<li>B\u1ea3o H\u00e0nh 5 n\u0103m<\/li>\n<li>Ch\u01b0\u01a1ng tr\u00ecnh r\u1eeda: 8<\/li>\n<\/ul>\n<p>S\u1ea5y kh\u00f4 t\u0103ng c\u01b0\u1eddng Extra Drying<\/p>\n<p>R\u1eeda s\u00e2u t\u0103ng c\u01b0\u1eddng Power Wash<\/p>\n<p>R\u00fat ng\u1eafn th\u1eddi gian Express<\/p>\n<p>R\u1eeda ch\u1ecdn gi\u00e0n Dual Zone Wash<\/p>\n<p>T\u1ef1 \u0111\u1ed9ng m\u1edf c\u1eeda Auto Door<\/p>\n<p>Kh\u00f3a tr\u1ebb em an to\u00e0n Child Lock<\/p>\n<h3>H\u1ec6 TH\u1ed0NG CH\u1ed0NG R\u00d2 R\u1ec8 AQUASTOP<\/h3>\n<p>H\u1ec7 th\u1ed1ng c\u1ea3m bi\u1ebfn AquaStop s\u1ebd li\u00ean t\u1ee5c theo d\u00f5i t\u00ecnh tr\u1ea1ng c\u1ee7a m\u00e1y, n\u1ebfu c\u00f3 b\u1ea5t c\u1ee9 s\u1ef1 r\u00f2 r\u1ec9 n\u01b0\u1edbc n\u00e0o h\u1ec7 th\u1ed1ng van \u0111i\u1ec7n t\u1eed c\u1ee7a m\u00e1y s\u1ebd ngay l\u1eadp t\u1ee9c \u0111\u00f3ng l\u1ea1i ng\u1eaft ngu\u1ed3n c\u1ea5p n\u01b0\u1edbc, \u0111\u1ea3m b\u1ea3o an to\u00e0n.<\/p>\n<h3>GI\u00c0N N\u00c2NG \u0110I\u1ec0U CH\u1ec8NH LINH HO\u1ea0T<\/h3>\n<figure id=\"attachment_63615\" aria-describedby=\"caption-attachment-63615\" style=\"width: 1020px\" class=\"wp-caption alignnone\"><img loading=\"lazy\" decoding=\"async\" class=\"size-large wp-image-63615\" src=\"https:\/\/livinghome.vn\/thiet-bi\/wp-content\/uploads\/nha-bep\/texgio\/may-rua-chen-bat\/may-rua-chen-bat-gia-dinh-texgio-tg-tgf3815b\/may-rua-chen-bat-gia-dinh-texgio-tg-tgf3815b-7-1067x800.jpg\" alt=\"M\u00e1y r\u1eeda ch\u00e9n b\u00e1t Texgio TG-TGF3815B\" width=\"1020\" height=\"765\" title=\"\"><figcaption id=\"caption-attachment-63615\" class=\"wp-caption-text\">M\u00e1y r\u1eeda ch\u00e9n b\u00e1t Texgio TG-TGF3815B<\/figcaption><\/figure>\n<p>Khi c\u1ea7n r\u1eeda n\u1ed3i s\u00e2u, \u0111\u1ed3 cao, \u0111\u0129a size l\u1edbn, b\u1ea1n s\u1ebd c\u1ea7n th\u00eam kh\u00f4ng gian \u0111\u1ec3 tay phun kh\u00f4ng b\u1ecb ch\u1ea1m.<br \/>\nV\u1edbi M\u00e1y R\u1eeda B\u00e1t 15 B\u1ed9 TGF3815B b\u1ea1n ch\u1ec9 c\u1ea7n thao t\u00e1c nh\u1ea5c gi\u00e0n gi\u1eefa l\u00ean m\u1ed9t ch\u00fat \u0111\u1ec3 v\u00e0o kh\u1edbp, kh\u00f4ng gian c\u00f3 th\u1ec3 m\u1edf r\u1ed9ng gi\u00fap b\u1ea1n tho\u1ea3i m\u00e1i x\u1ebfp \u0111\u1ed3.<\/p>\n<h3>S\u1ea4Y KH\u00d4 T\u0102NG C\u01af\u1edcNG EXTRA DRYING<\/h3>\n<p>V\u1edbi t\u00ednh n\u0103ng Extra Drying s\u1ea5y t\u0103ng c\u01b0\u1eddng gi\u00fap th\u00fac \u0111\u1ea9y kh\u1ea3 n\u0103ng bay h\u01a1i t\u1ed1i \u01b0u<\/p>\n<h3>R\u1eecA S\u00c2U T\u0102NG C\u01af\u1edcNG POWERWASH<\/h3>\n<figure id=\"attachment_63616\" aria-describedby=\"caption-attachment-63616\" style=\"width: 1020px\" class=\"wp-caption alignnone\"><img loading=\"lazy\" decoding=\"async\" class=\"size-large wp-image-63616\" src=\"https:\/\/livinghome.vn\/thiet-bi\/wp-content\/uploads\/nha-bep\/texgio\/may-rua-chen-bat\/may-rua-chen-bat-gia-dinh-texgio-tg-tgf3815b\/may-rua-chen-bat-gia-dinh-texgio-tg-tgf3815b-4-1067x800.jpg\" alt=\"M\u00e1y r\u1eeda ch\u00e9n b\u00e1t Texgio TG-TGF3815B\" width=\"1020\" height=\"765\" title=\"\"><figcaption id=\"caption-attachment-63616\" class=\"wp-caption-text\">M\u00e1y r\u1eeda ch\u00e9n b\u00e1t Texgio TG-TGF3815B<\/figcaption><\/figure>\n<p>S\u1eed d\u1ee5ng \u00e1p l\u1ef1c n\u01b0\u1edbc m\u1ea1nh, t\u0103ng th\u1eddi gian l\u00e0m s\u1ea1ch s\u00e2u 360o b\u00e1t \u0111\u0129a, \u0111\u00e1nh bay m\u1ecdi v\u1ebft b\u1ea9n.<\/p>\n<h3>R\u00daT NG\u1eaeN TH\u1edcI GIAN EXPRESS<\/h3>\n<figure id=\"attachment_63611\" aria-describedby=\"caption-attachment-63611\" style=\"width: 1020px\" class=\"wp-caption alignnone\"><img loading=\"lazy\" decoding=\"async\" class=\"size-large wp-image-63611\" src=\"https:\/\/livinghome.vn\/thiet-bi\/wp-content\/uploads\/nha-bep\/texgio\/may-rua-chen-bat\/may-rua-chen-bat-gia-dinh-texgio-tg-tgf3815b\/may-rua-chen-bat-gia-dinh-texgio-tg-tgf3815b-2-1067x800.jpg\" alt=\"M\u00e1y r\u1eeda ch\u00e9n b\u00e1t Texgio TG-TGF3815B\" width=\"1020\" height=\"765\" title=\"\"><figcaption id=\"caption-attachment-63611\" class=\"wp-caption-text\">M\u00e1y r\u1eeda ch\u00e9n b\u00e1t Texgio TG-TGF3815B<\/figcaption><\/figure>\n<p>Gi\u1ea3m th\u1eddi gian r\u1eeda \u0111\u00e1ng k\u1ec3, khi nh\u00e0 c\u00f3 c\u1ed7 b\u00e0n v\u00e0 b\u1ea1n c\u1ea7n r\u1eeda nhi\u1ec1u, r\u1eeda nhanh.<\/p>\n<h3>R\u1eecA B\u00c1N T\u1ea2I CH\u1eccN GI\u00c0N DUAL ZONE<\/h3>\n<figure id=\"attachment_63610\" aria-describedby=\"caption-attachment-63610\" style=\"width: 1020px\" class=\"wp-caption alignnone\"><img loading=\"lazy\" decoding=\"async\" class=\"size-large wp-image-63610\" src=\"https:\/\/livinghome.vn\/thiet-bi\/wp-content\/uploads\/nha-bep\/texgio\/may-rua-chen-bat\/may-rua-chen-bat-gia-dinh-texgio-tg-tgf3815b\/may-rua-chen-bat-gia-dinh-texgio-tg-tgf3815b-1-1067x800.jpg\" alt=\"M\u00e1y r\u1eeda ch\u00e9n b\u00e1t Texgio TG-TGF3815B\" width=\"1020\" height=\"765\" title=\"\"><figcaption id=\"caption-attachment-63610\" class=\"wp-caption-text\">M\u00e1y r\u1eeda ch\u00e9n b\u00e1t Texgio TG-TGF3815B<\/figcaption><\/figure>\n<p>Ch\u1ecdn linh \u0111\u1ed9ng r\u1eeda gi\u00e0n tr\u00ean ho\u1eb7c r\u1eeda gi\u00e0n d\u01b0\u1edbi, m\u00e1y s\u1ebd ch\u1ec9 ho\u1ea1t \u0111\u1ed9ng 1 tay phun.<br \/>\nTi\u1ebft ki\u1ec7m t\u1ed1i \u0111a l\u01b0\u1ee3ng n\u01b0\u1edbc v\u00e0 \u0111i\u1ec7n n\u0103ng ti\u00eau th\u1ee5 khi b\u00e1t \u0111\u0129a \u00edt, kh\u00f4ng \u0111\u1ea7y t\u1ea3i.<\/p>\n<h3>T\u1ef0 \u0110\u1ed8NG M\u1ede C\u1eecA AUTO DOOR<\/h3>\n<figure id=\"attachment_63612\" aria-describedby=\"caption-attachment-63612\" style=\"width: 1020px\" class=\"wp-caption alignnone\"><img loading=\"lazy\" decoding=\"async\" class=\"size-large wp-image-63612\" src=\"https:\/\/livinghome.vn\/thiet-bi\/wp-content\/uploads\/nha-bep\/texgio\/may-rua-chen-bat\/may-rua-chen-bat-gia-dinh-texgio-tg-tgf3815b\/may-rua-chen-bat-gia-dinh-texgio-tg-tgf3815b-3-1067x800.jpg\" alt=\"M\u00e1y r\u1eeda ch\u00e9n b\u00e1t Texgio TG-TGF3815B\" width=\"1020\" height=\"765\" title=\"\"><figcaption id=\"caption-attachment-63612\" class=\"wp-caption-text\">M\u00e1y r\u1eeda ch\u00e9n b\u00e1t Texgio TG-TGF3815B<\/figcaption><\/figure>\n<p>Sau khi k\u1ebft th\u00fac chu tr\u00ecnh r\u1eeda, m\u00e1y t\u1ef1 \u0111\u1ed9ng m\u1edf c\u1eeda, h\u1ea1n ch\u1ebf t\u1ed1i \u0111a h\u1ea5p h\u01a1i, \u0111\u1ecdng h\u01a1i n\u01b0\u1edbc sau r\u1eeda \u1edf tr\u00ean b\u00e1t \u0111\u0129a.<\/p>\n<h3>C\u1ea2M BI\u1ebeN N\u01af\u1edaC TH\u00d4NG MINH<\/h3>\n<figure id=\"attachment_63613\" aria-describedby=\"caption-attachment-63613\" style=\"width: 1020px\" class=\"wp-caption alignnone\"><img loading=\"lazy\" decoding=\"async\" class=\"size-large wp-image-63613\" src=\"https:\/\/livinghome.vn\/thiet-bi\/wp-content\/uploads\/nha-bep\/texgio\/may-rua-chen-bat\/may-rua-chen-bat-gia-dinh-texgio-tg-tgf3815b\/may-rua-chen-bat-gia-dinh-texgio-tg-tgf3815b-6-1067x800.jpg\" alt=\"M\u00e1y r\u1eeda ch\u00e9n b\u00e1t Texgio TG-TGF3815B\" width=\"1020\" height=\"765\" title=\"\"><figcaption id=\"caption-attachment-63613\" class=\"wp-caption-text\">M\u00e1y r\u1eeda ch\u00e9n b\u00e1t Texgio TG-TGF3815B<\/figcaption><\/figure>\n<p>M\u00e1y R\u1eeda B\u00e1t 15 B\u1ed9 TG3815B<br \/>\nH\u1ec7 th\u1ed1ng c\u1ea3m bi\u1ebfn \u0111\u1ed9 \u0111\u1ee5c c\u1ee7a n\u01b0\u1edbc<br \/>\nR\u1eeda b\u00e1t \u0111\u0129a th\u00f4ng minh v\u00e0 hi\u1ec7u qu\u1ea3 ti\u1ebft ki\u1ec7m \u0111i\u1ec7n v\u00e0 n\u01b0\u1edbc \u0111\u00e1ng k\u1ec3.<\/p>\n<h3>G\u1ee2I \u00dd X\u1ebeP \u0110\u1ed2<\/h3>\n<figure id=\"attachment_63614\" aria-describedby=\"caption-attachment-63614\" style=\"width: 1020px\" class=\"wp-caption alignnone\"><img loading=\"lazy\" decoding=\"async\" class=\"size-large wp-image-63614\" src=\"https:\/\/livinghome.vn\/thiet-bi\/wp-content\/uploads\/nha-bep\/texgio\/may-rua-chen-bat\/may-rua-chen-bat-gia-dinh-texgio-tg-tgf3815b\/may-rua-chen-bat-gia-dinh-texgio-tg-tgf3815b-5-1067x800.jpg\" alt=\"M\u00e1y r\u1eeda ch\u00e9n b\u00e1t Texgio TG-TGF3815B\" width=\"1020\" height=\"765\" title=\"\"><figcaption id=\"caption-attachment-63614\" class=\"wp-caption-text\">M\u00e1y r\u1eeda ch\u00e9n b\u00e1t Texgio TG-TGF3815B<\/figcaption><\/figure>\n<p>TGF3815B thi\u1ebft k\u1ebf 3 gi\u00e0n r\u1eeda v\u00e0 c\u00f3 th\u1ec3 t\u1ea3i t\u1edbi 3 m\u00e2m c\u1ed7 Vi\u1ec7t.<\/p>\n<h3>K\u00cdCH TH\u01af\u1edaC L\u1eaeP \u00c2M T\u1ee6<\/h3>\n<figure id=\"attachment_63618\" aria-describedby=\"caption-attachment-63618\" style=\"width: 1020px\" class=\"wp-caption alignnone\"><img loading=\"lazy\" decoding=\"async\" class=\"size-large wp-image-63618\" src=\"https:\/\/livinghome.vn\/thiet-bi\/wp-content\/uploads\/nha-bep\/texgio\/may-rua-chen-bat\/may-rua-chen-bat-gia-dinh-texgio-tg-tgf3815b\/may-rua-chen-bat-gia-dinh-texgio-tg-tgf3815b-8-1067x800.jpg\" alt=\"M\u00e1y r\u1eeda ch\u00e9n b\u00e1t Texgio TG-TGF3815BM\u00e1y r\u1eeda ch\u00e9n b\u00e1t Texgio TG-TGF3815B\" width=\"1020\" height=\"765\" title=\"\"><figcaption id=\"caption-attachment-63618\" class=\"wp-caption-text\">M\u00e1y r\u1eeda ch\u00e9n b\u00e1t Texgio TG-TGF3815B<\/figcaption><\/figure>\n","protected":false},"excerpt":{"rendered":"<p>M\u00e1y r\u1eeda ch\u00e9n Texgio TG-TGF3815B t\u1ef1 \u0111\u1ed9ng m\u1edf c\u1eeda k\u1ebft h\u1ee3p s\u1ea5y t\u0103ng c\u01b0\u1eddng si\u00eau hot D\u00e2y chuy\u1ec1n s\u1ea3n xu\u1ea5t c\u00f4ng ngh\u1ec7 \u0110\u1ee9c T\u00ednh n\u0103ng \u0111\u1eb7c bi\u1ec7t: S\u1ea5y ExtraDrying\/ R\u1eeda s\u00e2u PowerWash\/ R\u00fat ng\u1eafn th\u1eddi gian Express\/ R\u1eeda b\u00e1n t\u1ea3i Dual Zone\/ T\u1ef1 \u0111\u1ed9ng m\u1edf c\u1eeda Auto Door\/ Delay C\u00f4ng ngh\u1ec7 s\u1ea5y: M\u00e1y r\u1eeda ch\u00e9n [&#8230;]\n","protected":false},"featured_media":5644,"comment_status":"open","ping_status":"closed","template":"","meta":[],"product_brand":[],"product_cat":[610,92,824,828,827,867,826,569],"product_tag":[93,577,576,574],"class_list":{"0":"post-5577","1":"product","2":"type-product","3":"status-publish","4":"has-post-thumbnail","6":"product_cat-may-rua-chen-bat-texgio","7":"product_cat-may-rua-chen-bat","8":"product_cat-may-rua-chen-bat-15-bo","9":"product_cat-may-rua-chen-bat-am-tu","10":"product_cat-may-rua-chen-bat-ban-am","11":"product_cat-may-rua-chen-bat-chau-au","12":"product_cat-may-rua-chen-bat-doc-lap","13":"product_cat-thuong-hieu-texgio","14":"product_tag-may-rua-chen","15":"product_tag-may-rua-chen-15-bo","16":"product_tag-may-rua-chen-texgio","17":"product_tag-texgio","19":"first","20":"instock","21":"sale","22":"shipping-taxable","23":"purchasable","24":"product-type-simple"},"_links":{"self":[{"href":"https:\/\/livinghome.vn\/thiet-bi\/wp-json\/wp\/v2\/product\/5577","targetHints":{"allow":["GET"]}}],"collection":[{"href":"https:\/\/livinghome.vn\/thiet-bi\/wp-json\/wp\/v2\/product"}],"about":[{"href":"https:\/\/livinghome.vn\/thiet-bi\/wp-json\/wp\/v2\/types\/product"}],"replies":[{"embeddable":true,"href":"https:\/\/livinghome.vn\/thiet-bi\/wp-json\/wp\/v2\/comments?post=5577"}],"wp:featuredmedia":[{"embeddable":true,"href":"https:\/\/livinghome.vn\/thiet-bi\/wp-json\/wp\/v2\/media\/5644"}],"wp:attachment":[{"href":"https:\/\/livinghome.vn\/thiet-bi\/wp-json\/wp\/v2\/media?parent=5577"}],"wp:term":[{"taxonomy":"product_brand","embeddable":true,"href":"https:\/\/livinghome.vn\/thiet-bi\/wp-json\/wp\/v2\/product_brand?post=5577"},{"taxonomy":"product_cat","embeddable":true,"href":"https:\/\/livinghome.vn\/thiet-bi\/wp-json\/wp\/v2\/product_cat?post=5577"},{"taxonomy":"product_tag","embeddable":true,"href":"https:\/\/livinghome.vn\/thiet-bi\/wp-json\/wp\/v2\/product_tag?post=5577"}],"curies":[{"name":"wp","href":"https:\/\/api.w.org\/{rel}","templated":true}]}}