{"id":5576,"date":"2023-01-12T20:24:31","date_gmt":"2023-01-12T20:24:31","guid":{"rendered":"https:\/\/livinghome.vn\/thiet-bi\/?post_type=product&#038;p=5576"},"modified":"2024-11-29T14:19:20","modified_gmt":"2024-11-29T07:19:20","slug":"may-rua-chen-texgio-tg-tgus06ha","status":"publish","type":"product","link":"https:\/\/livinghome.vn\/thiet-bi\/may-rua-chen-texgio-tg-tgus06ha\/","title":{"rendered":"M\u00e1y r\u1eeda ch\u00e9n Texgio TG-TGUS06HA Li\u1ec1n Ch\u1eadu 6 B\u1ed9 12 L\u00edt N\u01b0\u1edbc"},"content":{"rendered":"<h2>M\u00e1y r\u1eeda ch\u00e9n Texgio TG-TGUS06HA dung t\u00edch 6 b\u1ed9 \u0111\u01b0\u1ee3c nh\u1eadp kh\u1ea9u t\u1eeb \u0110\u1ee9c<\/h2>\n<figure id=\"attachment_63579\" aria-describedby=\"caption-attachment-63579\" style=\"width: 800px\" class=\"wp-caption alignnone\"><img loading=\"lazy\" decoding=\"async\" class=\"size-large wp-image-63579\" src=\"https:\/\/livinghome.vn\/thiet-bi\/wp-content\/uploads\/nha-bep\/texgio\/may-rua-chen-bat\/may-rua-chen-bat-gia-dinh-texgio-tg-tgus06ha\/may-rua-chen-bat-gia-dinh-texgio-tg-tgus06ha-7-800x800.jpg\" alt=\"M\u00e1y r\u1eeda ch\u00e9n b\u00e1t Texgio TG-TGUS06HA \" width=\"800\" height=\"800\" title=\"\"><figcaption id=\"caption-attachment-63579\" class=\"wp-caption-text\">M\u00e1y r\u1eeda ch\u00e9n b\u00e1t Texgio TG-TGUS06HA<\/figcaption><\/figure>\n<ul>\n<li>D\u00e2y chuy\u1ec1n s\u1ea3n xu\u1ea5t c\u00f4ng ngh\u1ec7 \u0110\u1ee9c<\/li>\n<li>\u00a0T\u00ednh n\u0103ng \u0111\u1eb7c bi\u1ec7t:\u00a0B\u1ea3o qu\u1ea3n Storage, R\u1eeda si\u00eau \u00e2m Ultrasonic, H\u1eb9n gi\u1edd Delay<\/li>\n<li>\u00a0Ch\u1ee9c n\u0103ng an to\u00e0n: Ch\u1ed1ng tr\u00e0n n\u01b0\u1edbc<\/li>\n<li>\u00a0C\u00f4ng ngh\u1ec7 s\u1ea5y:\u00a0S\u1ea5y\u00a0kh\u00ed n\u00f3ng\u00a0PTC &#8211; Trung Qu\u1ed1c l\u00e0 Qu\u1ed1c gia duy nh\u1ea5t s\u00e1ng ch\u1ebf v\u00e0\u00a0\u00e1p d\u1ee5ng c\u00f4ng ngh\u1ec7 s\u1ea5y PTC tr\u00ean th\u1ecb tr\u01b0\u1eddng hi\u1ec7n nay<\/li>\n<li>\u00a0Dung t\u00edch: 6 B\u1ed9<\/li>\n<li>\u00a0Ki\u1ec3u d\u00e1ng: <a href=\"https:\/\/livinghome.vn\/thiet-bi\/may-rua-chen-bat\/\">M\u00e1y r\u1eeda ch\u00e9n li\u1ec1n ch\u1eadu<\/a><\/li>\n<li>\u00a0Ch\u1ea5t li\u1ec7u:\u00a0SUS 304\/ K\u00ednh c\u01b0\u1eddng l\u1ef1c<\/li>\n<li>\u00a0\u0110i\u1ec1u khi\u1ec3n: C\u1ea3m \u1ee9ng<\/li>\n<li>\u00a0L\u01b0\u1ee3ng n\u01b0\u1edbc ti\u00eau th\u1ee5 :\u00a012L<\/li>\n<li>\u00a0\u0110\u1ed9 \u1ed3n :\u00a0&lt;46\u00a0dB<\/li>\n<li>\u00a0K\u00edch th\u01b0\u1edbc s\u1ea3n ph\u1ea9m:\u00a0C520xD900xR500<\/li>\n<li>\u00a0B\u1ea3o H\u00e0nh: 05 n\u0103m<\/li>\n<li>\u00a0Ch\u01b0\u01a1ng tr\u00ecnh r\u1eeda: 5 ;\u00a0Eco, Chuy\u00ean s\u00e2u, R\u1eeda nhanh, T\u1ef1 l\u00e0m s\u1ea1ch, R\u1eeda tr\u00e1i c\u00e2y h\u1ea3i s\u1ea3n<\/li>\n<\/ul>\n<h3>THI\u1ebeT K\u1ebe LI\u1ec0N CH\u1eacU SANG TR\u1eccNG<\/h3>\n<figure id=\"attachment_63573\" aria-describedby=\"caption-attachment-63573\" style=\"width: 1020px\" class=\"wp-caption alignnone\"><img loading=\"lazy\" decoding=\"async\" class=\"size-large wp-image-63573\" src=\"https:\/\/livinghome.vn\/thiet-bi\/wp-content\/uploads\/nha-bep\/texgio\/may-rua-chen-bat\/may-rua-chen-bat-gia-dinh-texgio-tg-tgus06ha\/may-rua-chen-bat-gia-dinh-texgio-tg-tgus06ha-3-1-1067x800.jpg\" alt=\"M\u00e1y r\u1eeda ch\u00e9n b\u00e1t Texgio TG-TGUS06HA \" width=\"1020\" height=\"765\" title=\"\"><figcaption id=\"caption-attachment-63573\" class=\"wp-caption-text\">M\u00e1y r\u1eeda ch\u00e9n b\u00e1t Texgio TG-TGUS06HA<\/figcaption><\/figure>\n<p>Ti\u1ebft ki\u1ec7m di\u1ec7n t\u00edch t\u1ed1i \u01b0u khi k\u1ebft h\u1ee3p b\u1ed3n ch\u1eadu\u00a0b\u00ean c\u1ea1nh m\u00e1y r\u1eeda ch\u00e9n b\u00e1t.<br \/>\nDung t\u00edch 6 b\u1ed9 nh\u1ecf g\u1ecdn, M\u00e1y r\u1eeda ch\u00e9n b\u00e1t Texgio\u00a0TGUS06HA c\u00f3 th\u1ec3 r\u1eeda \u0111\u01b0\u1ee3c c\u1ea3 n\u1ed3i xoong<\/p>\n<h3>R\u1eecA SI\u00caU \u00c2M S\u00d3NG ULTRASONIC<\/h3>\n<figure id=\"attachment_63578\" aria-describedby=\"caption-attachment-63578\" style=\"width: 1020px\" class=\"wp-caption alignnone\"><img loading=\"lazy\" decoding=\"async\" class=\"size-large wp-image-63578\" src=\"https:\/\/livinghome.vn\/thiet-bi\/wp-content\/uploads\/nha-bep\/texgio\/may-rua-chen-bat\/may-rua-chen-bat-gia-dinh-texgio-tg-tgus06ha\/may-rua-chen-bat-gia-dinh-texgio-tg-tgus06ha-1-1-1067x800.jpg\" alt=\"M\u00e1y r\u1eeda ch\u00e9n b\u00e1t Texgio TG-TGUS06HA\" width=\"1020\" height=\"765\" title=\"\"><figcaption id=\"caption-attachment-63578\" class=\"wp-caption-text\">M\u00e1y r\u1eeda ch\u00e9n b\u00e1t Texgio TG-TGUS06HA<\/figcaption><\/figure>\n<p>K\u1ebft h\u1ee3p m\u00e1y t\u1ea1o s\u00f3ng si\u00eau \u00e2m Ultrasonic<br \/>\nr\u1eeda s\u1ea1ch c\u00e1c lo\u1ea1i rau c\u1ee7, h\u1ea3i s\u1ea3n v\u00e0 v\u1eabn gi\u1eef \u0111\u01b0\u1ee3c \u0111\u1ed9 t\u01b0\u01a1i ngon<\/p>\n<h3>T\u00cdNH N\u0102NG B\u1ea2O QU\u1ea2N STORAGE<\/h3>\n<figure id=\"attachment_63576\" aria-describedby=\"caption-attachment-63576\" style=\"width: 800px\" class=\"wp-caption alignnone\"><img loading=\"lazy\" decoding=\"async\" class=\"size-large wp-image-63576\" src=\"https:\/\/livinghome.vn\/thiet-bi\/wp-content\/uploads\/nha-bep\/texgio\/may-rua-chen-bat\/may-rua-chen-bat-gia-dinh-texgio-tg-tgus06ha\/may-rua-chen-bat-gia-dinh-texgio-tg-tgus06ha-2-1-800x800.jpg\" alt=\"M\u00e1y r\u1eeda ch\u00e9n b\u00e1t Texgio TG-TGUS06HA \" width=\"800\" height=\"800\" title=\"\"><figcaption id=\"caption-attachment-63576\" class=\"wp-caption-text\">M\u00e1y r\u1eeda ch\u00e9n b\u00e1t Texgio TG-TGUS06HA<\/figcaption><\/figure>\n<p>Gi\u00fap lo\u1ea1i b\u1ecf m\u00f9i h\u00f4i, n\u1ea5m m\u1ed1c v\u00e0 vi khu\u1ea9n,<br \/>\nduy tr\u00ec m\u00f4i tr\u01b0\u1eddng kh\u00f4 r\u00e1o t\u01b0\u01a1i m\u1edbi cho khoang m\u00e1y<\/p>\n<h3>C\u00d4NG NGH\u1ec6 S\u1ea4Y PTC KH\u00cd N\u00d3NG<\/h3>\n<figure id=\"attachment_63574\" aria-describedby=\"caption-attachment-63574\" style=\"width: 800px\" class=\"wp-caption alignnone\"><img loading=\"lazy\" decoding=\"async\" class=\"size-large wp-image-63574\" src=\"https:\/\/livinghome.vn\/thiet-bi\/wp-content\/uploads\/nha-bep\/texgio\/may-rua-chen-bat\/may-rua-chen-bat-gia-dinh-texgio-tg-tgus06ha\/may-rua-chen-bat-gia-dinh-texgio-tg-tgus06ha-4-1-800x800.jpg\" alt=\"M\u00e1y r\u1eeda ch\u00e9n b\u00e1t Texgio TG-TGUS06HA \" width=\"800\" height=\"800\" title=\"\"><figcaption id=\"caption-attachment-63574\" class=\"wp-caption-text\">M\u00e1y r\u1eeda ch\u00e9n b\u00e1t Texgio TG-TGUS06HA<\/figcaption><\/figure>\n<p><strong>P<\/strong>ositive\u00a0<strong>T<\/strong>emperature\u00a0<strong>C<\/strong>oefficient<br \/>\nH\u1ec7 th\u1ed1ng s\u1ea5y kh\u00f4\u00a0th\u00f4ng minh v\u00e0 ti\u1ebft ki\u1ec7m.<br \/>\nB\u1ed9 l\u01b0u nhi\u1ec7t v\u00e0 ti\u1ebft ki\u1ec7m n\u0103ng l\u01b0\u1ee3ng<br \/>\nEcotech t\u0103ng hi\u1ec7u su\u1ea5t l\u00ean 30%<\/p>\n<h3>THI\u1ebeT K\u1ebe ERGONOMICS<\/h3>\n<div class=\"content-detail\">\n<div id=\"Translation\">\n<div class=\"mceTemp\"><\/div>\n<figure id=\"attachment_63625\" aria-describedby=\"caption-attachment-63625\" style=\"width: 1020px\" class=\"wp-caption alignnone\"><img loading=\"lazy\" decoding=\"async\" class=\"size-large wp-image-63625\" src=\"https:\/\/livinghome.vn\/thiet-bi\/wp-content\/uploads\/nha-bep\/texgio\/may-rua-chen-bat\/may-rua-chen-bat-gia-dinh-texgio-tg-tgus06ha\/may-rua-chen-bat-gia-dinh-texgio-tg-tgus06ha-6-1067x800.jpg\" alt=\"M\u00e1y r\u1eeda ch\u00e9n b\u00e1t Texgio TG-TGUS06HA\" width=\"1020\" height=\"765\" title=\"\"><figcaption id=\"caption-attachment-63625\" class=\"wp-caption-text\">M\u00e1y r\u1eeda ch\u00e9n b\u00e1t Texgio TG-TGUS06HA<\/figcaption><\/figure>\n<p>C\u1eeda m\u00e1y t\u1ef1 \u0111\u1ed9ng h\u00e9 m\u1edf sau khi k\u1ebft th\u00fac ch\u01b0\u01a1ng tr\u00ecnh<\/p>\n<\/div>\n<div>\n<h3>B\u1ea2N V\u1ebc L\u1eaeP \u0110\u1eb6T<\/h3>\n<div class=\"content-detail\">\n<div id=\"Translation\">\n<figure id=\"attachment_63577\" aria-describedby=\"caption-attachment-63577\" style=\"width: 800px\" class=\"wp-caption alignnone\"><img loading=\"lazy\" decoding=\"async\" class=\"size-large wp-image-63577\" src=\"https:\/\/livinghome.vn\/thiet-bi\/wp-content\/uploads\/nha-bep\/texgio\/may-rua-chen-bat\/may-rua-chen-bat-gia-dinh-texgio-tg-tgus06ha\/may-rua-chen-bat-gia-dinh-texgio-tg-tgus06ha-5-1-800x800.jpg\" alt=\"M\u00e1y r\u1eeda ch\u00e9n b\u00e1t Texgio TG-TGUS06HA \" width=\"800\" height=\"800\" title=\"\"><figcaption id=\"caption-attachment-63577\" class=\"wp-caption-text\">M\u00e1y r\u1eeda ch\u00e9n b\u00e1t Texgio TG-TGUS06HA<\/figcaption><\/figure>\n<p>K\u00edch th\u01b0\u1edbc ch\u1edd c\u1ee7a khoang b\u1ebfp<\/p>\n<\/div>\n<\/div>\n<\/div>\n<\/div>\n","protected":false},"excerpt":{"rendered":"<p>M\u00e1y r\u1eeda ch\u00e9n Texgio TG-TGUS06HA dung t\u00edch 6 b\u1ed9 \u0111\u01b0\u1ee3c nh\u1eadp kh\u1ea9u t\u1eeb \u0110\u1ee9c D\u00e2y chuy\u1ec1n s\u1ea3n xu\u1ea5t c\u00f4ng ngh\u1ec7 \u0110\u1ee9c \u00a0T\u00ednh n\u0103ng \u0111\u1eb7c bi\u1ec7t:\u00a0B\u1ea3o qu\u1ea3n Storage, R\u1eeda si\u00eau \u00e2m Ultrasonic, H\u1eb9n gi\u1edd Delay \u00a0Ch\u1ee9c n\u0103ng an to\u00e0n: Ch\u1ed1ng tr\u00e0n n\u01b0\u1edbc \u00a0C\u00f4ng ngh\u1ec7 s\u1ea5y:\u00a0S\u1ea5y\u00a0kh\u00ed n\u00f3ng\u00a0PTC &#8211; Trung Qu\u1ed1c l\u00e0 Qu\u1ed1c gia duy nh\u1ea5t s\u00e1ng ch\u1ebf [&#8230;]\n","protected":false},"featured_media":5637,"comment_status":"open","ping_status":"closed","template":"","meta":[],"product_brand":[],"product_cat":[610,79,92,819,829,828,817,937,569],"product_tag":[148,93,476,576,574],"class_list":{"0":"post-5576","1":"product","2":"type-product","3":"status-publish","4":"has-post-thumbnail","6":"product_cat-may-rua-chen-bat-texgio","7":"product_cat-chau-rua-chen-bat","8":"product_cat-may-rua-chen-bat","9":"product_cat-may-rua-chen-bat-6-bo","10":"product_cat-may-rua-chen-bat-am-toan-phan","11":"product_cat-may-rua-chen-bat-am-tu","12":"product_cat-may-rua-chen-bat-mini","13":"product_cat-may-rua-chen-bat-tich-hop-chau-rua","14":"product_cat-thuong-hieu-texgio","15":"product_tag-chau-rua-chen","16":"product_tag-may-rua-chen","17":"product_tag-may-rua-chen-6-bo","18":"product_tag-may-rua-chen-texgio","19":"product_tag-texgio","21":"first","22":"instock","23":"sale","24":"shipping-taxable","25":"purchasable","26":"product-type-simple"},"_links":{"self":[{"href":"https:\/\/livinghome.vn\/thiet-bi\/wp-json\/wp\/v2\/product\/5576","targetHints":{"allow":["GET"]}}],"collection":[{"href":"https:\/\/livinghome.vn\/thiet-bi\/wp-json\/wp\/v2\/product"}],"about":[{"href":"https:\/\/livinghome.vn\/thiet-bi\/wp-json\/wp\/v2\/types\/product"}],"replies":[{"embeddable":true,"href":"https:\/\/livinghome.vn\/thiet-bi\/wp-json\/wp\/v2\/comments?post=5576"}],"wp:featuredmedia":[{"embeddable":true,"href":"https:\/\/livinghome.vn\/thiet-bi\/wp-json\/wp\/v2\/media\/5637"}],"wp:attachment":[{"href":"https:\/\/livinghome.vn\/thiet-bi\/wp-json\/wp\/v2\/media?parent=5576"}],"wp:term":[{"taxonomy":"product_brand","embeddable":true,"href":"https:\/\/livinghome.vn\/thiet-bi\/wp-json\/wp\/v2\/product_brand?post=5576"},{"taxonomy":"product_cat","embeddable":true,"href":"https:\/\/livinghome.vn\/thiet-bi\/wp-json\/wp\/v2\/product_cat?post=5576"},{"taxonomy":"product_tag","embeddable":true,"href":"https:\/\/livinghome.vn\/thiet-bi\/wp-json\/wp\/v2\/product_tag?post=5576"}],"curies":[{"name":"wp","href":"https:\/\/api.w.org\/{rel}","templated":true}]}}