{"id":5575,"date":"2023-01-12T20:24:30","date_gmt":"2023-01-12T20:24:30","guid":{"rendered":"https:\/\/livinghome.vn\/thiet-bi\/?post_type=product&#038;p=5575"},"modified":"2024-11-29T14:19:22","modified_gmt":"2024-11-29T07:19:22","slug":"may-rua-chen-texgio-tg-tgumf11s","status":"publish","type":"product","link":"https:\/\/livinghome.vn\/thiet-bi\/may-rua-chen-texgio-tg-tgumf11s\/","title":{"rendered":"M\u00e1y r\u1eeda ch\u00e9n Texgio TG-TGUMF11S"},"content":{"rendered":"<h2>M\u00e1y r\u1eeda ch\u00e9n Texgio TG-TGUMF11S m\u1eb7t k\u00ednh c\u01b0\u1eddng l\u1ef1c m\u00e0u \u0111en \u0111i\u1ec1u khi\u1ec3n c\u1ea3m \u1ee9ng<\/h2>\n<figure id=\"attachment_63564\" aria-describedby=\"caption-attachment-63564\" style=\"width: 800px\" class=\"wp-caption alignnone\"><img loading=\"lazy\" decoding=\"async\" class=\"size-large wp-image-63564\" src=\"https:\/\/livinghome.vn\/thiet-bi\/wp-content\/uploads\/nha-bep\/texgio\/may-rua-chen-bat\/may-rua-chen-bat-gia-dinh-texgio-tg-tgumf11s\/may-rua-chen-bat-gia-dinh-texgio-tg-tgumf11s-800x800.jpg\" alt=\"M\u00e1y r\u1eeda ch\u00e9n b\u00e1t \u0111a n\u0103ng Texgio TG-TGUMF11S \" width=\"800\" height=\"800\" title=\"\"><figcaption id=\"caption-attachment-63564\" class=\"wp-caption-text\">M\u00e1y r\u1eeda ch\u00e9n b\u00e1t \u0111a n\u0103ng Texgio TG-TGUMF11S<\/figcaption><\/figure>\n<ul>\n<li>\u00a0<span style=\"color: #e74c3c;\">D\u00e2y chuy\u1ec1n s\u1ea3n xu\u1ea5t c\u00f4ng ngh\u1ec7 \u0110\u1ee9c<\/span><\/li>\n<li>\u00a0T\u00ednh n\u0103ng \u0111\u1eb7c bi\u1ec7t:\u00a0B\u1ea3o qu\u1ea3n Storage, R\u1eeda si\u00eau \u00e2m Ultrasonic, UV, H\u1eb9n gi\u1edd Delay, S\u1ea5y t\u0103ng c\u01b0\u1eddng, Kh\u00f3a tr\u1ebb em<\/li>\n<li>\u00a0C\u00f4ng ngh\u1ec7 s\u1ea5y:\u00a0S\u1ea5y\u00a0kh\u00ed n\u00f3ng\u00a0PTC &#8211; Trung Qu\u1ed1c l\u00e0 Qu\u1ed1c gia duy nh\u1ea5t s\u00e1ng ch\u1ebf v\u00e0\u00a0\u00e1p d\u1ee5ng c\u00f4ng ngh\u1ec7 s\u1ea5y PTC tr\u00ean th\u1ecb tr\u01b0\u1eddng hi\u1ec7n nay<\/li>\n<li>\u00a0Ch\u1ee9c n\u0103ng an to\u00e0n:\u00a0B\u1ea3o qu\u1ea3n Storage\u00a0, Kh\u00f3a tr\u1ebb em<\/li>\n<li>\u00a0Dung t\u00edch: 11\u00a0B\u1ed9<\/li>\n<li>\u00a0Ki\u1ec3u d\u00e1ng: <a href=\"https:\/\/livinghome.vn\/thiet-bi\/may-rua-chen-bat\/\">M\u00e1y r\u1eeda ch\u00e9n \u0111a n\u0103ng t\u00edch h\u1ee3p<\/a><\/li>\n<li>\u00a0Ch\u1ea5t li\u1ec7u: SUS 304\/ K\u00ednh c\u01b0\u1eddng l\u1ef1c<\/li>\n<li>\u00a0\u0110i\u1ec1u khi\u1ec3n: C\u1ea3m \u1ee9ng<\/li>\n<li>\u00a0L\u01b0\u1ee3ng n\u01b0\u1edbc ti\u00eau th\u1ee5 : 9,6L<\/li>\n<li>\u00a0\u0110\u1ed9 \u1ed3n :\u00a0&lt;46\u00a0dB<\/li>\n<li>\u00a0K\u00edch th\u01b0\u1edbc s\u1ea3n ph\u1ea9m:\u00a0C800xD900xR600<\/li>\n<li>\u00a0B\u1ea3o H\u00e0nh: 05 n\u0103m<\/li>\n<li>\u00a0Ch\u01b0\u01a1ng tr\u00ecnh r\u1eeda: 5 ;R\u1eeda Chuy\u00ean s\u00e2u, R\u1eeda th\u00f4ng th\u01b0\u1eddng, R\u1eeda th\u1ee7y tinh, Eco, R\u1eeda nhanh<\/li>\n<\/ul>\n<h3>H\u1ec6 V\u00d2I CH\u1eacU \u0110A N\u0102NG<\/h3>\n<figure id=\"attachment_63559\" aria-describedby=\"caption-attachment-63559\" style=\"width: 1020px\" class=\"wp-caption alignnone\"><img loading=\"lazy\" decoding=\"async\" class=\"size-large wp-image-63559\" src=\"https:\/\/livinghome.vn\/thiet-bi\/wp-content\/uploads\/nha-bep\/texgio\/may-rua-chen-bat\/may-rua-chen-bat-gia-dinh-texgio-tg-tgumf11s\/may-rua-chen-bat-gia-dinh-texgio-tg-tgumf11s-1-1067x800.jpg\" alt=\"M\u00e1y r\u1eeda ch\u00e9n b\u00e1t \u0111a n\u0103ng Texgio TG-TGUMF11S\" width=\"1020\" height=\"765\" title=\"\"><figcaption id=\"caption-attachment-63559\" class=\"wp-caption-text\">M\u00e1y r\u1eeda ch\u00e9n b\u00e1t \u0111a n\u0103ng Texgio TG-TGUMF11S<\/figcaption><\/figure>\n<p>V\u00f2i r\u00fat inox 304 cao c\u1ea5p linh ho\u1ea1t<br \/>\nK\u1ebft h\u1ee3p ch\u1eadu r\u1eeda 1 ng\u0103n dung t\u00edch l\u1edbn, th\u1edbt th\u00e1i ti\u1ec7n l\u1ee3i<\/p>\n<h3>R\u1eecA SI\u00caU \u00c2M S\u00d3NG ULTRASONIC<\/h3>\n<figure id=\"attachment_63563\" aria-describedby=\"caption-attachment-63563\" style=\"width: 1020px\" class=\"wp-caption alignnone\"><img loading=\"lazy\" decoding=\"async\" class=\"size-large wp-image-63563\" src=\"https:\/\/livinghome.vn\/thiet-bi\/wp-content\/uploads\/nha-bep\/texgio\/may-rua-chen-bat\/may-rua-chen-bat-gia-dinh-texgio-tg-tgumf11s\/may-rua-chen-bat-gia-dinh-texgio-tg-tgumf11s-2-1067x800.jpg\" alt=\"M\u00e1y r\u1eeda ch\u00e9n b\u00e1t \u0111a n\u0103ng Texgio TG-TGUMF11S\" width=\"1020\" height=\"765\" title=\"\"><figcaption id=\"caption-attachment-63563\" class=\"wp-caption-text\">M\u00e1y r\u1eeda ch\u00e9n b\u00e1t \u0111a n\u0103ng Texgio TG-TGUMF11S<\/figcaption><\/figure>\n<p>K\u1ebft h\u1ee3p m\u00e1y t\u1ea1o s\u00f3ng si\u00eau \u00e2m Ultrasonic<br \/>\nr\u1eeda s\u1ea1ch c\u00e1c lo\u1ea1i rau c\u1ee7, h\u1ea3i s\u1ea3n v\u00e0 v\u1eabn gi\u1eef \u0111\u01b0\u1ee3c \u0111\u1ed9 t\u01b0\u01a1i ngon<\/p>\n<h3>DI\u1ec6T KHU\u1ea8N TIA C\u01afC T\u00cdM<\/h3>\n<div class=\"content-detail\">\n<figure id=\"attachment_63561\" aria-describedby=\"caption-attachment-63561\" style=\"width: 1020px\" class=\"wp-caption alignnone\"><img loading=\"lazy\" decoding=\"async\" class=\"size-large wp-image-63561\" src=\"https:\/\/livinghome.vn\/thiet-bi\/wp-content\/uploads\/nha-bep\/texgio\/may-rua-chen-bat\/may-rua-chen-bat-gia-dinh-texgio-tg-tgumf11s\/may-rua-chen-bat-gia-dinh-texgio-tg-tgumf11s-3-1067x800.jpg\" alt=\"M\u00e1y r\u1eeda ch\u00e9n b\u00e1t \u0111a n\u0103ng Texgio TG-TGUMF11S\" width=\"1020\" height=\"765\" title=\"\"><figcaption id=\"caption-attachment-63561\" class=\"wp-caption-text\">M\u00e1y r\u1eeda ch\u00e9n b\u00e1t \u0111a n\u0103ng Texgio TG-TGUMF11S<\/figcaption><\/figure>\n<p>Tia\u00a0<strong>UV<\/strong> hay c\u00f2n g\u1ecdi l\u00e0 tia c\u1ef1c t\u00edm c\u00f3 t\u00e1c d\u1ee5ng ti\u00eau di\u1ec7t c\u1ea5u tr\u00fac t\u1ebft b\u00e0o DNA ho\u1eb7c RNA c\u1ee7a si\u00eau vi ng\u0103n ng\u1eeba s\u1ef1 tr\u1edf l\u1ea1i c\u1ee7a ch\u00fang<\/p>\n<\/div>\n<div>\n<h3>C\u00d4NG NGH\u1ec6 S\u1ea4Y PTC KH\u00cd N\u00d3NG<\/h3>\n<figure id=\"attachment_63560\" aria-describedby=\"caption-attachment-63560\" style=\"width: 1020px\" class=\"wp-caption alignnone\"><img loading=\"lazy\" decoding=\"async\" class=\"size-large wp-image-63560\" src=\"https:\/\/livinghome.vn\/thiet-bi\/wp-content\/uploads\/nha-bep\/texgio\/may-rua-chen-bat\/may-rua-chen-bat-gia-dinh-texgio-tg-tgumf11s\/may-rua-chen-bat-gia-dinh-texgio-tg-tgumf11s-4-1067x800.jpg\" alt=\"M\u00e1y r\u1eeda ch\u00e9n b\u00e1t \u0111a n\u0103ng Texgio TG-TGUMF11S\" width=\"1020\" height=\"765\" title=\"\"><figcaption id=\"caption-attachment-63560\" class=\"wp-caption-text\">M\u00e1y r\u1eeda ch\u00e9n b\u00e1t \u0111a n\u0103ng Texgio TG-TGUMF11S<\/figcaption><\/figure>\n<p><strong>P<\/strong>ositive\u00a0<strong>T<\/strong>emperature\u00a0<strong>C<\/strong>oefficient<br \/>\nH\u1ec7 th\u1ed1ng s\u1ea5y kh\u00f4\u00a0th\u00f4ng minh v\u00e0 ti\u1ebft ki\u1ec7m.<br \/>\nB\u1ed9 l\u01b0u nhi\u1ec7t v\u00e0 ti\u1ebft ki\u1ec7m n\u0103ng l\u01b0\u1ee3ng<br \/>\nEcotech t\u0103ng hi\u1ec7u su\u1ea5t l\u00ean 30%<\/p>\n<h3>B\u1ea2N V\u1ebc L\u1eaeP \u0110\u1eb6T<\/h3>\n<figure id=\"attachment_63562\" aria-describedby=\"caption-attachment-63562\" style=\"width: 1020px\" class=\"wp-caption alignnone\"><img loading=\"lazy\" decoding=\"async\" class=\"size-large wp-image-63562\" src=\"https:\/\/livinghome.vn\/thiet-bi\/wp-content\/uploads\/nha-bep\/texgio\/may-rua-chen-bat\/may-rua-chen-bat-gia-dinh-texgio-tg-tgumf11s\/may-rua-chen-bat-gia-dinh-texgio-tg-tgumf11s-5-1067x800.jpg\" alt=\"M\u00e1y r\u1eeda ch\u00e9n b\u00e1t \u0111a n\u0103ng Texgio TG-TGUMF11S\" width=\"1020\" height=\"765\" title=\"\"><figcaption id=\"caption-attachment-63562\" class=\"wp-caption-text\">M\u00e1y r\u1eeda ch\u00e9n b\u00e1t \u0111a n\u0103ng Texgio TG-TGUMF11S<\/figcaption><\/figure>\n<div class=\"content-detail\">\n<div id=\"Translation\">K\u00edch th\u01b0\u1edbc ch\u1edd c\u1ee7a khoang b\u1ebfp<\/div>\n<\/div>\n<\/div>\n","protected":false},"excerpt":{"rendered":"<p>M\u00e1y r\u1eeda ch\u00e9n Texgio TG-TGUMF11S m\u1eb7t k\u00ednh c\u01b0\u1eddng l\u1ef1c m\u00e0u \u0111en \u0111i\u1ec1u khi\u1ec3n c\u1ea3m \u1ee9ng \u00a0D\u00e2y chuy\u1ec1n s\u1ea3n xu\u1ea5t c\u00f4ng ngh\u1ec7 \u0110\u1ee9c \u00a0T\u00ednh n\u0103ng \u0111\u1eb7c bi\u1ec7t:\u00a0B\u1ea3o qu\u1ea3n Storage, R\u1eeda si\u00eau \u00e2m Ultrasonic, UV, H\u1eb9n gi\u1edd Delay, S\u1ea5y t\u0103ng c\u01b0\u1eddng, Kh\u00f3a tr\u1ebb em \u00a0C\u00f4ng ngh\u1ec7 s\u1ea5y:\u00a0S\u1ea5y\u00a0kh\u00ed n\u00f3ng\u00a0PTC &#8211; Trung Qu\u1ed1c l\u00e0 Qu\u1ed1c gia duy nh\u1ea5t s\u00e1ng [&#8230;]\n","protected":false},"featured_media":5631,"comment_status":"open","ping_status":"closed","template":"","meta":[],"product_brand":[],"product_cat":[610,79,92,820,829,937,569],"product_tag":[148,93,576,574],"class_list":{"0":"post-5575","1":"product","2":"type-product","3":"status-publish","4":"has-post-thumbnail","6":"product_cat-may-rua-chen-bat-texgio","7":"product_cat-chau-rua-chen-bat","8":"product_cat-may-rua-chen-bat","9":"product_cat-may-rua-chen-bat-12-bo","10":"product_cat-may-rua-chen-bat-am-toan-phan","11":"product_cat-may-rua-chen-bat-tich-hop-chau-rua","12":"product_cat-thuong-hieu-texgio","13":"product_tag-chau-rua-chen","14":"product_tag-may-rua-chen","15":"product_tag-may-rua-chen-texgio","16":"product_tag-texgio","18":"first","19":"instock","20":"sale","21":"shipping-taxable","22":"purchasable","23":"product-type-simple"},"_links":{"self":[{"href":"https:\/\/livinghome.vn\/thiet-bi\/wp-json\/wp\/v2\/product\/5575","targetHints":{"allow":["GET"]}}],"collection":[{"href":"https:\/\/livinghome.vn\/thiet-bi\/wp-json\/wp\/v2\/product"}],"about":[{"href":"https:\/\/livinghome.vn\/thiet-bi\/wp-json\/wp\/v2\/types\/product"}],"replies":[{"embeddable":true,"href":"https:\/\/livinghome.vn\/thiet-bi\/wp-json\/wp\/v2\/comments?post=5575"}],"wp:featuredmedia":[{"embeddable":true,"href":"https:\/\/livinghome.vn\/thiet-bi\/wp-json\/wp\/v2\/media\/5631"}],"wp:attachment":[{"href":"https:\/\/livinghome.vn\/thiet-bi\/wp-json\/wp\/v2\/media?parent=5575"}],"wp:term":[{"taxonomy":"product_brand","embeddable":true,"href":"https:\/\/livinghome.vn\/thiet-bi\/wp-json\/wp\/v2\/product_brand?post=5575"},{"taxonomy":"product_cat","embeddable":true,"href":"https:\/\/livinghome.vn\/thiet-bi\/wp-json\/wp\/v2\/product_cat?post=5575"},{"taxonomy":"product_tag","embeddable":true,"href":"https:\/\/livinghome.vn\/thiet-bi\/wp-json\/wp\/v2\/product_tag?post=5575"}],"curies":[{"name":"wp","href":"https:\/\/api.w.org\/{rel}","templated":true}]}}