{"id":5574,"date":"2023-01-12T20:24:30","date_gmt":"2023-01-12T20:24:30","guid":{"rendered":"https:\/\/livinghome.vn\/thiet-bi\/?post_type=product&#038;p=5574"},"modified":"2024-11-29T14:19:22","modified_gmt":"2024-11-29T07:19:22","slug":"may-rua-chen-texgio-tg-tgumf11x","status":"publish","type":"product","link":"https:\/\/livinghome.vn\/thiet-bi\/may-rua-chen-texgio-tg-tgumf11x\/","title":{"rendered":"M\u00e1y r\u1eeda ch\u00e9n Texgio TG-TGUMF11X \u0111a n\u0103ng s\u1ea5y kh\u00ed n\u00f3ng PTC"},"content":{"rendered":"<h2>M\u00e1y r\u1eeda ch\u00e9n Texgio TG-TGUMF11X \u0111a n\u0103ng dung t\u00edch 11 b\u1ed9 t\u00edch h\u1ee3p ch\u1eadu r\u1eeda &#8211; s\u00f3ng si\u00eau \u00e2m<\/h2>\n<figure id=\"attachment_63551\" aria-describedby=\"caption-attachment-63551\" style=\"width: 800px\" class=\"wp-caption alignnone\"><img loading=\"lazy\" decoding=\"async\" class=\"size-large wp-image-63551\" src=\"https:\/\/livinghome.vn\/thiet-bi\/wp-content\/uploads\/nha-bep\/texgio\/may-rua-chen-bat\/may-rua-chen-bat-gia-dinh-texgio-tg-tgumf11x\/may-rua-chen-bat-gia-dinh-texgio-tg-tgumf11x-800x800.jpg\" alt=\"M\u00e1y r\u1eeda ch\u00e9n gia \u0111\u00ecnh Texgio TG-TGUMF11X\" width=\"800\" height=\"800\" title=\"\"><figcaption id=\"caption-attachment-63551\" class=\"wp-caption-text\">M\u00e1y r\u1eeda ch\u00e9n gia \u0111\u00ecnh Texgio TG-TGUMF11X<\/figcaption><\/figure>\n<ul>\n<li><span style=\"color: #e74c3c;\">\u00a0<\/span>T\u00ednh n\u0103ng \u0111\u1eb7c bi\u1ec7t:\u00a0R\u1eeda s\u00e2u ExtraWash, Si\u00eau t\u1ed1c Express, B\u1ea3o qu\u1ea3n Storage, R\u1eeda si\u00eau \u00e2m Ultrasonic, UV, Nghi\u1ec1n r\u00e1c, H\u1eb9n gi\u1edd Delay, S\u1ea5y t\u0103ng c\u01b0\u1eddng ExtraDrying<\/li>\n<li>D\u00e2y chuy\u1ec1n s\u1ea3n xu\u1ea5t theo c\u00f4ng ngh\u1ec7 Ch\u00e2u \u00c2u<\/li>\n<li>\u00a0C\u00f4ng ngh\u1ec7 s\u1ea5y:\u00a0S\u1ea5y\u00a0kh\u00ed n\u00f3ng\u00a0PTC &#8211; Trung Qu\u1ed1c l\u00e0 Qu\u1ed1c gia duy nh\u1ea5t s\u00e1ng ch\u1ebf v\u00e0\u00a0\u00e1p d\u1ee5ng c\u00f4ng ngh\u1ec7 s\u1ea5y PTC tr\u00ean th\u1ecb tr\u01b0\u1eddng hi\u1ec7n nay<\/li>\n<li>\u00a0Dung t\u00edch: 11\u00a0B\u1ed9<\/li>\n<li>\u00a0Ki\u1ec3u d\u00e1ng: <a href=\"https:\/\/livinghome.vn\/thiet-bi\/may-rua-chen-bat\/\">M\u00e1y r\u1eeda ch\u00e9n \u0111a n\u0103ng t\u00edch h\u1ee3p<\/a><\/li>\n<li>\u00a0Ch\u1ea5t li\u1ec7u: SUS 304\/K\u00ednh c\u01b0\u1eddng l\u1ef1c<\/li>\n<li>\u00a0\u0110i\u1ec1u khi\u1ec3n:\u00a0N\u00fat xoay<\/li>\n<li>\u00a0L\u01b0\u1ee3ng n\u01b0\u1edbc ti\u00eau th\u1ee5 : 9,3L<\/li>\n<li>\u00a0\u0110\u1ed9 \u1ed3n :\u00a0&lt;46\u00a0Db<\/li>\n<li>\u00a0K\u00edch th\u01b0\u1edbc s\u1ea3n ph\u1ea9m:\u00a0C1014XD900XR600<\/li>\n<li>\u00a0B\u1ea3o H\u00e0nh\u00a05 n\u0103m<\/li>\n<li>\u00a0Ch\u01b0\u01a1ng tr\u00ecnh r\u1eeda: 5 ;\u00a0Smart (auto), R\u1eeda nhanh, Daily, R\u1eeda chuy\u00ean s\u00e2u, R\u1eeda th\u1ee7y tinh<\/li>\n<\/ul>\n<h3>M\u00c1Y R\u1eecA CH\u00c9N 10 IN 1<\/h3>\n<figure id=\"attachment_63552\" aria-describedby=\"caption-attachment-63552\" style=\"width: 1020px\" class=\"wp-caption alignnone\"><img loading=\"lazy\" decoding=\"async\" class=\"size-large wp-image-63552\" src=\"https:\/\/livinghome.vn\/thiet-bi\/wp-content\/uploads\/nha-bep\/texgio\/may-rua-chen-bat\/may-rua-chen-bat-gia-dinh-texgio-tg-tgumf11x\/may-rua-chen-bat-gia-dinh-texgio-tg-tgumf11x-2-1067x800.jpg\" alt=\"M\u00e1y r\u1eeda ch\u00e9n gia \u0111\u00ecnh Texgio TG-TGUMF11X\" width=\"1020\" height=\"765\" title=\"\"><figcaption id=\"caption-attachment-63552\" class=\"wp-caption-text\">M\u00e1y r\u1eeda ch\u00e9n gia \u0111\u00ecnh Texgio TG-TGUMF11X<\/figcaption><\/figure>\n<p>M\u00e1y r\u1eeda ch\u00e9n b\u00e1t \u0111a n\u0103ng, thi\u1ebft k\u1ebf c\u00f4ng th\u00e1i h\u1ecdc Ergonomic.<\/p>\n<p>Th\u1edbt th\u00e1i \u0111\u1ed3 ti\u1ec7n l\u1ee3i: g\u1ed7 t\u1ea5m b\u1ec1n \u0111\u1eb9p<br \/>\nCh\u1eadu ph\u1ee5 di \u0111\u1ed9ng: th\u00e9p kh\u00f4ng g\u1ec9 nh\u1ecf g\u1ecdn<br \/>\nKhay t\u00e1ch n\u01b0\u1edbc: khu v\u1ef1c ri\u00eang \u0111\u1ec3 r\u00e1o \u0111\u1ed3<br \/>\nV\u00f2i k\u00e9o r\u00fat g\u1ecdn: l\u00e0m s\u1ea1ch ch\u1eadu r\u1eeda kh\u00f4ng g\u00f3c ch\u1ebft<br \/>\nV\u00f2i n\u01b0\u1edbc \u1ea9n: ki\u1ec3m so\u00e1t n\u01b0\u1edbc n\u00f3ng l\u1ea1nh v\u00e0 k\u1ebft n\u1ed1i m\u00e1y l\u1ecdc n\u01b0\u1edbc<\/p>\n<h3>R\u1eecA SI\u00caU \u00c2M S\u00d3NG ULTRASONIC<\/h3>\n<figure id=\"attachment_63549\" aria-describedby=\"caption-attachment-63549\" style=\"width: 1020px\" class=\"wp-caption alignnone\"><img loading=\"lazy\" decoding=\"async\" class=\"size-large wp-image-63549\" src=\"https:\/\/livinghome.vn\/thiet-bi\/wp-content\/uploads\/nha-bep\/texgio\/may-rua-chen-bat\/may-rua-chen-bat-gia-dinh-texgio-tg-tgumf11x\/may-rua-chen-bat-gia-dinh-texgio-tg-tgumf11x-6-1067x800.jpg\" alt=\"M\u00e1y r\u1eeda ch\u00e9n gia \u0111\u00ecnh Texgio TG-TGUMF11X\" width=\"1020\" height=\"765\" title=\"\"><figcaption id=\"caption-attachment-63549\" class=\"wp-caption-text\">M\u00e1y r\u1eeda ch\u00e9n gia \u0111\u00ecnh Texgio TG-TGUMF11X<\/figcaption><\/figure>\n<p>K\u1ebft h\u1ee3p m\u00e1y t\u1ea1o s\u00f3ng si\u00eau \u00e2m Ultrasonic<br \/>\nr\u1eeda s\u1ea1ch c\u00e1c lo\u1ea1i rau c\u1ee7, h\u1ea3i s\u1ea3n v\u00e0 v\u1eabn gi\u1eef \u0111\u01b0\u1ee3c \u0111\u1ed9 t\u01b0\u01a1i ngon<\/p>\n<h3>DI\u1ec6T KHU\u1ea8N TIA C\u01afC T\u00cdM<\/h3>\n<div class=\"content-detail\">\n<figure id=\"attachment_63556\" aria-describedby=\"caption-attachment-63556\" style=\"width: 1020px\" class=\"wp-caption alignnone\"><img loading=\"lazy\" decoding=\"async\" class=\"size-large wp-image-63556\" src=\"https:\/\/livinghome.vn\/thiet-bi\/wp-content\/uploads\/nha-bep\/texgio\/may-rua-chen-bat\/may-rua-chen-bat-gia-dinh-texgio-tg-tgumf11x\/may-rua-chen-bat-gia-dinh-texgio-tg-tgumf11x-5-1067x800.jpg\" alt=\"M\u00e1y r\u1eeda ch\u00e9n gia \u0111\u00ecnh Texgio TG-TGUMF11X\" width=\"1020\" height=\"765\" title=\"\"><figcaption id=\"caption-attachment-63556\" class=\"wp-caption-text\">M\u00e1y r\u1eeda ch\u00e9n gia \u0111\u00ecnh Texgio TG-TGUMF11X<\/figcaption><\/figure>\n<p>Tia\u00a0<strong>UV<\/strong> hay c\u00f2n g\u1ecdi l\u00e0 tia c\u1ef1c t\u00edm c\u00f3 t\u00e1c d\u1ee5ng ti\u00eau di\u1ec7t c\u1ea5u tr\u00fac t\u1ebft b\u00e0o DNA ho\u1eb7c RNA c\u1ee7a si\u00eau vi ng\u0103n ng\u1eeba s\u1ef1 tr\u1edf l\u1ea1i c\u1ee7a ch\u00fang.<\/p>\n<\/div>\n<div>\n<h3>C\u00d4NG NGH\u1ec6 S\u1ea4Y PTC KH\u00cd N\u00d3NG<\/h3>\n<figure id=\"attachment_63550\" aria-describedby=\"caption-attachment-63550\" style=\"width: 1020px\" class=\"wp-caption alignnone\"><img loading=\"lazy\" decoding=\"async\" class=\"size-large wp-image-63550\" src=\"https:\/\/livinghome.vn\/thiet-bi\/wp-content\/uploads\/nha-bep\/texgio\/may-rua-chen-bat\/may-rua-chen-bat-gia-dinh-texgio-tg-tgumf11x\/may-rua-chen-bat-gia-dinh-texgio-tg-tgumf11x-4-1067x800.jpg\" alt=\"M\u00e1y r\u1eeda ch\u00e9n gia \u0111\u00ecnh Texgio TG-TGUMF11X\" width=\"1020\" height=\"765\" title=\"\"><figcaption id=\"caption-attachment-63550\" class=\"wp-caption-text\">M\u00e1y r\u1eeda ch\u00e9n gia \u0111\u00ecnh Texgio TG-TGUMF11X<\/figcaption><\/figure>\n<p><strong>P<\/strong>ositive\u00a0<strong>T<\/strong>emperature\u00a0<strong>C<\/strong>oefficient<br \/>\nH\u1ec7 th\u1ed1ng s\u1ea5y kh\u00f4\u00a0th\u00f4ng minh v\u00e0 ti\u1ebft ki\u1ec7m.<br \/>\nB\u1ed9 l\u01b0u nhi\u1ec7t v\u00e0 ti\u1ebft ki\u1ec7m n\u0103ng l\u01b0\u1ee3ng<br \/>\nEcotech t\u0103ng hi\u1ec7u su\u1ea5t l\u00ean 30%<\/p>\n<h3>R\u1eecA SI\u00caU T\u1ed0C EXPRESS<\/h3>\n<figure id=\"attachment_63602\" aria-describedby=\"caption-attachment-63602\" style=\"width: 1020px\" class=\"wp-caption alignnone\"><img loading=\"lazy\" decoding=\"async\" class=\"size-large wp-image-63602\" src=\"https:\/\/livinghome.vn\/thiet-bi\/wp-content\/uploads\/nha-bep\/texgio\/may-rua-chen-bat\/may-rua-chen-bat-gia-dinh-texgio-tg-tgumf11x\/may-rua-chen-bat-gia-dinh-texgio-tg-tgumf11x-9-1067x800.jpg\" alt=\"M\u00e1y r\u1eeda ch\u00e9n gia \u0111\u00ecnh Texgio TG-TGUMF11X\" width=\"1020\" height=\"765\" title=\"\"><figcaption id=\"caption-attachment-63602\" class=\"wp-caption-text\">M\u00e1y r\u1eeda ch\u00e9n gia \u0111\u00ecnh Texgio TG-TGUMF11X<\/figcaption><\/figure>\n<p>R\u00fat ng\u1eafn th\u1eddi gian r\u1eeda c\u1ef1c nhanh khi nh\u00e0 c\u00f3 ti\u1ec7c<\/p>\n<h3>R\u1eecA T\u0102NG C\u01af\u1edcNG EXTRAWASH<\/h3>\n<figure id=\"attachment_63603\" aria-describedby=\"caption-attachment-63603\" style=\"width: 1020px\" class=\"wp-caption alignnone\"><img loading=\"lazy\" decoding=\"async\" class=\"size-large wp-image-63603\" src=\"https:\/\/livinghome.vn\/thiet-bi\/wp-content\/uploads\/nha-bep\/texgio\/may-rua-chen-bat\/may-rua-chen-bat-gia-dinh-texgio-tg-tgumf11x\/may-rua-chen-bat-gia-dinh-texgio-tg-tgumf11x-10-1067x800.jpg\" alt=\"M\u00e1y r\u1eeda ch\u00e9n gia \u0111\u00ecnh Texgio TG-TGUMF11X\" width=\"1020\" height=\"765\" title=\"\"><figcaption id=\"caption-attachment-63603\" class=\"wp-caption-text\">M\u00e1y r\u1eeda ch\u00e9n gia \u0111\u00ecnh Texgio TG-TGUMF11X<\/figcaption><\/figure>\n<div class=\"content-detail\">Th\u00eam th\u1eddi gian, t\u0103ng c\u01b0\u1eddng \u0111\u1ed9 r\u1eeda \u0111\u1ed1i v\u1edbi nh\u1eefng v\u1ebft b\u00e1m b\u1ea9n c\u00e1u c\u1ea1nh<\/div>\n<div>\n<h3>M\u00c1Y NGHI\u1ec0N R\u00c1C<\/h3>\n<figure id=\"attachment_63604\" aria-describedby=\"caption-attachment-63604\" style=\"width: 800px\" class=\"wp-caption alignnone\"><img loading=\"lazy\" decoding=\"async\" class=\"size-large wp-image-63604\" src=\"https:\/\/livinghome.vn\/thiet-bi\/wp-content\/uploads\/nha-bep\/texgio\/may-rua-chen-bat\/may-rua-chen-bat-gia-dinh-texgio-tg-tgumf11x\/may-rua-chen-bat-gia-dinh-texgio-tg-tgumf11x-11-800x800.jpg\" alt=\"M\u00e1y r\u1eeda ch\u00e9n gia \u0111\u00ecnh Texgio TG-TGUMF11X\" width=\"800\" height=\"800\" title=\"\"><figcaption id=\"caption-attachment-63604\" class=\"wp-caption-text\">M\u00e1y r\u1eeda ch\u00e9n gia \u0111\u00ecnh Texgio TG-TGUMF11X<\/figcaption><\/figure>\n<p>M\u00e1y nghi\u1ec1n r\u00e1c th\u1ef1c ph\u1ea9m \u0111\u01b0\u1ee3c l\u1eafp \u0111\u1eb7t g\u1ecdn g\u00e0ng d\u01b0\u1edbi ch\u1eadu r\u1eeda<br \/>\nNghi\u1ec1n m\u1ecbn kh\u00f4ng c\u1ea7n l\u01b0\u1ee1i c\u1eaft, an to\u00e0n, v\u0103n minh<br \/>\nB\u1ea3o v\u1ec7 h\u1ec7 th\u1ed1ng tho\u00e1t x\u1ea3, b\u1ea3o v\u1ec7 m\u00f4i tr\u01b0\u1eddng<\/p>\n<h3>B\u1ea2N V\u1ebc L\u1eaeP \u0110\u1eb6T<\/h3>\n<figure id=\"attachment_63554\" aria-describedby=\"caption-attachment-63554\" style=\"width: 1020px\" class=\"wp-caption alignnone\"><img loading=\"lazy\" decoding=\"async\" class=\"size-large wp-image-63554\" src=\"https:\/\/livinghome.vn\/thiet-bi\/wp-content\/uploads\/nha-bep\/texgio\/may-rua-chen-bat\/may-rua-chen-bat-gia-dinh-texgio-tg-tgumf11x\/may-rua-chen-bat-gia-dinh-texgio-tg-tgumf11x-8-1067x800.jpg\" alt=\"M\u00e1y r\u1eeda ch\u00e9n gia \u0111\u00ecnh Texgio TG-TGUMF11X\" width=\"1020\" height=\"765\" title=\"\"><figcaption id=\"caption-attachment-63554\" class=\"wp-caption-text\">M\u00e1y r\u1eeda ch\u00e9n gia \u0111\u00ecnh Texgio TG-TGUMF11X<\/figcaption><\/figure>\n<p>K\u00edch th\u01b0\u1edbc khi thi\u1ebft k\u1ebf \u0111\u1eb7t v\u00e0o khoang b\u1ebfp.<\/p>\n<\/div>\n<\/div>\n","protected":false},"excerpt":{"rendered":"<p>M\u00e1y r\u1eeda ch\u00e9n Texgio TG-TGUMF11X \u0111a n\u0103ng dung t\u00edch 11 b\u1ed9 t\u00edch h\u1ee3p ch\u1eadu r\u1eeda &#8211; s\u00f3ng si\u00eau \u00e2m \u00a0T\u00ednh n\u0103ng \u0111\u1eb7c bi\u1ec7t:\u00a0R\u1eeda s\u00e2u ExtraWash, Si\u00eau t\u1ed1c Express, B\u1ea3o qu\u1ea3n Storage, R\u1eeda si\u00eau \u00e2m Ultrasonic, UV, Nghi\u1ec1n r\u00e1c, H\u1eb9n gi\u1edd Delay, S\u1ea5y t\u0103ng c\u01b0\u1eddng ExtraDrying D\u00e2y chuy\u1ec1n s\u1ea3n xu\u1ea5t theo c\u00f4ng ngh\u1ec7 Ch\u00e2u \u00c2u \u00a0C\u00f4ng [&#8230;]\n","protected":false},"featured_media":5615,"comment_status":"open","ping_status":"closed","template":"","meta":[],"product_brand":[],"product_cat":[610,79,92,820,829,937,569],"product_tag":[148,93,575,576,574],"class_list":{"0":"post-5574","1":"product","2":"type-product","3":"status-publish","4":"has-post-thumbnail","6":"product_cat-may-rua-chen-bat-texgio","7":"product_cat-chau-rua-chen-bat","8":"product_cat-may-rua-chen-bat","9":"product_cat-may-rua-chen-bat-12-bo","10":"product_cat-may-rua-chen-bat-am-toan-phan","11":"product_cat-may-rua-chen-bat-tich-hop-chau-rua","12":"product_cat-thuong-hieu-texgio","13":"product_tag-chau-rua-chen","14":"product_tag-may-rua-chen","15":"product_tag-may-rua-chen-11-bo","16":"product_tag-may-rua-chen-texgio","17":"product_tag-texgio","19":"first","20":"instock","21":"sale","22":"shipping-taxable","23":"purchasable","24":"product-type-simple"},"_links":{"self":[{"href":"https:\/\/livinghome.vn\/thiet-bi\/wp-json\/wp\/v2\/product\/5574","targetHints":{"allow":["GET"]}}],"collection":[{"href":"https:\/\/livinghome.vn\/thiet-bi\/wp-json\/wp\/v2\/product"}],"about":[{"href":"https:\/\/livinghome.vn\/thiet-bi\/wp-json\/wp\/v2\/types\/product"}],"replies":[{"embeddable":true,"href":"https:\/\/livinghome.vn\/thiet-bi\/wp-json\/wp\/v2\/comments?post=5574"}],"wp:featuredmedia":[{"embeddable":true,"href":"https:\/\/livinghome.vn\/thiet-bi\/wp-json\/wp\/v2\/media\/5615"}],"wp:attachment":[{"href":"https:\/\/livinghome.vn\/thiet-bi\/wp-json\/wp\/v2\/media?parent=5574"}],"wp:term":[{"taxonomy":"product_brand","embeddable":true,"href":"https:\/\/livinghome.vn\/thiet-bi\/wp-json\/wp\/v2\/product_brand?post=5574"},{"taxonomy":"product_cat","embeddable":true,"href":"https:\/\/livinghome.vn\/thiet-bi\/wp-json\/wp\/v2\/product_cat?post=5574"},{"taxonomy":"product_tag","embeddable":true,"href":"https:\/\/livinghome.vn\/thiet-bi\/wp-json\/wp\/v2\/product_tag?post=5574"}],"curies":[{"name":"wp","href":"https:\/\/api.w.org\/{rel}","templated":true}]}}