{"id":5573,"date":"2023-01-12T20:24:30","date_gmt":"2023-01-12T20:24:30","guid":{"rendered":"https:\/\/livinghome.vn\/thiet-bi\/?post_type=product&#038;p=5573"},"modified":"2024-11-29T14:19:22","modified_gmt":"2024-11-29T07:19:22","slug":"may-say-quan-ao-texgio-tg-dv805-loai-ngung-tu-dung-tich-8-kg","status":"publish","type":"product","link":"https:\/\/livinghome.vn\/thiet-bi\/may-say-quan-ao-texgio-tg-dv805-loai-ngung-tu-dung-tich-8-kg\/","title":{"rendered":"M\u00e1y s\u1ea5y qu\u1ea7n \u00e1o Texgio TG-DV805 lo\u1ea1i ng\u01b0ng t\u1ee5 dung t\u00edch 8 kg"},"content":{"rendered":"<h2>M\u00e1y s\u1ea5y qu\u1ea7n \u00e1o Texgio TG-DV805 lo\u1ea1i ng\u01b0ng t\u1ee5 ki\u1ec3u d\u00e1ng m\u00e0u tr\u1eafng nh\u1ecf g\u1ecdn v\u1edbi 15 ch\u01b0\u01a1ng tr\u00ecnh s\u1ea5y<\/h2>\n<ul>\n<li>Th\u01b0\u01a1ng hi\u1ec7u:\u00a0<strong>Texgio<\/strong><\/li>\n<li>Dung t\u00edch: 8 Kg<\/li>\n<li>Ki\u1ec3u d\u00e1ng: <a href=\"https:\/\/livinghome.vn\/thiet-bi\/gia-dung-khac\/may-say\/\">M\u00e1y s\u1ea5y ng\u01b0ng t\u1ee5<\/a><\/li>\n<li>Ch\u1ea5t li\u1ec7u: S\u01a1n t\u0129nh \u0111i\u1ec7n<\/li>\n<li>H\u1ec7 th\u1ed1ng \u0111i\u1ec1u khi\u1ec3n k\u00e9p gi\u00fap gi\u1eef m\u00e0u v\u00e0 l\u00e0m m\u1edbi qu\u1ea7n \u00e1o<\/li>\n<li>Thi\u1ebft k\u1ebf l\u1ed3ng s\u1ea5y \u0111\u1ea3o chi\u1ec1u gi\u1ea3m nh\u0103n hi\u1ec7u qu\u1ea3<\/li>\n<li>C\u1ea3m bi\u1ebfn \u0111\u1ed9 \u1ea9m th\u00f4ng minh ch\u0103m s\u00f3c \u0111\u1ed3 len t\u1ed1i \u01b0u<\/li>\n<li>H\u1eb9n gi\u1edd kh\u1edfi \u0111\u1ed9ng<\/li>\n<li>Kh\u00f3a tr\u1ebb em an to\u00e0n<\/li>\n<li>B\u1ea3o h\u00e0nh: 03 n\u0103m<\/li>\n<li>Ch\u01b0\u01a1ng tr\u00ecnh s\u1ea5y: 15<\/li>\n<\/ul>\n<h3 class=\"page-name\">H\u1ec7 th\u1ed1ng \u0111i\u1ec1u khi\u1ec3n k\u00e9p Dual Control System<\/h3>\n<figure id=\"attachment_63546\" aria-describedby=\"caption-attachment-63546\" style=\"width: 800px\" class=\"wp-caption alignnone\"><img loading=\"lazy\" decoding=\"async\" class=\"size-large wp-image-63546\" src=\"https:\/\/livinghome.vn\/thiet-bi\/wp-content\/uploads\/nha-bep\/texgio\/may-say-quan-ao\/may-say-quan-ao-texgio-tg-tgdc805-1-800x800.jpg\" alt=\"M\u00e1y s\u1ea5y qu\u1ea7n \u00e1o Texgio TG-DV805\" width=\"800\" height=\"800\" title=\"\"><figcaption id=\"caption-attachment-63546\" class=\"wp-caption-text\">M\u00e1y s\u1ea5y qu\u1ea7n \u00e1o Texgio TG-DV805<\/figcaption><\/figure>\n<div class=\"content-detail\">\n<div id=\"Translation\">Ki\u1ec3m so\u00e1t v\u00e0 c\u00e2n b\u1eb1ng\u00a0nhi\u1ec7t \u0111\u1ed9\u00a0v\u00e0\u00a0th\u1eddi gian\u00a0s\u1ea5y kh\u00f4, tr\u00e1nh l\u00e0m h\u01b0 h\u1ecfng s\u1ee3i v\u1ea3i.<\/div>\n<div>\n<h3 class=\"page-name\">Thi\u1ebft k\u1ebf s\u1ea5y \u0111\u1ea3o chi\u1ec1u lu\u00e2n phi\u00ean Dynamic Drying<\/h3>\n<figure id=\"attachment_63599\" aria-describedby=\"caption-attachment-63599\" style=\"width: 1020px\" class=\"wp-caption alignnone\"><img loading=\"lazy\" decoding=\"async\" class=\"size-large wp-image-63599\" src=\"https:\/\/livinghome.vn\/thiet-bi\/wp-content\/uploads\/nha-bep\/texgio\/may-say-quan-ao\/may-say-quan-ao-texgio-tg-tgdc805\/may-say-quan-ao-texgio-tg-tgdc805-3-1067x800.jpg\" alt=\"M\u00e1y s\u1ea5y qu\u1ea7n \u00e1o Texgio TG-DV805\" width=\"1020\" height=\"765\" title=\"\"><figcaption id=\"caption-attachment-63599\" class=\"wp-caption-text\">M\u00e1y s\u1ea5y qu\u1ea7n \u00e1o Texgio TG-DV805<\/figcaption><\/figure>\n<div class=\"content-detail\">L\u1ed3ng s\u1ea5y \u0111\u01b0\u1ee3c xoay \u0111\u1ea3o chi\u1ec1u lu\u00e2n phi\u00ean, gi\u00fap qu\u1ea7n \u00e1o t\u01a1i h\u01a1n. Do \u0111\u00f3 kh\u00f4ng kh\u00ed n\u00f3ng d\u1ec5 d\u00e0ng len l\u1ecfi v\u00e0o c\u00e1c s\u1ee3i v\u1ea3i, kh\u00f4 \u0111\u1ed3ng \u0111\u1ec1u v\u00e0 gi\u1ea3m nh\u0103n hi\u1ec7u qu\u1ea3 h\u01a1n.<\/div>\n<div>\n<h3 class=\"page-name\">H\u1eb9n gi\u1edd kh\u1edfi \u0111\u1ed9ng<\/h3>\n<figure id=\"attachment_63547\" aria-describedby=\"caption-attachment-63547\" style=\"width: 800px\" class=\"wp-caption alignnone\"><img loading=\"lazy\" decoding=\"async\" class=\"size-large wp-image-63547\" src=\"https:\/\/livinghome.vn\/thiet-bi\/wp-content\/uploads\/nha-bep\/texgio\/may-say-quan-ao\/may-say-quan-ao-texgio-tg-tgdc805-800x800.jpg\" alt=\"M\u00e1y s\u1ea5y qu\u1ea7n \u00e1o Texgio TG-DV805\" width=\"800\" height=\"800\" title=\"\"><figcaption id=\"caption-attachment-63547\" class=\"wp-caption-text\">M\u00e1y s\u1ea5y qu\u1ea7n \u00e1o Texgio TG-DV805<\/figcaption><\/figure>\n<div class=\"content-detail\">T\u00ednh n\u0103ng h\u1eb9n gi\u1edd gi\u00fap b\u1ea1n ch\u1ee7 \u0111\u1ed9ng\u00a0s\u1ea5y \u0111\u1ed3 v\u00e0o nh\u1eefng khung gi\u1edd th\u1ea5p \u0111i\u1ec3m<br \/>\nHo\u1eb7c c\u00f3 th\u1ec3 h\u1eb9n\u00a0s\u1ea5y \u0111\u1ed3 v\u00e0o nh\u1eefng s\u00e1ng s\u1edbm m\u00f9a \u0111\u00f4ng \u0111\u1ec3 c\u1ea3m nh\u1eadn s\u1ef1 \u1ea5m \u00e1p, m\u1ec1m m\u1ea1i c\u1ee7a\u00a0qu\u1ea7n \u00e1o m\u1ed7i\u00a0khi thay \u0111\u1ed3\u00a0\u0111i h\u1ecdc, \u0111i l\u00e0m<\/div>\n<div>\n<h3 class=\"page-name\">Ti\u00eau di\u1ec7t 99% vi khu\u1ea9n tr\u00ean qu\u1ea7n \u00e1o<\/h3>\n<p><img loading=\"lazy\" decoding=\"async\" class=\"alignnone size-large wp-image-63600\" src=\"https:\/\/livinghome.vn\/thiet-bi\/wp-content\/uploads\/nha-bep\/texgio\/may-say-quan-ao\/may-say-quan-ao-texgio-tg-tgdc805\/may-say-quan-ao-texgio-tg-tgdc805-4-1067x800.jpg\" alt=\"may say quan ao texgio tg tgdc805 4\" width=\"1020\" height=\"765\" title=\"\"><\/p>\n<div class=\"content-detail\">M\u00e1y s\u1ea5y qu\u1ea7n \u00e1o Texgio TGDC805 s\u1eed d\u1ee5ng nhi\u1ec7t \u0111\u1ed9 cao \u0111\u1ec3 s\u1ea5y qu\u1ea7n \u00e1o. Ti\u00eau di\u1ec7t c\u00e1c lo\u1ea1i vi sinh v\u1eadt, vi khu\u1ea9n si\u00eau nh\u1ecf m\u00e0 m\u1eaft th\u01b0\u1eddng kh\u00f4ng nh\u00ecn th\u1ea5y b\u00e1m tr\u00ean qu\u1ea7n \u00e1o v\u00e0 tr\u1ee9ng c\u1ee7a ch\u00fang. B\u1ea3o v\u1ec7 l\u00e0n da c\u1ee7a b\u1ea1n kh\u1ecfi nh\u1eefng t\u00e1c nh\u00e2n g\u00e2y ng\u1ee9a v\u00e0 b\u1ec7nh ngo\u00e0i da.<\/div>\n<div>\n<h3 class=\"page-name\">Ch\u0103m s\u00f3c \u0111\u1ed3 len hi\u1ec7u qu\u1ea3<\/h3>\n<div class=\"content-detail\">\n<div id=\"Translation\">\n<p>Nh\u1edd c\u1ea3m bi\u1ebfn \u0111\u1ed9 \u1ea9m th\u00f4ng minh, TG-DV805 c\u00f3 kh\u1ea3 n\u0103ng tr\u00e1nh s\u1ea5y qu\u00e1 nhi\u1ec7t, l\u01b0u gi\u1eef l\u1ea1i \u0111\u1ed9 \u1ea9m nh\u1ea5t \u0111\u1ecbnh cho \u0111\u1ed3 len, \u0111\u1ed3 l\u1ee5a, tr\u1ea3 l\u1ea1i \u0111\u1ed9 \u0111\u00e0n h\u1ed3i cho t\u1eebng s\u1ee3i v\u1ea3i.<\/p>\n<h3 class=\"page-name\">Thi\u1ebft k\u1ebf sang tr\u1ecdng l\u1eafp \u0111\u1eb7t thu\u1eadn ti\u1ec7n<\/h3>\n<div class=\"content-detail\">\n<figure id=\"attachment_63545\" aria-describedby=\"caption-attachment-63545\" style=\"width: 1020px\" class=\"wp-caption alignnone\"><img loading=\"lazy\" decoding=\"async\" class=\"size-large wp-image-63545\" src=\"https:\/\/livinghome.vn\/thiet-bi\/wp-content\/uploads\/nha-bep\/texgio\/may-say-quan-ao\/may-say-quan-ao-texgio-tg-tgdc805-2-1067x800.jpg\" alt=\"M\u00e1y s\u1ea5y qu\u1ea7n \u00e1o Texgio TG-DV805\" width=\"1020\" height=\"765\" title=\"\"><figcaption id=\"caption-attachment-63545\" class=\"wp-caption-text\">M\u00e1y s\u1ea5y qu\u1ea7n \u00e1o Texgio TG-DV805<\/figcaption><\/figure>\n<p>Ki\u1ec3u d\u00e1ng ng\u01b0ng t\u1ee5 nh\u1ecf g\u1ecdn, d\u1ec5 d\u00e0ng l\u1eafp \u0111\u1eb7t b\u1ea5t c\u1ee9 \u0111\u00e2u trong kh\u00f4ng gian nh\u00e0 b\u1ea1n.<br \/>\nDung t\u00edch 8Kg c\u00f3 kh\u1ea3 n\u0103ng t\u1ea3i s\u1ea5y c\u1ea3 \u0111\u1ed3 kh\u1ed5 l\u1edbn nh\u01b0 ga tr\u1ea3i gi\u01b0\u1eddng, ch\u0103n m\u00e0n, th\u00fa b\u00f4ng.<\/p>\n<\/div>\n<\/div>\n<\/div>\n<\/div>\n<\/div>\n<\/div>\n<\/div>\n<\/div>\n","protected":false},"excerpt":{"rendered":"<p>M\u00e1y s\u1ea5y qu\u1ea7n \u00e1o Texgio TG-DV805 lo\u1ea1i ng\u01b0ng t\u1ee5 ki\u1ec3u d\u00e1ng m\u00e0u tr\u1eafng nh\u1ecf g\u1ecdn v\u1edbi 15 ch\u01b0\u01a1ng tr\u00ecnh s\u1ea5y Th\u01b0\u01a1ng hi\u1ec7u:\u00a0Texgio Dung t\u00edch: 8 Kg Ki\u1ec3u d\u00e1ng: M\u00e1y s\u1ea5y ng\u01b0ng t\u1ee5 Ch\u1ea5t li\u1ec7u: S\u01a1n t\u0129nh \u0111i\u1ec7n H\u1ec7 th\u1ed1ng \u0111i\u1ec1u khi\u1ec3n k\u00e9p gi\u00fap gi\u1eef m\u00e0u v\u00e0 l\u00e0m m\u1edbi qu\u1ea7n \u00e1o Thi\u1ebft k\u1ebf l\u1ed3ng s\u1ea5y \u0111\u1ea3o [&#8230;]\n","protected":false},"featured_media":5611,"comment_status":"open","ping_status":"closed","template":"","meta":[],"product_brand":[],"product_cat":[300,569],"product_tag":[210,301,390,573,574],"class_list":{"0":"post-5573","1":"product","2":"type-product","3":"status-publish","4":"has-post-thumbnail","6":"product_cat-may-say","7":"product_cat-thuong-hieu-texgio","8":"product_tag-may-giat-say","9":"product_tag-may-say","10":"product_tag-may-say-ngung-tu","11":"product_tag-may-say-texgio","12":"product_tag-texgio","14":"first","15":"instock","16":"sale","17":"shipping-taxable","18":"purchasable","19":"product-type-simple"},"_links":{"self":[{"href":"https:\/\/livinghome.vn\/thiet-bi\/wp-json\/wp\/v2\/product\/5573","targetHints":{"allow":["GET"]}}],"collection":[{"href":"https:\/\/livinghome.vn\/thiet-bi\/wp-json\/wp\/v2\/product"}],"about":[{"href":"https:\/\/livinghome.vn\/thiet-bi\/wp-json\/wp\/v2\/types\/product"}],"replies":[{"embeddable":true,"href":"https:\/\/livinghome.vn\/thiet-bi\/wp-json\/wp\/v2\/comments?post=5573"}],"wp:featuredmedia":[{"embeddable":true,"href":"https:\/\/livinghome.vn\/thiet-bi\/wp-json\/wp\/v2\/media\/5611"}],"wp:attachment":[{"href":"https:\/\/livinghome.vn\/thiet-bi\/wp-json\/wp\/v2\/media?parent=5573"}],"wp:term":[{"taxonomy":"product_brand","embeddable":true,"href":"https:\/\/livinghome.vn\/thiet-bi\/wp-json\/wp\/v2\/product_brand?post=5573"},{"taxonomy":"product_cat","embeddable":true,"href":"https:\/\/livinghome.vn\/thiet-bi\/wp-json\/wp\/v2\/product_cat?post=5573"},{"taxonomy":"product_tag","embeddable":true,"href":"https:\/\/livinghome.vn\/thiet-bi\/wp-json\/wp\/v2\/product_tag?post=5573"}],"curies":[{"name":"wp","href":"https:\/\/api.w.org\/{rel}","templated":true}]}}