{"id":5572,"date":"2023-01-12T20:24:30","date_gmt":"2023-01-12T20:24:30","guid":{"rendered":"https:\/\/livinghome.vn\/thiet-bi\/?post_type=product&#038;p=5572"},"modified":"2024-11-29T14:19:22","modified_gmt":"2024-11-29T07:19:22","slug":"may-say-quan-ao-texgio-tg-dv802-thong-hoi-dung-tich-8kg","status":"publish","type":"product","link":"https:\/\/livinghome.vn\/thiet-bi\/may-say-quan-ao-texgio-tg-dv802-thong-hoi-dung-tich-8kg\/","title":{"rendered":"M\u00e1y s\u1ea5y qu\u1ea7n \u00e1o Texgio TG-DV802 th\u00f4ng h\u01a1i dung t\u00edch 8kg"},"content":{"rendered":"<h2>M\u00e1y s\u1ea5y qu\u1ea7n \u00e1o Texgio TG-DV802 lo\u1ea1i th\u00f4ng h\u01a1i ki\u1ec3u d\u00e1ng c\u1eeda ngang l\u1ed3ng tr\u01b0\u1edbc m\u00e0u tr\u1eafng hi\u1ec7n \u0111\u1ea1i<\/h2>\n<figure id=\"attachment_63541\" aria-describedby=\"caption-attachment-63541\" style=\"width: 800px\" class=\"wp-caption alignnone\"><img loading=\"lazy\" decoding=\"async\" class=\"size-large wp-image-63541\" src=\"https:\/\/livinghome.vn\/thiet-bi\/wp-content\/uploads\/nha-bep\/texgio\/may-say-quan-ao\/may-say-quan-ao-texgio-tg-tgdc802\/may-say-quan-ao-texgio-tg-tgdc802-800x800.jpg\" alt=\"M\u00e1y s\u1ea5y qu\u1ea7n \u00e1o Texgio TG-DV802\" width=\"800\" height=\"800\" title=\"\"><figcaption id=\"caption-attachment-63541\" class=\"wp-caption-text\">M\u00e1y s\u1ea5y qu\u1ea7n \u00e1o Texgio TG-DV802<\/figcaption><\/figure>\n<ul>\n<li>Th\u01b0\u01a1ng hi\u1ec7u: Texgio<\/li>\n<li>Dung t\u00edch: 8 Kg<\/li>\n<li>Ki\u1ec3u d\u00e1ng: <a href=\"https:\/\/livinghome.vn\/thiet-bi\/gia-dung-khac\/may-say\/\">M\u00e1y gi\u1eb7t s\u1ea5y th\u00f4ng h\u01a1i<\/a><\/li>\n<li>Ch\u1ea5t li\u1ec7u: S\u01a1n t\u0129nh \u0111i\u1ec7n<\/li>\n<li>H\u1ec7 th\u1ed1ng \u0111i\u1ec1u khi\u1ec3n k\u00e9p gi\u00fap gi\u1eef m\u00e0u v\u00e0 l\u00e0m m\u1edbi qu\u1ea7n \u00e1o<\/li>\n<li>Thi\u1ebft k\u1ebf l\u1ed3ng s\u1ea5y \u0111\u1ea3o chi\u1ec1u gi\u1ea3m nh\u0103n hi\u1ec7u qu\u1ea3<\/li>\n<li>H\u1eb9n gi\u1edd kh\u1edfi \u0111\u1ed9ng<\/li>\n<li>Kh\u00f3a tr\u1ebb em an to\u00e0n<\/li>\n<li>Ch\u01b0\u01a1ng tr\u00ecnh Ch\u1ed1ng d\u1ecb \u1ee9ng, m\u1eabn c\u1ea3m<\/li>\n<li>Ch\u01b0\u01a1ng tr\u00ecnh ri\u00eang cho \u0111\u1ed3 tr\u1ebb em<\/li>\n<li>B\u1ea3o h\u00e0nh: 03 n\u0103m<\/li>\n<li>Ch\u01b0\u01a1ng tr\u00ecnh s\u1ea5y: 15<\/li>\n<\/ul>\n<h3 class=\"page-name\">Ti\u00eau di\u1ec7t 99% vi khu\u1ea9n tr\u00ean qu\u1ea7n \u00e1o<\/h3>\n<figure id=\"attachment_63600\" aria-describedby=\"caption-attachment-63600\" style=\"width: 1020px\" class=\"wp-caption alignnone\"><img loading=\"lazy\" decoding=\"async\" class=\"size-large wp-image-63600\" src=\"https:\/\/livinghome.vn\/thiet-bi\/wp-content\/uploads\/nha-bep\/texgio\/may-say-quan-ao\/may-say-quan-ao-texgio-tg-tgdc805\/may-say-quan-ao-texgio-tg-tgdc805-4-1067x800.jpg\" alt=\"M\u00e1y s\u1ea5y qu\u1ea7n \u00e1o Texgio TG-DV802\" width=\"1020\" height=\"765\" title=\"\"><figcaption id=\"caption-attachment-63600\" class=\"wp-caption-text\">M\u00e1y s\u1ea5y qu\u1ea7n \u00e1o Texgio TG-DV802<\/figcaption><\/figure>\n<div class=\"content-detail\">\n<div id=\"Translation\">\n<div>M\u00e1y s\u1ea5y qu\u1ea7n \u00e1o Texgio TGDV802 s\u1eed d\u1ee5ng nhi\u1ec7t \u0111\u1ed9 cao \u0111\u1ec3 s\u1ea5y qu\u1ea7n \u00e1o. Ti\u00eau di\u1ec7t c\u00e1c lo\u1ea1i vi sinh v\u1eadt, vi khu\u1ea9n si\u00eau nh\u1ecf m\u00e0 m\u1eaft th\u01b0\u1eddng kh\u00f4ng nh\u00ecn th\u1ea5y b\u00e1m tr\u00ean qu\u1ea7n \u00e1o v\u00e0 tr\u1ee9ng c\u1ee7a ch\u00fang. B\u1ea3o v\u1ec7 l\u00e0n da c\u1ee7a b\u1ea1n kh\u1ecfi nh\u1eefng t\u00e1c nh\u00e2n g\u00e2y ng\u1ee9a v\u00e0 b\u1ec7nh ngo\u00e0i da.<\/div>\n<h3 class=\"page-name\">Thi\u1ebft k\u1ebf s\u1ea5y \u0111\u1ea3o chi\u1ec1u lu\u00e2n phi\u00ean Dynamic Drying<\/h3>\n<figure id=\"attachment_63598\" aria-describedby=\"caption-attachment-63598\" style=\"width: 1020px\" class=\"wp-caption alignnone\"><img loading=\"lazy\" decoding=\"async\" class=\"size-large wp-image-63598\" src=\"https:\/\/livinghome.vn\/thiet-bi\/wp-content\/uploads\/nha-bep\/texgio\/may-say-quan-ao\/may-say-quan-ao-texgio-tg-tgdc802\/may-say-quan-ao-texgio-tg-tgdc802-3-1067x800.jpg\" alt=\"M\u00e1y s\u1ea5y qu\u1ea7n \u00e1o Texgio TG-DV802\" width=\"1020\" height=\"765\" title=\"\"><figcaption id=\"caption-attachment-63598\" class=\"wp-caption-text\">M\u00e1y s\u1ea5y qu\u1ea7n \u00e1o Texgio TG-DV802<\/figcaption><\/figure>\n<div class=\"content-detail\">\n<p>L\u1ed3ng s\u1ea5y \u0111\u01b0\u1ee3c xoay \u0111\u1ea3o chi\u1ec1u lu\u00e2n phi\u00ean, gi\u00fap qu\u1ea7n \u00e1o t\u01a1i h\u01a1n. Do \u0111\u00f3 kh\u00f4ng kh\u00ed n\u00f3ng d\u1ec5 d\u00e0ng len l\u1ecfi v\u00e0o c\u00e1c s\u1ee3i v\u1ea3i, kh\u00f4 \u0111\u1ed3ng \u0111\u1ec1u v\u00e0 gi\u1ea3m nh\u0103n hi\u1ec7u qu\u1ea3 h\u01a1n t\u1edbi 39% so v\u1edbi ph\u01a1i \u0111\u1ed3 truy\u1ec1n th\u1ed1ng.<\/p>\n<h3 class=\"page-name\">L\u1ed3ng s\u1ea5y b\u1eb1ng th\u00e9p kh\u00f4ng g\u1ec9 d\u1eadp v\u00e2n n\u1ed5i Embossed Drums<\/h3>\n<div>\n<figure id=\"attachment_63542\" aria-describedby=\"caption-attachment-63542\" style=\"width: 1020px\" class=\"wp-caption alignnone\"><img loading=\"lazy\" decoding=\"async\" class=\"size-large wp-image-63542\" src=\"https:\/\/livinghome.vn\/thiet-bi\/wp-content\/uploads\/nha-bep\/texgio\/may-say-quan-ao\/may-say-quan-ao-texgio-tg-tgdc802\/may-say-quan-ao-texgio-tg-tgdc802-1-1067x800.jpg\" alt=\"M\u00e1y s\u1ea5y qu\u1ea7n \u00e1o Texgio TG-DV802\" width=\"1020\" height=\"765\" title=\"\"><figcaption id=\"caption-attachment-63542\" class=\"wp-caption-text\">M\u00e1y s\u1ea5y qu\u1ea7n \u00e1o Texgio TG-DV802<\/figcaption><\/figure>\n<\/div>\n<div class=\"content-detail\">L\u1ed3ng s\u1ea5y \u0111\u01b0\u1ee3c thi\u1ebft k\u1ebf ch\u1ea5t li\u1ec7u inox d\u1eadp v\u00e2n n\u1ed5i t\u0103ng ma s\u00e1t, kh\u00e1ng khu\u1ea9n v\u00e0\u00a0ng\u0103n ng\u1eeba s\u1ef1 ph\u00e1t tri\u1ec3n c\u1ee7a n\u1ea5m m\u1ed1c. B\u1ea3o v\u1ec7 s\u1ee9c kh\u1ecfe t\u1eeb m\u1ed7i s\u1ee3i v\u1ea3i.<\/div>\n<div>\n<h3 class=\"page-name\">Ch\u01b0\u01a1ng tr\u00ecnh \u0111\u1eb7c bi\u1ec7t ch\u1ed1ng d\u1ecb \u1ee9ng\u00a0<em>Anti-Allergy<\/em>\u00a0v\u00e0\u00a0<em>Baby Care<\/em><\/h3>\n<p>V\u1edbi M\u00e1y\u00a0s\u1ea5y qu\u1ea7n \u00e1o Texgio TGDV802, b\u1ea1n s\u1ebd c\u00f3 2 l\u1ef1a ch\u1ecdn ch\u01b0\u01a1ng tr\u00ecnh s\u1ea5y \u0111\u1eb7c bi\u1ec7t*<br \/>\nCh\u1ed1ng d\u1ecb \u1ee9ng Anti-Allergy v\u00e0 Ch\u0103m s\u00f3c \u0111\u1ed3 cho b\u00e9 Baby Care gi\u00fap cho nh\u1eefng ng\u01b0\u1eddi m\u1eabn c\u1ea3m nh\u1ea5t c\u0169ng c\u1ea3m th\u1ea5y d\u1ec5 ch\u1ecbu<\/p>\n<\/div>\n<div>\n<h3 class=\"page-name\">S\u1ea5y nhanh si\u00eau t\u1ed1c<\/h3>\n<div class=\"content-detail\">\n<div>\n<figure id=\"attachment_63543\" aria-describedby=\"caption-attachment-63543\" style=\"width: 1020px\" class=\"wp-caption alignnone\"><img loading=\"lazy\" decoding=\"async\" class=\"size-large wp-image-63543\" src=\"https:\/\/livinghome.vn\/thiet-bi\/wp-content\/uploads\/nha-bep\/texgio\/may-say-quan-ao\/may-say-quan-ao-texgio-tg-tgdc802\/may-say-quan-ao-texgio-tg-tgdc802-2-1067x800.jpg\" alt=\"M\u00e1y s\u1ea5y qu\u1ea7n \u00e1o Texgio TG-DV802\" width=\"1020\" height=\"765\" title=\"\"><figcaption id=\"caption-attachment-63543\" class=\"wp-caption-text\">M\u00e1y s\u1ea5y qu\u1ea7n \u00e1o Texgio TG-DV802<\/figcaption><\/figure>\n<\/div>\n<div id=\"Translation\">Ch\u01b0\u01a1ng tr\u00ecnh n\u00e0y gi\u00fap b\u1ea1n s\u1ea5y th\u00eam khi c\u1ea3m th\u1ea5y \u0111\u1ed3 ch\u01b0a kh\u00f4 nh\u01b0 \u00fd, ho\u1eb7c d\u00f9ng \u0111\u1ec3 s\u1ea5y g\u1ea5p 1 b\u1ed9 \u0111\u1ed3 khi c\u1ea7n m\u1eb7c ngay ch\u1ec9 sau 15 ph\u00fat.<\/div>\n<\/div>\n<\/div>\n<\/div>\n<\/div>\n<\/div>\n","protected":false},"excerpt":{"rendered":"<p>M\u00e1y s\u1ea5y qu\u1ea7n \u00e1o Texgio TG-DV802 lo\u1ea1i th\u00f4ng h\u01a1i ki\u1ec3u d\u00e1ng c\u1eeda ngang l\u1ed3ng tr\u01b0\u1edbc m\u00e0u tr\u1eafng hi\u1ec7n \u0111\u1ea1i Th\u01b0\u01a1ng hi\u1ec7u: Texgio Dung t\u00edch: 8 Kg Ki\u1ec3u d\u00e1ng: M\u00e1y gi\u1eb7t s\u1ea5y th\u00f4ng h\u01a1i Ch\u1ea5t li\u1ec7u: S\u01a1n t\u0129nh \u0111i\u1ec7n H\u1ec7 th\u1ed1ng \u0111i\u1ec1u khi\u1ec3n k\u00e9p gi\u00fap gi\u1eef m\u00e0u v\u00e0 l\u00e0m m\u1edbi qu\u1ea7n \u00e1o Thi\u1ebft k\u1ebf l\u1ed3ng s\u1ea5y [&#8230;]\n","protected":false},"featured_media":5606,"comment_status":"open","ping_status":"closed","template":"","meta":[],"product_brand":[],"product_cat":[300,569],"product_tag":[210,301,573,392,574],"class_list":{"0":"post-5572","1":"product","2":"type-product","3":"status-publish","4":"has-post-thumbnail","6":"product_cat-may-say","7":"product_cat-thuong-hieu-texgio","8":"product_tag-may-giat-say","9":"product_tag-may-say","10":"product_tag-may-say-texgio","11":"product_tag-may-say-thong-hoi","12":"product_tag-texgio","14":"first","15":"instock","16":"sale","17":"shipping-taxable","18":"purchasable","19":"product-type-simple"},"_links":{"self":[{"href":"https:\/\/livinghome.vn\/thiet-bi\/wp-json\/wp\/v2\/product\/5572","targetHints":{"allow":["GET"]}}],"collection":[{"href":"https:\/\/livinghome.vn\/thiet-bi\/wp-json\/wp\/v2\/product"}],"about":[{"href":"https:\/\/livinghome.vn\/thiet-bi\/wp-json\/wp\/v2\/types\/product"}],"replies":[{"embeddable":true,"href":"https:\/\/livinghome.vn\/thiet-bi\/wp-json\/wp\/v2\/comments?post=5572"}],"wp:featuredmedia":[{"embeddable":true,"href":"https:\/\/livinghome.vn\/thiet-bi\/wp-json\/wp\/v2\/media\/5606"}],"wp:attachment":[{"href":"https:\/\/livinghome.vn\/thiet-bi\/wp-json\/wp\/v2\/media?parent=5572"}],"wp:term":[{"taxonomy":"product_brand","embeddable":true,"href":"https:\/\/livinghome.vn\/thiet-bi\/wp-json\/wp\/v2\/product_brand?post=5572"},{"taxonomy":"product_cat","embeddable":true,"href":"https:\/\/livinghome.vn\/thiet-bi\/wp-json\/wp\/v2\/product_cat?post=5572"},{"taxonomy":"product_tag","embeddable":true,"href":"https:\/\/livinghome.vn\/thiet-bi\/wp-json\/wp\/v2\/product_tag?post=5572"}],"curies":[{"name":"wp","href":"https:\/\/api.w.org\/{rel}","templated":true}]}}