{"id":5503,"date":"2023-01-12T19:38:53","date_gmt":"2023-01-12T12:38:53","guid":{"rendered":"https:\/\/livinghome.vn\/thiet-bi\/?post_type=product&#038;p=5503"},"modified":"2024-11-29T14:19:22","modified_gmt":"2024-11-29T07:19:22","slug":"dung-dich-tay-rua-malloca-gc-775l-da-nang","status":"publish","type":"product","link":"https:\/\/livinghome.vn\/thiet-bi\/dung-dich-tay-rua-malloca-gc-775l-da-nang\/","title":{"rendered":"Dung d\u1ecbch T\u1ea9y R\u1eeda Malloca GC-775L \u0111a n\u0103ng"},"content":{"rendered":"<h2>Dung d\u1ecbch T\u1ea9y R\u1eeda Malloca GC-775L \u0111a n\u0103ng<\/h2>\n<figure id=\"attachment_56688\" aria-describedby=\"caption-attachment-56688\" style=\"width: 800px\" class=\"wp-caption alignnone\"><img loading=\"lazy\" decoding=\"async\" class=\"wp-image-56688 size-large\" src=\"https:\/\/livinghome.vn\/thiet-bi\/wp-content\/uploads\/nha-bep\/malloca\/dung-cu-tay-rua\/dung-dich-tay-rua-malloca-gc-775l\/dung-dich-tay-rua-malloca-gc-775l-800x800.jpg\" alt=\"Dung d\u1ecbch T\u1ea9y R\u1eeda Malloca GC-775L \u0111a n\u0103ng\" width=\"800\" height=\"800\" title=\"\"><figcaption id=\"caption-attachment-56688\" class=\"wp-caption-text\">Dung d\u1ecbch T\u1ea9y R\u1eeda Malloca GC-775L l\u00e0 chai dung d\u1ecbch t\u1ea9y r\u1eeda \u0111a n\u0103ng cho c\u00e1c b\u00e0n n\u1ed9i tr\u1ee3 trong gian b\u1ebfp hi\u1ec7n \u0111\u1ea1i<\/figcaption><\/figure>\n<h3>T\u00ednh n\u0103ng c\u01a1 b\u1ea3n<\/h3>\n<ul>\n<li><a href=\"https:\/\/livinghome.vn\/thiet-bi\/gia-dung-khac\/\">Dung d\u1ecbch t\u1ea9y r\u1eeda\u00a0<\/a><\/li>\n<li>Lo\u1ea1i b\u1ecf c\u00e1c v\u1ebft \u1ed1, v\u1ebft th\u1ee9c \u0103n b\u1ecb ch\u00e1y kh\u00e9t b\u00e1m l\u00e2u ng\u00e0y tr\u00ean b\u1ec1 m\u1eb7t b\u1ebfp<\/li>\n<li>Lo\u1ea1i b\u1ecf c\u00e1c v\u1ebft \u1ed1, r\u1ec9 s\u00e9t b\u00e1m tr\u00ean b\u1ec1 m\u1eb7t ch\u1eadu<\/li>\n<li>S\u1eed d\u1ee5ng cho b\u1ebfp \u0111i\u1ec7n, t\u1eeb, b\u1ebfp gas m\u1eb7t ki\u1ebfng v\u00e0 inox, ch\u1eadu inox<\/li>\n<li>Th\u00e2n thi\u1ec7n v\u1edbi m\u00f4i tr\u01b0\u1eddng, an to\u00e0n khi s\u1eed d\u1ee5ng<\/li>\n<\/ul>\n<h3>C\u00e1ch s\u1eed d\u1ee5ng:<\/h3>\n<ul>\n<li>\u0110\u1ed5 1 \u00edt dung d\u1ecbch l\u00ean m\u1eb7t b\u1ebfp ngu\u1ed9i ho\u1eb7c ch\u1eadu, d\u00f9ng kh\u0103n \u01b0\u1edbt m\u1ec1m ch\u00e0 l\u00ean v\u1ebft \u1ed1, lau nhi\u1ec1u l\u1ea7n cho \u0111\u1ebfn khi s\u1ea1ch ho\u00e0n to\u00e0n<\/li>\n<\/ul>\n<h3>Xu\u1ea5t x\u1ee9: M\u1ef9<\/h3>\n<div><\/div>\n","protected":false},"excerpt":{"rendered":"<p>Dung d\u1ecbch T\u1ea9y R\u1eeda Malloca GC-775L \u0111a n\u0103ng T\u00ednh n\u0103ng c\u01a1 b\u1ea3n Dung d\u1ecbch t\u1ea9y r\u1eeda\u00a0 Lo\u1ea1i b\u1ecf c\u00e1c v\u1ebft \u1ed1, v\u1ebft th\u1ee9c \u0103n b\u1ecb ch\u00e1y kh\u00e9t b\u00e1m l\u00e2u ng\u00e0y tr\u00ean b\u1ec1 m\u1eb7t b\u1ebfp Lo\u1ea1i b\u1ecf c\u00e1c v\u1ebft \u1ed1, r\u1ec9 s\u00e9t b\u00e1m tr\u00ean b\u1ec1 m\u1eb7t ch\u1eadu S\u1eed d\u1ee5ng cho b\u1ebfp \u0111i\u1ec7n, t\u1eeb, b\u1ebfp gas m\u1eb7t [&#8230;]\n","protected":false},"featured_media":5569,"comment_status":"open","ping_status":"closed","template":"","meta":[],"product_brand":[],"product_cat":[101,262],"product_tag":[567,568,270],"class_list":{"0":"post-5503","1":"product","2":"type-product","3":"status-publish","4":"has-post-thumbnail","6":"product_cat-gia-dung-khac","7":"product_cat-thuong-hieu-malloca","8":"product_tag-dung-dich-tay-rua","9":"product_tag-dung-dich-tay-rua-malloca","10":"product_tag-malloca","12":"first","13":"instock","14":"sale","15":"shipping-taxable","16":"purchasable","17":"product-type-simple"},"_links":{"self":[{"href":"https:\/\/livinghome.vn\/thiet-bi\/wp-json\/wp\/v2\/product\/5503","targetHints":{"allow":["GET"]}}],"collection":[{"href":"https:\/\/livinghome.vn\/thiet-bi\/wp-json\/wp\/v2\/product"}],"about":[{"href":"https:\/\/livinghome.vn\/thiet-bi\/wp-json\/wp\/v2\/types\/product"}],"replies":[{"embeddable":true,"href":"https:\/\/livinghome.vn\/thiet-bi\/wp-json\/wp\/v2\/comments?post=5503"}],"wp:featuredmedia":[{"embeddable":true,"href":"https:\/\/livinghome.vn\/thiet-bi\/wp-json\/wp\/v2\/media\/5569"}],"wp:attachment":[{"href":"https:\/\/livinghome.vn\/thiet-bi\/wp-json\/wp\/v2\/media?parent=5503"}],"wp:term":[{"taxonomy":"product_brand","embeddable":true,"href":"https:\/\/livinghome.vn\/thiet-bi\/wp-json\/wp\/v2\/product_brand?post=5503"},{"taxonomy":"product_cat","embeddable":true,"href":"https:\/\/livinghome.vn\/thiet-bi\/wp-json\/wp\/v2\/product_cat?post=5503"},{"taxonomy":"product_tag","embeddable":true,"href":"https:\/\/livinghome.vn\/thiet-bi\/wp-json\/wp\/v2\/product_tag?post=5503"}],"curies":[{"name":"wp","href":"https:\/\/api.w.org\/{rel}","templated":true}]}}