{"id":5487,"date":"2023-01-12T19:38:30","date_gmt":"2023-01-12T12:38:30","guid":{"rendered":"https:\/\/livinghome.vn\/thiet-bi\/?post_type=product&#038;p=5487"},"modified":"2024-11-29T14:19:22","modified_gmt":"2024-11-29T07:19:22","slug":"bot-lam-sach-da-nang-malloca-bkf-425g-tien-loi","status":"publish","type":"product","link":"https:\/\/livinghome.vn\/thiet-bi\/bot-lam-sach-da-nang-malloca-bkf-425g-tien-loi\/","title":{"rendered":"B\u1ed9t l\u00e0m s\u1ea1ch \u0111a n\u0103ng Malloca BKF-425g ti\u1ec7n l\u1ee3i"},"content":{"rendered":"<h3>B\u1ed9t l\u00e0m s\u1ea1ch \u0111a n\u0103ng Malloca BKF-425g ti\u1ec7n l\u1ee3i<\/h3>\n<figure id=\"attachment_56687\" aria-describedby=\"caption-attachment-56687\" style=\"width: 800px\" class=\"wp-caption alignnone\"><img loading=\"lazy\" decoding=\"async\" class=\"wp-image-56687 size-large\" src=\"https:\/\/livinghome.vn\/thiet-bi\/wp-content\/uploads\/nha-bep\/malloca\/dung-cu-tay-rua\/bot-lam-sach-da-nang-malloca-bkf-425g\/bot-lam-sach-da-nang-malloca-bkf-425g-800x800.jpg\" alt=\"B\u1ed9t l\u00e0m s\u1ea1ch \u0111a n\u0103ng Malloca BKF-425g ti\u1ec7n l\u1ee3i\" width=\"800\" height=\"800\" title=\"\"><figcaption id=\"caption-attachment-56687\" class=\"wp-caption-text\">B\u1ed9t l\u00e0m s\u1ea1ch \u0111a n\u0103ng Malloca BKF-425g ti\u1ec7n l\u1ee3i<\/figcaption><\/figure>\n<h3>T\u00ednh n\u0103ng c\u01a1 b\u1ea3n<\/h3>\n<ul>\n<li><a href=\"https:\/\/livinghome.vn\/thiet-bi\/gia-dung-khac\/\">B\u1ed9t v\u1ec7 sinh<\/a> \u0111a n\u0103ng<\/li>\n<li>L\u00e0m s\u1ea1ch c\u00e1c b\u1ebft b\u1ea9n c\u1ee9ng \u0111\u1ea7u l\u00e2u ng\u00e0y tr\u00ean c\u00e1c b\u1ec1 m\u1eb7t:<\/li>\n<li>G\u1ed1m, s\u1ee9, \u0111\u00e1 nh\u00e2n t\u1ea1o, nh\u00f4m, th\u00e9p kh\u00f4ng g\u1ec9, thu\u1ef7 tinh, nh\u00f4m, \u0111\u1ed3ng, \u0111\u1ed3ng thau, nh\u1ef1a Acrylic\u2026<\/li>\n<\/ul>\n<h3>C\u00e1ch s\u1eed d\u1ee5ng:<\/h3>\n<ul>\n<li>B\u01b0\u1edbc 1: R\u1eafc b\u1ed9t BKF l\u00ean mi\u1ebfng c\u1ecd r\u1eeda \u0111\u00e3 \u0111\u01b0\u1ee3c l\u00e0m \u1ea9m<\/li>\n<li>B\u01b0\u1edbc 2: Thoa b\u1ed9t BKF \u0111\u1ec1u l\u00ean v\u00f9ng b\u1ec1 m\u1eb7t c\u1ea7n l\u00e0m s\u1ea1ch<\/li>\n<li>B\u01b0\u1edbc 3: C\u1ecd nh\u1eb9 nh\u00e0ng theo \u0111\u01b0\u1eddng tr\u00f2n t\u1edbi khi s\u1ea1ch, th\u00eam b\u1ed9t BKF n\u1ebfu c\u1ea7n.<\/li>\n<li>B\u01b0\u1edbc 4: Tr\u00e1ng l\u1ea1i b\u1eb1ng n\u01b0\u1edbc v\u00e0 lau kh\u00f4<\/li>\n<li>N\u00ean l\u00e0m \u01b0\u1edbt b\u1ec1 m\u1eb7t c\u1ea7n lau ch\u00f9i v\u00e0 \u0111\u1ec3 b\u1ed9t BKF ti\u1ebfp x\u00fac v\u1edbi b\u1ec1 m\u1eb7t \u00edt nh\u1ea5t trong v\u00f2ng 1 ph\u00fat.<\/li>\n<\/ul>\n<p><i><strong>L\u01b0u \u00fd:<\/strong><\/i><\/p>\n<p>S\u1ea3n ph\u1ea9m kh\u00f4ng \u00e1p d\u1ee5ng ch\u00ednh s\u00e1ch b\u1ea3o h\u00e0nh v\u00e0 \u0111\u1ed5i tr\u1ea3.<\/p>\n<h3>Xu\u1ea5t x\u1ee9: M\u1ef9<\/h3>\n<div><\/div>\n","protected":false},"excerpt":{"rendered":"<p>B\u1ed9t l\u00e0m s\u1ea1ch \u0111a n\u0103ng Malloca BKF-425g ti\u1ec7n l\u1ee3i T\u00ednh n\u0103ng c\u01a1 b\u1ea3n B\u1ed9t v\u1ec7 sinh \u0111a n\u0103ng L\u00e0m s\u1ea1ch c\u00e1c b\u1ebft b\u1ea9n c\u1ee9ng \u0111\u1ea7u l\u00e2u ng\u00e0y tr\u00ean c\u00e1c b\u1ec1 m\u1eb7t: G\u1ed1m, s\u1ee9, \u0111\u00e1 nh\u00e2n t\u1ea1o, nh\u00f4m, th\u00e9p kh\u00f4ng g\u1ec9, thu\u1ef7 tinh, nh\u00f4m, \u0111\u1ed3ng, \u0111\u1ed3ng thau, nh\u1ef1a Acrylic\u2026 C\u00e1ch s\u1eed d\u1ee5ng: B\u01b0\u1edbc 1: R\u1eafc b\u1ed9t [&#8230;]\n","protected":false},"featured_media":5567,"comment_status":"open","ping_status":"closed","template":"","meta":[],"product_brand":[],"product_cat":[101,262],"product_tag":[565,566,270],"class_list":{"0":"post-5487","1":"product","2":"type-product","3":"status-publish","4":"has-post-thumbnail","6":"product_cat-gia-dung-khac","7":"product_cat-thuong-hieu-malloca","8":"product_tag-bot-ve-sinh","9":"product_tag-bot-ve-sinh-malloca","10":"product_tag-malloca","12":"first","13":"instock","14":"shipping-taxable","15":"purchasable","16":"product-type-simple"},"_links":{"self":[{"href":"https:\/\/livinghome.vn\/thiet-bi\/wp-json\/wp\/v2\/product\/5487","targetHints":{"allow":["GET"]}}],"collection":[{"href":"https:\/\/livinghome.vn\/thiet-bi\/wp-json\/wp\/v2\/product"}],"about":[{"href":"https:\/\/livinghome.vn\/thiet-bi\/wp-json\/wp\/v2\/types\/product"}],"replies":[{"embeddable":true,"href":"https:\/\/livinghome.vn\/thiet-bi\/wp-json\/wp\/v2\/comments?post=5487"}],"wp:featuredmedia":[{"embeddable":true,"href":"https:\/\/livinghome.vn\/thiet-bi\/wp-json\/wp\/v2\/media\/5567"}],"wp:attachment":[{"href":"https:\/\/livinghome.vn\/thiet-bi\/wp-json\/wp\/v2\/media?parent=5487"}],"wp:term":[{"taxonomy":"product_brand","embeddable":true,"href":"https:\/\/livinghome.vn\/thiet-bi\/wp-json\/wp\/v2\/product_brand?post=5487"},{"taxonomy":"product_cat","embeddable":true,"href":"https:\/\/livinghome.vn\/thiet-bi\/wp-json\/wp\/v2\/product_cat?post=5487"},{"taxonomy":"product_tag","embeddable":true,"href":"https:\/\/livinghome.vn\/thiet-bi\/wp-json\/wp\/v2\/product_tag?post=5487"}],"curies":[{"name":"wp","href":"https:\/\/api.w.org\/{rel}","templated":true}]}}