{"id":5486,"date":"2023-01-12T19:38:30","date_gmt":"2023-01-12T19:38:30","guid":{"rendered":"https:\/\/livinghome.vn\/thiet-bi\/?post_type=product&#038;p=5486"},"modified":"2024-11-29T14:19:22","modified_gmt":"2024-11-29T07:19:22","slug":"binh-bot-malloca-dm-p26-ve-sinh-may-rua-chen","status":"publish","type":"product","link":"https:\/\/livinghome.vn\/thiet-bi\/binh-bot-malloca-dm-p26-ve-sinh-may-rua-chen\/","title":{"rendered":"B\u00ecnh b\u1ed9t Malloca DM-P26 v\u1ec7 sinh m\u00e1y r\u1eeda ch\u00e9n"},"content":{"rendered":"<h3>B\u00ecnh b\u1ed9t Malloca DM-P26 v\u1ec7 sinh m\u00e1y r\u1eeda ch\u00e9n<\/h3>\n<figure id=\"attachment_56686\" aria-describedby=\"caption-attachment-56686\" style=\"width: 800px\" class=\"wp-caption alignnone\"><img loading=\"lazy\" decoding=\"async\" class=\"wp-image-56686 size-large\" src=\"https:\/\/livinghome.vn\/thiet-bi\/wp-content\/uploads\/nha-bep\/malloca\/dung-cu-tay-rua\/binh-bot-malloca-dm-p26\/bot-lam-sach-da-nang-malloca-dm-p26-800x800.jpg\" alt=\"B\u00ecnh b\u1ed9t Malloca DM-P26 v\u1ec7 sinh m\u00e1y r\u1eeda ch\u00e9n\" width=\"800\" height=\"800\" title=\"\"><figcaption id=\"caption-attachment-56686\" class=\"wp-caption-text\">B\u00ecnh b\u1ed9t Malloca DM-P26 v\u1ec7 sinh m\u00e1y r\u1eeda ch\u00e9n<\/figcaption><\/figure>\n<h3>T\u00ednh n\u0103ng c\u01a1 b\u1ea3n<\/h3>\n<ul>\n<li><a href=\"https:\/\/livinghome.vn\/thiet-bi\/gia-dung-khac\/\">B\u1ed9t v\u1ec7 sinh<\/a> b\u00ean trong m\u00e1y r\u1eeda ch\u00e9n<\/li>\n<li>Lo\u1ea1i b\u1ecf l\u1edbp v\u00f4i, ch\u1ea5t l\u1eafng \u0111\u1ecdng c\u1ee7a t\u1ea1p ch\u1ea5t c\u00f3 trong n\u01b0\u1edbc, v\u1ebft bi\u1ebfn \u0111\u1ed5i m\u00e0u do h\u00e0m l\u01b0\u1ee3ng ch\u1ea5t s\u1eaft cao trong n\u01b0\u1edbc v\u00e0 v\u1ebft g\u1ec9 s\u00e9t b\u00ean trong khoang m\u00e1y r\u1eeda ch\u00e9n m\u1ed9t c\u00e1ch d\u1ec5 d\u00e0ng.<\/li>\n<li>S\u1eed d\u1ee5ng cho m\u00e1y r\u1eeda ch\u00e9n, ch\u1eadu v\u00e0 c\u00e1c thi\u1ebft b\u1ecb inox.<\/li>\n<li>\u0110\u1ed1i v\u1edbi m\u00e1y r\u1eeda ch\u00e9n, cho v\u00e0o h\u1ed9c ch\u1ee9a x\u00e0 ph\u00f2ng v\u00e0 ch\u1ea1y ch\u01b0\u01a1ng tr\u00ecnh r\u1eeda kh\u00f4ng t\u1ea3i.<\/li>\n<li>\u0110\u1ed1i v\u1edbi nh\u1eefng v\u1ebft r\u1ec9 s\u00e9t c\u1ee9ng \u0111\u1ea7u, s\u1eed d\u1ee5ng li\u00ean t\u1ee5c trong 6 tu\u1ea7n, m\u1ed7i tu\u1ea7n 1 l\u1ea7n.<\/li>\n<li>\u0110\u1ed1i v\u1edbi ch\u1eadu v\u00e0 v\u1eadt d\u1ee5ng inox, \u0111\u1ed5 tr\u1ef1c ti\u1ebfp l\u00ean thi\u1ebft b\u1ecb, d\u00f9ng kh\u0103n \u01b0\u1edbt m\u1ec1m \u0111\u1ec3 v\u1ec7 sinh, lau nhi\u1ec1u l\u1ea7n cho \u0111\u1ebfn khi s\u1ea1ch ho\u00e0n to\u00e0n.<\/li>\n<li>Th\u00e2n thi\u1ec7n v\u1edbi m\u00f4i tr\u01b0\u1eddng, an to\u00e0n khi s\u1eed d\u1ee5ng.<\/li>\n<\/ul>\n<h3>Xu\u1ea5t x\u1ee9: M\u1ef9<\/h3>\n<div><\/div>\n","protected":false},"excerpt":{"rendered":"<p>B\u00ecnh b\u1ed9t Malloca DM-P26 v\u1ec7 sinh m\u00e1y r\u1eeda ch\u00e9n T\u00ednh n\u0103ng c\u01a1 b\u1ea3n B\u1ed9t v\u1ec7 sinh b\u00ean trong m\u00e1y r\u1eeda ch\u00e9n Lo\u1ea1i b\u1ecf l\u1edbp v\u00f4i, ch\u1ea5t l\u1eafng \u0111\u1ecdng c\u1ee7a t\u1ea1p ch\u1ea5t c\u00f3 trong n\u01b0\u1edbc, v\u1ebft bi\u1ebfn \u0111\u1ed5i m\u00e0u do h\u00e0m l\u01b0\u1ee3ng ch\u1ea5t s\u1eaft cao trong n\u01b0\u1edbc v\u00e0 v\u1ebft g\u1ec9 s\u00e9t b\u00ean trong khoang m\u00e1y r\u1eeda [&#8230;]\n","protected":false},"featured_media":5566,"comment_status":"open","ping_status":"closed","template":"","meta":[],"product_brand":[],"product_cat":[101,262],"product_tag":[565,566,270],"class_list":{"0":"post-5486","1":"product","2":"type-product","3":"status-publish","4":"has-post-thumbnail","6":"product_cat-gia-dung-khac","7":"product_cat-thuong-hieu-malloca","8":"product_tag-bot-ve-sinh","9":"product_tag-bot-ve-sinh-malloca","10":"product_tag-malloca","12":"first","13":"instock","14":"sale","15":"shipping-taxable","16":"purchasable","17":"product-type-simple"},"_links":{"self":[{"href":"https:\/\/livinghome.vn\/thiet-bi\/wp-json\/wp\/v2\/product\/5486","targetHints":{"allow":["GET"]}}],"collection":[{"href":"https:\/\/livinghome.vn\/thiet-bi\/wp-json\/wp\/v2\/product"}],"about":[{"href":"https:\/\/livinghome.vn\/thiet-bi\/wp-json\/wp\/v2\/types\/product"}],"replies":[{"embeddable":true,"href":"https:\/\/livinghome.vn\/thiet-bi\/wp-json\/wp\/v2\/comments?post=5486"}],"wp:featuredmedia":[{"embeddable":true,"href":"https:\/\/livinghome.vn\/thiet-bi\/wp-json\/wp\/v2\/media\/5566"}],"wp:attachment":[{"href":"https:\/\/livinghome.vn\/thiet-bi\/wp-json\/wp\/v2\/media?parent=5486"}],"wp:term":[{"taxonomy":"product_brand","embeddable":true,"href":"https:\/\/livinghome.vn\/thiet-bi\/wp-json\/wp\/v2\/product_brand?post=5486"},{"taxonomy":"product_cat","embeddable":true,"href":"https:\/\/livinghome.vn\/thiet-bi\/wp-json\/wp\/v2\/product_cat?post=5486"},{"taxonomy":"product_tag","embeddable":true,"href":"https:\/\/livinghome.vn\/thiet-bi\/wp-json\/wp\/v2\/product_tag?post=5486"}],"curies":[{"name":"wp","href":"https:\/\/api.w.org\/{rel}","templated":true}]}}