{"id":5467,"date":"2023-01-12T19:38:06","date_gmt":"2023-01-12T12:38:06","guid":{"rendered":"https:\/\/livinghome.vn\/thiet-bi\/?post_type=product&#038;p=5467"},"modified":"2024-11-29T14:19:24","modified_gmt":"2024-11-29T07:19:24","slug":"bo-dung-cu-khui-ruou-malloca-mwo-kp3-hien-dai-da-nang","status":"publish","type":"product","link":"https:\/\/livinghome.vn\/thiet-bi\/bo-dung-cu-khui-ruou-malloca-mwo-kp3-hien-dai-da-nang\/","title":{"rendered":"B\u1ed9 d\u1ee5ng c\u1ee5 khui r\u01b0\u1ee3u Malloca MWO-KP3 hi\u1ec7n \u0111\u1ea1i \u0111a n\u0103ng"},"content":{"rendered":"<h3>B\u1ed9 d\u1ee5ng c\u1ee5 khui r\u01b0\u1ee3u Malloca MWO-KP3 hi\u1ec7n \u0111\u1ea1i \u0111a n\u0103ng<\/h3>\n<figure id=\"attachment_56679\" aria-describedby=\"caption-attachment-56679\" style=\"width: 800px\" class=\"wp-caption alignnone\"><img loading=\"lazy\" decoding=\"async\" class=\"wp-image-56679 size-large\" src=\"https:\/\/livinghome.vn\/thiet-bi\/wp-content\/uploads\/nha-bep\/malloca\/dung-cu-nha-bep\/bo-dung-cu-khui-ruou-malloca-mwo-kp3\/bo-dung-cu-khui-ruou-malloca-mwo-kp3-4-800x800.jpg\" alt=\"B\u1ed9 d\u1ee5ng c\u1ee5 khui r\u01b0\u1ee3u Malloca MWO-KP3 hi\u1ec7n \u0111\u1ea1i \u0111a n\u0103ng\" width=\"800\" height=\"800\" title=\"\"><figcaption id=\"caption-attachment-56679\" class=\"wp-caption-text\">B\u1ed9 d\u1ee5ng c\u1ee5 khui r\u01b0\u1ee3u Malloca MWO-KP3 hi\u1ec7n \u0111\u1ea1i \u0111a n\u0103ng<\/figcaption><\/figure>\n<h3>T\u00ednh n\u0103ng c\u01a1 b\u1ea3n<\/h3>\n<ul>\n<li><a href=\"https:\/\/livinghome.vn\/thiet-bi\/gia-dung-khac\/\">B\u1ed9 d\u1ee5ng c\u1ee5 khui r\u01b0\u1ee3u vang<\/a><\/li>\n<li>\u0110\u00e8n b\u00e1o dung l\u01b0\u1ee3ng Pin<\/li>\n<li>S\u1eed d\u1ee5ng Pin s\u1ea1c 5V-1A<\/li>\n<li>S\u1eed d\u1ee5ng ti\u1ec7n l\u1ee3i v\u00e0 an to\u00e0n<\/li>\n<li>Gi\u00fap vi\u1ec7c khui r\u01b0\u1ee3u vang d\u1ec5 d\u00e0ng v\u00e0 nhanh ch\u00f3ng<\/li>\n<\/ul>\n<p>&nbsp;<\/p>\n<figure id=\"attachment_56680\" aria-describedby=\"caption-attachment-56680\" style=\"width: 800px\" class=\"wp-caption alignnone\"><img loading=\"lazy\" decoding=\"async\" class=\"wp-image-56680 size-large\" src=\"https:\/\/livinghome.vn\/thiet-bi\/wp-content\/uploads\/nha-bep\/malloca\/dung-cu-nha-bep\/bo-dung-cu-khui-ruou-malloca-mwo-kp3\/bo-dung-cu-khui-ruou-malloca-mwo-kp3-3-800x800.jpg\" alt=\"B\u1ed9 d\u1ee5ng c\u1ee5 khui r\u01b0\u1ee3u Malloca MWO-KP3 hi\u1ec7n \u0111\u1ea1i \u0111a n\u0103ng\" width=\"800\" height=\"800\" title=\"\"><figcaption id=\"caption-attachment-56680\" class=\"wp-caption-text\">B\u1ed9 d\u1ee5ng c\u1ee5 khui r\u01b0\u1ee3u Malloca MWO-KP3 hi\u1ec7n \u0111\u1ea1i \u0111a n\u0103ng<\/figcaption><\/figure>\n<p>B\u1ed9 d\u1ee5ng c\u1ee5 khui r\u01b0\u1ee3u Malloca MWO-KP3 gi\u00fap vi\u1ec7c khui r\u01b0\u1ee3u vang d\u1ec5 d\u00e0ng v\u00e0 nhanh ch\u00f3ng<\/p>\n<figure id=\"attachment_56681\" aria-describedby=\"caption-attachment-56681\" style=\"width: 800px\" class=\"wp-caption alignnone\"><img loading=\"lazy\" decoding=\"async\" class=\"wp-image-56681 size-large\" src=\"https:\/\/livinghome.vn\/thiet-bi\/wp-content\/uploads\/nha-bep\/malloca\/dung-cu-nha-bep\/bo-dung-cu-khui-ruou-malloca-mwo-kp3\/bo-dung-cu-khui-ruou-malloca-mwo-kp3-2-800x800.jpg\" alt=\"B\u1ed9 d\u1ee5ng c\u1ee5 khui r\u01b0\u1ee3u Malloca MWO-KP3 hi\u1ec7n \u0111\u1ea1i \u0111a n\u0103ng\" width=\"800\" height=\"800\" title=\"\"><figcaption id=\"caption-attachment-56681\" class=\"wp-caption-text\">B\u1ed9 d\u1ee5ng c\u1ee5 khui r\u01b0\u1ee3u Malloca MWO-KP3 hi\u1ec7n \u0111\u1ea1i \u0111a n\u0103ng<\/figcaption><\/figure>\n<h3>Th\u00f4ng s\u1ed1 k\u1ef9 thu\u1eadt<\/h3>\n<p>Bao g\u1ed3m:<\/p>\n<ul>\n<li>01 m\u00e1y khui n\u1eafp r\u01b0\u1ee3u vang<\/li>\n<li>01 d\u00e2y s\u1ea1c Micro-USB<\/li>\n<li>01 dao c\u1eaft v\u1ecf r\u01b0\u1ee3u<\/li>\n<li>01 n\u00fat chai, h\u00fat ch\u00e2n kh\u00f4ng<\/li>\n<li>01 v\u00f2i r\u00f3t r\u01b0\u1ee3u<\/li>\n<\/ul>\n<p>Ch\u1ea5t li\u1ec7u: inox, nh\u1ef1a cao c\u1ea5p<\/p>\n<h3>Xu\u1ea5t x\u1ee9: Trung Qu\u1ed1c (theo b\u1ea3n quy\u1ec1n Malloca)<\/h3>\n<div><\/div>\n","protected":false},"excerpt":{"rendered":"<p>B\u1ed9 d\u1ee5ng c\u1ee5 khui r\u01b0\u1ee3u Malloca MWO-KP3 hi\u1ec7n \u0111\u1ea1i \u0111a n\u0103ng T\u00ednh n\u0103ng c\u01a1 b\u1ea3n B\u1ed9 d\u1ee5ng c\u1ee5 khui r\u01b0\u1ee3u vang \u0110\u00e8n b\u00e1o dung l\u01b0\u1ee3ng Pin S\u1eed d\u1ee5ng Pin s\u1ea1c 5V-1A S\u1eed d\u1ee5ng ti\u1ec7n l\u1ee3i v\u00e0 an to\u00e0n Gi\u00fap vi\u1ec7c khui r\u01b0\u1ee3u vang d\u1ec5 d\u00e0ng v\u00e0 nhanh ch\u00f3ng &nbsp; B\u1ed9 d\u1ee5ng c\u1ee5 khui r\u01b0\u1ee3u Malloca [&#8230;]\n","protected":false},"featured_media":5556,"comment_status":"open","ping_status":"closed","template":"","meta":[],"product_brand":[],"product_cat":[101,262],"product_tag":[559,560,270],"class_list":{"0":"post-5467","1":"product","2":"type-product","3":"status-publish","4":"has-post-thumbnail","6":"product_cat-gia-dung-khac","7":"product_cat-thuong-hieu-malloca","8":"product_tag-bo-dung-cu-khui-ruou","9":"product_tag-bo-dung-cu-khui-ruou-malloca","10":"product_tag-malloca","12":"first","13":"instock","14":"sale","15":"shipping-taxable","16":"purchasable","17":"product-type-simple"},"_links":{"self":[{"href":"https:\/\/livinghome.vn\/thiet-bi\/wp-json\/wp\/v2\/product\/5467","targetHints":{"allow":["GET"]}}],"collection":[{"href":"https:\/\/livinghome.vn\/thiet-bi\/wp-json\/wp\/v2\/product"}],"about":[{"href":"https:\/\/livinghome.vn\/thiet-bi\/wp-json\/wp\/v2\/types\/product"}],"replies":[{"embeddable":true,"href":"https:\/\/livinghome.vn\/thiet-bi\/wp-json\/wp\/v2\/comments?post=5467"}],"wp:featuredmedia":[{"embeddable":true,"href":"https:\/\/livinghome.vn\/thiet-bi\/wp-json\/wp\/v2\/media\/5556"}],"wp:attachment":[{"href":"https:\/\/livinghome.vn\/thiet-bi\/wp-json\/wp\/v2\/media?parent=5467"}],"wp:term":[{"taxonomy":"product_brand","embeddable":true,"href":"https:\/\/livinghome.vn\/thiet-bi\/wp-json\/wp\/v2\/product_brand?post=5467"},{"taxonomy":"product_cat","embeddable":true,"href":"https:\/\/livinghome.vn\/thiet-bi\/wp-json\/wp\/v2\/product_cat?post=5467"},{"taxonomy":"product_tag","embeddable":true,"href":"https:\/\/livinghome.vn\/thiet-bi\/wp-json\/wp\/v2\/product_tag?post=5467"}],"curies":[{"name":"wp","href":"https:\/\/api.w.org\/{rel}","templated":true}]}}