{"id":5447,"date":"2023-01-12T19:37:41","date_gmt":"2023-01-12T12:37:41","guid":{"rendered":"https:\/\/livinghome.vn\/thiet-bi\/?post_type=product&#038;p=5447"},"modified":"2024-11-29T14:19:24","modified_gmt":"2024-11-29T07:19:24","slug":"vi-nuong-da-nang-malloca-gp-455-tien-loi","status":"publish","type":"product","link":"https:\/\/livinghome.vn\/thiet-bi\/vi-nuong-da-nang-malloca-gp-455-tien-loi\/","title":{"rendered":"V\u1ec9 n\u01b0\u1edbng \u0111a n\u0103ng Malloca GP-455 ti\u1ec7n l\u1ee3i"},"content":{"rendered":"<h3>V\u1ec9 n\u01b0\u1edbng \u0111a n\u0103ng Malloca GP-455 ti\u1ec7n l\u1ee3i<\/h3>\n<figure id=\"attachment_55983\" aria-describedby=\"caption-attachment-55983\" style=\"width: 800px\" class=\"wp-caption alignnone\"><img loading=\"lazy\" decoding=\"async\" class=\"wp-image-55983 size-large\" src=\"https:\/\/livinghome.vn\/thiet-bi\/wp-content\/uploads\/nha-bep\/malloca\/dung-cu-nha-bep\/vi-nuong-da-nang-malloca-gp-455\/vi-nuong-da-nang-malloca-gp-455-800x800.jpg\" alt=\"V\u1ec9 n\u01b0\u1edbng \u0111a n\u0103ng Malloca GP-455 ti\u1ec7n l\u1ee3i\" width=\"800\" height=\"800\" title=\"\"><figcaption id=\"caption-attachment-55983\" class=\"wp-caption-text\">V\u1ec9 n\u01b0\u1edbng \u0111a n\u0103ng Malloca GP-455 ti\u1ec7n l\u1ee3i<\/figcaption><\/figure>\n<h3>T\u00ednh n\u0103ng c\u01a1 b\u1ea3n<\/h3>\n<ul>\n<li><a href=\"https:\/\/livinghome.vn\/thiet-bi\/gia-dung-khac\/\">V\u1ec9<\/a> n\u01b0\u1edbng \u0111a n\u0103ng<\/li>\n<li>B\u1ec1 m\u1eb7t n\u1ea5u n\u01b0\u1edbng ti\u1ec7n l\u1ee3i<\/li>\n<li>Gi\u1eef nhi\u1ec7t trong th\u1eddi gian d\u00e0i<\/li>\n<li>Kh\u1ea3 n\u0103ng ch\u1ecbu nhi\u1ec7t cao \u0111\u1ec3 s\u1eed d\u1ee5ng cho b\u1ebfp, l\u00f2 n\u01b0\u1edbng, BBQ v\u00e0 c\u00e1c ch\u1ee9c n\u0103ng kh\u00e1c<\/li>\n<li>Nhi\u1ec7t \u0111\u1ed9 an to\u00e0n l\u00ean \u0111\u1ebfn 260oC<\/li>\n<li>Tay n\u1eafm r\u1ed9ng \u0111em l\u1ea1i c\u1ea3m gi\u00e1c tho\u1ea3i m\u00e1i v\u00e0 an to\u00e0n<\/li>\n<li>S\u1eed d\u1ee5ng cho t\u1ea5t c\u1ea3 c\u00e1c b\u1ebfp<\/li>\n<\/ul>\n<h3>Th\u00f4ng s\u1ed1 k\u1ef9 thu\u1eadt<\/h3>\n<ul>\n<li>K\u00edch th\u01b0\u1edbc: W455 x D230 x H35mm<\/li>\n<\/ul>\n<h3>Xu\u1ea5t x\u1ee9: Trung Qu\u1ed1c (theo b\u1ea3n quy\u1ec1n Malloca)<\/h3>\n<div><\/div>\n","protected":false},"excerpt":{"rendered":"<p>V\u1ec9 n\u01b0\u1edbng \u0111a n\u0103ng Malloca GP-455 ti\u1ec7n l\u1ee3i T\u00ednh n\u0103ng c\u01a1 b\u1ea3n V\u1ec9 n\u01b0\u1edbng \u0111a n\u0103ng B\u1ec1 m\u1eb7t n\u1ea5u n\u01b0\u1edbng ti\u1ec7n l\u1ee3i Gi\u1eef nhi\u1ec7t trong th\u1eddi gian d\u00e0i Kh\u1ea3 n\u0103ng ch\u1ecbu nhi\u1ec7t cao \u0111\u1ec3 s\u1eed d\u1ee5ng cho b\u1ebfp, l\u00f2 n\u01b0\u1edbng, BBQ v\u00e0 c\u00e1c ch\u1ee9c n\u0103ng kh\u00e1c Nhi\u1ec7t \u0111\u1ed9 an to\u00e0n l\u00ean \u0111\u1ebfn 260oC Tay n\u1eafm [&#8230;]\n","protected":false},"featured_media":5543,"comment_status":"open","ping_status":"closed","template":"","meta":[],"product_brand":[],"product_cat":[101,262],"product_tag":[270,553],"class_list":{"0":"post-5447","1":"product","2":"type-product","3":"status-publish","4":"has-post-thumbnail","6":"product_cat-gia-dung-khac","7":"product_cat-thuong-hieu-malloca","8":"product_tag-malloca","9":"product_tag-vi-nuong","11":"first","12":"instock","13":"sale","14":"shipping-taxable","15":"purchasable","16":"product-type-simple"},"_links":{"self":[{"href":"https:\/\/livinghome.vn\/thiet-bi\/wp-json\/wp\/v2\/product\/5447","targetHints":{"allow":["GET"]}}],"collection":[{"href":"https:\/\/livinghome.vn\/thiet-bi\/wp-json\/wp\/v2\/product"}],"about":[{"href":"https:\/\/livinghome.vn\/thiet-bi\/wp-json\/wp\/v2\/types\/product"}],"replies":[{"embeddable":true,"href":"https:\/\/livinghome.vn\/thiet-bi\/wp-json\/wp\/v2\/comments?post=5447"}],"wp:featuredmedia":[{"embeddable":true,"href":"https:\/\/livinghome.vn\/thiet-bi\/wp-json\/wp\/v2\/media\/5543"}],"wp:attachment":[{"href":"https:\/\/livinghome.vn\/thiet-bi\/wp-json\/wp\/v2\/media?parent=5447"}],"wp:term":[{"taxonomy":"product_brand","embeddable":true,"href":"https:\/\/livinghome.vn\/thiet-bi\/wp-json\/wp\/v2\/product_brand?post=5447"},{"taxonomy":"product_cat","embeddable":true,"href":"https:\/\/livinghome.vn\/thiet-bi\/wp-json\/wp\/v2\/product_cat?post=5447"},{"taxonomy":"product_tag","embeddable":true,"href":"https:\/\/livinghome.vn\/thiet-bi\/wp-json\/wp\/v2\/product_tag?post=5447"}],"curies":[{"name":"wp","href":"https:\/\/api.w.org\/{rel}","templated":true}]}}