{"id":5443,"date":"2023-01-12T19:37:40","date_gmt":"2023-01-12T12:37:40","guid":{"rendered":"https:\/\/livinghome.vn\/thiet-bi\/?post_type=product&#038;p=5443"},"modified":"2024-11-29T14:19:24","modified_gmt":"2024-11-29T07:19:24","slug":"ro-chau-rua-malloca-cs-50-tien-loi-cao-cap","status":"publish","type":"product","link":"https:\/\/livinghome.vn\/thiet-bi\/ro-chau-rua-malloca-cs-50-tien-loi-cao-cap\/","title":{"rendered":"R\u1ed5 ch\u1eadu r\u1eeda Malloca CS 50 ti\u1ec7n l\u1ee3i cao c\u1ea5p"},"content":{"rendered":"<h3>R\u1ed5 ch\u1eadu r\u1eeda Malloca CS 50 ti\u1ec7n l\u1ee3i cao c\u1ea5p<\/h3>\n<figure id=\"attachment_55975\" aria-describedby=\"caption-attachment-55975\" style=\"width: 800px\" class=\"wp-caption alignnone\"><img loading=\"lazy\" decoding=\"async\" class=\"wp-image-55975 size-large\" src=\"https:\/\/livinghome.vn\/thiet-bi\/wp-content\/uploads\/nha-bep\/malloca\/dung-cu-nha-bep\/ro-chau-rua-malloca-cs-50\/ro-chau-rua-malloca-cs-50-800x800.jpg\" alt=\"R\u1ed5 \u0111\u1ef1ng ch\u00e9n d\u0129a Malloca CS 50 ti\u1ec7n l\u1ee3i cao c\u1ea5p\" width=\"800\" height=\"800\" title=\"\"><figcaption id=\"caption-attachment-55975\" class=\"wp-caption-text\">R\u1ed5 \u0111\u1ef1ng ch\u00e9n d\u0129a Malloca CS 50 ti\u1ec7n l\u1ee3i cao c\u1ea5p<\/figcaption><\/figure>\n<h3>T\u00ednh n\u0103ng c\u01a1 b\u1ea3n<\/h3>\n<ul>\n<li><a href=\"https:\/\/livinghome.vn\/thiet-bi\/gia-dung-khac\/\">R\u1ed5<\/a> \u0111\u1ef1ng ch\u00e9n d\u0129a<\/li>\n<li>Ch\u1ea5t li\u1ec7u: Inox + nh\u1ef1a<\/li>\n<li>Kh\u1ea3 n\u0103ng k\u00e9o gi\u00e3n cho ph\u00e9p \u0111\u1ef1ng \u0111\u01b0\u1ee3c nhi\u1ec1u ch\u00e9n d\u0129a h\u01a1n<\/li>\n<\/ul>\n<h3>Th\u00f4ng s\u1ed1 k\u1ef9 thu\u1eadt<\/h3>\n<ul>\n<li>K\u00edch th\u01b0\u1edbc: W225 x D(330-467) x H93mm<\/li>\n<\/ul>\n<h3>Xu\u1ea5t x\u1ee9: Trung Qu\u1ed1c (theo b\u1ea3n quy\u1ec1n Malloca)<\/h3>\n<div><\/div>\n","protected":false},"excerpt":{"rendered":"<p>R\u1ed5 ch\u1eadu r\u1eeda Malloca CS 50 ti\u1ec7n l\u1ee3i cao c\u1ea5p T\u00ednh n\u0103ng c\u01a1 b\u1ea3n R\u1ed5 \u0111\u1ef1ng ch\u00e9n d\u0129a Ch\u1ea5t li\u1ec7u: Inox + nh\u1ef1a Kh\u1ea3 n\u0103ng k\u00e9o gi\u00e3n cho ph\u00e9p \u0111\u1ef1ng \u0111\u01b0\u1ee3c nhi\u1ec1u ch\u00e9n d\u0129a h\u01a1n Th\u00f4ng s\u1ed1 k\u1ef9 thu\u1eadt K\u00edch th\u01b0\u1edbc: W225 x D(330-467) x H93mm Xu\u1ea5t x\u1ee9: Trung Qu\u1ed1c (theo b\u1ea3n quy\u1ec1n Malloca)<\/p>\n","protected":false},"featured_media":5538,"comment_status":"open","ping_status":"closed","template":"","meta":[],"product_brand":[],"product_cat":[1821,101,262],"product_tag":[1822,270,551,552],"class_list":{"0":"post-5443","1":"product","2":"type-product","3":"status-publish","4":"has-post-thumbnail","6":"product_cat-chau-rua-chen-bat-malloca","7":"product_cat-gia-dung-khac","8":"product_cat-thuong-hieu-malloca","9":"product_tag-chau-rua-chen-bat-malloca","10":"product_tag-malloca","11":"product_tag-ro-chau-rua","12":"product_tag-ro-dung-chen-dia","14":"first","15":"instock","16":"sale","17":"shipping-taxable","18":"purchasable","19":"product-type-simple"},"_links":{"self":[{"href":"https:\/\/livinghome.vn\/thiet-bi\/wp-json\/wp\/v2\/product\/5443","targetHints":{"allow":["GET"]}}],"collection":[{"href":"https:\/\/livinghome.vn\/thiet-bi\/wp-json\/wp\/v2\/product"}],"about":[{"href":"https:\/\/livinghome.vn\/thiet-bi\/wp-json\/wp\/v2\/types\/product"}],"replies":[{"embeddable":true,"href":"https:\/\/livinghome.vn\/thiet-bi\/wp-json\/wp\/v2\/comments?post=5443"}],"wp:featuredmedia":[{"embeddable":true,"href":"https:\/\/livinghome.vn\/thiet-bi\/wp-json\/wp\/v2\/media\/5538"}],"wp:attachment":[{"href":"https:\/\/livinghome.vn\/thiet-bi\/wp-json\/wp\/v2\/media?parent=5443"}],"wp:term":[{"taxonomy":"product_brand","embeddable":true,"href":"https:\/\/livinghome.vn\/thiet-bi\/wp-json\/wp\/v2\/product_brand?post=5443"},{"taxonomy":"product_cat","embeddable":true,"href":"https:\/\/livinghome.vn\/thiet-bi\/wp-json\/wp\/v2\/product_cat?post=5443"},{"taxonomy":"product_tag","embeddable":true,"href":"https:\/\/livinghome.vn\/thiet-bi\/wp-json\/wp\/v2\/product_tag?post=5443"}],"curies":[{"name":"wp","href":"https:\/\/api.w.org\/{rel}","templated":true}]}}