{"id":544,"date":"2023-01-12T10:21:52","date_gmt":"2023-01-12T10:21:52","guid":{"rendered":"https:\/\/livinghome.vn\/thiet-bi\/?post_type=product&#038;p=544"},"modified":"2024-11-29T14:21:01","modified_gmt":"2024-11-29T07:21:01","slug":"may-hut-mui-eurosun-eh-70c05d-co-dien-phong-cach-vintage","status":"publish","type":"product","link":"https:\/\/livinghome.vn\/thiet-bi\/may-hut-mui-eurosun-eh-70c05d-co-dien-phong-cach-vintage\/","title":{"rendered":"M\u00e1y h\u00fat m\u00f9i Eurosun EH-70C05D c\u1ed5 \u0111i\u1ec3n phong c\u00e1ch vintage"},"content":{"rendered":"<h2>M\u00e1y h\u00fat m\u00f9i Eurosun EH-70C05D c\u1ed5 \u0111i\u1ec3n phong c\u00e1ch vintage v\u1edbi nh\u1eefng \u0111i\u1ec3m n\u1ed5i b\u1eadt<\/h2>\n<figure id=\"attachment_44270\" aria-describedby=\"caption-attachment-44270\" style=\"width: 800px\" class=\"wp-caption alignnone\"><img loading=\"lazy\" decoding=\"async\" class=\"size-large wp-image-44270\" src=\"https:\/\/livinghome.vn\/thiet-bi\/wp-content\/uploads\/nha-bep\/eurosun\/may-hut-mui\/may-hut-mui-eurosun-eh-70c05d\/may-hut-mui-eurosun-eh-70c05d-800x800.jpg\" alt=\"M\u00e1y h\u00fat m\u00f9i Eurosun EH-70C05D c\u1ed5 \u0111i\u1ec3n phong c\u00e1ch vintage\" width=\"800\" height=\"800\" title=\"\"><figcaption id=\"caption-attachment-44270\" class=\"wp-caption-text\">M\u00e1y h\u00fat m\u00f9i Eurosun EH-70C05D c\u1ed5 \u0111i\u1ec3n phong c\u00e1ch vintage<\/figcaption><\/figure>\n<h3><strong><span class=\"fontstyle0\">\u0110\u1eb7c t\u00ednh s\u1ea3n ph\u1ea9m<\/span> <\/strong><\/h3>\n<ul>\n<li><span class=\"fontstyle0\"><a href=\"https:\/\/livinghome.vn\/thiet-bi\/may-hut-mui\/\">M\u00e1y h\u00fat m\u00f9i<\/a> ki\u1ec3u d\u00e1ng c\u1ed5 \u0111i\u1ec3n vintage<br \/>\n<\/span><\/li>\n<li><span class=\"fontstyle0\">H\u1ec7 th\u1ed1ng h\u00fat x\u1ea3: Tu\u1ea7n ho\u00e0n<br \/>\n<\/span><\/li>\n<li><span class=\"fontstyle0\">Th\u00e2n m\u00e1y s\u01a1n t\u0129nh \u0111i\u1ec7n m\u00e0u \u0111en\/ k\u00ednh<br \/>\n<\/span><\/li>\n<li><span class=\"fontstyle0\">\u0110i\u1ec1u khi\u1ec3n ph\u00edm c\u01a1 3 t\u1ed1c \u0111\u1ed9<br \/>\n<\/span><\/li>\n<li><span class=\"fontstyle0\">L\u01b0\u1edbi l\u1ecdc h\u1ee3p kim nh\u00f4m 5 l\u1edbp<br \/>\n<\/span><\/li>\n<li><span class=\"fontstyle0\">\u0110\u00e8n LED light 2&#215;1.5W<\/span><\/li>\n<\/ul>\n<h3>\u00a0<strong><span class=\"fontstyle0\">Th\u00f4ng tin k\u1ef9 thu\u1eadt<\/span><\/strong><\/h3>\n<ul>\n<li><span class=\"fontstyle0\">\u0110i\u1ec7n \u00e1p: 220V \/50Hz<br \/>\n<\/span><\/li>\n<li><span class=\"fontstyle0\">C\u00f4ng su\u1ea5t h\u00fat: \u00b1650m3\/h<br \/>\n<\/span><\/li>\n<li><span class=\"fontstyle0\">C\u00f4ng su\u1ea5t \u0111\u1ed9ng c\u01a1: 2x100W<br \/>\n<\/span><\/li>\n<li><span class=\"fontstyle0\">\u0110\u1ed9 \u1ed3n: <\/span><span class=\"fontstyle0\">\u00b1<\/span><span class=\"fontstyle0\">46db<br \/>\n<\/span><\/li>\n<li><span class=\"fontstyle0\">\u1ed0ng tho\u00e1t: \u00d8 120mm<br \/>\n<\/span><\/li>\n<li><span class=\"fontstyle0\">K\u00edch th\u01b0\u1edbc s\u1ea3n ph\u1ea9m: 600\/700R x 505S x 150C mm<\/span><\/li>\n<\/ul>\n","protected":false},"excerpt":{"rendered":"<p>M\u00e1y h\u00fat m\u00f9i Eurosun EH-70C05D c\u1ed5 \u0111i\u1ec3n phong c\u00e1ch vintage v\u1edbi nh\u1eefng \u0111i\u1ec3m n\u1ed5i b\u1eadt \u0110\u1eb7c t\u00ednh s\u1ea3n ph\u1ea9m M\u00e1y h\u00fat m\u00f9i ki\u1ec3u d\u00e1ng c\u1ed5 \u0111i\u1ec3n vintage H\u1ec7 th\u1ed1ng h\u00fat x\u1ea3: Tu\u1ea7n ho\u00e0n Th\u00e2n m\u00e1y s\u01a1n t\u0129nh \u0111i\u1ec7n m\u00e0u \u0111en\/ k\u00ednh \u0110i\u1ec1u khi\u1ec3n ph\u00edm c\u01a1 3 t\u1ed1c \u0111\u1ed9 L\u01b0\u1edbi l\u1ecdc h\u1ee3p kim nh\u00f4m 5 l\u1edbp [&#8230;]\n","protected":false},"featured_media":620,"comment_status":"open","ping_status":"closed","template":"","meta":[],"product_brand":[],"product_cat":[599,132,106],"product_tag":[108,86,87,133,131],"class_list":{"0":"post-544","1":"product","2":"type-product","3":"status-publish","4":"has-post-thumbnail","6":"product_cat-may-hut-mui-eurosun","7":"product_cat-may-hut-mui-co-dien-classic","8":"product_cat-thuong-hieu-eurosun","9":"product_tag-eurosun","10":"product_tag-may-hut-mui","11":"product_tag-may-hut-mui-am-tu","12":"product_tag-may-hut-mui-co-dien","13":"product_tag-may-hut-mui-eurosun","15":"first","16":"instock","17":"sale","18":"shipping-taxable","19":"purchasable","20":"product-type-simple"},"_links":{"self":[{"href":"https:\/\/livinghome.vn\/thiet-bi\/wp-json\/wp\/v2\/product\/544","targetHints":{"allow":["GET"]}}],"collection":[{"href":"https:\/\/livinghome.vn\/thiet-bi\/wp-json\/wp\/v2\/product"}],"about":[{"href":"https:\/\/livinghome.vn\/thiet-bi\/wp-json\/wp\/v2\/types\/product"}],"replies":[{"embeddable":true,"href":"https:\/\/livinghome.vn\/thiet-bi\/wp-json\/wp\/v2\/comments?post=544"}],"wp:featuredmedia":[{"embeddable":true,"href":"https:\/\/livinghome.vn\/thiet-bi\/wp-json\/wp\/v2\/media\/620"}],"wp:attachment":[{"href":"https:\/\/livinghome.vn\/thiet-bi\/wp-json\/wp\/v2\/media?parent=544"}],"wp:term":[{"taxonomy":"product_brand","embeddable":true,"href":"https:\/\/livinghome.vn\/thiet-bi\/wp-json\/wp\/v2\/product_brand?post=544"},{"taxonomy":"product_cat","embeddable":true,"href":"https:\/\/livinghome.vn\/thiet-bi\/wp-json\/wp\/v2\/product_cat?post=544"},{"taxonomy":"product_tag","embeddable":true,"href":"https:\/\/livinghome.vn\/thiet-bi\/wp-json\/wp\/v2\/product_tag?post=544"}],"curies":[{"name":"wp","href":"https:\/\/api.w.org\/{rel}","templated":true}]}}