{"id":5426,"date":"2023-01-12T19:37:18","date_gmt":"2023-01-12T12:37:18","guid":{"rendered":"https:\/\/livinghome.vn\/thiet-bi\/?post_type=product&#038;p=5426"},"modified":"2024-11-29T14:19:24","modified_gmt":"2024-11-29T07:19:24","slug":"noi-chien-khong-dau-malloca-maf-09b-the-tich-3l-mau-den-trang-cao-cap-sang-trong","status":"publish","type":"product","link":"https:\/\/livinghome.vn\/thiet-bi\/noi-chien-khong-dau-malloca-maf-09b-the-tich-3l-mau-den-trang-cao-cap-sang-trong\/","title":{"rendered":"N\u1ed3i chi\u00ean kh\u00f4ng d\u1ea7u Malloca MAF-09B th\u1ec3 t\u00edch 3L m\u00e0u \u0111en tr\u1eafng cao c\u1ea5p sang tr\u1ecdng"},"content":{"rendered":"<h3>N\u1ed3i chi\u00ean kh\u00f4ng d\u1ea7u Malloca MAF-09B th\u1ec3 t\u00edch 3L m\u00e0u \u0111en tr\u1eafng cao c\u1ea5p sang tr\u1ecdng<\/h3>\n<figure id=\"attachment_55966\" aria-describedby=\"caption-attachment-55966\" style=\"width: 800px\" class=\"wp-caption alignnone\"><img loading=\"lazy\" decoding=\"async\" class=\"wp-image-55966 size-large\" src=\"https:\/\/livinghome.vn\/thiet-bi\/wp-content\/uploads\/nha-bep\/malloca\/dung-cu-nha-bep\/noi-chien-khong-dau-malloca-maf-09b\/noi-chien-khong-dau-malloca-maf-09b-1-800x800.jpg\" alt=\"N\u1ed3i chi\u00ean kh\u00f4ng d\u1ea7u Malloca MAF-09B th\u1ec3 t\u00edch 3L m\u00e0u \u0111en tr\u1eafng cao c\u1ea5p sang tr\u1ecdng\" width=\"800\" height=\"800\" title=\"\"><figcaption id=\"caption-attachment-55966\" class=\"wp-caption-text\">N\u1ed3i chi\u00ean kh\u00f4ng d\u1ea7u Malloca MAF-09B th\u1ec3 t\u00edch 3L m\u00e0u \u0111en tr\u1eafng cao c\u1ea5p sang tr\u1ecdng<\/figcaption><\/figure>\n<h3>T\u00ednh n\u0103ng c\u01a1 b\u1ea3n<\/h3>\n<ul>\n<li><a href=\"https:\/\/livinghome.vn\/thiet-bi\/gia-dung-khac\/\">N\u1ed3i chi\u00ean kh\u00f4ng d\u1ea7u<\/a><\/li>\n<li>Ch\u1ee9c n\u0103ng \u0111i\u1ec1u ch\u1ec9nh th\u1eddi gian v\u00e0 nhi\u1ec7t \u0111\u1ed9 trong qu\u00e1 tr\u00ecnh v\u1eadn h\u00e0nh<\/li>\n<li>L\u1eadp tr\u00ecnh s\u1eb5n 10 m\u00f3n \u0103n ph\u1ed5 bi\u1ebfn v\u00e0 5 ch\u1ee9c n\u0103ng th\u00f4ng d\u1ee5ng<\/li>\n<li>Hi\u1ec3n th\u1ecb th\u00f4ng s\u1ed1 tr\u00ean m\u00e0n h\u00ecnh LED<\/li>\n<li>B\u00e1o hi\u1ec7u b\u1eb1ng \u00e2m thanh khi ho\u00e0n th\u00e0nh qu\u00e1 tr\u00ecnh n\u1ea5u<\/li>\n<li>Khay chi\u00ean ch\u1ed1ng d\u00ednh d\u1ec5 d\u00e0ng th\u00e1o l\u1eafp v\u00e0 v\u1ec7 sinh sau khi s\u1eed d\u1ee5ng<\/li>\n<li>Gi\u1ea3m 80% l\u01b0\u1ee3ng d\u1ea7u \u0103n th\u00f4ng th\u01b0\u1eddng<\/li>\n<\/ul>\n<p>&nbsp;<\/p>\n<figure id=\"attachment_55963\" aria-describedby=\"caption-attachment-55963\" style=\"width: 800px\" class=\"wp-caption alignnone\"><img loading=\"lazy\" decoding=\"async\" class=\"wp-image-55963 size-large\" src=\"https:\/\/livinghome.vn\/thiet-bi\/wp-content\/uploads\/nha-bep\/malloca\/dung-cu-nha-bep\/noi-chien-khong-dau-malloca-maf-09b\/noi-chien-khong-dau-malloca-maf-09b-4-800x800.jpg\" alt=\"N\u1ed3i chi\u00ean kh\u00f4ng d\u1ea7u Malloca MAF-09B th\u1ec3 t\u00edch 3L m\u00e0u \u0111en tr\u1eafng cao c\u1ea5p sang tr\u1ecdng\" width=\"800\" height=\"800\" title=\"\"><figcaption id=\"caption-attachment-55963\" class=\"wp-caption-text\">N\u1ed3i chi\u00ean kh\u00f4ng d\u1ea7u Malloca MAF-09B th\u1ec3 t\u00edch 3L m\u00e0u \u0111en tr\u1eafng cao c\u1ea5p sang tr\u1ecdng<\/figcaption><\/figure>\n<p>N\u1ea5u \u0103n th\u1ecfa th\u00edch, ch\u1eb3ng ng\u1ea1i d\u1ea7u m\u1ee1, chuy\u1ec7n \u0103n m\u00f3n chi\u00ean r\u00e1n kh\u00f4ng c\u00f2n l\u00e0 v\u1ea5n \u0111\u1ec1 n\u1eefa v\u1edbi n\u1ed3i chi\u00ean kh\u00f4ng d\u1ea7u MAF-09B c\u00f3 dung t\u00edch 3L, c\u00f4ng su\u1ea5t 1300W, 10 ch\u1ee9c n\u0103ng menu.<\/p>\n<p>N\u1ed3i chi\u00ean kh\u00f4ng d\u1ea7u MAF-09B l\u00e0 s\u1ea3n ph\u1ea9m n\u1ed3i chi\u00ean m\u1edbi nh\u1ea5t c\u1ee7a Malloca, k\u00edch th\u01b0\u1edbc c\u1ef1c \u0111\u1ea1i, s\u1edf h\u1eefu ki\u1ec3u d\u00e1ng hi\u1ec7n \u0111\u1ea1i v\u00e0 tinh t\u1ebf. M\u00e0u \u0111en l\u00e0 t\u00f4ng m\u00e0u ch\u1ee7 \u0111\u1ea1o tr\u00ean n\u1ed3i chi\u00ean mang l\u1ea1i c\u1ea3m gi\u00e1c sang tr\u1ecdng v\u00e0 ph\u00f9 h\u1ee3p v\u1edbi m\u1ecdi kh\u00f4ng gian n\u1ed9i th\u1ea5t.<\/p>\n<figure id=\"attachment_55961\" aria-describedby=\"caption-attachment-55961\" style=\"width: 800px\" class=\"wp-caption alignnone\"><img loading=\"lazy\" decoding=\"async\" class=\"wp-image-55961 size-large\" src=\"https:\/\/livinghome.vn\/thiet-bi\/wp-content\/uploads\/nha-bep\/malloca\/dung-cu-nha-bep\/noi-chien-khong-dau-malloca-maf-09b\/noi-chien-khong-dau-malloca-maf-09b-6-800x800.jpg\" alt=\"N\u1ed3i chi\u00ean kh\u00f4ng d\u1ea7u Malloca MAF-09B th\u1ec3 t\u00edch 3L m\u00e0u \u0111en tr\u1eafng cao c\u1ea5p sang tr\u1ecdng\" width=\"800\" height=\"800\" title=\"\"><figcaption id=\"caption-attachment-55961\" class=\"wp-caption-text\">N\u1ed3i chi\u00ean kh\u00f4ng d\u1ea7u Malloca MAF-09B th\u1ec3 t\u00edch 3L m\u00e0u \u0111en tr\u1eafng cao c\u1ea5p sang tr\u1ecdng<\/figcaption><\/figure>\n<p>N\u1ed3i chi\u00ean kh\u00f4ng d\u1ea7u MAF-09B Malloca ch\u1ea5t li\u1ec7u v\u1ecf b\u1eb1ng nh\u1ef1a gi\u00fap ng\u01b0\u1eddi d\u00f9ng d\u1ec5 d\u00e0ng v\u1ec7 sinh sau khi s\u1eed d\u1ee5ng. Ph\u1ea7n v\u1ecf thi\u1ebft k\u1ebf si\u00eau b\u1ec1n c\u00f3 kh\u1ea3 n\u0103ng ch\u1ecbu nhi\u1ec7t, ch\u1ecbu l\u1ef1c t\u1ed1t, b\u1ec1 m\u1eb7t b\u00f3ng kh\u00f3 b\u1ecb b\u00e1m b\u1ea9n v\u00e0 d\u1ec5 d\u00e0ng v\u1ec7 sinh.<\/p>\n<p>C\u00f9ng ch\u1ebf \u0111\u1ed9 h\u1eb9n gi\u1edd th\u00f4ng minh gi\u00fap vi\u1ec7c n\u1ea5u n\u01b0\u1edbng tr\u1edf n\u00ean nhanh ch\u00f3ng, kh\u00f4ng g\u00e2y m\u00f9i hay kh\u00f3i kh\u00f3 ch\u1ecbu trong nh\u00e0 m\u00e0 v\u1eabn \u0111\u1ea3m b\u1ea3o h\u01b0\u01a1ng v\u1ecb m\u00f3n \u0103n.<\/p>\n<p>Sau nh\u1eefng l\u1ea7n s\u1eed d\u1ee5ng, b\u1ea1n s\u1ebd d\u1ec5 d\u00e0ng lau ch\u00f9i n\u1ed3i chi\u00ean nh\u1edd c\u1ea5u t\u1ea1o r\u00e1 v\u00e0 khay chi\u00ean r\u1eddi nhau. Ch\u1ea5t li\u1ec7u nh\u1ef1a cao c\u1ea5p, b\u1ec1n \u0111\u1eb9p c\u00f3 kh\u1ea3 n\u0103ng ch\u1ecbu nhi\u1ec7t, ch\u1ecbu l\u1ef1c t\u1ed1t.<\/p>\n<h3>Th\u00f4ng s\u1ed1 k\u1ef9 thu\u1eadt<\/h3>\n<ul>\n<li>C\u00f4ng su\u1ea5t: 1300W<\/li>\n<li>Th\u1ec3 t\u00edch: 3L<\/li>\n<\/ul>\n<h3>Xu\u1ea5t x\u1ee9: Trung Qu\u1ed1c (theo b\u1ea3n quy\u1ec1n Malloca)<\/h3>\n<div><\/div>\n","protected":false},"excerpt":{"rendered":"<p>N\u1ed3i chi\u00ean kh\u00f4ng d\u1ea7u Malloca MAF-09B th\u1ec3 t\u00edch 3L m\u00e0u \u0111en tr\u1eafng cao c\u1ea5p sang tr\u1ecdng T\u00ednh n\u0103ng c\u01a1 b\u1ea3n N\u1ed3i chi\u00ean kh\u00f4ng d\u1ea7u Ch\u1ee9c n\u0103ng \u0111i\u1ec1u ch\u1ec9nh th\u1eddi gian v\u00e0 nhi\u1ec7t \u0111\u1ed9 trong qu\u00e1 tr\u00ecnh v\u1eadn h\u00e0nh L\u1eadp tr\u00ecnh s\u1eb5n 10 m\u00f3n \u0103n ph\u1ed5 bi\u1ebfn v\u00e0 5 ch\u1ee9c n\u0103ng th\u00f4ng d\u1ee5ng Hi\u1ec3n th\u1ecb th\u00f4ng [&#8230;]\n","protected":false},"featured_media":5526,"comment_status":"open","ping_status":"closed","template":"","meta":[],"product_brand":[],"product_cat":[101,262],"product_tag":[270,104,544],"class_list":{"0":"post-5426","1":"product","2":"type-product","3":"status-publish","4":"has-post-thumbnail","6":"product_cat-gia-dung-khac","7":"product_cat-thuong-hieu-malloca","8":"product_tag-malloca","9":"product_tag-noi-chien-khong-dau","10":"product_tag-noi-chien-khong-dau-malloca","12":"first","13":"instock","14":"sale","15":"shipping-taxable","16":"purchasable","17":"product-type-simple"},"_links":{"self":[{"href":"https:\/\/livinghome.vn\/thiet-bi\/wp-json\/wp\/v2\/product\/5426","targetHints":{"allow":["GET"]}}],"collection":[{"href":"https:\/\/livinghome.vn\/thiet-bi\/wp-json\/wp\/v2\/product"}],"about":[{"href":"https:\/\/livinghome.vn\/thiet-bi\/wp-json\/wp\/v2\/types\/product"}],"replies":[{"embeddable":true,"href":"https:\/\/livinghome.vn\/thiet-bi\/wp-json\/wp\/v2\/comments?post=5426"}],"wp:featuredmedia":[{"embeddable":true,"href":"https:\/\/livinghome.vn\/thiet-bi\/wp-json\/wp\/v2\/media\/5526"}],"wp:attachment":[{"href":"https:\/\/livinghome.vn\/thiet-bi\/wp-json\/wp\/v2\/media?parent=5426"}],"wp:term":[{"taxonomy":"product_brand","embeddable":true,"href":"https:\/\/livinghome.vn\/thiet-bi\/wp-json\/wp\/v2\/product_brand?post=5426"},{"taxonomy":"product_cat","embeddable":true,"href":"https:\/\/livinghome.vn\/thiet-bi\/wp-json\/wp\/v2\/product_cat?post=5426"},{"taxonomy":"product_tag","embeddable":true,"href":"https:\/\/livinghome.vn\/thiet-bi\/wp-json\/wp\/v2\/product_tag?post=5426"}],"curies":[{"name":"wp","href":"https:\/\/api.w.org\/{rel}","templated":true}]}}