{"id":5425,"date":"2023-01-12T19:37:18","date_gmt":"2023-01-12T12:37:18","guid":{"rendered":"https:\/\/livinghome.vn\/thiet-bi\/?post_type=product&#038;p=5425"},"modified":"2024-11-29T14:19:24","modified_gmt":"2024-11-29T07:19:24","slug":"noi-chien-khong-dau-malloca-maf-06-dung-tich-6l-kieu-dang-hien-dai-tinh-te","status":"publish","type":"product","link":"https:\/\/livinghome.vn\/thiet-bi\/noi-chien-khong-dau-malloca-maf-06-dung-tich-6l-kieu-dang-hien-dai-tinh-te\/","title":{"rendered":"N\u1ed3i chi\u00ean kh\u00f4ng d\u1ea7u Malloca MAF-06 dung t\u00edch 6L ki\u1ec3u d\u00e1ng hi\u1ec7n \u0111\u1ea1i tinh t\u1ebf"},"content":{"rendered":"<h3>N\u1ed3i chi\u00ean kh\u00f4ng d\u1ea7u Malloca MAF-06 dung t\u00edch 6L ki\u1ec3u d\u00e1ng hi\u1ec7n \u0111\u1ea1i tinh t\u1ebf<\/h3>\n<figure id=\"attachment_55953\" aria-describedby=\"caption-attachment-55953\" style=\"width: 800px\" class=\"wp-caption alignnone\"><img loading=\"lazy\" decoding=\"async\" class=\"wp-image-55953 size-large\" src=\"https:\/\/livinghome.vn\/thiet-bi\/wp-content\/uploads\/nha-bep\/malloca\/dung-cu-nha-bep\/noi-chien-khong-dau-malloca-maf-06\/noi-chien-khong-dau-malloca-maf-06-7-800x800.jpg\" alt=\"N\u1ed3i chi\u00ean kh\u00f4ng d\u1ea7u Malloca MAF-06 dung t\u00edch 6L ki\u1ec3u d\u00e1ng hi\u1ec7n \u0111\u1ea1i tinh t\u1ebf\" width=\"800\" height=\"800\" title=\"\"><figcaption id=\"caption-attachment-55953\" class=\"wp-caption-text\">N\u1ed3i chi\u00ean kh\u00f4ng d\u1ea7u Malloca MAF-06 dung t\u00edch 6L ki\u1ec3u d\u00e1ng hi\u1ec7n \u0111\u1ea1i tinh t\u1ebf<\/figcaption><\/figure>\n<h3>T\u00ednh n\u0103ng c\u01a1 b\u1ea3n<\/h3>\n<ul>\n<li><a href=\"https:\/\/livinghome.vn\/thiet-bi\/gia-dung-khac\/\">N\u1ed3i chi\u00ean kh\u00f4ng d\u1ea7u<\/a><\/li>\n<li>Ch\u1ee9c n\u0103ng \u0111i\u1ec1u ch\u1ec9nh th\u1eddi gian v\u00e0 nhi\u1ec7t \u0111\u1ed9 trong qu\u00e1 tr\u00ecnh v\u1eadn h\u00e0nh<\/li>\n<li>\u0110i\u1ec1u ch\u1ec9nh nhi\u1ec7t \u0111\u1ed9 60oC \u2013 200oC<\/li>\n<li>10 ch\u1ee9c n\u0103ng menu<\/li>\n<li>Hi\u1ec3n th\u1ecb th\u00f4ng s\u1ed1 tr\u00ean m\u00e0n h\u00ecnh LED<\/li>\n<li>B\u00e1o hi\u1ec7u b\u1eb1ng \u00e2m thanh khi ho\u00e0n th\u00e0nh qu\u00e1 tr\u00ecnh n\u1ea5u<\/li>\n<li>D\u1ec5 d\u00e0ng v\u1ec7 sinh, th\u1ef1c ph\u1ea9m kh\u00f4ng b\u1ecb \u00e1m m\u00f9i<\/li>\n<li>Gi\u1ea3m 80% l\u01b0\u1ee3ng d\u1ea7u \u0103n th\u00f4ng th\u01b0\u1eddng<\/li>\n<\/ul>\n<figure id=\"attachment_55956\" aria-describedby=\"caption-attachment-55956\" style=\"width: 800px\" class=\"wp-caption alignnone\"><img loading=\"lazy\" decoding=\"async\" class=\"wp-image-55956 size-large\" src=\"https:\/\/livinghome.vn\/thiet-bi\/wp-content\/uploads\/nha-bep\/malloca\/dung-cu-nha-bep\/noi-chien-khong-dau-malloca-maf-06\/noi-chien-khong-dau-malloca-maf-06-4-800x800.jpg\" alt=\"N\u1ed3i chi\u00ean kh\u00f4ng d\u1ea7u Malloca MAF-06 dung t\u00edch 6L ki\u1ec3u d\u00e1ng hi\u1ec7n \u0111\u1ea1i tinh t\u1ebf\" width=\"800\" height=\"800\" title=\"\"><figcaption id=\"caption-attachment-55956\" class=\"wp-caption-text\">N\u1ed3i chi\u00ean kh\u00f4ng d\u1ea7u Malloca MAF-06 dung t\u00edch 6L ki\u1ec3u d\u00e1ng hi\u1ec7n \u0111\u1ea1i tinh t\u1ebf<\/figcaption><\/figure>\n<p>N\u1ea5u \u0103n th\u1ecfa th\u00edch, ch\u1eb3ng ng\u1ea1i d\u1ea7u m\u1ee1, chuy\u1ec7n \u0103n m\u00f3n chi\u00ean r\u00e1n kh\u00f4ng c\u00f2n l\u00e0 v\u1ea5n \u0111\u1ec1 n\u1eefa v\u1edbi n\u1ed3i chi\u00ean kh\u00f4ng d\u1ea7u MAF-06 c\u00f3 dung t\u00edch 6L, c\u00f4ng su\u1ea5t 1700W, 10 ch\u1ee9c n\u0103ng menu.<\/p>\n<p>N\u1ed3i chi\u00ean kh\u00f4ng d\u1ea7u MAF-06 l\u00e0 s\u1ea3n ph\u1ea9m n\u1ed3i chi\u00ean m\u1edbi nh\u1ea5t c\u1ee7a Malloca, k\u00edch th\u01b0\u1edbc c\u1ef1c \u0111\u1ea1i, s\u1edf h\u1eefu ki\u1ec3u d\u00e1ng hi\u1ec7n \u0111\u1ea1i v\u00e0 tinh t\u1ebf. M\u00e0u \u0111en l\u00e0 t\u00f4ng m\u00e0u ch\u1ee7 \u0111\u1ea1o tr\u00ean n\u1ed3i chi\u00ean mang l\u1ea1i c\u1ea3m gi\u00e1c sang tr\u1ecdng v\u00e0 ph\u00f9 h\u1ee3p v\u1edbi m\u1ecdi kh\u00f4ng gian n\u1ed9i th\u1ea5t.<\/p>\n<figure id=\"attachment_55957\" aria-describedby=\"caption-attachment-55957\" style=\"width: 800px\" class=\"wp-caption alignnone\"><img loading=\"lazy\" decoding=\"async\" class=\"wp-image-55957 size-large\" src=\"https:\/\/livinghome.vn\/thiet-bi\/wp-content\/uploads\/nha-bep\/malloca\/dung-cu-nha-bep\/noi-chien-khong-dau-malloca-maf-06\/noi-chien-khong-dau-malloca-maf-06-3-800x800.jpg\" alt=\"N\u1ed3i chi\u00ean kh\u00f4ng d\u1ea7u Malloca MAF-06 dung t\u00edch 6L ki\u1ec3u d\u00e1ng hi\u1ec7n \u0111\u1ea1i tinh t\u1ebf\" width=\"800\" height=\"800\" title=\"\"><figcaption id=\"caption-attachment-55957\" class=\"wp-caption-text\">N\u1ed3i chi\u00ean kh\u00f4ng d\u1ea7u Malloca MAF-06 dung t\u00edch 6L ki\u1ec3u d\u00e1ng hi\u1ec7n \u0111\u1ea1i tinh t\u1ebf<\/figcaption><\/figure>\n<p>N\u1ed3i chi\u00ean kh\u00f4ng d\u1ea7u MAF-06 Malloca c\u00f3 dung t\u00edch kh\u00e1 l\u1edbn &#8211; 6 l\u00edt ph\u00f9 h\u1ee3p v\u1edbi nh\u1eefng gia \u0111\u00ecnh c\u00f3 5-6 ng\u01b0\u1eddi tr\u1edf l\u00ean. Ch\u1ea5t li\u1ec7u v\u1ecf b\u1eb1ng nh\u1ef1a gi\u00fap ng\u01b0\u1eddi d\u00f9ng d\u1ec5 d\u00e0ng v\u1ec7 sinh sau khi s\u1eed d\u1ee5ng. Ph\u1ea7n v\u1ecf thi\u1ebft k\u1ebf si\u00eau b\u1ec1n c\u00f3 kh\u1ea3 n\u0103ng ch\u1ecbu nhi\u1ec7t, ch\u1ecbu l\u1ef1c t\u1ed1t, b\u1ec1 m\u1eb7t b\u00f3ng kh\u00f3 b\u1ecb b\u00e1m b\u1ea9n v\u00e0 d\u1ec5 d\u00e0ng v\u1ec7 sinh.<\/p>\n<p>C\u00f9ng ch\u1ebf \u0111\u1ed9 h\u1eb9n gi\u1edd th\u00f4ng minh gi\u00fap vi\u1ec7c n\u1ea5u n\u01b0\u1edbng tr\u1edf n\u00ean nhanh ch\u00f3ng, kh\u00f4ng g\u00e2y m\u00f9i hay kh\u00f3i kh\u00f3 ch\u1ecbu trong nh\u00e0 m\u00e0 v\u1eabn \u0111\u1ea3m b\u1ea3o h\u01b0\u01a1ng v\u1ecb m\u00f3n \u0103n.<\/p>\n<p>Sau nh\u1eefng l\u1ea7n s\u1eed d\u1ee5ng, b\u1ea1n s\u1ebd d\u1ec5 d\u00e0ng lau ch\u00f9i n\u1ed3i chi\u00ean nh\u1edd c\u1ea5u t\u1ea1o r\u00e1 v\u00e0 khay chi\u00ean r\u1eddi nhau. Ch\u1ea5t li\u1ec7u nh\u1ef1a cao c\u1ea5p, b\u1ec1n \u0111\u1eb9p c\u00f3 kh\u1ea3 n\u0103ng ch\u1ecbu nhi\u1ec7t, ch\u1ecbu l\u1ef1c t\u1ed1t.<\/p>\n<h3>Th\u00f4ng s\u1ed1 k\u1ef9 thu\u1eadt<\/h3>\n<ul>\n<li>C\u00f4ng su\u1ea5t: 1700W<\/li>\n<li>Th\u1ec3 t\u00edch: 6L<\/li>\n<\/ul>\n<p>&nbsp;<\/p>\n<h3>Xu\u1ea5t x\u1ee9: Trung Qu\u1ed1c (theo b\u1ea3n quy\u1ec1n Malloca)<\/h3>\n<div><\/div>\n","protected":false},"excerpt":{"rendered":"<p>N\u1ed3i chi\u00ean kh\u00f4ng d\u1ea7u Malloca MAF-06 dung t\u00edch 6L ki\u1ec3u d\u00e1ng hi\u1ec7n \u0111\u1ea1i tinh t\u1ebf T\u00ednh n\u0103ng c\u01a1 b\u1ea3n N\u1ed3i chi\u00ean kh\u00f4ng d\u1ea7u Ch\u1ee9c n\u0103ng \u0111i\u1ec1u ch\u1ec9nh th\u1eddi gian v\u00e0 nhi\u1ec7t \u0111\u1ed9 trong qu\u00e1 tr\u00ecnh v\u1eadn h\u00e0nh \u0110i\u1ec1u ch\u1ec9nh nhi\u1ec7t \u0111\u1ed9 60oC \u2013 200oC 10 ch\u1ee9c n\u0103ng menu Hi\u1ec3n th\u1ecb th\u00f4ng s\u1ed1 tr\u00ean m\u00e0n h\u00ecnh [&#8230;]\n","protected":false},"featured_media":5519,"comment_status":"open","ping_status":"closed","template":"","meta":[],"product_brand":[],"product_cat":[101,262],"product_tag":[270,104,544],"class_list":{"0":"post-5425","1":"product","2":"type-product","3":"status-publish","4":"has-post-thumbnail","6":"product_cat-gia-dung-khac","7":"product_cat-thuong-hieu-malloca","8":"product_tag-malloca","9":"product_tag-noi-chien-khong-dau","10":"product_tag-noi-chien-khong-dau-malloca","12":"first","13":"instock","14":"sale","15":"shipping-taxable","16":"purchasable","17":"product-type-simple"},"_links":{"self":[{"href":"https:\/\/livinghome.vn\/thiet-bi\/wp-json\/wp\/v2\/product\/5425","targetHints":{"allow":["GET"]}}],"collection":[{"href":"https:\/\/livinghome.vn\/thiet-bi\/wp-json\/wp\/v2\/product"}],"about":[{"href":"https:\/\/livinghome.vn\/thiet-bi\/wp-json\/wp\/v2\/types\/product"}],"replies":[{"embeddable":true,"href":"https:\/\/livinghome.vn\/thiet-bi\/wp-json\/wp\/v2\/comments?post=5425"}],"wp:featuredmedia":[{"embeddable":true,"href":"https:\/\/livinghome.vn\/thiet-bi\/wp-json\/wp\/v2\/media\/5519"}],"wp:attachment":[{"href":"https:\/\/livinghome.vn\/thiet-bi\/wp-json\/wp\/v2\/media?parent=5425"}],"wp:term":[{"taxonomy":"product_brand","embeddable":true,"href":"https:\/\/livinghome.vn\/thiet-bi\/wp-json\/wp\/v2\/product_brand?post=5425"},{"taxonomy":"product_cat","embeddable":true,"href":"https:\/\/livinghome.vn\/thiet-bi\/wp-json\/wp\/v2\/product_cat?post=5425"},{"taxonomy":"product_tag","embeddable":true,"href":"https:\/\/livinghome.vn\/thiet-bi\/wp-json\/wp\/v2\/product_tag?post=5425"}],"curies":[{"name":"wp","href":"https:\/\/api.w.org\/{rel}","templated":true}]}}