{"id":5424,"date":"2023-01-12T19:37:18","date_gmt":"2023-01-12T12:37:18","guid":{"rendered":"https:\/\/livinghome.vn\/thiet-bi\/?post_type=product&#038;p=5424"},"modified":"2024-11-29T14:19:24","modified_gmt":"2024-11-29T07:19:24","slug":"may-nuoc-nong-lanh-malloca-mwd-1834b-mau-bac-sang-trong-thiet-ke-hai-hoa","status":"publish","type":"product","link":"https:\/\/livinghome.vn\/thiet-bi\/may-nuoc-nong-lanh-malloca-mwd-1834b-mau-bac-sang-trong-thiet-ke-hai-hoa\/","title":{"rendered":"M\u00e1y n\u01b0\u1edbc n\u00f3ng l\u1ea1nh Malloca MWD-1834B m\u00e0u b\u1ea1c sang tr\u1ecdng, thi\u1ebft k\u1ebf h\u00e0i h\u00f2a"},"content":{"rendered":"<h3>M\u00e1y n\u01b0\u1edbc n\u00f3ng l\u1ea1nh Malloca MWD-1834B m\u00e0u b\u1ea1c sang tr\u1ecdng, thi\u1ebft k\u1ebf h\u00e0i h\u00f2a<\/h3>\n<figure id=\"attachment_55950\" aria-describedby=\"caption-attachment-55950\" style=\"width: 800px\" class=\"wp-caption alignnone\"><img loading=\"lazy\" decoding=\"async\" class=\"wp-image-55950 size-large\" src=\"https:\/\/livinghome.vn\/thiet-bi\/wp-content\/uploads\/nha-bep\/malloca\/dung-cu-nha-bep\/may-nuoc-nong-lanh-malloca-mwd-1834b\/may-nuoc-nong-lanh-malloca-mwd-1834b-3-800x800.jpg\" alt=\"M\u00e1y n\u01b0\u1edbc n\u00f3ng l\u1ea1nh Malloca MWD-1834B m\u00e0u b\u1ea1c sang tr\u1ecdng, thi\u1ebft k\u1ebf h\u00e0i h\u00f2a\" width=\"800\" height=\"800\" title=\"\"><figcaption id=\"caption-attachment-55950\" class=\"wp-caption-text\">M\u00e1y n\u01b0\u1edbc n\u00f3ng l\u1ea1nh Malloca MWD-1834B m\u00e0u b\u1ea1c sang tr\u1ecdng, thi\u1ebft k\u1ebf h\u00e0i h\u00f2a<\/figcaption><\/figure>\n<h3>T\u00ednh n\u0103ng c\u01a1 b\u1ea3n<\/h3>\n<ul>\n<li><a href=\"https:\/\/livinghome.vn\/thiet-bi\/gia-dung-khac\/may-loc-khong-khi\/\">M\u00e1y n\u00f3ng l\u1ea1nh<\/a> &#8211; M\u00e1y n\u01b0\u1edbc n\u00f3ng l\u1ea1nh<\/li>\n<li>M\u00e1y n\u01b0\u1edbc n\u00f3ng l\u1ea1nh<\/li>\n<li>Nhi\u1ec7t \u0111\u1ed9 n\u01b0\u1edbc n\u00f3ng \u2265 85\u2103, n\u01b0\u1edbc l\u1ea1nh \u2264 10\u2103<\/li>\n<li>\u0110i\u1ec1u khi\u1ec3n c\u1ea3m \u1ee9ng<\/li>\n<li>M\u00e0n h\u00ecnh LED hi\u1ec3n th\u1ecb th\u1eddi gian v\u00e0 nhi\u1ec7t \u0111\u1ed9 n\u01b0\u1edbc<\/li>\n<li>Ch\u1ee9c n\u0103ng kh\u00f3a v\u00f2i n\u01b0\u1edbc n\u00f3ng an to\u00e0n<\/li>\n<li>H\u1ec7 th\u1ed1ng \u0111\u00e8n b\u00e1o khi l\u01b0\u1ee3ng n\u01b0\u1edbc kh\u00f4ng \u0111\u1ee7 cung c\u1ea5p<\/li>\n<li>B\u00ecnh c\u1ea5p n\u01b0\u1edbc \u0111\u1eb7t ph\u00eda d\u01b0\u1edbi, d\u1ec5 d\u00e0ng thay th\u1ebf<\/li>\n<li>H\u1ec7 th\u1ed1ng l\u00e0m l\u1ea1nh b\u1eb1ng m\u00e1y n\u00e9n<\/li>\n<\/ul>\n<figure id=\"attachment_55948\" aria-describedby=\"caption-attachment-55948\" style=\"width: 800px\" class=\"wp-caption alignnone\"><img loading=\"lazy\" decoding=\"async\" class=\"wp-image-55948 size-large\" src=\"https:\/\/livinghome.vn\/thiet-bi\/wp-content\/uploads\/nha-bep\/malloca\/dung-cu-nha-bep\/may-nuoc-nong-lanh-malloca-mwd-1834b\/may-nuoc-nong-lanh-malloca-mwd-1834b-5-800x800.jpg\" alt=\"M\u00e1y n\u01b0\u1edbc n\u00f3ng l\u1ea1nh Malloca MWD-1834B b\u1eb1ng ch\u1ea5t li\u1ec7u inox k\u1ebft h\u1ee3p v\u1edbi nh\u1ef1a cao c\u1ea5p\" width=\"800\" height=\"800\" title=\"\"><figcaption id=\"caption-attachment-55948\" class=\"wp-caption-text\">M\u00e1y n\u01b0\u1edbc n\u00f3ng l\u1ea1nh Malloca MWD-1834B b\u1eb1ng ch\u1ea5t li\u1ec7u inox k\u1ebft h\u1ee3p v\u1edbi nh\u1ef1a cao c\u1ea5p<\/figcaption><\/figure>\n<p>Th\u00e2n m\u00e1y b\u1eb1ng ch\u1ea5t li\u1ec7u inox k\u1ebft h\u1ee3p v\u1edbi nh\u1ef1a cao c\u1ea5p c\u00f3 \u0111\u1ed9 b\u1ec1n t\u1ed1t, tr\u1eef n\u01b0\u1edbc an to\u00e0n, tr\u00e1nh m\u00f9i h\u00f4i.<\/p>\n<figure id=\"attachment_55946\" aria-describedby=\"caption-attachment-55946\" style=\"width: 800px\" class=\"wp-caption alignnone\"><img loading=\"lazy\" decoding=\"async\" class=\"wp-image-55946 size-large\" src=\"https:\/\/livinghome.vn\/thiet-bi\/wp-content\/uploads\/nha-bep\/malloca\/dung-cu-nha-bep\/may-nuoc-nong-lanh-malloca-mwd-1834b\/may-nuoc-nong-lanh-malloca-mwd-1834b-7-800x800.jpg\" alt=\"M\u00e1y n\u01b0\u1edbc n\u00f3ng l\u1ea1nh Malloca MWD-1834B trang b\u1ecb b\u1ea3ng \u0111i\u1ec1u khi\u1ec3n b\u1eb1ng c\u1ea3m \u1ee9ng \u0111i k\u00e8m v\u1edbi m\u00e0n h\u00ecnh hi\u1ec3n th\u1ecb LED\" width=\"800\" height=\"800\" title=\"\"><figcaption id=\"caption-attachment-55946\" class=\"wp-caption-text\">M\u00e1y n\u01b0\u1edbc n\u00f3ng l\u1ea1nh Malloca MWD-1834B m\u00e0u b\u1ea1c sang tr\u1ecdng, thi\u1ebft k\u1ebf h\u00e0i h\u00f2a<\/figcaption><\/figure>\n<p>M\u00e1y n\u01b0\u1edbc n\u00f3ng l\u1ea1nh Malloca MWD-1834B trang b\u1ecb b\u1ea3ng \u0111i\u1ec1u khi\u1ec3n b\u1eb1ng c\u1ea3m \u1ee9ng \u0111i k\u00e8m v\u1edbi m\u00e0n h\u00ecnh hi\u1ec3n th\u1ecb LED, gi\u00fap b\u1ea1n d\u1ec5 d\u00e0ng \u0111i\u1ec1u ch\u1ec9nh \u0111\u01b0\u1ee3c nhi\u1ec7t \u0111\u1ed9 n\u01b0\u1edbc n\u00f3ng ho\u1eb7c l\u1ea1nh t\u00f9y theo nhu c\u1ea7u v\u00e0 s\u1edf th\u00edch\u00a0 c\u1ee7a m\u00ecnh.<\/p>\n<h3>Th\u00f4ng s\u1ed1 k\u1ef9 thu\u1eadt<\/h3>\n<ul>\n<li>\u0110i\u1ec7n \u00e1p: 220-240V\/50Hz<\/li>\n<li>Ngu\u1ed3n n\u00f3ng 420W<\/li>\n<li>Ngu\u1ed3n l\u1ea1nh 100 W<\/li>\n<li>K\u00edch th\u01b0\u1edbc: W310 x D340 x H1040mm<\/li>\n<\/ul>\n<h3>Xu\u1ea5t x\u1ee9: Trung Qu\u1ed1c (theo b\u1ea3n quy\u1ec1n Malloca)<\/h3>\n<div><\/div>\n","protected":false},"excerpt":{"rendered":"<p>M\u00e1y n\u01b0\u1edbc n\u00f3ng l\u1ea1nh Malloca MWD-1834B m\u00e0u b\u1ea1c sang tr\u1ecdng, thi\u1ebft k\u1ebf h\u00e0i h\u00f2a T\u00ednh n\u0103ng c\u01a1 b\u1ea3n M\u00e1y n\u00f3ng l\u1ea1nh &#8211; M\u00e1y n\u01b0\u1edbc n\u00f3ng l\u1ea1nh M\u00e1y n\u01b0\u1edbc n\u00f3ng l\u1ea1nh Nhi\u1ec7t \u0111\u1ed9 n\u01b0\u1edbc n\u00f3ng \u2265 85\u2103, n\u01b0\u1edbc l\u1ea1nh \u2264 10\u2103 \u0110i\u1ec1u khi\u1ec3n c\u1ea3m \u1ee9ng M\u00e0n h\u00ecnh LED hi\u1ec3n th\u1ecb th\u1eddi gian v\u00e0 nhi\u1ec7t \u0111\u1ed9 n\u01b0\u1edbc [&#8230;]\n","protected":false},"featured_media":5512,"comment_status":"open","ping_status":"closed","template":"","meta":[],"product_brand":[],"product_cat":[540,262],"product_tag":[270,541,542,543],"class_list":{"0":"post-5424","1":"product","2":"type-product","3":"status-publish","4":"has-post-thumbnail","6":"product_cat-may-nong-lanh","7":"product_cat-thuong-hieu-malloca","8":"product_tag-malloca","9":"product_tag-may-nong-lanh","10":"product_tag-may-nuoc-nong-lanh","11":"product_tag-may-nuoc-nong-lanh-malloca","13":"first","14":"instock","15":"sale","16":"shipping-taxable","17":"purchasable","18":"product-type-simple"},"_links":{"self":[{"href":"https:\/\/livinghome.vn\/thiet-bi\/wp-json\/wp\/v2\/product\/5424","targetHints":{"allow":["GET"]}}],"collection":[{"href":"https:\/\/livinghome.vn\/thiet-bi\/wp-json\/wp\/v2\/product"}],"about":[{"href":"https:\/\/livinghome.vn\/thiet-bi\/wp-json\/wp\/v2\/types\/product"}],"replies":[{"embeddable":true,"href":"https:\/\/livinghome.vn\/thiet-bi\/wp-json\/wp\/v2\/comments?post=5424"}],"wp:featuredmedia":[{"embeddable":true,"href":"https:\/\/livinghome.vn\/thiet-bi\/wp-json\/wp\/v2\/media\/5512"}],"wp:attachment":[{"href":"https:\/\/livinghome.vn\/thiet-bi\/wp-json\/wp\/v2\/media?parent=5424"}],"wp:term":[{"taxonomy":"product_brand","embeddable":true,"href":"https:\/\/livinghome.vn\/thiet-bi\/wp-json\/wp\/v2\/product_brand?post=5424"},{"taxonomy":"product_cat","embeddable":true,"href":"https:\/\/livinghome.vn\/thiet-bi\/wp-json\/wp\/v2\/product_cat?post=5424"},{"taxonomy":"product_tag","embeddable":true,"href":"https:\/\/livinghome.vn\/thiet-bi\/wp-json\/wp\/v2\/product_tag?post=5424"}],"curies":[{"name":"wp","href":"https:\/\/api.w.org\/{rel}","templated":true}]}}