{"id":5389,"date":"2023-01-12T19:36:31","date_gmt":"2023-01-12T12:36:31","guid":{"rendered":"https:\/\/livinghome.vn\/thiet-bi\/?post_type=product&#038;p=5389"},"modified":"2024-11-29T14:19:26","modified_gmt":"2024-11-29T07:19:26","slug":"bo-noi-malloca-sa-2030-inox-6-mon-cao-cap","status":"publish","type":"product","link":"https:\/\/livinghome.vn\/thiet-bi\/bo-noi-malloca-sa-2030-inox-6-mon-cao-cap\/","title":{"rendered":"B\u1ed9 n\u1ed3i Malloca SA-2030 inox 6 m\u00f3n cao c\u1ea5p"},"content":{"rendered":"<h3>B\u1ed9 n\u1ed3i Malloca SA-2030 inox 6 m\u00f3n cao c\u1ea5p d\u1ec5 d\u00e0ng s\u1eed d\u1ee5ng \u0111\u01b0\u1ee3c c\u1ea3 tr\u00ean b\u1ebfp ga, b\u1ebfp \u0111i\u1ec7n, b\u1ebfp t\u1eeb.<\/h3>\n<figure id=\"attachment_55929\" aria-describedby=\"caption-attachment-55929\" style=\"width: 800px\" class=\"wp-caption alignnone\"><img loading=\"lazy\" decoding=\"async\" class=\"wp-image-55929 size-large\" src=\"https:\/\/livinghome.vn\/thiet-bi\/wp-content\/uploads\/nha-bep\/malloca\/dung-cu-nha-bep\/bo-noi-inox-malloca-sa-2030\/noi-inox-malloca-sa-2030-3-800x800.jpg\" alt=\"B\u1ed9 n\u1ed3i Malloca SA-2030 inox 6 m\u00f3n cao c\u1ea5p\" width=\"800\" height=\"800\" title=\"\"><figcaption id=\"caption-attachment-55929\" class=\"wp-caption-text\">B\u1ed9 n\u1ed3i Malloca SA-2030 inox 6 m\u00f3n cao c\u1ea5p v\u1edbi ch\u1ea5t li\u1ec7u an to\u00e0n, thi\u1ebft k\u1ebf ch\u00e2u \u00c2u, c\u00f4ng ngh\u1ec7 hi\u1ec7n \u0111\u1ea1i l\u00e0 3 y\u1ebfu t\u1ed1 n\u1ed5i b\u1eadt c\u1ee7a b\u1ed9 n\u1ed3i inox cao c\u1ea5p Malloca m\u1eabu m\u1edbi nh\u1ea5t.<\/figcaption><\/figure>\n<p>\u0110i\u1ec3m nh\u1ea5n c\u1ee7a b\u1ed9 n\u1ed3i\/ch\u1ea3o l\u1ea7n n\u00e0y l\u00e0 thi\u1ebft k\u1ebf 3 l\u1edbp li\u1ec1n kh\u1ed1i (\u0111\u00e1y li\u1ec1n), v\u1eeba truy\u1ec1n nhi\u1ec7t nhanh, gi\u1eef nhi\u1ec7t l\u00e2u, v\u1eeba mang t\u00ednh th\u1ea9m m\u1ef9 cao.<\/p>\n<p>C\u00f9ng k\u1ef9 thu\u1eadt s\u1ea3n xu\u1ea5t theo c\u00f4ng ngh\u1ec7 hi\u1ec7n \u0111\u1ea1i, qu\u00e1 tr\u00ecnh n\u1ea5u n\u01b0\u1edbng t\u1eeb n\u1ed3i inox cao c\u1ea5p Malloca tr\u1edf n\u00ean ti\u1ec7n l\u1ee3i, ti\u1ebft ki\u1ec7m nhi\u00ean li\u1ec7u v\u00e0 th\u1eddi gian h\u01a1n. C\u1ea5u t\u1ea1o n\u1ed3i ch\u1eafc ch\u1eafn, kh\u00f4ng g\u1eb7p t\u00ecnh tr\u1ea1ng bung hay ph\u1ed3ng \u0111\u00e1y n\u1ed3i nh\u01b0 n\u1ed3i inox th\u00f4ng th\u01b0\u1eddng. N\u1ed3i inox \u0111\u00e1y li\u1ec1n c\u0169ng ti\u1ebft ki\u1ec7m n\u0103ng l\u01b0\u1ee3ng, hi\u1ec7u qu\u1ea3 h\u01a1n 50% so v\u1edbi \u0111\u00e1y n\u1ed3i th\u00f4ng th\u01b0\u1eddng v\u00e0 d\u1ec5 v\u1ec7 sinh h\u01a1n.<\/p>\n<p>Inox l\u00e0 v\u1eadt li\u1ec7u ph\u1ed5 bi\u1ebfn nh\u1ea5t trong nh\u00e0 b\u1ebfp tr\u00ean kh\u1eafp th\u1ebf gi\u1edbi hi\u1ec7n nay. Inox \u0111\u01b0\u1ee3c s\u1eed d\u1ee5ng trong m\u1ecdi th\u1ee9, t\u1eeb thi\u1ebft b\u1ecb gia d\u1ee5ng \u0111\u1ebfn d\u1ee5ng c\u1ee5 nh\u00e0 b\u1ebfp, n\u1ed3i ch\u1ea3o, mu\u1ed7ng n\u0129a \u2026 b\u1edfi v\u00ec \u0111\u1eb7c t\u00ednh b\u1ec1n, d\u1ec5 lau ch\u00f9i v\u00e0 kh\u00f4ng b\u1ecb \u0103n m\u00f2n b\u1edfi nhi\u1ec1u lo\u1ea1i axit h\u1eefu c\u01a1 c\u00f3 trong th\u1ecbt, s\u1eefa, tr\u00e1i c\u00e2y v\u00e0 rau c\u1ee7. Quan tr\u1ecdng h\u01a1n h\u1ebft l\u00e0 inox an to\u00e0n khi ti\u1ebfp x\u00fac tr\u1ef1c ti\u1ebfp v\u1edbi th\u1ee9c \u0103n v\u00e0 n\u01b0\u1edbc u\u1ed1ng do inox kh\u00f4ng ch\u01b0\u0301a b\u1ea5t k\u1ef3 h\u00f3a ch\u1ea5t \u0111\u00f4\u0323c ha\u0323i n\u00e0o c\u00f3 th\u1ec3 d\u00ednh v\u00e0o th\u1ee9c \u0103n ngay ca\u0309 \u01a1\u0309 nhi\u00ea\u0323t \u0111\u00f4\u0323 cao tr\u00ean 240 \u0111\u00f4\u0323 C.<\/p>\n<p>Vi\u1ec7c s\u1eed d\u1ee5ng ch\u1ea5t li\u1ec7u Inox 304 cho n\u1ed3i b\u1edfi ch\u1ea5t li\u1ec7u n\u00e0y (18\/10: 18% crom, 10% Niken) kh\u00f4ng ch\u1ee9a t\u1ea1p ch\u1ea5t, kh\u00f3 oxy h\u00f3a, kh\u00f4ng ph\u1ea3n \u1ee9ng v\u1edbi th\u1ef1c ph\u1ea9m, b\u1ec1 m\u1eb7t s\u00e1ng b\u00f3ng, kh\u00f4ng b\u1eaft t\u1eeb n\u00ean th\u01b0\u1eddng \u0111\u01b0\u1ee3c l\u00e0m l\u1edbp trong c\u00f9ng ti\u1ebfp x\u00fac th\u1ee9c \u0103n c\u1ee7a xoong n\u1ed3i, ch\u1ea3o cao c\u1ea5p (v\u00ec gi\u00e1 th\u00e0nh cao)<\/p>\n<h3>T\u00ednh n\u0103ng c\u01a1 b\u1ea3n<\/h3>\n<ul>\n<li><a href=\"https:\/\/livinghome.vn\/thiet-bi\/bo-noi\/\">B\u1ed9 n\u1ed3i<\/a> inox &#8211; 6 m\u00f3n cao c\u1ea5p<\/li>\n<li>2 n\u1ed3i, 1 qu\u00e1nh, 3 n\u1eafp<\/li>\n<li>Ch\u1ebf t\u1ea1o b\u1edfi inox 304 \u2013 3 l\u1edbp<\/li>\n<li>Hi\u1ec7u su\u1ea5t n\u1ea5u cao nh\u1ea5t, ti\u1ebft ki\u1ec7m nhi\u00ean li\u1ec7u<\/li>\n<li>S\u1eed d\u1ee5ng cho t\u1ea5t c\u00e1 c\u00e1c lo\u1ea1i b\u1ebfp<\/li>\n<\/ul>\n<figure id=\"attachment_55930\" aria-describedby=\"caption-attachment-55930\" style=\"width: 800px\" class=\"wp-caption alignnone\"><img loading=\"lazy\" decoding=\"async\" class=\"size-large wp-image-55930\" src=\"https:\/\/livinghome.vn\/thiet-bi\/wp-content\/uploads\/nha-bep\/malloca\/dung-cu-nha-bep\/bo-noi-inox-malloca-sa-2030\/noi-inox-malloca-sa-2030-2-800x800.jpg\" alt=\"B\u1ed9 n\u1ed3i Malloca SA-2030 inox 6 m\u00f3n cao c\u1ea5p\" width=\"800\" height=\"800\" title=\"\"><figcaption id=\"caption-attachment-55930\" class=\"wp-caption-text\">B\u1ed9 n\u1ed3i Malloca SA-2030\u00a0\u0111\u01b0\u1ee3c ch\u1ebf t\u1ea1o t\u1eeb inox 304 18\/10 ch\u1ed1ng \u0103n m\u00f2n cao, \u0111\u1ea3m b\u1ea3o an to\u00e0n cho s\u1ee9c kh\u1ecfe.<\/figcaption><\/figure>\n<p>&#8211; Tr\u1ecdng l\u01b0\u1ee3ng: N\u1ed3i Inox x\u1ecbn th\u01b0\u1eddng n\u1eb7ng, c\u1ea7m ch\u1eafc tay h\u01a1n n\u1ed3i n\u1ed3i m\u1ea1 Inox hay n\u1ed3i pha t\u1ea1p ch\u1ea5t. Tay c\u1ea7m ch\u1eafc ch\u1eafn v\u00e0 ch\u1ecbu nhi\u1ec7t khi c\u1ea7m. \u0110i\u1ec1u n\u00e0y l\u00e0 c\u1ea7n thi\u1ebft \u0111\u1ec3 n\u1ed3i kh\u00f4ng d\u1ec5 d\u00e0ng tr\u01b0\u1ee3t kh\u1ecfi tay ng\u01b0\u1eddi d\u00f9ng v\u00e0 s\u1ebd kh\u00f4ng l\u00e0m b\u1ecfng tay khi nhi\u1ec7t \u0111\u1ed9 n\u1ea5u th\u1ef1c s\u1ef1 n\u00f3ng.<\/p>\n<p>&#8211; D\u00f9ng nam ch\u00e2m ki\u1ec3m tra t\u1eeb t\u00ednh: Hi\u1ec7n c\u00e1c h\u00e3ng n\u1ed3i cao c\u1ea5p th\u01b0\u1eddng d\u00f9ng Inox 304 v\u00ec n\u00f3 an to\u00e0n, kh\u00f4ng ph\u1ea3n \u1ee9ng th\u1ee9c \u0103n. Do t\u00ednh ch\u1ea5t kh\u00f4ng nhi\u1ec5m t\u1eeb n\u00ean \u0111\u1ec3 ki\u1ec3m tra c\u00f3 ph\u1ea3i l\u00e0 n\u1ed3i Inox x\u1ecbn kh\u00f4ng ta c\u00f3 th\u1ec3 d\u00f9ng nam ch\u00e2m.<\/p>\n<p>N\u1ed3i Inox gi\u1ea3 \u0111\u01b0\u1ee3c l\u00e0m t\u1eeb nguy\u00ean li\u1ec7u s\u1eaft th\u00ec nam ch\u00e2m s\u1ebd h\u00fat c\u00f2n Inox th\u1eadt th\u00ec nam ch\u00e2m s\u1ebd kh\u00f4ng h\u00fat. (L\u01b0u \u00fd: ki\u1ec3m tra th\u00e0nh n\u1ed3i, v\u00ec \u0111\u00e1y n\u1ed3i Inox d\u00f9ng cho b\u1ebfp t\u1eeb th\u01b0\u1eddng \u0111\u01b0\u1ee3c l\u00e0m b\u1eb1ng Inox 430 \u2013 nhi\u1ec5m t\u1eeb)<\/p>\n<p>&#8211; \u0110\u1ed9 b\u00f3ng: Do t\u1ef7 l\u1ec7 Niken trong Inox quy\u1ebft \u0111\u1ecbnh \u0111\u1ed9 s\u00e1ng, \u0111\u1ed9 b\u00f3ng c\u1ee7a n\u1ed3i. Nh\u01b0 n\u1ed3i g\u1eafn nh\u00e3n Inox 18\/10 s\u1ebd s\u00e1ng v\u00e0 b\u00f3ng h\u01a1n n\u1ed3i Inox 18\/8, Inox 18\/0. Hi\u1ec3n nhi\u00ean Inox x\u1ecbn s\u1ebd s\u00e1ng, b\u00f3ng h\u01a1n n\u1ed3i Inox gi\u1ea3 l\u00e0m t\u1eeb s\u1eaft m\u1ea1 Inox. N\u1ed3i Inox x\u1ecbn s\u00e1ng h\u01a1n, b\u00f3ng, b\u1ec1n, kh\u00f4ng b\u1ecb g\u1ec9 h\u01a1n so v\u1edbi n\u1ed3i Inox k\u00e9m ch\u1ea5t l\u01b0\u1ee3ng.<\/p>\n<h3>Th\u00f4ng s\u1ed1 k\u1ef9 thu\u1eadt<\/h3>\n<ul>\n<li>\u00d822cm, \u00d820cm, \u00d816cm (Qu\u00e1nh)<\/li>\n<\/ul>\n<h3>Xu\u1ea5t x\u1ee9: Trung Qu\u1ed1c (theo b\u1ea3n quy\u1ec1n Malloca)<\/h3>\n<div><\/div>\n","protected":false},"excerpt":{"rendered":"<p>B\u1ed9 n\u1ed3i Malloca SA-2030 inox 6 m\u00f3n cao c\u1ea5p d\u1ec5 d\u00e0ng s\u1eed d\u1ee5ng \u0111\u01b0\u1ee3c c\u1ea3 tr\u00ean b\u1ebfp ga, b\u1ebfp \u0111i\u1ec7n, b\u1ebfp t\u1eeb. \u0110i\u1ec3m nh\u1ea5n c\u1ee7a b\u1ed9 n\u1ed3i\/ch\u1ea3o l\u1ea7n n\u00e0y l\u00e0 thi\u1ebft k\u1ebf 3 l\u1edbp li\u1ec1n kh\u1ed1i (\u0111\u00e1y li\u1ec1n), v\u1eeba truy\u1ec1n nhi\u1ec7t nhanh, gi\u1eef nhi\u1ec7t l\u00e2u, v\u1eeba mang t\u00ednh th\u1ea9m m\u1ef9 cao. C\u00f9ng k\u1ef9 thu\u1eadt s\u1ea3n [&#8230;]\n","protected":false},"featured_media":5494,"comment_status":"open","ping_status":"closed","template":"","meta":[],"product_brand":[],"product_cat":[98,262],"product_tag":[99,139,535,270],"class_list":{"0":"post-5389","1":"product","2":"type-product","3":"status-publish","4":"has-post-thumbnail","6":"product_cat-bo-noi-bep-tu","7":"product_cat-thuong-hieu-malloca","8":"product_tag-bo-noi","9":"product_tag-bo-noi-inox","10":"product_tag-bo-noi-malloca","11":"product_tag-malloca","13":"first","14":"instock","15":"sale","16":"shipping-taxable","17":"purchasable","18":"product-type-simple"},"_links":{"self":[{"href":"https:\/\/livinghome.vn\/thiet-bi\/wp-json\/wp\/v2\/product\/5389","targetHints":{"allow":["GET"]}}],"collection":[{"href":"https:\/\/livinghome.vn\/thiet-bi\/wp-json\/wp\/v2\/product"}],"about":[{"href":"https:\/\/livinghome.vn\/thiet-bi\/wp-json\/wp\/v2\/types\/product"}],"replies":[{"embeddable":true,"href":"https:\/\/livinghome.vn\/thiet-bi\/wp-json\/wp\/v2\/comments?post=5389"}],"wp:featuredmedia":[{"embeddable":true,"href":"https:\/\/livinghome.vn\/thiet-bi\/wp-json\/wp\/v2\/media\/5494"}],"wp:attachment":[{"href":"https:\/\/livinghome.vn\/thiet-bi\/wp-json\/wp\/v2\/media?parent=5389"}],"wp:term":[{"taxonomy":"product_brand","embeddable":true,"href":"https:\/\/livinghome.vn\/thiet-bi\/wp-json\/wp\/v2\/product_brand?post=5389"},{"taxonomy":"product_cat","embeddable":true,"href":"https:\/\/livinghome.vn\/thiet-bi\/wp-json\/wp\/v2\/product_cat?post=5389"},{"taxonomy":"product_tag","embeddable":true,"href":"https:\/\/livinghome.vn\/thiet-bi\/wp-json\/wp\/v2\/product_tag?post=5389"}],"curies":[{"name":"wp","href":"https:\/\/api.w.org\/{rel}","templated":true}]}}