{"id":5388,"date":"2023-01-12T19:36:31","date_gmt":"2023-01-12T12:36:31","guid":{"rendered":"https:\/\/livinghome.vn\/thiet-bi\/?post_type=product&#038;p=5388"},"modified":"2024-11-29T14:19:26","modified_gmt":"2024-11-29T07:19:26","slug":"bo-noi-malloca-sa-1503-inox-9-mon-cao-cap","status":"publish","type":"product","link":"https:\/\/livinghome.vn\/thiet-bi\/bo-noi-malloca-sa-1503-inox-9-mon-cao-cap\/","title":{"rendered":"B\u1ed9 n\u1ed3i Malloca SA-1503 inox 9 m\u00f3n cao c\u1ea5p"},"content":{"rendered":"<h3>B\u1ed9 n\u1ed3i Malloca SA-1503 inox 9 m\u00f3n cao c\u1ea5p<\/h3>\n<figure id=\"attachment_55926\" aria-describedby=\"caption-attachment-55926\" style=\"width: 800px\" class=\"wp-caption alignnone\"><img loading=\"lazy\" decoding=\"async\" class=\"wp-image-55926 size-large\" src=\"https:\/\/livinghome.vn\/thiet-bi\/wp-content\/uploads\/nha-bep\/malloca\/dung-cu-nha-bep\/bo-noi-inox-malloca-sa-1503\/noi-inox-malloca-sa-1503-800x800.jpg\" alt=\"B\u1ed9 n\u1ed3i Malloca SA-1503 inox 9 m\u00f3n cao c\u1ea5p\" width=\"800\" height=\"800\" title=\"\"><figcaption id=\"caption-attachment-55926\" class=\"wp-caption-text\">B\u1ed9 n\u1ed3i Malloca SA-1503 inox 9 m\u00f3n cao c\u1ea5p<\/figcaption><\/figure>\n<p>.<\/p>\n<h3>T\u00ednh n\u0103ng c\u01a1 b\u1ea3n<\/h3>\n<ul>\n<li><a href=\"https:\/\/livinghome.vn\/thiet-bi\/bo-noi\/\">B\u1ed9 n\u1ed3i<\/a> inox &#8211;\u00a09 m\u00f3n cao c\u1ea5p<\/li>\n<li>G\u1ed3m 3 n\u00f4\u0300i, 1 qua\u0301nh, 1 cha\u0309o va\u0300 4 n\u0103\u0301p<\/li>\n<li>Ch\u1ebf t\u1ea1o b\u1edfi inox 304 18\/10<\/li>\n<li>Hi\u1ec7u su\u1ea5t n\u1ea5u cao nh\u1ea5t, ti\u1ebft ki\u1ec7m nhi\u00ean li\u1ec7u<\/li>\n<li>S\u1eed d\u1ee5ng cho t\u1ea5t ca\u0309 c\u00e1c lo\u1ea1i b\u1ebfp<\/li>\n<\/ul>\n<h3>Th\u00f4ng s\u1ed1 k\u1ef9 thu\u1eadt<\/h3>\n<ul>\n<li>K\u00edch th\u01b0\u1edbc: \u00d824, \u00d824, \u00d820, \u00d818, \u00d816<\/li>\n<\/ul>\n<h3>Xu\u1ea5t x\u1ee9: Trung Qu\u1ed1c (theo b\u1ea3n quy\u1ec1n Malloca)<\/h3>\n<div><\/div>\n","protected":false},"excerpt":{"rendered":"<p>B\u1ed9 n\u1ed3i Malloca SA-1503 inox 9 m\u00f3n cao c\u1ea5p . T\u00ednh n\u0103ng c\u01a1 b\u1ea3n B\u1ed9 n\u1ed3i inox &#8211;\u00a09 m\u00f3n cao c\u1ea5p G\u1ed3m 3 n\u00f4\u0300i, 1 qua\u0301nh, 1 cha\u0309o va\u0300 4 n\u0103\u0301p Ch\u1ebf t\u1ea1o b\u1edfi inox 304 18\/10 Hi\u1ec7u su\u1ea5t n\u1ea5u cao nh\u1ea5t, ti\u1ebft ki\u1ec7m nhi\u00ean li\u1ec7u S\u1eed d\u1ee5ng cho t\u1ea5t ca\u0309 c\u00e1c lo\u1ea1i b\u1ebfp Th\u00f4ng [&#8230;]\n","protected":false},"featured_media":5493,"comment_status":"open","ping_status":"closed","template":"","meta":[],"product_brand":[],"product_cat":[98,262],"product_tag":[99,139,535,270],"class_list":{"0":"post-5388","1":"product","2":"type-product","3":"status-publish","4":"has-post-thumbnail","6":"product_cat-bo-noi-bep-tu","7":"product_cat-thuong-hieu-malloca","8":"product_tag-bo-noi","9":"product_tag-bo-noi-inox","10":"product_tag-bo-noi-malloca","11":"product_tag-malloca","13":"first","14":"instock","15":"sale","16":"shipping-taxable","17":"purchasable","18":"product-type-simple"},"_links":{"self":[{"href":"https:\/\/livinghome.vn\/thiet-bi\/wp-json\/wp\/v2\/product\/5388","targetHints":{"allow":["GET"]}}],"collection":[{"href":"https:\/\/livinghome.vn\/thiet-bi\/wp-json\/wp\/v2\/product"}],"about":[{"href":"https:\/\/livinghome.vn\/thiet-bi\/wp-json\/wp\/v2\/types\/product"}],"replies":[{"embeddable":true,"href":"https:\/\/livinghome.vn\/thiet-bi\/wp-json\/wp\/v2\/comments?post=5388"}],"wp:featuredmedia":[{"embeddable":true,"href":"https:\/\/livinghome.vn\/thiet-bi\/wp-json\/wp\/v2\/media\/5493"}],"wp:attachment":[{"href":"https:\/\/livinghome.vn\/thiet-bi\/wp-json\/wp\/v2\/media?parent=5388"}],"wp:term":[{"taxonomy":"product_brand","embeddable":true,"href":"https:\/\/livinghome.vn\/thiet-bi\/wp-json\/wp\/v2\/product_brand?post=5388"},{"taxonomy":"product_cat","embeddable":true,"href":"https:\/\/livinghome.vn\/thiet-bi\/wp-json\/wp\/v2\/product_cat?post=5388"},{"taxonomy":"product_tag","embeddable":true,"href":"https:\/\/livinghome.vn\/thiet-bi\/wp-json\/wp\/v2\/product_tag?post=5388"}],"curies":[{"name":"wp","href":"https:\/\/api.w.org\/{rel}","templated":true}]}}