{"id":5387,"date":"2023-01-12T19:36:31","date_gmt":"2023-01-12T12:36:31","guid":{"rendered":"https:\/\/livinghome.vn\/thiet-bi\/?post_type=product&#038;p=5387"},"modified":"2024-11-29T14:19:25","modified_gmt":"2024-11-29T07:19:25","slug":"bep-tu-malloca-mi-784-itg-4-tu-78cm-kinh-ceramic","status":"publish","type":"product","link":"https:\/\/livinghome.vn\/thiet-bi\/bep-tu-malloca-mi-784-itg-4-tu-78cm-kinh-ceramic\/","title":{"rendered":"B\u1ebfp T\u1eeb Malloca MI-784 ITG, 4 T\u1eeb, 78CM, K\u00ednh Ceramic"},"content":{"rendered":"<p>B\u1ebfp t\u1eeb Malloca MI-784 ITG s\u1ebd l\u00e0m c\u0103n b\u1ebfp c\u1ee7a b\u1ea1n th\u00eam sang tr\u1ecdng, t\u1ed1i \u01b0u h\u00f3a kh\u00f4ng gian ng\u00f4i nh\u00e0, ti\u1ec7n \u00edch khi s\u1eed d\u1ee5ng<\/p>\n<figure id=\"attachment_22131\" aria-describedby=\"caption-attachment-22131\" style=\"width: 800px\" class=\"wp-caption alignnone\"><img loading=\"lazy\" decoding=\"async\" class=\"size-full wp-image-22131\" src=\"https:\/\/livinghome.vn\/thiet-bi\/wp-content\/uploads\/2023\/01\/malloca-mi-784-itg-2.jpg\" alt=\"B\u1ebfp T\u1eeb Malloca MI-784 ITG, 4 T\u1eeb, 78CM, K\u00ednh Ceramic\" width=\"800\" height=\"800\" title=\"\" srcset=\"https:\/\/livinghome.vn\/thiet-bi\/wp-content\/uploads\/2023\/01\/malloca-mi-784-itg-2.jpg 800w, https:\/\/livinghome.vn\/thiet-bi\/wp-content\/uploads\/2023\/01\/malloca-mi-784-itg-2-400x400.jpg 400w, https:\/\/livinghome.vn\/thiet-bi\/wp-content\/uploads\/2023\/01\/malloca-mi-784-itg-2-280x280.jpg 280w, https:\/\/livinghome.vn\/thiet-bi\/wp-content\/uploads\/2023\/01\/malloca-mi-784-itg-2-768x768.jpg 768w, https:\/\/livinghome.vn\/thiet-bi\/wp-content\/uploads\/2023\/01\/malloca-mi-784-itg-2-300x300.jpg 300w, https:\/\/livinghome.vn\/thiet-bi\/wp-content\/uploads\/2023\/01\/malloca-mi-784-itg-2-600x600.jpg 600w, https:\/\/livinghome.vn\/thiet-bi\/wp-content\/uploads\/2023\/01\/malloca-mi-784-itg-2-100x100.jpg 100w\" sizes=\"auto, (max-width: 800px) 100vw, 800px\" \/><figcaption id=\"caption-attachment-22131\" class=\"wp-caption-text\">B\u1ebfp t\u1eeb Malloca MI-784 ITG s\u1ebd l\u00e0m c\u0103n b\u1ebfp c\u1ee7a b\u1ea1n th\u00eam sang tr\u1ecdng, t\u1ed1i \u01b0u h\u00f3a kh\u00f4ng gian ng\u00f4i nh\u00e0<\/figcaption><\/figure>\n<p>B\u1ebfp c\u00f3 4 v\u00f9ng n\u1ea5u c\u00f3 ch\u1ee9c n\u0103ng nh\u1eadn d\u1ee5ng n\u1ed3i v\u00e0 m\u1edf r\u1ed9ng v\u00f9ng n\u1ea5u, ph\u00f9 h\u1ee3p v\u1edbi nh\u1eefng chi\u1ebfc n\u1ed3i v\u00e0 v\u1ec9 l\u1edbn. Thi\u1ebft k\u1ebf 4 v\u00f9ng b\u1ebfp t\u1eeb song song, thu\u1eadn ti\u1ec7n cho d\u1ec5 d\u00e0ng t\u0103ng di\u1ec7n t\u00edch n\u1ea5u, s\u1eed d\u1ee5ng c\u00e1c lo\u1ea1i v\u1ec9 n\u01b0\u1edbng d\u1ec5 d\u00e0ng. T\u00ednh n\u0103ng d\u1ef1 b\u00e1o d\u01b0 nhi\u1ec7t \u0111\u1ea3m b\u1ea3o an to\u00e0n nhi\u1ec7t \u0111\u1ed9 khi s\u1eed d\u1ee5ng, h\u1ea1n ch\u1ebf tai n\u1ea1n khi s\u1eed d\u1ee5ng.<\/p>\n<figure id=\"attachment_22132\" aria-describedby=\"caption-attachment-22132\" style=\"width: 800px\" class=\"wp-caption alignnone\"><img loading=\"lazy\" decoding=\"async\" class=\"size-full wp-image-22132\" src=\"https:\/\/livinghome.vn\/thiet-bi\/wp-content\/uploads\/2023\/01\/malloca-mi-784-itg-3.jpg\" alt=\"B\u1ebfp T\u1eeb Malloca MI-784 ITG, 4 T\u1eeb, 78CM, K\u00ednh Ceramic\" width=\"800\" height=\"800\" title=\"\" srcset=\"https:\/\/livinghome.vn\/thiet-bi\/wp-content\/uploads\/2023\/01\/malloca-mi-784-itg-3.jpg 800w, https:\/\/livinghome.vn\/thiet-bi\/wp-content\/uploads\/2023\/01\/malloca-mi-784-itg-3-400x400.jpg 400w, https:\/\/livinghome.vn\/thiet-bi\/wp-content\/uploads\/2023\/01\/malloca-mi-784-itg-3-280x280.jpg 280w, https:\/\/livinghome.vn\/thiet-bi\/wp-content\/uploads\/2023\/01\/malloca-mi-784-itg-3-768x768.jpg 768w, https:\/\/livinghome.vn\/thiet-bi\/wp-content\/uploads\/2023\/01\/malloca-mi-784-itg-3-300x300.jpg 300w, https:\/\/livinghome.vn\/thiet-bi\/wp-content\/uploads\/2023\/01\/malloca-mi-784-itg-3-600x600.jpg 600w, https:\/\/livinghome.vn\/thiet-bi\/wp-content\/uploads\/2023\/01\/malloca-mi-784-itg-3-100x100.jpg 100w\" sizes=\"auto, (max-width: 800px) 100vw, 800px\" \/><figcaption id=\"caption-attachment-22132\" class=\"wp-caption-text\">B\u1ebfp t\u1eeb Malloca MI-784 ITG c\u00f3 \u0111\u1ebfn 9 c\u00f4ng su\u1ea5t n\u1ea5u, \u0111i\u1ec1u khi\u1ec3n c\u1ea3m \u1ee9ng k\u1ebft n\u1ed1i v\u1edbi m\u00e1y h\u00fat \u2013 intergra \u0111\u01b0\u1ee3c xem l\u00e0 ki\u1ec7t t\u00e1c gi\u1eefa thi\u1ebft k\u1ebf v\u00e0 c\u00f4ng ngh\u1ec7<\/figcaption><\/figure>\n<p>B\u1ebfp k\u00ednh \u00e2m 4 t\u1eeb \u0111\u01b0\u1ee3c nh\u1eefng ki\u1ebfn tr\u00fac s\u01b0 ch\u00e2u \u00c2u ch\u1ebf t\u00e1c t\u1eeb k\u00ednh Ceramic \u2013 ch\u1ea5t li\u1ec7u c\u00f3 \u0111\u1ed9 c\u1ee9ng si\u00eau h\u1ea1ng, kh\u00f3 n\u1ee9t v\u1ee1 trong qu\u00e1 tr\u00ecnh s\u1eed d\u1ee5ng. \u00a0Mang l\u1ea1i s\u1ef1 sang tr\u1ecdng cho kh\u00f4ng gian b\u1ebfp, b\u1ebfp k\u00ednh \u00e2m 4 Malloca MI-784 ITG c\u00f3 \u0111\u1ebfn 9 c\u00f4ng su\u1ea5t n\u1ea5u, \u0111i\u1ec1u khi\u1ec3n c\u1ea3m \u1ee9ng k\u1ebft n\u1ed1i v\u1edbi m\u00e1y h\u00fat \u2013 intergra \u0111\u01b0\u1ee3c xem l\u00e0 ki\u1ec7t t\u00e1c gi\u1eefa thi\u1ebft k\u1ebf v\u00e0 c\u00f4ng ngh\u1ec7.<\/p>\n<figure id=\"attachment_22133\" aria-describedby=\"caption-attachment-22133\" style=\"width: 800px\" class=\"wp-caption alignnone\"><img loading=\"lazy\" decoding=\"async\" class=\"size-full wp-image-22133\" src=\"https:\/\/livinghome.vn\/thiet-bi\/wp-content\/uploads\/2023\/01\/malloca-mi-784-itg-4.jpg\" alt=\"B\u1ebfp T\u1eeb Malloca MI-784 ITG, 4 T\u1eeb, 78CM, K\u00ednh Ceramic\" width=\"800\" height=\"800\" title=\"\" srcset=\"https:\/\/livinghome.vn\/thiet-bi\/wp-content\/uploads\/2023\/01\/malloca-mi-784-itg-4.jpg 800w, https:\/\/livinghome.vn\/thiet-bi\/wp-content\/uploads\/2023\/01\/malloca-mi-784-itg-4-400x400.jpg 400w, https:\/\/livinghome.vn\/thiet-bi\/wp-content\/uploads\/2023\/01\/malloca-mi-784-itg-4-280x280.jpg 280w, https:\/\/livinghome.vn\/thiet-bi\/wp-content\/uploads\/2023\/01\/malloca-mi-784-itg-4-768x768.jpg 768w, https:\/\/livinghome.vn\/thiet-bi\/wp-content\/uploads\/2023\/01\/malloca-mi-784-itg-4-300x300.jpg 300w, https:\/\/livinghome.vn\/thiet-bi\/wp-content\/uploads\/2023\/01\/malloca-mi-784-itg-4-600x600.jpg 600w, https:\/\/livinghome.vn\/thiet-bi\/wp-content\/uploads\/2023\/01\/malloca-mi-784-itg-4-100x100.jpg 100w\" sizes=\"auto, (max-width: 800px) 100vw, 800px\" \/><figcaption id=\"caption-attachment-22133\" class=\"wp-caption-text\">B\u1ebfp t\u1eeb Malloca MI-784 ITG 4 v\u00f9ng n\u1ea5u s\u1ebd th\u00edch h\u1ee3p h\u01a1n v\u1edbi kh\u00f4ng gian c\u00f3 nh\u00e0 b\u1ebfp r\u1ed9ng<\/figcaption><\/figure>\n<p>B\u1ebfp \u0111i\u1ec7n t\u1eeb k\u00ednh \u00e2m Malloca MI-784 ITG\u00a0 v\u1edbi thi\u1ebft k\u1ebf sang tr\u1ecdng, 4 v\u00f9ng n\u1ea5u s\u1ebd th\u00edch h\u1ee3p h\u01a1n v\u1edbi kh\u00f4ng gian c\u00f3 nh\u00e0 b\u1ebfp r\u1ed9ng, gia \u0111\u00ecnh \u0111\u00f4ng ng\u01b0\u1eddi, t\u1ea7n su\u1ea5t n\u1ea5u \u0103n nhi\u1ec1u.<\/p>\n<h3>T\u00ednh n\u0103ng c\u01a1 b\u1ea3n<\/h3>\n<ul>\n<li><a href=\"https:\/\/livinghome.vn\/thiet-bi\/bep-tu\/\">B\u1ebfp t\u1eeb<\/a> &#8211; B\u1ebfp k\u00ednh \u00e2m 4 t\u1eeb<\/li>\n<li>M\u1eb7t k\u00ednh Ceramic \u2013 m\u00e0u \u0111en<\/li>\n<li>\u0110i\u1ec1u khi\u1ec3n c\u1ea3m \u1ee9ng<\/li>\n<li>H\u1ec7 th\u1ed1ng \u0111i\u1ec1u khi\u1ec3n k\u1ebft n\u1ed1i v\u1edbi m\u00e1y h\u00fat &#8211;<strong>\u00a0Integra<\/strong><\/li>\n<li>9 m\u1ee9c c\u00f4ng su\u1ea5t, ch\u1ebf \u0111\u1ed9 gia nhi\u1ec7t nhanh<\/li>\n<li>Ch\u1ee9c n\u0103ng m\u1edf r\u1ed9ng v\u00f9ng n\u1ea5u<\/li>\n<li>Ch\u1ee9c n\u0103ng nh\u1eadn di\u1ec7n n\u1ed3i<\/li>\n<li>Ch\u1ee9c n\u0103ng h\u1eb9n gi\u1edd, \u0111\u1ebfm ng\u01b0\u1ee3c<\/li>\n<li>Kh\u00f3a an to\u00e0n tr\u1ebb em<\/li>\n<li>Ch\u1ee9c n\u0103ng b\u00e1o d\u01b0 nhi\u1ec7t<\/li>\n<\/ul>\n<h3>Th\u00f4ng s\u1ed1 k\u1ef9 thu\u1eadt<\/h3>\n<ul>\n<li>C\u00f4ng su\u1ea5t: 2 x 2.1kW ( Booster 3kW) \u2013 2 x 1.6kW ( Booster 1.85kW)<\/li>\n<li>T\u1ed5ng c\u00f4ng su\u1ea5t: 7.4kW<\/li>\n<li>\u0110i\u1ec7n \u00e1p: 220-240V~50\/60Hz<\/li>\n<li>K\u00edch th\u01b0\u1edbc b\u1ebfp: W780 x D520 x H57 mm<\/li>\n<li>K\u00edch th\u01b0\u1edbc l\u1ed7 \u0111\u00e1: W740 \u00d7 D480 mm<\/li>\n<\/ul>\n<figure id=\"attachment_22130\" aria-describedby=\"caption-attachment-22130\" style=\"width: 800px\" class=\"wp-caption alignnone\"><img loading=\"lazy\" decoding=\"async\" class=\"size-full wp-image-22130\" src=\"https:\/\/livinghome.vn\/thiet-bi\/wp-content\/uploads\/2023\/01\/malloca-mi-784-itg-1.jpg\" alt=\"B\u1ebfp T\u1eeb Malloca MI-784 ITG, 4 T\u1eeb, 78CM, K\u00ednh Ceramic\" width=\"800\" height=\"800\" title=\"\" srcset=\"https:\/\/livinghome.vn\/thiet-bi\/wp-content\/uploads\/2023\/01\/malloca-mi-784-itg-1.jpg 800w, https:\/\/livinghome.vn\/thiet-bi\/wp-content\/uploads\/2023\/01\/malloca-mi-784-itg-1-400x400.jpg 400w, https:\/\/livinghome.vn\/thiet-bi\/wp-content\/uploads\/2023\/01\/malloca-mi-784-itg-1-280x280.jpg 280w, https:\/\/livinghome.vn\/thiet-bi\/wp-content\/uploads\/2023\/01\/malloca-mi-784-itg-1-768x768.jpg 768w, https:\/\/livinghome.vn\/thiet-bi\/wp-content\/uploads\/2023\/01\/malloca-mi-784-itg-1-300x300.jpg 300w, https:\/\/livinghome.vn\/thiet-bi\/wp-content\/uploads\/2023\/01\/malloca-mi-784-itg-1-600x600.jpg 600w, https:\/\/livinghome.vn\/thiet-bi\/wp-content\/uploads\/2023\/01\/malloca-mi-784-itg-1-100x100.jpg 100w\" sizes=\"auto, (max-width: 800px) 100vw, 800px\" \/><figcaption id=\"caption-attachment-22130\" class=\"wp-caption-text\">K\u00edch th\u01b0\u1edbc b\u1ebfp t\u1eeb Malloca MI-784 ITG<\/figcaption><\/figure>\n<h3>Xu\u1ea5t x\u1ee9: \u00dd<\/h3>\n<div><\/div>\n","protected":false},"excerpt":{"rendered":"<ul>\n<li>C\u00f4ng su\u1ea5t: 2 x 2.1kW ( Booster 3kW) \u2013 2 x 1.6kW ( Booster 1.85kW)<\/li>\n<li>T\u1ed5ng c\u00f4ng su\u1ea5t: 7.4kW<\/li>\n<li>\u0110i\u1ec7n \u00e1p: 220-240V~50\/60Hz<\/li>\n<li>K\u00edch th\u01b0\u1edbc b\u1ebfp: W780 x D520 x H57 mm<\/li>\n<li>K\u00edch th\u01b0\u1edbc l\u1ed7 \u0111\u00e1: W740 \u00d7 D480 mm<\/li>\n<\/ul>\n","protected":false},"featured_media":22129,"comment_status":"open","ping_status":"closed","template":"","meta":[],"product_brand":[],"product_cat":[720,869,745,804,799,802,816,812,75,806,262],"product_tag":[310,76,168,266,270],"class_list":{"0":"post-5387","1":"product","2":"type-product","3":"status-publish","4":"has-post-thumbnail","6":"product_cat-bep-tu-malloca","7":"product_cat-bep-4-tu","8":"product_cat-bep-dien-tu","9":"product_cat-bep-dien-tu-4-vung-nau","10":"product_cat-bep-dien-tu-hinh-chu-nhat","11":"product_cat-bep-dien-tu-mat-kinh-schott-ceran","12":"product_cat-bep-dien-tu-thoi-trang","13":"product_cat-bep-dien-tu-y-italy","14":"product_cat-bep-tu","15":"product_cat-bep-tu-4-vung-nau","16":"product_cat-thuong-hieu-malloca","17":"product_tag-bep-nau","18":"product_tag-bep-tu","19":"product_tag-bep-tu-am","20":"product_tag-bep-tu-malloca","21":"product_tag-malloca","23":"first","24":"instock","25":"sale","26":"shipping-taxable","27":"purchasable","28":"product-type-simple"},"_links":{"self":[{"href":"https:\/\/livinghome.vn\/thiet-bi\/wp-json\/wp\/v2\/product\/5387","targetHints":{"allow":["GET"]}}],"collection":[{"href":"https:\/\/livinghome.vn\/thiet-bi\/wp-json\/wp\/v2\/product"}],"about":[{"href":"https:\/\/livinghome.vn\/thiet-bi\/wp-json\/wp\/v2\/types\/product"}],"replies":[{"embeddable":true,"href":"https:\/\/livinghome.vn\/thiet-bi\/wp-json\/wp\/v2\/comments?post=5387"}],"wp:featuredmedia":[{"embeddable":true,"href":"https:\/\/livinghome.vn\/thiet-bi\/wp-json\/wp\/v2\/media\/22129"}],"wp:attachment":[{"href":"https:\/\/livinghome.vn\/thiet-bi\/wp-json\/wp\/v2\/media?parent=5387"}],"wp:term":[{"taxonomy":"product_brand","embeddable":true,"href":"https:\/\/livinghome.vn\/thiet-bi\/wp-json\/wp\/v2\/product_brand?post=5387"},{"taxonomy":"product_cat","embeddable":true,"href":"https:\/\/livinghome.vn\/thiet-bi\/wp-json\/wp\/v2\/product_cat?post=5387"},{"taxonomy":"product_tag","embeddable":true,"href":"https:\/\/livinghome.vn\/thiet-bi\/wp-json\/wp\/v2\/product_tag?post=5387"}],"curies":[{"name":"wp","href":"https:\/\/api.w.org\/{rel}","templated":true}]}}