{"id":5385,"date":"2023-01-12T19:36:31","date_gmt":"2023-01-12T12:36:31","guid":{"rendered":"https:\/\/livinghome.vn\/thiet-bi\/?post_type=product&#038;p=5385"},"modified":"2024-11-29T14:19:25","modified_gmt":"2024-11-29T07:19:25","slug":"bep-tu-malloca-hih-864-li-ket-hop-may-hut-khoi-khu-mui","status":"publish","type":"product","link":"https:\/\/livinghome.vn\/thiet-bi\/bep-tu-malloca-hih-864-li-ket-hop-may-hut-khoi-khu-mui\/","title":{"rendered":"B\u1ebfp t\u1eeb Malloca HIH-864 LI k\u1ebft h\u1ee3p m\u00e1y h\u00fat kh\u00f3i kh\u1eed m\u00f9i"},"content":{"rendered":"<h3>B\u1ebfp t\u1eeb Malloca HIH-864 LI\u00a0k\u1ebft h\u1ee3p m\u00e1y h\u00fat kh\u00f3i kh\u1eed m\u00f9i s\u1ebd l\u00e0m c\u0103n b\u1ebfp c\u1ee7a b\u1ea1n th\u00eam sang tr\u1ecdng, t\u1ed1i \u01b0u h\u00f3a kh\u00f4ng gian ng\u00f4i nh\u00e0, ti\u1ec7n \u00edch khi s\u1eed d\u1ee5ng<\/h3>\n<figure id=\"attachment_52622\" aria-describedby=\"caption-attachment-52622\" style=\"width: 800px\" class=\"wp-caption alignnone\"><img loading=\"lazy\" decoding=\"async\" class=\"wp-image-52622 size-large\" src=\"https:\/\/livinghome.vn\/thiet-bi\/wp-content\/uploads\/nha-bep\/malloca\/bep-dien-tu\/bep-tu-ket-hop-may-hut-malloca-hih-864-li\/bep-tu-ket-hop-may-hut-malloca-hih-864-li-3-800x800.jpg\" alt=\"B\u1ebfp t\u1eeb Malloca HIH-864 LI\u00a0k\u1ebft h\u1ee3p m\u00e1y h\u00fat kh\u00f3i kh\u1eed m\u00f9i\" width=\"800\" height=\"800\" title=\"\"><figcaption id=\"caption-attachment-52622\" class=\"wp-caption-text\">B\u1ebfp t\u1eeb Malloca HIH-864 LI\u00a0k\u1ebft h\u1ee3p m\u00e1y h\u00fat kh\u00f3i kh\u1eed m\u00f9i<\/figcaption><\/figure>\n<h3>T\u00ednh n\u0103ng c\u01a1 b\u1ea3n<\/h3>\n<p><strong>1. B\u1ebfp k\u00ednh \u00e2m 4 t\u1eeb<\/strong><\/p>\n<ul>\n<li><a href=\"https:\/\/livinghome.vn\/thiet-bi\/bep-tu\/\">B\u1ebfp t\u1eeb<\/a> &#8211; B\u1ebfp t\u1eeb k\u1ebft h\u1ee3p m\u00e1y h\u00fat kh\u00f3i kh\u1eed m\u00f9i<\/li>\n<li>M\u1eb7t k\u00ednh Ceramic \u2013 m\u00e0u \u0111en<\/li>\n<li>\u0110i\u1ec1u khi\u1ec3n c\u1ea3m \u1ee9ng<\/li>\n<li>9 m\u1ee9c c\u00f4ng su\u1ea5t, ch\u1ebf \u0111\u1ed9 gia nhi\u1ec7t nhanh<\/li>\n<li>Ch\u1ee9c n\u0103ng m\u1edf r\u1ed9ng v\u00f9ng n\u1ea5u<\/li>\n<li>Ch\u1ee9c n\u0103ng nh\u1eadn di\u1ec7n n\u1ed3i<\/li>\n<li>Ch\u1ee9c n\u0103ng h\u1eb9n gi\u1edd, \u0111\u1ebfm ng\u01b0\u1ee3c<\/li>\n<li>Kh\u00f3a an to\u00e0n tr\u1ebb em<\/li>\n<li>Ch\u1ee9c n\u0103ng b\u00e1o d\u01b0 nhi\u1ec7t<\/li>\n<li>C\u00f4ng su\u1ea5t b\u1ebfp: 2 x 2.1kW (Booster 3kW) \u2013 2 x 1.6kW (Booster 1.85kW)<\/li>\n<li>\u0110\u00e8n LED chi\u1ebfu s\u00e1ng m\u1eb7t b\u1ebfp<\/li>\n<\/ul>\n<p>&nbsp;<\/p>\n<p><strong>2. M\u00e1y h\u00fat kh\u00f3i \u00e2m m\u1eb7t b\u1ebfp<\/strong><\/p>\n<ul>\n<li>\u0110i\u1ec1u khi\u1ec3n c\u1ea3m \u1ee9ng, 6 t\u1ed1c \u0111\u1ed9<\/li>\n<li>Ch\u1ee9c n\u0103ng h\u1eb9n gi\u1edd<\/li>\n<li>Kh\u1eed m\u00f9i b\u1eb1ng than ho\u1ea1t t\u00ednh v\u00e0 \u1ed1ng tho\u00e1t ra ngo\u00e0i<\/li>\n<li>Ch\u1ee9c n\u0103ng th\u00f4ng b\u00e1o v\u1ec7 sinh l\u01b0\u1edbi l\u1ecdc v\u00e0 than ho\u1ea1t t\u00ednh<\/li>\n<li>L\u01b0\u1edbi l\u1ecdc: Nh\u00f4m<\/li>\n<li>C\u00f4ng su\u1ea5t h\u00fat: 750m3\/h<\/li>\n<li>\u0110\u1ed9 \u1ed3n: 59dB<\/li>\n<\/ul>\n<h3>Th\u00f4ng s\u1ed1 k\u1ef9 thu\u1eadt<\/h3>\n<ul>\n<li>T\u1ed5ng c\u00f4ng su\u1ea5t: 7.4kW<\/li>\n<li>\u0110i\u1ec7n \u00e1p: 220-240V~50\/60Hz<\/li>\n<li>K\u00edch th\u01b0\u1edbc b\u1ebfp: W860 x D530 x H(820-975)mm<\/li>\n<li>K\u00edch th\u01b0\u1edbc l\u1ed7 \u0111\u00e1: W810 \u00d7 D495mm<\/li>\n<\/ul>\n<p>&nbsp;<\/p>\n<figure id=\"attachment_52623\" aria-describedby=\"caption-attachment-52623\" style=\"width: 800px\" class=\"wp-caption alignnone\"><img loading=\"lazy\" decoding=\"async\" class=\"wp-image-52623 size-large\" src=\"https:\/\/livinghome.vn\/thiet-bi\/wp-content\/uploads\/nha-bep\/malloca\/bep-dien-tu\/bep-tu-ket-hop-may-hut-malloca-hih-864-li\/bep-tu-ket-hop-may-hut-malloca-hih-864-li-2-800x800.jpg\" alt=\"K\u00edch th\u01b0\u1edbc b\u1ebfp t\u1eeb Malloca HIH-864 LI\u00a0k\u1ebft h\u1ee3p m\u00e1y h\u00fat kh\u00f3i kh\u1eed m\u00f9i\" width=\"800\" height=\"800\" title=\"\"><figcaption id=\"caption-attachment-52623\" class=\"wp-caption-text\">K\u00edch th\u01b0\u1edbc b\u1ebfp t\u1eeb Malloca HIH-864 LI\u00a0k\u1ebft h\u1ee3p m\u00e1y h\u00fat kh\u00f3i kh\u1eed m\u00f9i<\/figcaption><\/figure>\n<h3>Xu\u1ea5t x\u1ee9: \u00dd<\/h3>\n<div><\/div>\n","protected":false},"excerpt":{"rendered":"<p>B\u1ebfp t\u1eeb Malloca HIH-864 LI\u00a0k\u1ebft h\u1ee3p m\u00e1y h\u00fat kh\u00f3i kh\u1eed m\u00f9i s\u1ebd l\u00e0m c\u0103n b\u1ebfp c\u1ee7a b\u1ea1n th\u00eam sang tr\u1ecdng, t\u1ed1i \u01b0u h\u00f3a kh\u00f4ng gian ng\u00f4i nh\u00e0, ti\u1ec7n \u00edch khi s\u1eed d\u1ee5ng T\u00ednh n\u0103ng c\u01a1 b\u1ea3n 1. B\u1ebfp k\u00ednh \u00e2m 4 t\u1eeb B\u1ebfp t\u1eeb &#8211; B\u1ebfp t\u1eeb k\u1ebft h\u1ee3p m\u00e1y h\u00fat kh\u00f3i kh\u1eed m\u00f9i M\u1eb7t [&#8230;]\n","protected":false},"featured_media":22068,"comment_status":"open","ping_status":"closed","template":"","meta":[],"product_brand":[],"product_cat":[720,869,745,804,799,80,935,816,75,806,262],"product_tag":[310,76,168,534,266,270],"class_list":{"0":"post-5385","1":"product","2":"type-product","3":"status-publish","4":"has-post-thumbnail","6":"product_cat-bep-tu-malloca","7":"product_cat-bep-4-tu","8":"product_cat-bep-dien-tu","9":"product_cat-bep-dien-tu-4-vung-nau","10":"product_cat-bep-dien-tu-hinh-chu-nhat","11":"product_cat-bep-dien-tu-ket-hop","12":"product_cat-bep-dien-tu-ket-hop-may-hut-mui","13":"product_cat-bep-dien-tu-thoi-trang","14":"product_cat-bep-tu","15":"product_cat-bep-tu-4-vung-nau","16":"product_cat-thuong-hieu-malloca","17":"product_tag-bep-nau","18":"product_tag-bep-tu","19":"product_tag-bep-tu-am","20":"product_tag-bep-tu-ket-hop-may-hut","21":"product_tag-bep-tu-malloca","22":"product_tag-malloca","24":"first","25":"instock","26":"sale","27":"shipping-taxable","28":"purchasable","29":"product-type-simple"},"_links":{"self":[{"href":"https:\/\/livinghome.vn\/thiet-bi\/wp-json\/wp\/v2\/product\/5385","targetHints":{"allow":["GET"]}}],"collection":[{"href":"https:\/\/livinghome.vn\/thiet-bi\/wp-json\/wp\/v2\/product"}],"about":[{"href":"https:\/\/livinghome.vn\/thiet-bi\/wp-json\/wp\/v2\/types\/product"}],"replies":[{"embeddable":true,"href":"https:\/\/livinghome.vn\/thiet-bi\/wp-json\/wp\/v2\/comments?post=5385"}],"wp:featuredmedia":[{"embeddable":true,"href":"https:\/\/livinghome.vn\/thiet-bi\/wp-json\/wp\/v2\/media\/22068"}],"wp:attachment":[{"href":"https:\/\/livinghome.vn\/thiet-bi\/wp-json\/wp\/v2\/media?parent=5385"}],"wp:term":[{"taxonomy":"product_brand","embeddable":true,"href":"https:\/\/livinghome.vn\/thiet-bi\/wp-json\/wp\/v2\/product_brand?post=5385"},{"taxonomy":"product_cat","embeddable":true,"href":"https:\/\/livinghome.vn\/thiet-bi\/wp-json\/wp\/v2\/product_cat?post=5385"},{"taxonomy":"product_tag","embeddable":true,"href":"https:\/\/livinghome.vn\/thiet-bi\/wp-json\/wp\/v2\/product_tag?post=5385"}],"curies":[{"name":"wp","href":"https:\/\/api.w.org\/{rel}","templated":true}]}}