{"id":5370,"date":"2023-01-12T19:36:07","date_gmt":"2023-01-12T12:36:07","guid":{"rendered":"https:\/\/livinghome.vn\/thiet-bi\/?post_type=product&#038;p=5370"},"modified":"2024-11-29T14:19:26","modified_gmt":"2024-11-29T07:19:26","slug":"bep-tu-malloca-mdi-302-am-2-tu-domino-mat-kinh-schott-ceran","status":"publish","type":"product","link":"https:\/\/livinghome.vn\/thiet-bi\/bep-tu-malloca-mdi-302-am-2-tu-domino-mat-kinh-schott-ceran\/","title":{"rendered":"B\u1ebfp t\u1eeb Malloca MDI 302 \u00e2m 2 t\u1eeb domino m\u1eb7t k\u00ednh Schott Ceran"},"content":{"rendered":"<h3>B\u1ebfp t\u1eeb Malloca MDI 302 \u00e2m 2 t\u1eeb domino m\u1eb7t k\u00ednh Schott Ceran\u00a0s\u1ebd l\u00e0m c\u0103n b\u1ebfp c\u1ee7a b\u1ea1n th\u00eam sang tr\u1ecdng, t\u1ed1i \u01b0u h\u00f3a kh\u00f4ng gian ng\u00f4i nh\u00e0, ti\u1ec7n \u00edch khi s\u1eed d\u1ee5ng<\/h3>\n<figure id=\"attachment_52636\" aria-describedby=\"caption-attachment-52636\" style=\"width: 800px\" class=\"wp-caption alignnone\"><img loading=\"lazy\" decoding=\"async\" class=\"wp-image-52636 size-large\" src=\"https:\/\/livinghome.vn\/thiet-bi\/wp-content\/uploads\/nha-bep\/malloca\/bep-dien-tu\/bep-tu-domino-malloca-mdi-302\/bep-tu-am-malloca-domino-mdi-302-3-800x800.jpg\" alt=\"B\u1ebfp t\u1eeb Malloca MDI 302 \u00e2m 2 t\u1eeb domino m\u1eb7t k\u00ednh Schott Ceran\" width=\"800\" height=\"800\" title=\"\"><figcaption id=\"caption-attachment-52636\" class=\"wp-caption-text\">B\u1ebfp t\u1eeb Domino cung c\u1ea5p cho b\u1ea1n s\u1ef1 t\u1ef1 do \u0111\u1ec3 thi\u1ebft k\u1ebf khu v\u1ef1c n\u1ea5u \u0103n c\u1ee7a ri\u00eang m\u00ecnh<\/figcaption><\/figure>\n<p>B\u1ebfp Domino \u0111\u01b0\u1ee3c \u0111\u1ecbnh ngh\u0129a d\u1ef1a tr\u00ean ch\u00ednh h\u00ecnh d\u1ea1ng c\u1ee7a n\u00f3. M\u1ed9t chi\u1ebfc b\u1ebfp \u0111\u01b0\u1ee3c x\u1ebfp \u0111\u1eb7t c\u00e1c v\u00f9ng n\u1ea5u theo chi\u1ec1u d\u1ecdc. Th\u01b0\u1eddng s\u1ebd ch\u1ec9 c\u00f3 t\u1eeb m\u1ed9t \u0111\u1ebfn hai v\u00f9ng n\u1ea5u. B\u1eb1ng c\u00e1ch n\u00e0y, B\u1ebfp Domino c\u1ef1c k\u1ef3 ti\u1ebft ki\u1ec7m kh\u00f4ng gian b\u00e0n \u0111\u00e1 n\u1ebfu l\u1eafp \u0111\u1eb7t \u0111\u1ed9c l\u1eadp, \u00edt di\u1ec7n t\u00edch m\u00e0 mu\u1ed1n s\u1eed d\u1ee5ng nhi\u1ec1u thi\u1ebft b\u1ecb nh\u00e0 b\u1ebfp cho vi\u1ec7c n\u1ea5u \u0103n.<\/p>\n<p>Ch\u1ee9c n\u0103ng ch\u00ednh c\u1ee7a lo\u1ea1i b\u1ebfp c\u00f3 thi\u1ebft k\u1ebf n\u00e0y l\u00e0 kh\u1ea3 n\u0103ng m\u1edf r\u1ed9ng khu v\u1ef1c n\u1ea5u b\u1eb1ng c\u00e1ch l\u1eafp \u0111\u1eb7t k\u1ebft h\u1ee3p v\u1edbi nhi\u1ec1u lo\u1ea1i b\u1ebfp Domino kh\u00e1c \u0111\u1ec3 t\u1ea1o th\u00e0nh m\u1ed9t t\u1ed5ng th\u1ec3 b\u1ebfp \u0111a d\u1ea1ng v\u00e0 \u0111\u1ea7y \u0111\u1ee7 theo nhu c\u1ea7u c\u1ee7a ng\u01b0\u1eddi s\u1eed d\u1ee5ng.<\/p>\n<figure id=\"attachment_52635\" aria-describedby=\"caption-attachment-52635\" style=\"width: 800px\" class=\"wp-caption alignnone\"><img loading=\"lazy\" decoding=\"async\" class=\"wp-image-52635 size-large\" src=\"https:\/\/livinghome.vn\/thiet-bi\/wp-content\/uploads\/nha-bep\/malloca\/bep-dien-tu\/bep-tu-domino-malloca-mdi-302\/bep-tu-am-malloca-domino-mdi-302-4-800x800.jpg\" alt=\"B\u1ebfp t\u1eeb Domino c\u0169ng \u0111\u01b0\u1ee3c t\u00edch h\u1ee3p \u0111\u1ea7y \u0111\u1ee7 c\u00e1c t\u00ednh n\u0103ng ti\u1ec7n l\u1ee3i \" width=\"800\" height=\"800\" title=\"\"><figcaption id=\"caption-attachment-52635\" class=\"wp-caption-text\">B\u1ebfp t\u1eeb Domino c\u0169ng \u0111\u01b0\u1ee3c t\u00edch h\u1ee3p \u0111\u1ea7y \u0111\u1ee7 c\u00e1c t\u00ednh n\u0103ng ti\u1ec7n l\u1ee3i<\/figcaption><\/figure>\n<p>B\u1ebfp t\u1eeb Domino c\u0169ng \u0111\u01b0\u1ee3c t\u00edch h\u1ee3p \u0111\u1ea7y \u0111\u1ee7 c\u00e1c t\u00ednh n\u0103ng ti\u1ec7n l\u1ee3i s\u1eed d\u1ee5ng nh\u01b0 c\u00e1c b\u1ebfp t\u1eeb th\u00f4ng th\u01b0\u1eddng kh\u00e1c nh\u01b0 t\u1ef1 \u0111\u1ed9ng nh\u1eadn di\u1ec7n \u0111\u00e1y n\u1ed3i, t\u1ef1 \u0111\u1ed9ng ng\u1eaft khi kh\u00f4ng c\u00f3 n\u1ed3i, c\u1ea3nh b\u00e1o nhi\u1ec7t d\u01b0 v\u00f9ng n\u1ea5u.<\/p>\n<p><img loading=\"lazy\" decoding=\"async\" class=\"wp-image-52634 size-large\" src=\"https:\/\/livinghome.vn\/thiet-bi\/wp-content\/uploads\/nha-bep\/malloca\/bep-dien-tu\/bep-tu-domino-malloca-mdi-302\/bep-tu-am-malloca-domino-mdi-302-5-800x800.jpg\" alt=\" B\u1ebfp Domino c\u1ef1c k\u1ef3 ti\u1ebft ki\u1ec7m kh\u00f4ng gian b\u00e0n \u0111\u00e1 n\u1ebfu l\u1eafp \u0111\u1eb7t \u0111\u1ed9c l\u1eadp, \u00edt di\u1ec7n t\u00edch m\u00e0 mu\u1ed1n s\u1eed d\u1ee5ng nhi\u1ec1u thi\u1ebft b\u1ecb nh\u00e0 b\u1ebfp cho vi\u1ec7c n\u1ea5u \u0103n.\" width=\"800\" height=\"800\" title=\"\"><\/p>\n<p>V\u00ec \u0111\u1eb7c th\u00f9 v\u1ec1 h\u00ecnh d\u00e1ng \u0111\u1eb7t d\u1ecdc, b\u1ebfp t\u1eeb Domino ch\u1ec9 l\u1eafp \u0111\u1eb7t \u0111\u01b0\u1ee3c cho b\u00e0n ch\u01b0a c\u1eaft \u0111\u00e1, ho\u1eb7c l\u1ed7 kho\u00e9t \u0111\u00e1 c\u0169 cho c\u00f9ng lo\u1ea1i b\u1ebfp Domino, ch\u1ee9 kh\u00f4ng c\u00f3 kh\u1ea3 n\u0103ng v\u1eeba v\u1edbi l\u1ed7 \u0111\u00e1 c\u0169 c\u1ee7a c\u00e1c lo\u1ea1i b\u1ebfp truy\u1ec1n th\u1ed1ng n\u00ean c\u1ea7n \u0111\u01b0\u1ee3c thi\u1ebft tr\u01b0\u1edbc.<\/p>\n<p>D\u00f2ng b\u1ebfp t\u1eeb Domino cao c\u1ea5p Malloca c\u00f3 c\u00e1c t\u00ednh n\u0103ng: m\u1eb7t k\u00ednh eurokera (Ch\u00e2u \u00c2u) m\u00e0u \u0111en, \u0111i\u1ec1u khi\u1ec3n c\u1ea3m \u1ee9ng, 9 c\u00f4ng su\u1ea5t n\u1ea5u, nh\u1eadn di\u1ec7n n\u1ed3i, b\u00e1o d\u01b0 nhi\u1ec7t, n\u1ea5u nhanh, t\u1ef1 \u0111\u1ed9ng ng\u1eaft an to\u00e0n khi n\u1ea5u d\u01b0 nhi\u1ec7t, ch\u1ee9c n\u0103ng kh\u00f3a an to\u00e0n tr\u1ebb em, h\u1eb9n gi\u1edd,&#8230; c\u00f9ng ch\u1ebf \u0111\u1ed9 b\u1ea3o h\u00e0nh 3 n\u0103m &#8211; ch\u0103m s\u00f3c tr\u1ecdn \u0111\u1eddi. \u0110\u00e2y l\u00e0 ch\u00ednh s\u00e1ch ch\u0103m s\u00f3c kh\u00e1ch h\u00e0ng to\u00e0n di\u1ec7n, l\u00e2u d\u00e0i, \u0111\u1ea7u ti\u00ean v\u00e0 duy nh\u1ea5t trong ng\u00e0nh thi\u1ebft b\u1ecb nh\u00e0 b\u1ebfp t\u1ea1i Vi\u1ec7t Nam hi\u1ec7n nay.<\/p>\n<h3>T\u00ednh n\u0103ng c\u01a1 b\u1ea3n<\/h3>\n<ul>\n<li><a href=\"https:\/\/livinghome.vn\/thiet-bi\/bep-tu\/\">B\u1ebfp t\u1eeb \u00e2m<\/a> &#8211; B\u1ebfp k\u00ednh \u00e2m 2 t\u1eeb d\u1ea1ng domino<\/li>\n<li>M\u1eb7t k\u00ednh Schott Ceran \u2013 m\u00e0u \u0111en<\/li>\n<li>\u0110i\u1ec1u khi\u1ec3n c\u1ea3m \u1ee9ng<\/li>\n<li>M\u00e0n h\u00ecnh hi\u1ec3n th\u1ecb LED<\/li>\n<li>Ch\u1ee9c n\u0103ng nh\u1eadn di\u1ec7n n\u1ed3i<\/li>\n<li>Ch\u1ee9c n\u0103ng h\u1eb9n gi\u1edd<\/li>\n<li>Ch\u1ee9c n\u0103ng kh\u00f3a tr\u1ebb em<\/li>\n<li>Ch\u1ee9c n\u0103ng b\u00e1o d\u01b0 nhi\u1ec7t<\/li>\n<li>B\u1ebfp tr\u00ean : 9 m\u1ee9c c\u00f4ng su\u1ea5t<\/li>\n<li>B\u1ebfp d\u01b0\u1edbi : 9 m\u1ee9c c\u00f4ng su\u1ea5t, ch\u1ebf \u0111\u1ed9 gia nhi\u1ec7t nhanh (Booster)<\/li>\n<\/ul>\n<h3>Th\u00f4ng s\u1ed1 k\u1ef9 thu\u1eadt<\/h3>\n<ul>\n<li>C\u00f4ng su\u1ea5t: 1.4kW + 1.4kW<\/li>\n<li>\u00a0 \u00a0 \u00a0 \u00a0 \u00a0 \u00a0 \u00a0 \u00a0 \u00a0 \u00a0 (\u00d8 180) + (\u00d8 180)<\/li>\n<li>T\u1ed5ng c\u00f4ng su\u1ea5t : 3.3 kW<\/li>\n<li>\u0110i\u1ec7n \u00e1p : 220-240V~50\/60Hz<\/li>\n<li>K\u00edch th\u01b0\u1edbc b\u1ebfp: W298 x D520 x H68mm<\/li>\n<li>K\u00edch th\u01b0\u1edbc l\u1ed7 \u0111\u00e1: W274 x D496mm<\/li>\n<\/ul>\n<p>&nbsp;<\/p>\n<p>&nbsp;<\/p>\n<figure id=\"attachment_52637\" aria-describedby=\"caption-attachment-52637\" style=\"width: 800px\" class=\"wp-caption alignnone\"><img loading=\"lazy\" decoding=\"async\" class=\"wp-image-52637 size-large\" src=\"https:\/\/livinghome.vn\/thiet-bi\/wp-content\/uploads\/nha-bep\/malloca\/bep-dien-tu\/bep-tu-domino-malloca-mdi-302\/bep-tu-am-malloca-domino-mdi-302-2-800x800.jpg\" alt=\"K\u00edch th\u01b0\u1edbc b\u1ebfp t\u1eeb Malloca MDI 302 \" width=\"800\" height=\"800\" title=\"\"><figcaption id=\"caption-attachment-52637\" class=\"wp-caption-text\">K\u00edch th\u01b0\u1edbc b\u1ebfp t\u1eeb Malloca MDI 302<\/figcaption><\/figure>\n<h3>Xu\u1ea5t x\u1ee9: T\u00e2y Ban Nha<\/h3>\n<div><\/div>\n","protected":false},"excerpt":{"rendered":"<p>B\u1ebfp t\u1eeb Malloca MDI 302 \u00e2m 2 t\u1eeb domino m\u1eb7t k\u00ednh Schott Ceran\u00a0s\u1ebd l\u00e0m c\u0103n b\u1ebfp c\u1ee7a b\u1ea1n th\u00eam sang tr\u1ecdng, t\u1ed1i \u01b0u h\u00f3a kh\u00f4ng gian ng\u00f4i nh\u00e0, ti\u1ec7n \u00edch khi s\u1eed d\u1ee5ng B\u1ebfp Domino \u0111\u01b0\u1ee3c \u0111\u1ecbnh ngh\u0129a d\u1ef1a tr\u00ean ch\u00ednh h\u00ecnh d\u1ea1ng c\u1ee7a n\u00f3. M\u1ed9t chi\u1ebfc b\u1ebfp \u0111\u01b0\u1ee3c x\u1ebfp \u0111\u1eb7t c\u00e1c v\u00f9ng n\u1ea5u theo [&#8230;]\n","protected":false},"featured_media":5459,"comment_status":"open","ping_status":"closed","template":"","meta":[],"product_brand":[],"product_cat":[720,794,745,813,796,830,802,832,75,795,262],"product_tag":[310,76,168,266,270],"class_list":{"0":"post-5370","1":"product","2":"type-product","3":"status-publish","4":"has-post-thumbnail","6":"product_cat-bep-tu-malloca","7":"product_cat-bep-2-tu","8":"product_cat-bep-dien-tu","9":"product_cat-bep-dien-tu-chung-cu","10":"product_cat-bep-dien-tu-doi","11":"product_cat-bep-dien-tu-domino","12":"product_cat-bep-dien-tu-mat-kinh-schott-ceran","13":"product_cat-bep-dien-tu-tay-ban-nha","14":"product_cat-bep-tu","15":"product_cat-bep-tu-doi","16":"product_cat-thuong-hieu-malloca","17":"product_tag-bep-nau","18":"product_tag-bep-tu","19":"product_tag-bep-tu-am","20":"product_tag-bep-tu-malloca","21":"product_tag-malloca","23":"first","24":"instock","25":"sale","26":"shipping-taxable","27":"purchasable","28":"product-type-simple"},"_links":{"self":[{"href":"https:\/\/livinghome.vn\/thiet-bi\/wp-json\/wp\/v2\/product\/5370","targetHints":{"allow":["GET"]}}],"collection":[{"href":"https:\/\/livinghome.vn\/thiet-bi\/wp-json\/wp\/v2\/product"}],"about":[{"href":"https:\/\/livinghome.vn\/thiet-bi\/wp-json\/wp\/v2\/types\/product"}],"replies":[{"embeddable":true,"href":"https:\/\/livinghome.vn\/thiet-bi\/wp-json\/wp\/v2\/comments?post=5370"}],"wp:featuredmedia":[{"embeddable":true,"href":"https:\/\/livinghome.vn\/thiet-bi\/wp-json\/wp\/v2\/media\/5459"}],"wp:attachment":[{"href":"https:\/\/livinghome.vn\/thiet-bi\/wp-json\/wp\/v2\/media?parent=5370"}],"wp:term":[{"taxonomy":"product_brand","embeddable":true,"href":"https:\/\/livinghome.vn\/thiet-bi\/wp-json\/wp\/v2\/product_brand?post=5370"},{"taxonomy":"product_cat","embeddable":true,"href":"https:\/\/livinghome.vn\/thiet-bi\/wp-json\/wp\/v2\/product_cat?post=5370"},{"taxonomy":"product_tag","embeddable":true,"href":"https:\/\/livinghome.vn\/thiet-bi\/wp-json\/wp\/v2\/product_tag?post=5370"}],"curies":[{"name":"wp","href":"https:\/\/api.w.org\/{rel}","templated":true}]}}