{"id":5369,"date":"2023-01-12T19:36:07","date_gmt":"2023-01-12T12:36:07","guid":{"rendered":"https:\/\/livinghome.vn\/thiet-bi\/?post_type=product&#038;p=5369"},"modified":"2024-11-29T14:19:26","modified_gmt":"2024-11-29T07:19:26","slug":"bep-tu-malloca-mi-732-sl-am-2-tu-mau-den-mat-kinh-schottceran","status":"publish","type":"product","link":"https:\/\/livinghome.vn\/thiet-bi\/bep-tu-malloca-mi-732-sl-am-2-tu-mau-den-mat-kinh-schottceran\/","title":{"rendered":"B\u1ebfp t\u1eeb Malloca MI 732 SL \u00e2m 2 t\u1eeb m\u00e0u \u0111en m\u1eb7t k\u00ednh Schottceran"},"content":{"rendered":"<h3>B\u1ebfp t\u1eeb Malloca MI 732 SL s\u1ebd l\u00e0m c\u0103n b\u1ebfp c\u1ee7a b\u1ea1n th\u00eam sang tr\u1ecdng, t\u1ed1i \u01b0u h\u00f3a kh\u00f4ng gian ng\u00f4i nh\u00e0, ti\u1ec7n \u00edch khi s\u1eed d\u1ee5ng<\/h3>\n<figure id=\"attachment_52612\" aria-describedby=\"caption-attachment-52612\" style=\"width: 800px\" class=\"wp-caption alignnone\"><img loading=\"lazy\" decoding=\"async\" class=\"wp-image-52612 size-large\" src=\"https:\/\/livinghome.vn\/thiet-bi\/wp-content\/uploads\/nha-bep\/malloca\/bep-dien-tu\/bep-tu-am-malloca-mi-732-sl\/bep-tu-am-malloca-mi-732-sl-3-800x800.jpg\" alt=\"B\u1ebfp t\u1eeb Malloca MI 732 SL\" width=\"800\" height=\"800\" title=\"\"><figcaption id=\"caption-attachment-52612\" class=\"wp-caption-text\">B\u1ebfp t\u1eeb Malloca MI 732 SL<\/figcaption><\/figure>\n<h3>T\u00ednh n\u0103ng c\u01a1 b\u1ea3n<\/h3>\n<ul>\n<li><a href=\"https:\/\/livinghome.vn\/thiet-bi\/bep-tu\/\">B\u1ebfp t\u1eeb \u00e2m<\/a> &#8211; B\u1ebfp k\u00ednh \u00e2m 2 t\u1eeb<\/li>\n<li>M\u1eb7t k\u00ednh Schottceran \u2013 m\u00e0u \u0111en<\/li>\n<li>B\u00e0n ph\u00edm \u0111i\u1ec1u khi\u1ec3n d\u1ea1ng tr\u01b0\u1ee3t<\/li>\n<li>Ch\u1ee9c n\u0103ng t\u1ea1m d\u1eebng trong qu\u00e1 tr\u00ecnh n\u1ea5u<\/li>\n<li>\u0110i\u1ec1u khi\u1ec3n c\u1ea3m \u1ee9ng<\/li>\n<li>M\u00e0n h\u00ecnh hi\u1ec3n th\u1ecb LED<\/li>\n<li>Ch\u1ee9c n\u0103ng nh\u1eadn di\u1ec7n n\u1ed3i<\/li>\n<li>Ch\u1ee9c n\u0103ng h\u1eb9n gi\u1edd<\/li>\n<li>Ch\u1ee9c n\u0103ng kh\u00f3a ph\u00edm an to\u00e0n<\/li>\n<li>Ch\u1ee9c n\u0103ng b\u00e1o d\u01b0 nhi\u1ec7t<\/li>\n<li>9 m\u1ee9c c\u00f4ng su\u1ea5t<\/li>\n<li>Ch\u1ee9c n\u0103ng n\u1ea5u nhanh \u2013 Booster<\/li>\n<\/ul>\n<h3>Th\u00f4ng s\u1ed1 k\u1ef9 thu\u1eadt<\/h3>\n<ul>\n<li>C\u00f4ng su\u1ea5t: 2.0kW + 1.8kW<\/li>\n<li>\u00a0 \u00a0 \u00a0 \u00a0 \u00a0 \u00a0 \u00a0 \u00a0 \u00a0 \u00a0(\u00d8215) + (\u00d8185)<\/li>\n<li>C\u00f4ng su\u1ea5t t\u1ed5ng: 3.6 kW<\/li>\n<li>K\u00edch th\u01b0\u1edbc b\u1ebfp: W730 x D430 x H67mm<\/li>\n<li>K\u00edch th\u01b0\u1edbc l\u1ed7 \u0111\u00e1: W672 x D337mm<\/li>\n<\/ul>\n<p>&nbsp;<\/p>\n<figure id=\"attachment_52613\" aria-describedby=\"caption-attachment-52613\" style=\"width: 800px\" class=\"wp-caption alignnone\"><img loading=\"lazy\" decoding=\"async\" class=\"wp-image-52613 size-large\" src=\"https:\/\/livinghome.vn\/thiet-bi\/wp-content\/uploads\/nha-bep\/malloca\/bep-dien-tu\/bep-tu-am-malloca-mi-732-sl\/bep-tu-am-malloca-mi-732-sl-2-800x800.jpg\" alt=\"K\u00edch th\u01b0\u1edbc b\u1ebfp t\u1eeb Malloca MI 732 SL\" width=\"800\" height=\"800\" title=\"\"><figcaption id=\"caption-attachment-52613\" class=\"wp-caption-text\">K\u00edch th\u01b0\u1edbc b\u1ebfp t\u1eeb Malloca MI 732 SL<\/figcaption><\/figure>\n<h3>Xu\u1ea5t x\u1ee9: T\u00e2y Ban Nha<\/h3>\n<div><\/div>\n","protected":false},"excerpt":{"rendered":"<p>B\u1ebfp t\u1eeb Malloca MI 732 SL s\u1ebd l\u00e0m c\u0103n b\u1ebfp c\u1ee7a b\u1ea1n th\u00eam sang tr\u1ecdng, t\u1ed1i \u01b0u h\u00f3a kh\u00f4ng gian ng\u00f4i nh\u00e0, ti\u1ec7n \u00edch khi s\u1eed d\u1ee5ng T\u00ednh n\u0103ng c\u01a1 b\u1ea3n B\u1ebfp t\u1eeb \u00e2m &#8211; B\u1ebfp k\u00ednh \u00e2m 2 t\u1eeb M\u1eb7t k\u00ednh Schottceran \u2013 m\u00e0u \u0111en B\u00e0n ph\u00edm \u0111i\u1ec1u khi\u1ec3n d\u1ea1ng tr\u01b0\u1ee3t Ch\u1ee9c n\u0103ng t\u1ea1m [&#8230;]\n","protected":false},"featured_media":22046,"comment_status":"open","ping_status":"closed","template":"","meta":[],"product_brand":[],"product_cat":[720,745,813,796,799,721,802,816,75,795,262],"product_tag":[310,76,168,266,270],"class_list":{"0":"post-5369","1":"product","2":"type-product","3":"status-publish","4":"has-post-thumbnail","6":"product_cat-bep-tu-malloca","7":"product_cat-bep-dien-tu","8":"product_cat-bep-dien-tu-chung-cu","9":"product_cat-bep-dien-tu-doi","10":"product_cat-bep-dien-tu-hinh-chu-nhat","11":"product_cat-bep-dien-tu-malloca","12":"product_cat-bep-dien-tu-mat-kinh-schott-ceran","13":"product_cat-bep-dien-tu-thoi-trang","14":"product_cat-bep-tu","15":"product_cat-bep-tu-doi","16":"product_cat-thuong-hieu-malloca","17":"product_tag-bep-nau","18":"product_tag-bep-tu","19":"product_tag-bep-tu-am","20":"product_tag-bep-tu-malloca","21":"product_tag-malloca","23":"first","24":"instock","25":"sale","26":"shipping-taxable","27":"purchasable","28":"product-type-simple"},"_links":{"self":[{"href":"https:\/\/livinghome.vn\/thiet-bi\/wp-json\/wp\/v2\/product\/5369","targetHints":{"allow":["GET"]}}],"collection":[{"href":"https:\/\/livinghome.vn\/thiet-bi\/wp-json\/wp\/v2\/product"}],"about":[{"href":"https:\/\/livinghome.vn\/thiet-bi\/wp-json\/wp\/v2\/types\/product"}],"replies":[{"embeddable":true,"href":"https:\/\/livinghome.vn\/thiet-bi\/wp-json\/wp\/v2\/comments?post=5369"}],"wp:featuredmedia":[{"embeddable":true,"href":"https:\/\/livinghome.vn\/thiet-bi\/wp-json\/wp\/v2\/media\/22046"}],"wp:attachment":[{"href":"https:\/\/livinghome.vn\/thiet-bi\/wp-json\/wp\/v2\/media?parent=5369"}],"wp:term":[{"taxonomy":"product_brand","embeddable":true,"href":"https:\/\/livinghome.vn\/thiet-bi\/wp-json\/wp\/v2\/product_brand?post=5369"},{"taxonomy":"product_cat","embeddable":true,"href":"https:\/\/livinghome.vn\/thiet-bi\/wp-json\/wp\/v2\/product_cat?post=5369"},{"taxonomy":"product_tag","embeddable":true,"href":"https:\/\/livinghome.vn\/thiet-bi\/wp-json\/wp\/v2\/product_tag?post=5369"}],"curies":[{"name":"wp","href":"https:\/\/api.w.org\/{rel}","templated":true}]}}