{"id":5352,"date":"2023-01-12T19:35:44","date_gmt":"2023-01-12T19:35:44","guid":{"rendered":"https:\/\/livinghome.vn\/thiet-bi\/?post_type=product&#038;p=5352"},"modified":"2024-11-29T14:19:26","modified_gmt":"2024-11-29T07:19:26","slug":"bep-tu-malloca-mh-7320-in-am-2-tu-mat-kinh-vitroceramic","status":"publish","type":"product","link":"https:\/\/livinghome.vn\/thiet-bi\/bep-tu-malloca-mh-7320-in-am-2-tu-mat-kinh-vitroceramic\/","title":{"rendered":"B\u1ebfp t\u1eeb Malloca MH-7320 IN \u00e2m 2 t\u1eeb m\u1eb7t k\u00ednh Vitroceramic"},"content":{"rendered":"<h3>B\u1ebfp t\u1eeb Malloca MH-7320 IN \u00e2m 2 t\u1eeb m\u1eb7t k\u00ednh Vitroceramic, \u0111\u01b0\u1ee3c thi\u1ebft k\u1ebf s\u1eed d\u1ee5ng c\u00f4ng ngh\u1ec7 s\u01a1n ph\u1ee7 t\u0103ng c\u01b0\u1eddng kh\u1ea3 n\u0103ng ch\u1ed1ng tr\u1ea7y x\u01b0\u1edbc v\u00e0 th\u1ea9m m\u1ef9 v\u01b0\u1ee3t tr\u1ed9i. B\u00e0n ph\u00edm b\u1eb1ng c\u1ea3m \u1ee9ng t\u1eeb ho\u1eb7c c\u1ea3m \u1ee9ng tr\u01b0\u1ee3t, gi\u00fap ng\u01b0\u1eddi s\u1eed d\u1ee5ng d\u1ec5 d\u00e0ng thao t\u00e1c.<\/h3>\n<figure id=\"attachment_52601\" aria-describedby=\"caption-attachment-52601\" style=\"width: 800px\" class=\"wp-caption alignnone\"><img loading=\"lazy\" decoding=\"async\" class=\"wp-image-52601 size-large\" src=\"https:\/\/livinghome.vn\/thiet-bi\/wp-content\/uploads\/nha-bep\/malloca\/bep-dien-tu\/bep-tu-am-malloca-mh-732-in\/bep-tu-am-malloca-mh-732-in-1-800x800.jpg\" alt=\"B\u1ebfp t\u1eeb Malloca MH-7320 IN \u00e2m 2 t\u1eeb m\u1eb7t k\u00ednh Vitroceramic\" width=\"800\" height=\"800\" title=\"\"><figcaption id=\"caption-attachment-52601\" class=\"wp-caption-text\">B\u1ebfp t\u1eeb Malloca MH-7320 IN \u00e2m 2 t\u1eeb m\u1eb7t k\u00ednh Vitroceramic<\/figcaption><\/figure>\n<h3>T\u00ednh n\u0103ng c\u01a1 b\u1ea3n<\/h3>\n<ul>\n<li><a href=\"https:\/\/livinghome.vn\/thiet-bi\/bep-tu\/\">B\u1ebfp t\u1eeb \u00e2m<\/a> &#8211; B\u1ebfp k\u00ednh \u00e2m 2 t\u1eeb<\/li>\n<li>M\u1eb7t k\u00ednh Vitroceramic<\/li>\n<li>\u0110i\u1ec1u khi\u1ec3n c\u1ea3m \u1ee9ng d\u1ea1ng tr\u01b0\u1ee3t (Slide)<\/li>\n<li>M\u00e0n h\u00ecnh hi\u1ec3n th\u1ecb LED<\/li>\n<li>Ch\u1ee9c n\u0103ng nh\u1eadn di\u1ec7n n\u1ed3i<\/li>\n<li>Ch\u1ee9c n\u0103ng h\u1eb9n gi\u1edd<\/li>\n<li>Ch\u1ee9c n\u0103ng kh\u00f3a ph\u00edm an to\u00e0n<\/li>\n<li>Ch\u1ee9c n\u0103ng b\u00e1o d\u01b0 nhi\u1ec7t<\/li>\n<li>9 m\u1ee9c c\u00f4ng su\u1ea5t<\/li>\n<li>Ch\u1ee9c n\u0103ng n\u1ea5u nhanh \u2013 Booster<\/li>\n<\/ul>\n<h3>Th\u00f4ng s\u1ed1 k\u1ef9 thu\u1eadt<\/h3>\n<ul>\n<li>C\u00f4ng su\u1ea5t: 1.8kW (Booster 2.1 kW)+ 1.8 kW (Booster 2.1 kW)<\/li>\n<li>\u00a0 \u00a0 \u00a0 \u00a0 \u00a0 \u00a0 \u00a0 \u00a0 \u00a0 \u00a0 \u00a0(\u00d8210) + (\u00d8210)<\/li>\n<li>T\u1ed5ng c\u00f4ng su\u1ea5t : 3.6 kW<\/li>\n<li>\u0110i\u1ec7n \u00e1p : 220-240V\/50Hz<\/li>\n<li>K\u00edch th\u01b0\u1edbc b\u1ebfp: W730 x D420 x H62mm<\/li>\n<li>K\u00edch th\u01b0\u1edbc l\u1ed7 \u0111\u00e1: W680 x D380mm<\/li>\n<\/ul>\n<p>&nbsp;<\/p>\n<p>&nbsp;<\/p>\n<figure id=\"attachment_52600\" aria-describedby=\"caption-attachment-52600\" style=\"width: 800px\" class=\"wp-caption alignnone\"><img loading=\"lazy\" decoding=\"async\" class=\"wp-image-52600 size-large\" src=\"https:\/\/livinghome.vn\/thiet-bi\/wp-content\/uploads\/nha-bep\/malloca\/bep-dien-tu\/bep-tu-am-malloca-mh-732-in\/bep-tu-am-malloca-mh-732-in-2-800x800.jpg\" alt=\"K\u00edch th\u01b0\u1edbc b\u1ebfp Malloca MH-7320 IN \u00e2m 2 t\u1eeb m\u1eb7t k\u00ednh Vitroceramic\" width=\"800\" height=\"800\" title=\"\"><figcaption id=\"caption-attachment-52600\" class=\"wp-caption-text\">K\u00edch th\u01b0\u1edbc b\u1ebfp t\u1eeb Malloca MH-7320 IN \u00e2m 2 t\u1eeb m\u1eb7t k\u00ednh Vitroceramic<\/figcaption><\/figure>\n<h3>Xu\u1ea5t x\u1ee9: Trung Qu\u1ed1c (theo b\u1ea3n quy\u1ec1n Malloca)<\/h3>\n<div><\/div>\n","protected":false},"excerpt":{"rendered":"<p>B\u1ebfp t\u1eeb Malloca MH-7320 IN \u00e2m 2 t\u1eeb m\u1eb7t k\u00ednh Vitroceramic, \u0111\u01b0\u1ee3c thi\u1ebft k\u1ebf s\u1eed d\u1ee5ng c\u00f4ng ngh\u1ec7 s\u01a1n ph\u1ee7 t\u0103ng c\u01b0\u1eddng kh\u1ea3 n\u0103ng ch\u1ed1ng tr\u1ea7y x\u01b0\u1edbc v\u00e0 th\u1ea9m m\u1ef9 v\u01b0\u1ee3t tr\u1ed9i. B\u00e0n ph\u00edm b\u1eb1ng c\u1ea3m \u1ee9ng t\u1eeb ho\u1eb7c c\u1ea3m \u1ee9ng tr\u01b0\u1ee3t, gi\u00fap ng\u01b0\u1eddi s\u1eed d\u1ee5ng d\u1ec5 d\u00e0ng thao t\u00e1c. T\u00ednh n\u0103ng c\u01a1 b\u1ea3n B\u1ebfp [&#8230;]\n","protected":false},"featured_media":5439,"comment_status":"open","ping_status":"closed","template":"","meta":[],"product_brand":[],"product_cat":[720,794,745,813,796,799,75,795,262],"product_tag":[310,76,168,266,270],"class_list":{"0":"post-5352","1":"product","2":"type-product","3":"status-publish","4":"has-post-thumbnail","6":"product_cat-bep-tu-malloca","7":"product_cat-bep-2-tu","8":"product_cat-bep-dien-tu","9":"product_cat-bep-dien-tu-chung-cu","10":"product_cat-bep-dien-tu-doi","11":"product_cat-bep-dien-tu-hinh-chu-nhat","12":"product_cat-bep-tu","13":"product_cat-bep-tu-doi","14":"product_cat-thuong-hieu-malloca","15":"product_tag-bep-nau","16":"product_tag-bep-tu","17":"product_tag-bep-tu-am","18":"product_tag-bep-tu-malloca","19":"product_tag-malloca","21":"first","22":"instock","23":"shipping-taxable","24":"product-type-simple"},"_links":{"self":[{"href":"https:\/\/livinghome.vn\/thiet-bi\/wp-json\/wp\/v2\/product\/5352","targetHints":{"allow":["GET"]}}],"collection":[{"href":"https:\/\/livinghome.vn\/thiet-bi\/wp-json\/wp\/v2\/product"}],"about":[{"href":"https:\/\/livinghome.vn\/thiet-bi\/wp-json\/wp\/v2\/types\/product"}],"replies":[{"embeddable":true,"href":"https:\/\/livinghome.vn\/thiet-bi\/wp-json\/wp\/v2\/comments?post=5352"}],"wp:featuredmedia":[{"embeddable":true,"href":"https:\/\/livinghome.vn\/thiet-bi\/wp-json\/wp\/v2\/media\/5439"}],"wp:attachment":[{"href":"https:\/\/livinghome.vn\/thiet-bi\/wp-json\/wp\/v2\/media?parent=5352"}],"wp:term":[{"taxonomy":"product_brand","embeddable":true,"href":"https:\/\/livinghome.vn\/thiet-bi\/wp-json\/wp\/v2\/product_brand?post=5352"},{"taxonomy":"product_cat","embeddable":true,"href":"https:\/\/livinghome.vn\/thiet-bi\/wp-json\/wp\/v2\/product_cat?post=5352"},{"taxonomy":"product_tag","embeddable":true,"href":"https:\/\/livinghome.vn\/thiet-bi\/wp-json\/wp\/v2\/product_tag?post=5352"}],"curies":[{"name":"wp","href":"https:\/\/api.w.org\/{rel}","templated":true}]}}