{"id":5351,"date":"2023-01-12T19:35:44","date_gmt":"2023-01-12T19:35:44","guid":{"rendered":"https:\/\/livinghome.vn\/thiet-bi\/?post_type=product&#038;p=5351"},"modified":"2024-11-29T14:19:26","modified_gmt":"2024-11-29T07:19:26","slug":"bep-tu-malloca-mh-5903-i-am-3-tu-mau-den-mat-kinh-vitroceramic","status":"publish","type":"product","link":"https:\/\/livinghome.vn\/thiet-bi\/bep-tu-malloca-mh-5903-i-am-3-tu-mau-den-mat-kinh-vitroceramic\/","title":{"rendered":"B\u1ebfp t\u1eeb Malloca MH-5903 I \u00e2m 3 t\u1eeb m\u00e0u \u0111en m\u1eb7t k\u00ednh Vitroceramic"},"content":{"rendered":"<h3>B\u1ebfp t\u1eeb Malloca MH-5903 I \u00e2m 3 t\u1eeb sang tr\u1ecdng ph\u00f9 h\u1ee3p v\u1edbi nh\u1eefng c\u0103n b\u1ebfp c\u00f3 kh\u00f4ng gian r\u1ed9ng hay gia \u0111\u00ecnh \u0111\u00f4ng ng\u01b0\u1eddi<\/h3>\n<figure id=\"attachment_52594\" aria-describedby=\"caption-attachment-52594\" style=\"width: 800px\" class=\"wp-caption alignnone\"><img loading=\"lazy\" decoding=\"async\" class=\"wp-image-52594 size-large\" src=\"https:\/\/livinghome.vn\/thiet-bi\/wp-content\/uploads\/nha-bep\/malloca\/bep-dien-tu\/bep-tu-am-malloca-mh-5903-i\/bep-tu-am-malloca-mh-5903-i-6-800x800.jpg\" alt=\"B\u1ebfp t\u1eeb Malloca MH-5903 I \u00e2m 3 t\u1eeb\" width=\"800\" height=\"800\" title=\"\"><figcaption id=\"caption-attachment-52594\" class=\"wp-caption-text\">B\u1ebfp t\u1eeb Malloca MH-5903 I \u00e2m 3 t\u1eeb<\/figcaption><\/figure>\n<h3>T\u00ednh n\u0103ng c\u01a1 b\u1ea3n<\/h3>\n<ul>\n<li><a href=\"https:\/\/livinghome.vn\/thiet-bi\/bep-tu\/\">B\u1ebfp t\u1eeb \u00e2m<\/a> &#8211; B\u1ebfp k\u00ednh \u00e2m 3 t\u1eeb<\/li>\n<li>M\u1eb7t k\u00ednh Vitroceramic \u2013 m\u00e0u \u0111en<\/li>\n<li>\u0110i\u1ec1u khi\u1ec3n c\u1ea3m \u1ee9ng<\/li>\n<li>M\u00e0n h\u00ecnh hi\u1ec3n th\u1ecb LED<\/li>\n<li>Ch\u1ee9c n\u0103ng nh\u1eadn di\u1ec7n n\u1ed3i<\/li>\n<li>Ch\u1ee9c n\u0103ng h\u1eb9n gi\u1edd<\/li>\n<li>Ch\u1ee9c n\u0103ng kh\u00f3a ph\u00edm an to\u00e0n<\/li>\n<li>Ch\u1ee9c n\u0103ng b\u00e1o d\u01b0 nhi\u1ec7t<\/li>\n<li>9 m\u1ee9c c\u00f4ng su\u1ea5t<\/li>\n<li>Ch\u1ee9c n\u0103ng n\u1ea5u nhanh \u2013 Booster<\/li>\n<\/ul>\n<h3>Th\u00f4ng s\u1ed1 k\u1ef9 thu\u1eadt<\/h3>\n<ul>\n<li>C\u00f4ng su\u1ea5t: 2.6kW + 1.8kW + 3kW<\/li>\n<li>\u00a0 \u00a0 \u00a0 \u00a0 \u00a0 \u00a0 \u00a0 \u00a0 \u00a0 \u00a0 (\u00d8 180) + (\u00d8 160) + ( \u00d8 280)<\/li>\n<li>T\u1ed5ng c\u00f4ng su\u1ea5t : 6.5 kW<\/li>\n<li>\u0110i\u1ec7n \u00e1p : 220-240V~50\/60Hz<\/li>\n<li>K\u00edch th\u01b0\u1edbc b\u1ebfp: W590 x D520 x H56mm<\/li>\n<li>K\u00edch th\u01b0\u1edbc l\u1ed7 \u0111\u00e1: W565 x D490mm<\/li>\n<\/ul>\n<p>&nbsp;<\/p>\n<figure id=\"attachment_52598\" aria-describedby=\"caption-attachment-52598\" style=\"width: 800px\" class=\"wp-caption alignnone\"><img loading=\"lazy\" decoding=\"async\" class=\"wp-image-52598 size-large\" src=\"https:\/\/livinghome.vn\/thiet-bi\/wp-content\/uploads\/nha-bep\/malloca\/bep-dien-tu\/bep-tu-am-malloca-mh-5903-i\/bep-tu-am-malloca-mh-5903-i-2-800x800.jpg\" alt=\"K\u00edch th\u01b0\u1edbc b\u1ebfp t\u1eeb Malloca MH-5903 I \u00e2m 3 t\u1eeb\" width=\"800\" height=\"800\" title=\"\"><figcaption id=\"caption-attachment-52598\" class=\"wp-caption-text\">K\u00edch th\u01b0\u1edbc b\u1ebfp t\u1eeb Malloca MH-5903 I \u00e2m 3 t\u1eeb<\/figcaption><\/figure>\n<h3>Xu\u1ea5t x\u1ee9: Trung Qu\u1ed1c<\/h3>\n<div><\/div>\n","protected":false},"excerpt":{"rendered":"<p>B\u1ebfp t\u1eeb Malloca MH-5903 I \u00e2m 3 t\u1eeb sang tr\u1ecdng ph\u00f9 h\u1ee3p v\u1edbi nh\u1eefng c\u0103n b\u1ebfp c\u00f3 kh\u00f4ng gian r\u1ed9ng hay gia \u0111\u00ecnh \u0111\u00f4ng ng\u01b0\u1eddi T\u00ednh n\u0103ng c\u01a1 b\u1ea3n B\u1ebfp t\u1eeb \u00e2m &#8211; B\u1ebfp k\u00ednh \u00e2m 3 t\u1eeb M\u1eb7t k\u00ednh Vitroceramic \u2013 m\u00e0u \u0111en \u0110i\u1ec1u khi\u1ec3n c\u1ea3m \u1ee9ng M\u00e0n h\u00ecnh hi\u1ec3n th\u1ecb LED Ch\u1ee9c n\u0103ng [&#8230;]\n","protected":false},"featured_media":22053,"comment_status":"open","ping_status":"closed","template":"","meta":[],"product_brand":[],"product_cat":[720,868,745,803,800,816,75,805,871,262],"product_tag":[310,76,168,266,270],"class_list":{"0":"post-5351","1":"product","2":"type-product","3":"status-publish","4":"has-post-thumbnail","6":"product_cat-bep-tu-malloca","7":"product_cat-bep-3-tu","8":"product_cat-bep-dien-tu","9":"product_cat-bep-dien-tu-3-vung-nau","10":"product_cat-bep-dien-tu-hinh-vuong","11":"product_cat-bep-dien-tu-thoi-trang","12":"product_cat-bep-tu","13":"product_cat-bep-tu-3-vung-nau","14":"product_cat-bep-tu-da-vung-nau","15":"product_cat-thuong-hieu-malloca","16":"product_tag-bep-nau","17":"product_tag-bep-tu","18":"product_tag-bep-tu-am","19":"product_tag-bep-tu-malloca","20":"product_tag-malloca","22":"first","23":"instock","24":"sale","25":"shipping-taxable","26":"purchasable","27":"product-type-simple"},"_links":{"self":[{"href":"https:\/\/livinghome.vn\/thiet-bi\/wp-json\/wp\/v2\/product\/5351","targetHints":{"allow":["GET"]}}],"collection":[{"href":"https:\/\/livinghome.vn\/thiet-bi\/wp-json\/wp\/v2\/product"}],"about":[{"href":"https:\/\/livinghome.vn\/thiet-bi\/wp-json\/wp\/v2\/types\/product"}],"replies":[{"embeddable":true,"href":"https:\/\/livinghome.vn\/thiet-bi\/wp-json\/wp\/v2\/comments?post=5351"}],"wp:featuredmedia":[{"embeddable":true,"href":"https:\/\/livinghome.vn\/thiet-bi\/wp-json\/wp\/v2\/media\/22053"}],"wp:attachment":[{"href":"https:\/\/livinghome.vn\/thiet-bi\/wp-json\/wp\/v2\/media?parent=5351"}],"wp:term":[{"taxonomy":"product_brand","embeddable":true,"href":"https:\/\/livinghome.vn\/thiet-bi\/wp-json\/wp\/v2\/product_brand?post=5351"},{"taxonomy":"product_cat","embeddable":true,"href":"https:\/\/livinghome.vn\/thiet-bi\/wp-json\/wp\/v2\/product_cat?post=5351"},{"taxonomy":"product_tag","embeddable":true,"href":"https:\/\/livinghome.vn\/thiet-bi\/wp-json\/wp\/v2\/product_tag?post=5351"}],"curies":[{"name":"wp","href":"https:\/\/api.w.org\/{rel}","templated":true}]}}