{"id":5349,"date":"2023-01-12T19:35:44","date_gmt":"2023-01-12T12:35:44","guid":{"rendered":"https:\/\/livinghome.vn\/thiet-bi\/?post_type=product&#038;p=5349"},"modified":"2024-11-29T14:19:26","modified_gmt":"2024-11-29T07:19:26","slug":"bep-tu-malloca-mh-02is-am-2-tu-ver-2020-hieu-ung-kim-loai-xuoc","status":"publish","type":"product","link":"https:\/\/livinghome.vn\/thiet-bi\/bep-tu-malloca-mh-02is-am-2-tu-ver-2020-hieu-ung-kim-loai-xuoc\/","title":{"rendered":"B\u1ebfp t\u1eeb Malloca MH-02IS \u00e2m 2 t\u1eeb ver 2020 hi\u1ec7u \u1ee9ng kim lo\u1ea1i x\u01b0\u1edbc"},"content":{"rendered":"<h3>B\u1ebfp t\u1eeb Malloca MH-02IS \u00e2m 2 t\u1eeb ver 2020, \u0111\u01b0\u1ee3c thi\u1ebft k\u1ebf s\u1eed d\u1ee5ng c\u00f4ng ngh\u1ec7 s\u01a1n ph\u1ee7 t\u0103ng c\u01b0\u1eddng kh\u1ea3 n\u0103ng ch\u1ed1ng tr\u1ea7y x\u01b0\u1edbc v\u00e0 th\u1ea9m m\u1ef9 v\u01b0\u1ee3t tr\u1ed9i. B\u00e0n ph\u00edm b\u1eb1ng c\u1ea3m \u1ee9ng t\u1eeb ho\u1eb7c c\u1ea3m \u1ee9ng tr\u01b0\u1ee3t, gi\u00fap ng\u01b0\u1eddi s\u1eed d\u1ee5ng d\u1ec5 d\u00e0ng thao t\u00e1c.<\/h3>\n<figure id=\"attachment_52582\" aria-describedby=\"caption-attachment-52582\" style=\"width: 800px\" class=\"wp-caption alignnone\"><img loading=\"lazy\" decoding=\"async\" class=\"wp-image-52582 size-large\" src=\"https:\/\/livinghome.vn\/thiet-bi\/wp-content\/uploads\/nha-bep\/malloca\/bep-dien-tu\/bep-tu-am-malloca-mh-02is\/bep-tu-am-malloca-mh-02is-1-800x800.jpg\" alt=\"B\u1ebfp t\u1eeb Malloca MH-02IS \u00e2m 2 t\u1eeb ver 2020\" width=\"800\" height=\"800\" title=\"\"><figcaption id=\"caption-attachment-52582\" class=\"wp-caption-text\">B\u1ebfp t\u1eeb Malloca MH-02IS \u00e2m 2 t\u1eeb ver 2020<\/figcaption><\/figure>\n<h3>T\u00ednh n\u0103ng c\u01a1 b\u1ea3n<\/h3>\n<ul>\n<li><a href=\"https:\/\/livinghome.vn\/thiet-bi\/bep-tu\/\">B\u1ebfp t\u1eeb \u00e2m<\/a> &#8211; B\u1ebfp k\u00ednh \u00e2m 2 t\u1eeb<\/li>\n<li>M\u1eb7t k\u00ednh EuroKera \u2013 Hi\u1ec7u \u1ee9ng kim lo\u1ea1i x\u01b0\u1edbc ( Metallic)<\/li>\n<li>H\u1ec7 th\u1ed1ng \u0111i\u1ec1u khi\u1ec3n c\u1ea3m \u1ee9ng d\u1ea1ng tr\u01b0\u1ee3t<\/li>\n<li>Ch\u1ee9c n\u0103ng h\u1eb9n gi\u1edd<\/li>\n<li>Ch\u1ee9c n\u0103ng kh\u00f3a b\u00e0n ph\u00edm an to\u00e0n<\/li>\n<li>Ch\u1ee9c n\u0103ng b\u00e1o d\u01b0 nhi\u1ec7t<\/li>\n<li>Ch\u1ee9c n\u0103ng n\u1ea5u nhanh- Booster cho 2 b\u1ebfp t\u1eeb<\/li>\n<li>Ch\u1ee9c n\u0103ng t\u1ea1m d\u1eebng trong qu\u00e1 tr\u00ecnh n\u1ea5u<\/li>\n<\/ul>\n<h3>Th\u00f4ng s\u1ed1 k\u1ef9 thu\u1eadt<\/h3>\n<ul>\n<li>C\u00f4ng su\u1ea5t: 2 kW + 1.8 kW<\/li>\n<li>\u00a0 \u00a0 \u00a0 \u00a0 \u00a0 \u00a0 \u00a0 \u00a0 (\u00d8 210) + (\u00d8 210)<\/li>\n<li>K\u00edch th\u01b0\u1edbc b\u1ebfp: W720 x D380 x H60 mm<\/li>\n<li>K\u00edch th\u01b0\u1edbc c\u1eaft \u0111\u00e1 : W660 x D325 mm<\/li>\n<\/ul>\n<p><strong>L\u1eafp r\u00e1p t\u1ea1i Vi\u1ec7t Nam theo b\u1ea3n quy\u1ec1n Malloca Vi\u1ec7t Nam<\/strong><\/p>\n<p><strong>Linh ki\u1ec7n: Copreci \u2013 T\u00e2y Ban Nha, K\u00ednh EuroKera \u2013 Ph\u00e1p\u00a0<\/strong><\/p>\n<p>&nbsp;<\/p>\n<figure id=\"attachment_52581\" aria-describedby=\"caption-attachment-52581\" style=\"width: 800px\" class=\"wp-caption alignnone\"><img loading=\"lazy\" decoding=\"async\" class=\"wp-image-52581 size-large\" src=\"https:\/\/livinghome.vn\/thiet-bi\/wp-content\/uploads\/nha-bep\/malloca\/bep-dien-tu\/bep-tu-am-malloca-mh-02is\/bep-tu-am-malloca-mh-02is-2-800x800.jpg\" alt=\"K\u00edch th\u01b0\u1edbc b\u1ebfp t\u1eeb Malloca MH-02IS \u00e2m 2 t\u1eeb ver 2020\" width=\"800\" height=\"800\" title=\"\"><figcaption id=\"caption-attachment-52581\" class=\"wp-caption-text\">K\u00edch th\u01b0\u1edbc b\u1ebfp t\u1eeb Malloca MH-02IS \u00e2m 2 t\u1eeb ver 2020<\/figcaption><\/figure>\n<h3>Xu\u1ea5t x\u1ee9: Th\u00e1i Lan ho\u1eb7c Trung Qu\u1ed1c<\/h3>\n<div><\/div>\n","protected":false},"excerpt":{"rendered":"<p>B\u1ebfp t\u1eeb Malloca MH-02IS \u00e2m 2 t\u1eeb ver 2020, \u0111\u01b0\u1ee3c thi\u1ebft k\u1ebf s\u1eed d\u1ee5ng c\u00f4ng ngh\u1ec7 s\u01a1n ph\u1ee7 t\u0103ng c\u01b0\u1eddng kh\u1ea3 n\u0103ng ch\u1ed1ng tr\u1ea7y x\u01b0\u1edbc v\u00e0 th\u1ea9m m\u1ef9 v\u01b0\u1ee3t tr\u1ed9i. B\u00e0n ph\u00edm b\u1eb1ng c\u1ea3m \u1ee9ng t\u1eeb ho\u1eb7c c\u1ea3m \u1ee9ng tr\u01b0\u1ee3t, gi\u00fap ng\u01b0\u1eddi s\u1eed d\u1ee5ng d\u1ec5 d\u00e0ng thao t\u00e1c. T\u00ednh n\u0103ng c\u01a1 b\u1ea3n B\u1ebfp t\u1eeb \u00e2m [&#8230;]\n","protected":false},"featured_media":22047,"comment_status":"open","ping_status":"closed","template":"","meta":[],"product_brand":[],"product_cat":[720,745,813,796,799,811,816,75,262],"product_tag":[310,76,168,266,270],"class_list":{"0":"post-5349","1":"product","2":"type-product","3":"status-publish","4":"has-post-thumbnail","6":"product_cat-bep-tu-malloca","7":"product_cat-bep-dien-tu","8":"product_cat-bep-dien-tu-chung-cu","9":"product_cat-bep-dien-tu-doi","10":"product_cat-bep-dien-tu-hinh-chu-nhat","11":"product_cat-bep-dien-tu-thai-lan","12":"product_cat-bep-dien-tu-thoi-trang","13":"product_cat-bep-tu","14":"product_cat-thuong-hieu-malloca","15":"product_tag-bep-nau","16":"product_tag-bep-tu","17":"product_tag-bep-tu-am","18":"product_tag-bep-tu-malloca","19":"product_tag-malloca","21":"first","22":"instock","23":"sale","24":"shipping-taxable","25":"purchasable","26":"product-type-simple"},"_links":{"self":[{"href":"https:\/\/livinghome.vn\/thiet-bi\/wp-json\/wp\/v2\/product\/5349","targetHints":{"allow":["GET"]}}],"collection":[{"href":"https:\/\/livinghome.vn\/thiet-bi\/wp-json\/wp\/v2\/product"}],"about":[{"href":"https:\/\/livinghome.vn\/thiet-bi\/wp-json\/wp\/v2\/types\/product"}],"replies":[{"embeddable":true,"href":"https:\/\/livinghome.vn\/thiet-bi\/wp-json\/wp\/v2\/comments?post=5349"}],"wp:featuredmedia":[{"embeddable":true,"href":"https:\/\/livinghome.vn\/thiet-bi\/wp-json\/wp\/v2\/media\/22047"}],"wp:attachment":[{"href":"https:\/\/livinghome.vn\/thiet-bi\/wp-json\/wp\/v2\/media?parent=5349"}],"wp:term":[{"taxonomy":"product_brand","embeddable":true,"href":"https:\/\/livinghome.vn\/thiet-bi\/wp-json\/wp\/v2\/product_brand?post=5349"},{"taxonomy":"product_cat","embeddable":true,"href":"https:\/\/livinghome.vn\/thiet-bi\/wp-json\/wp\/v2\/product_cat?post=5349"},{"taxonomy":"product_tag","embeddable":true,"href":"https:\/\/livinghome.vn\/thiet-bi\/wp-json\/wp\/v2\/product_tag?post=5349"}],"curies":[{"name":"wp","href":"https:\/\/api.w.org\/{rel}","templated":true}]}}