{"id":5331,"date":"2023-01-12T19:35:19","date_gmt":"2023-01-12T19:35:19","guid":{"rendered":"https:\/\/livinghome.vn\/thiet-bi\/?post_type=product&#038;p=5331"},"modified":"2024-11-29T14:19:27","modified_gmt":"2024-11-29T07:19:27","slug":"bep-tu-malloca-mh-02i-am-2-tu-mat-kinh-eurokera","status":"publish","type":"product","link":"https:\/\/livinghome.vn\/thiet-bi\/bep-tu-malloca-mh-02i-am-2-tu-mat-kinh-eurokera\/","title":{"rendered":"B\u1ebfp t\u1eeb Malloca MH-02I \u00e2m 2 t\u1eeb m\u1eb7t k\u00ednh Eurokera"},"content":{"rendered":"<h3>B\u1ebfp t\u1eeb Malloca MH-02I \u00e2m 2 t\u1eeb m\u1eb7t k\u00ednh Eurokera, \u0111\u01b0\u1ee3c thi\u1ebft k\u1ebf tinh t\u1ebf, hi\u1ec7n \u0111\u1ea1i, giao di\u1ec7n b\u1ea3ng \u0111i\u1ec1u khi\u1ec3n c\u1ea3m \u1ee9ng d\u1ec5 thao t\u00e1c, d\u1ec5 s\u1eed d\u1ee5ng, k\u1ec3 c\u1ea3 v\u1edbi ng\u01b0\u1eddi l\u1edbn tu\u1ed5i.<\/h3>\n<figure id=\"attachment_52573\" aria-describedby=\"caption-attachment-52573\" style=\"width: 800px\" class=\"wp-caption alignnone\"><img loading=\"lazy\" decoding=\"async\" class=\"wp-image-52573 size-large\" src=\"https:\/\/livinghome.vn\/thiet-bi\/wp-content\/uploads\/nha-bep\/malloca\/bep-dien-tu\/bep-tu-am-malloca-mh-02i\/bep-tu-am-malloca-mh-02i-1-800x800.jpg\" alt=\"B\u1ebfp t\u1eeb Malloca MH-02I \u00e2m 2 t\u1eeb m\u1eb7t k\u00ednh Eurokera\" width=\"800\" height=\"800\" title=\"\"><figcaption id=\"caption-attachment-52573\" class=\"wp-caption-text\">B\u1ebfp t\u1eeb Malloca MH-02I \u00e2m 2 t\u1eeb m\u1eb7t k\u00ednh Eurokera<\/figcaption><\/figure>\n<h3>T\u00ednh n\u0103ng c\u01a1 b\u1ea3n<\/h3>\n<ul>\n<li><a href=\"https:\/\/livinghome.vn\/thiet-bi\/bep-tu\/\">B\u1ebfp t\u1eeb \u00e2m<\/a> &#8211; B\u1ebfp k\u00ednh \u00e2m 2 t\u1eeb<\/li>\n<li>M\u1eb7t k\u00ednh Eurokera \u2013 m\u00e0u \u0111en<\/li>\n<li>\u0110i\u1ec1u khi\u1ec3n c\u1ea3m \u1ee9ng<\/li>\n<li>Ch\u1ee9c n\u0103ng nh\u1eadn di\u1ec7n n\u1ed3i<\/li>\n<li>M\u00e0n h\u00ecnh LED hi\u1ec3n th\u1ecb<\/li>\n<li>Ch\u1ee9c n\u0103ng h\u1eb9n gi\u1edd<\/li>\n<li>9 m\u1ee9c c\u00f4ng su\u1ea5t<\/li>\n<li>Ch\u1ee9c n\u0103ng n\u1ea5u nhanh \u2013 Booster<\/li>\n<li>Ch\u1ee9c n\u0103ng b\u00e1o d\u01b0 nhi\u1ec7t<\/li>\n<li>Ch\u1ee9c n\u0103ng kh\u00f3a an to\u00e0n<\/li>\n<\/ul>\n<h3>Th\u00f4ng s\u1ed1 k\u1ef9 thu\u1eadt<\/h3>\n<ul>\n<li>C\u00f4ng su\u1ea5t: 2kW + 1.8kW<\/li>\n<li>\u00a0 \u00a0 \u00a0 \u00a0 \u00a0 \u00a0 \u00a0 \u00a0(\u00d8 215) + (\u00d8 185)<\/li>\n<li>K\u00edch th\u01b0\u1edbc b\u1ebfp: W720 x D380 x H60mm<\/li>\n<li>K\u00edch th\u01b0\u1edbc l\u1ed7 \u0111\u00e1: W660 x D325mm<\/li>\n<\/ul>\n<p><strong>L\u1eafp r\u00e1p t\u1ea1i Vi\u1ec7t Nam theo b\u1ea3n quy\u1ec1n Malloca Vi\u1ec7t Nam<\/strong><\/p>\n<p><strong>Linh ki\u1ec7n: Copreci \u2013 T\u00e2y Ban Nha, K\u00ednh EuroKera \u2013 Ph\u00e1p\u00a0<\/strong><\/p>\n<p>&nbsp;<\/p>\n<figure id=\"attachment_52574\" aria-describedby=\"caption-attachment-52574\" style=\"width: 800px\" class=\"wp-caption alignnone\"><img loading=\"lazy\" decoding=\"async\" class=\"wp-image-52574 size-large\" src=\"https:\/\/livinghome.vn\/thiet-bi\/wp-content\/uploads\/nha-bep\/malloca\/bep-dien-tu\/bep-tu-am-malloca-mh-02i-d\/bep-tu-am-malloca-mh-02i-d-2-800x800.jpg\" alt=\"K\u00edch th\u01b0\u1edbc b\u1ebfp t\u1eeb Malloca MH-02I\" width=\"800\" height=\"800\" title=\"\"><figcaption id=\"caption-attachment-52574\" class=\"wp-caption-text\">K\u00edch th\u01b0\u1edbc b\u1ebfp t\u1eeb Malloca MH-02I<\/figcaption><\/figure>\n<h3>Xu\u1ea5t x\u1ee9: t\u1ea1i Th\u00e1i Lan ho\u1eb7c Trung Qu\u1ed1c<\/h3>\n<div><\/div>\n","protected":false},"excerpt":{"rendered":"<p>B\u1ebfp t\u1eeb Malloca MH-02I \u00e2m 2 t\u1eeb m\u1eb7t k\u00ednh Eurokera, \u0111\u01b0\u1ee3c thi\u1ebft k\u1ebf tinh t\u1ebf, hi\u1ec7n \u0111\u1ea1i, giao di\u1ec7n b\u1ea3ng \u0111i\u1ec1u khi\u1ec3n c\u1ea3m \u1ee9ng d\u1ec5 thao t\u00e1c, d\u1ec5 s\u1eed d\u1ee5ng, k\u1ec3 c\u1ea3 v\u1edbi ng\u01b0\u1eddi l\u1edbn tu\u1ed5i. T\u00ednh n\u0103ng c\u01a1 b\u1ea3n B\u1ebfp t\u1eeb \u00e2m &#8211; B\u1ebfp k\u00ednh \u00e2m 2 t\u1eeb M\u1eb7t k\u00ednh Eurokera \u2013 m\u00e0u \u0111en [&#8230;]\n","protected":false},"featured_media":22041,"comment_status":"open","ping_status":"closed","template":"","meta":[],"product_brand":[],"product_cat":[720,794,745,813,796,799,811,75,795,262],"product_tag":[310,76,168,266,270],"class_list":{"0":"post-5331","1":"product","2":"type-product","3":"status-publish","4":"has-post-thumbnail","6":"product_cat-bep-tu-malloca","7":"product_cat-bep-2-tu","8":"product_cat-bep-dien-tu","9":"product_cat-bep-dien-tu-chung-cu","10":"product_cat-bep-dien-tu-doi","11":"product_cat-bep-dien-tu-hinh-chu-nhat","12":"product_cat-bep-dien-tu-thai-lan","13":"product_cat-bep-tu","14":"product_cat-bep-tu-doi","15":"product_cat-thuong-hieu-malloca","16":"product_tag-bep-nau","17":"product_tag-bep-tu","18":"product_tag-bep-tu-am","19":"product_tag-bep-tu-malloca","20":"product_tag-malloca","22":"first","23":"instock","24":"sale","25":"shipping-taxable","26":"purchasable","27":"product-type-simple"},"_links":{"self":[{"href":"https:\/\/livinghome.vn\/thiet-bi\/wp-json\/wp\/v2\/product\/5331","targetHints":{"allow":["GET"]}}],"collection":[{"href":"https:\/\/livinghome.vn\/thiet-bi\/wp-json\/wp\/v2\/product"}],"about":[{"href":"https:\/\/livinghome.vn\/thiet-bi\/wp-json\/wp\/v2\/types\/product"}],"replies":[{"embeddable":true,"href":"https:\/\/livinghome.vn\/thiet-bi\/wp-json\/wp\/v2\/comments?post=5331"}],"wp:featuredmedia":[{"embeddable":true,"href":"https:\/\/livinghome.vn\/thiet-bi\/wp-json\/wp\/v2\/media\/22041"}],"wp:attachment":[{"href":"https:\/\/livinghome.vn\/thiet-bi\/wp-json\/wp\/v2\/media?parent=5331"}],"wp:term":[{"taxonomy":"product_brand","embeddable":true,"href":"https:\/\/livinghome.vn\/thiet-bi\/wp-json\/wp\/v2\/product_brand?post=5331"},{"taxonomy":"product_cat","embeddable":true,"href":"https:\/\/livinghome.vn\/thiet-bi\/wp-json\/wp\/v2\/product_cat?post=5331"},{"taxonomy":"product_tag","embeddable":true,"href":"https:\/\/livinghome.vn\/thiet-bi\/wp-json\/wp\/v2\/product_tag?post=5331"}],"curies":[{"name":"wp","href":"https:\/\/api.w.org\/{rel}","templated":true}]}}