{"id":5329,"date":"2023-01-12T19:35:19","date_gmt":"2023-01-12T12:35:19","guid":{"rendered":"https:\/\/livinghome.vn\/thiet-bi\/?post_type=product&#038;p=5329"},"modified":"2024-11-29T14:19:26","modified_gmt":"2024-11-29T07:19:26","slug":"bep-dien-tu-malloca-mir-593","status":"publish","type":"product","link":"https:\/\/livinghome.vn\/thiet-bi\/bep-dien-tu-malloca-mir-593\/","title":{"rendered":"B\u1ebfp \u0110i\u1ec7n T\u1eeb Malloca MIR 593 2 T\u1eeb 1 \u0110i\u1ec7n 59CM H\u00ecnh Vu\u00f4ng"},"content":{"rendered":"<h3>B\u1ebfp \u0111i\u1ec7n t\u1eeb Malloca MIR 593 k\u1ebft h\u1ee3p 3 b\u1ebfp ti\u1ebft ki\u1ec7m di\u1ec7n t\u00edch, \u0111\u01b0\u1ee3c c\u1ea3i ti\u1ebfn v\u1ec1 ti\u00eau th\u1ee5 n\u0103ng l\u01b0\u1ee3ng, gi\u00fap ki\u1ec3m so\u00e1t, c\u00e2n b\u1eb1ng n\u0103ng l\u01b0\u1ee3ng, ti\u1ebft ki\u1ec7m h\u01a1n 10%.<\/h3>\n<figure id=\"attachment_52569\" aria-describedby=\"caption-attachment-52569\" style=\"width: 800px\" class=\"wp-caption alignnone\"><img loading=\"lazy\" decoding=\"async\" class=\"wp-image-52569 size-large\" src=\"https:\/\/livinghome.vn\/thiet-bi\/wp-content\/uploads\/nha-bep\/malloca\/bep-dien-tu\/bep-dien-tu-malloca-mir-593\/bep-dien-tu-malloca-mir-593-1-800x800.jpg\" alt=\"B\u1ebfp \u0111i\u1ec7n t\u1eeb Malloca MIR 593 k\u1ebft h\u1ee3p 3 b\u1ebfp ti\u1ebft ki\u1ec7m di\u1ec7n t\u00edch\" width=\"800\" height=\"800\" title=\"\"><figcaption id=\"caption-attachment-52569\" class=\"wp-caption-text\">B\u1ebfp \u0111i\u1ec7n t\u1eeb Malloca MIR 593 k\u1ebft h\u1ee3p 3 b\u1ebfp ti\u1ebft ki\u1ec7m di\u1ec7n t\u00edch<\/figcaption><\/figure>\n<h3>T\u00ednh n\u0103ng c\u01a1 b\u1ea3n<\/h3>\n<ul>\n<li><a href=\"https:\/\/livinghome.vn\/thiet-bi\/bep-dien-tu-ket-hop\/\">B\u1ebfp \u0111i\u1ec7n t\u1eeb<\/a> &#8211; B\u1ebfp k\u00ednh \u00e2m: 2 t\u1eeb, v\u00e0 1 \u0111i\u1ec7n<\/li>\n<li>B\u00e0n ph\u00edm \u0111i\u1ec1u khi\u1ec3n d\u1ea1ng tr\u01b0\u1ee3t<\/li>\n<li>Ch\u1ee9c n\u0103ng nh\u1eadn di\u1ec7n n\u1ed3i<\/li>\n<li>M\u00e0n h\u00ecnh LED hi\u1ec3n th\u1ecb<\/li>\n<li>Ch\u1ee9c n\u0103ng h\u1eb9n gi\u1edd<\/li>\n<li>9 m\u1ee9c c\u00f4ng su\u1ea5t<\/li>\n<li>Ch\u1ee9c n\u0103ng Booster cho t\u1ea5t c\u1ea3 c\u00e1c v\u00f9ng n\u1ea5u<\/li>\n<li>Ch\u1ee9c n\u0103ng hi\u1ec3n th\u1ecb d\u01b0 nhi\u1ec7t<\/li>\n<li>Ch\u1ee9c n\u0103ng kh\u00f3a an to\u00e0n<\/li>\n<li>T\u1ef1 \u0111\u1ed9ng t\u1eaft khi to\u00e0n b\u1ed9 v\u00f9ng n\u1ea5u d\u01b0 nhi\u1ec7t<\/li>\n<\/ul>\n<h3>Th\u00f4ng s\u1ed1 k\u1ef9 thu\u1eadt<\/h3>\n<ul>\n<li>C\u00f4ng su\u1ea5t: 0.8\/1.6\/2.5kW + 1.4kW + 2.3kW<\/li>\n<li>\u00a0 \u00a0 \u00a0 \u00a0 \u00a0 \u00a0 \u00a0 \u00a0 (\u00d8 120\/180\/230) + (\u00d8180) + (\u00d8 220)<\/li>\n<li>K\u00edch th\u01b0\u1edbc b\u1ebfp: W590 x D520 x H68mm<\/li>\n<li>K\u00edch th\u01b0\u1edbc l\u1ed7 \u0111\u00e1: W560 x D490m<\/li>\n<\/ul>\n<p>&nbsp;<\/p>\n<p>&nbsp;<\/p>\n<figure id=\"attachment_52568\" aria-describedby=\"caption-attachment-52568\" style=\"width: 800px\" class=\"wp-caption alignnone\"><img loading=\"lazy\" decoding=\"async\" class=\"wp-image-52568 size-large\" src=\"https:\/\/livinghome.vn\/thiet-bi\/wp-content\/uploads\/nha-bep\/malloca\/bep-dien-tu\/bep-dien-tu-malloca-mir-593\/bep-dien-tu-malloca-mir-593-2-800x800.jpg\" alt=\"K\u00edch th\u01b0\u1edbc b\u1ebfp \u0111i\u1ec7n t\u1eeb Malloca MIR 593 \" width=\"800\" height=\"800\" title=\"\"><figcaption id=\"caption-attachment-52568\" class=\"wp-caption-text\">K\u00edch th\u01b0\u1edbc b\u1ebfp \u0111i\u1ec7n t\u1eeb Malloca MIR 593<\/figcaption><\/figure>\n<h3>Xu\u1ea5t x\u1ee9: T\u00e2y Ban Nha<\/h3>\n<div><\/div>\n","protected":false},"excerpt":{"rendered":"<p>B\u1ebfp \u0111i\u1ec7n t\u1eeb Malloca MIR 593 k\u1ebft h\u1ee3p 3 b\u1ebfp ti\u1ebft ki\u1ec7m di\u1ec7n t\u00edch, \u0111\u01b0\u1ee3c c\u1ea3i ti\u1ebfn v\u1ec1 ti\u00eau th\u1ee5 n\u0103ng l\u01b0\u1ee3ng, gi\u00fap ki\u1ec3m so\u00e1t, c\u00e2n b\u1eb1ng n\u0103ng l\u01b0\u1ee3ng, ti\u1ebft ki\u1ec7m h\u01a1n 10%. T\u00ednh n\u0103ng c\u01a1 b\u1ea3n B\u1ebfp \u0111i\u1ec7n t\u1eeb &#8211; B\u1ebfp k\u00ednh \u00e2m: 2 t\u1eeb, v\u00e0 1 \u0111i\u1ec7n B\u00e0n ph\u00edm \u0111i\u1ec1u khi\u1ec3n d\u1ea1ng tr\u01b0\u1ee3t [&#8230;]\n","protected":false},"featured_media":5410,"comment_status":"open","ping_status":"closed","template":"","meta":[],"product_brand":[],"product_cat":[721,798,722,745,803,800,80,1760,801,802,832,816,741,805,871,262],"product_tag":[81,115,743,1761,264,310,270],"class_list":{"0":"post-5329","1":"product","2":"type-product","3":"status-publish","4":"has-post-thumbnail","6":"product_cat-bep-dien-tu-malloca","7":"product_cat-bep-2-tu-1-dien","8":"product_cat-bep-dien-hong-ngoai-malloca","9":"product_cat-bep-dien-tu","10":"product_cat-bep-dien-tu-3-vung-nau","11":"product_cat-bep-dien-tu-hinh-vuong","12":"product_cat-bep-dien-tu-ket-hop","13":"product_cat-bep-dien-tu-ket-hop-malloca","14":"product_cat-bep-dien-tu-khong-ken-noi","15":"product_cat-bep-dien-tu-mat-kinh-schott-ceran","16":"product_cat-bep-dien-tu-tay-ban-nha","17":"product_cat-bep-dien-tu-thoi-trang","18":"product_cat-bep-hong-ngoai","19":"product_cat-bep-tu-3-vung-nau","20":"product_cat-bep-tu-da-vung-nau","21":"product_cat-thuong-hieu-malloca","22":"product_tag-bep-dien-tu","23":"product_tag-bep-dien-tu-am","24":"product_tag-bep-dien-tu-ket-hop","25":"product_tag-bep-dien-tu-ket-hop-malloca","26":"product_tag-bep-dien-tu-malloca","27":"product_tag-bep-nau","28":"product_tag-malloca","30":"first","31":"instock","32":"sale","33":"shipping-taxable","34":"purchasable","35":"product-type-simple"},"_links":{"self":[{"href":"https:\/\/livinghome.vn\/thiet-bi\/wp-json\/wp\/v2\/product\/5329","targetHints":{"allow":["GET"]}}],"collection":[{"href":"https:\/\/livinghome.vn\/thiet-bi\/wp-json\/wp\/v2\/product"}],"about":[{"href":"https:\/\/livinghome.vn\/thiet-bi\/wp-json\/wp\/v2\/types\/product"}],"replies":[{"embeddable":true,"href":"https:\/\/livinghome.vn\/thiet-bi\/wp-json\/wp\/v2\/comments?post=5329"}],"wp:featuredmedia":[{"embeddable":true,"href":"https:\/\/livinghome.vn\/thiet-bi\/wp-json\/wp\/v2\/media\/5410"}],"wp:attachment":[{"href":"https:\/\/livinghome.vn\/thiet-bi\/wp-json\/wp\/v2\/media?parent=5329"}],"wp:term":[{"taxonomy":"product_brand","embeddable":true,"href":"https:\/\/livinghome.vn\/thiet-bi\/wp-json\/wp\/v2\/product_brand?post=5329"},{"taxonomy":"product_cat","embeddable":true,"href":"https:\/\/livinghome.vn\/thiet-bi\/wp-json\/wp\/v2\/product_cat?post=5329"},{"taxonomy":"product_tag","embeddable":true,"href":"https:\/\/livinghome.vn\/thiet-bi\/wp-json\/wp\/v2\/product_tag?post=5329"}],"curies":[{"name":"wp","href":"https:\/\/api.w.org\/{rel}","templated":true}]}}