{"id":5317,"date":"2023-01-12T19:34:57","date_gmt":"2023-01-12T12:34:57","guid":{"rendered":"https:\/\/livinghome.vn\/thiet-bi\/?post_type=product&#038;p=5317"},"modified":"2024-11-29T14:19:29","modified_gmt":"2024-11-29T07:19:29","slug":"bep-dien-tu-malloca-mh-04ir-s","status":"publish","type":"product","link":"https:\/\/livinghome.vn\/thiet-bi\/bep-dien-tu-malloca-mh-04ir-s\/","title":{"rendered":"B\u1ebfp \u0110i\u1ec7n T\u1eeb Malloca MH-04IR S 93CM 4 T\u1eeb K\u00ednh EuroKera"},"content":{"rendered":"<p>B\u1ebfp cao c\u1ea5p thi\u1ebft k\u1ebf tinh t\u1ebf, hi\u1ec7n \u0111\u1ea1i, giao di\u1ec7n b\u1ea3ng \u0111i\u1ec1u khi\u1ec3n c\u1ea3m \u1ee9ng d\u1ec5 thao t\u00e1c, d\u1ec5 s\u1eed d\u1ee5ng, k\u1ec3 c\u1ea3 v\u1edbi ng\u01b0\u1eddi l\u1edbn tu\u1ed5i<\/p>\n<h2>C\u00f9ng T\u00ecm Hi\u1ec3u B\u1ebfp \u0110i\u1ec7n T\u1eeb Malloca MH-04IR S<\/h2>\n<figure id=\"attachment_52564\" aria-describedby=\"caption-attachment-52564\" style=\"width: 800px\" class=\"wp-caption alignnone\"><img loading=\"lazy\" decoding=\"async\" class=\"wp-image-52564 size-large\" src=\"https:\/\/livinghome.vn\/thiet-bi\/wp-content\/uploads\/nha-bep\/malloca\/bep-dien-tu\/bep-dien-tu-malloca-mh-04ir-s\/bep-dien-tu-malloca-mh-04ir-s-2-800x800.jpg\" alt=\"B\u1ebfp \u0111i\u1ec7n t\u1eeb Malloca MH-04IR S 4 b\u1ebfp cao c\u1ea5p\" width=\"800\" height=\"800\" title=\"\"><figcaption id=\"caption-attachment-52564\" class=\"wp-caption-text\">B\u1ebfp \u0111i\u1ec7n t\u1eeb Malloca MH-04IR S 4 b\u1ebfp cao c\u1ea5p<\/figcaption><\/figure>\n<h3>T\u00ednh n\u0103ng c\u01a1 b\u1ea3n<\/h3>\n<ul>\n<li><a href=\"https:\/\/livinghome.vn\/thiet-bi\/bep-dien-tu-ket-hop\/\">B\u1ebfp \u0111i\u1ec7n t\u1eeb<\/a> &#8211; B\u1ebfp k\u00ednh \u00e2m 2 t\u1eeb 2 \u0111i\u1ec7n<\/li>\n<li>M\u1eb7t k\u00ednh EuroKera \u2013 m\u00e0u \u0111en<\/li>\n<li>Ch\u1ee9c n\u0103ng b\u00e1o d\u01b0 nhi\u1ec7t<\/li>\n<li>Ch\u1ee9c n\u0103ng nh\u1eadn di\u1ec7n n\u1ed3i<\/li>\n<li>Ch\u1ee9c n\u0103ng n\u1ea5u nhanh- Booster cho b\u1ebfp t\u1eeb<\/li>\n<\/ul>\n<h3>Th\u00f4ng s\u1ed1 k\u1ef9 thu\u1eadt<\/h3>\n<ul>\n<li>C\u00f4ng su\u1ea5t: 0.8\/1.9kW + 1.2kW + 1.6kW + 2.0kW<\/li>\n<li>\u00a0 \u00a0 \u00a0 \u00a0 \u00a0 \u00a0 \u00a0 \u00a0(\u00d8 130\/215) + (\u00d8 156) + (\u00d8 156) + (\u00d8 215)<\/li>\n<li>K\u00edch th\u01b0\u1edbc b\u1ebfp: W930 x D360 x H60mm<\/li>\n<li>K\u00edch th\u01b0\u1edbc l\u1ed7 \u0111\u00e1: W895 x D325m<\/li>\n<\/ul>\n<p><strong>L\u1eafp r\u00e1p t\u1ea1i Vi\u1ec7t Nam theo b\u1ea3n quy\u1ec1n Malloca Vi\u1ec7t Nam<\/strong><\/p>\n<p><strong>Linh ki\u1ec7n: Copreci \u2013 T\u00e2y Ban Nha, K\u00ednh EuroKera \u2013 Ph\u00e1p<\/strong><\/p>\n<p>&nbsp;<\/p>\n<figure id=\"attachment_52565\" aria-describedby=\"caption-attachment-52565\" style=\"width: 800px\" class=\"wp-caption alignnone\"><img loading=\"lazy\" decoding=\"async\" class=\"wp-image-52565 size-large\" src=\"https:\/\/livinghome.vn\/thiet-bi\/wp-content\/uploads\/nha-bep\/malloca\/bep-dien-tu\/bep-dien-tu-malloca-mh-04ir-s\/bep-dien-tu-malloca-mh-04ir-s-1-800x800.jpg\" alt=\"K\u00edch th\u01b0\u1edbc b\u1ebfp \u0111i\u1ec7n t\u1eeb Malloca MH-04IR S\" width=\"800\" height=\"800\" title=\"\"><figcaption id=\"caption-attachment-52565\" class=\"wp-caption-text\">K\u00edch th\u01b0\u1edbc b\u1ebfp \u0111i\u1ec7n t\u1eeb Malloca MH-04IR S<\/figcaption><\/figure>\n<h3>Xu\u1ea5t x\u1ee9: Th\u00e1i Lan ho\u1eb7c Trung Qu\u1ed1c<\/h3>\n<div><\/div>\n","protected":false},"excerpt":{"rendered":"<p>B\u1ebfp cao c\u1ea5p thi\u1ebft k\u1ebf tinh t\u1ebf, hi\u1ec7n \u0111\u1ea1i, giao di\u1ec7n b\u1ea3ng \u0111i\u1ec1u khi\u1ec3n c\u1ea3m \u1ee9ng d\u1ec5 thao t\u00e1c, d\u1ec5 s\u1eed d\u1ee5ng, k\u1ec3 c\u1ea3 v\u1edbi ng\u01b0\u1eddi l\u1edbn tu\u1ed5i C\u00f9ng T\u00ecm Hi\u1ec3u B\u1ebfp \u0110i\u1ec7n T\u1eeb Malloca MH-04IR S T\u00ednh n\u0103ng c\u01a1 b\u1ea3n B\u1ebfp \u0111i\u1ec7n t\u1eeb &#8211; B\u1ebfp k\u00ednh \u00e2m 2 t\u1eeb 2 \u0111i\u1ec7n M\u1eb7t k\u00ednh EuroKera [&#8230;]\n","protected":false},"featured_media":5401,"comment_status":"open","ping_status":"closed","template":"","meta":[],"product_brand":[],"product_cat":[721,869,745,804,799,80,1760,801,811,816,806,871,262],"product_tag":[81,115,743,1761,264,310,270],"class_list":{"0":"post-5317","1":"product","2":"type-product","3":"status-publish","4":"has-post-thumbnail","6":"product_cat-bep-dien-tu-malloca","7":"product_cat-bep-4-tu","8":"product_cat-bep-dien-tu","9":"product_cat-bep-dien-tu-4-vung-nau","10":"product_cat-bep-dien-tu-hinh-chu-nhat","11":"product_cat-bep-dien-tu-ket-hop","12":"product_cat-bep-dien-tu-ket-hop-malloca","13":"product_cat-bep-dien-tu-khong-ken-noi","14":"product_cat-bep-dien-tu-thai-lan","15":"product_cat-bep-dien-tu-thoi-trang","16":"product_cat-bep-tu-4-vung-nau","17":"product_cat-bep-tu-da-vung-nau","18":"product_cat-thuong-hieu-malloca","19":"product_tag-bep-dien-tu","20":"product_tag-bep-dien-tu-am","21":"product_tag-bep-dien-tu-ket-hop","22":"product_tag-bep-dien-tu-ket-hop-malloca","23":"product_tag-bep-dien-tu-malloca","24":"product_tag-bep-nau","25":"product_tag-malloca","27":"first","28":"instock","29":"sale","30":"shipping-taxable","31":"purchasable","32":"product-type-simple"},"_links":{"self":[{"href":"https:\/\/livinghome.vn\/thiet-bi\/wp-json\/wp\/v2\/product\/5317","targetHints":{"allow":["GET"]}}],"collection":[{"href":"https:\/\/livinghome.vn\/thiet-bi\/wp-json\/wp\/v2\/product"}],"about":[{"href":"https:\/\/livinghome.vn\/thiet-bi\/wp-json\/wp\/v2\/types\/product"}],"replies":[{"embeddable":true,"href":"https:\/\/livinghome.vn\/thiet-bi\/wp-json\/wp\/v2\/comments?post=5317"}],"wp:featuredmedia":[{"embeddable":true,"href":"https:\/\/livinghome.vn\/thiet-bi\/wp-json\/wp\/v2\/media\/5401"}],"wp:attachment":[{"href":"https:\/\/livinghome.vn\/thiet-bi\/wp-json\/wp\/v2\/media?parent=5317"}],"wp:term":[{"taxonomy":"product_brand","embeddable":true,"href":"https:\/\/livinghome.vn\/thiet-bi\/wp-json\/wp\/v2\/product_brand?post=5317"},{"taxonomy":"product_cat","embeddable":true,"href":"https:\/\/livinghome.vn\/thiet-bi\/wp-json\/wp\/v2\/product_cat?post=5317"},{"taxonomy":"product_tag","embeddable":true,"href":"https:\/\/livinghome.vn\/thiet-bi\/wp-json\/wp\/v2\/product_tag?post=5317"}],"curies":[{"name":"wp","href":"https:\/\/api.w.org\/{rel}","templated":true}]}}