{"id":5283,"date":"2023-01-12T19:34:08","date_gmt":"2023-01-12T12:34:08","guid":{"rendered":"https:\/\/livinghome.vn\/thiet-bi\/?post_type=product&#038;p=5283"},"modified":"2024-11-29T14:19:29","modified_gmt":"2024-11-29T07:19:29","slug":"bep-dien-tu-malloca-mh-03ir-n","status":"publish","type":"product","link":"https:\/\/livinghome.vn\/thiet-bi\/bep-dien-tu-malloca-mh-03ir-n\/","title":{"rendered":"B\u1ebfp \u0110i\u1ec7n T\u1eeb Malloca MH-03IR N 81CM 2 T\u1eeb 1 \u0110i\u1ec7n K\u00ednh EuroKera"},"content":{"rendered":"<h3>B\u1ebfp \u0111i\u1ec7n t\u1eeb Malloca MH-03IR N th\u1ebf h\u1ec7 m\u1edbi n\u1ed5i b\u1eadt v\u1edbi ki\u1ec3u d\u00e1ng sang tr\u1ecdng, t\u00ednh n\u0103ng v\u01b0\u1ee3t tr\u1ed9i c\u00f9ng chi ph\u00ed h\u1ee3p<\/h3>\n<figure id=\"attachment_52555\" aria-describedby=\"caption-attachment-52555\" style=\"width: 800px\" class=\"wp-caption alignnone\"><img loading=\"lazy\" decoding=\"async\" class=\"wp-image-52555 size-large\" src=\"https:\/\/livinghome.vn\/thiet-bi\/wp-content\/uploads\/nha-bep\/malloca\/bep-dien-tu\/bep-dien-tu-malloca-mh-03ir-n\/bep-dien-tu-malloca-mh-03ir-n-3-800x800.jpg\" alt=\"B\u1ebfp \u0111i\u1ec7n t\u1eeb Malloca MH-03IR N 2 t\u1eeb v\u00e0 1 \u0111i\u1ec7n ti\u1ec7n l\u1ee3i cao c\u1ea5p\" width=\"800\" height=\"800\" title=\"\"><figcaption id=\"caption-attachment-52555\" class=\"wp-caption-text\">B\u1ebfp \u0111i\u1ec7n t\u1eeb Malloca MH-03IR N 2 t\u1eeb v\u00e0 1 \u0111i\u1ec7n ti\u1ec7n l\u1ee3i cao c\u1ea5p<\/figcaption><\/figure>\n<h3>T\u00ednh n\u0103ng c\u01a1 b\u1ea3n<\/h3>\n<ul>\n<li><a href=\"https:\/\/livinghome.vn\/thiet-bi\/bep-dien-tu-ket-hop\/\">B\u1ebfp \u0111i\u1ec7n t\u1eeb<\/a> &#8211; B\u1ebfp k\u00ednh \u00e2m 2 t\u1eeb v\u00e0 1 \u0111i\u1ec7n<\/li>\n<li>M\u1eb7t k\u00ednh Eurokera \u2013 m\u00e0u \u0111en ch\u1ea5m bi ch\u00ecm<\/li>\n<li>\u0110i\u1ec1u khi\u1ec3n c\u1ea3m \u1ee9ng<\/li>\n<li>M\u00e0n h\u00ecnh hi\u1ec3n th\u1ecb LED<\/li>\n<li>Ch\u1ee9c n\u0103ng nh\u1eadn di\u1ec7n n\u1ed3i<\/li>\n<li>Ch\u1ee9c n\u0103ng h\u1eb9n gi\u1edd<\/li>\n<li>Ch\u1ee9c n\u0103ng kh\u00f3a ph\u00edm an to\u00e0n<\/li>\n<li>Ch\u1ee9c n\u0103ng b\u00e1o d\u01b0 nhi\u1ec7t<\/li>\n<li>9 m\u1ee9c c\u00f4ng su\u1ea5t<\/li>\n<li>B\u1ebfp t\u1eeb: ch\u1ebf \u0111\u1ed9 gia nhi\u1ec7t nhanh \u2013 Booster<\/li>\n<li>B\u1ebfp \u0111i\u1ec7n: 2 v\u00f2ng l\u1eeda<\/li>\n<\/ul>\n<h3>Th\u00f4ng s\u1ed1 k\u1ef9 thu\u1eadt<\/h3>\n<ul>\n<li>C\u00f4ng su\u1ea5t: 0.8\/1.9kW + 1.6kW + 2kW<\/li>\n<li>\u00a0 \u00a0 \u00a0(\u00d8130\/215) + (\u00d8150) + (\u00d8215)<\/li>\n<li>T\u1ed5ng c\u00f4ng su\u1ea5t : 5.5kW<\/li>\n<li>\u0110i\u1ec7n \u00e1p : 220-240V~50\/60Hz<\/li>\n<li>K\u00edch th\u01b0\u1edbc b\u1ebfp: W810 x D450 x H55mm<\/li>\n<li>K\u00edch th\u01b0\u1edbc l\u1ed7 \u0111\u00e1: W770 x D400mm<\/li>\n<\/ul>\n<p>&nbsp;<\/p>\n<p><strong>L\u1eafp r\u00e1p t\u1ea1i Vi\u1ec7t Nam theo b\u1ea3n quy\u1ec1n Malloca Vi\u1ec7t Nam<\/strong><\/p>\n<p><strong>Linh ki\u1ec7n: Copreci \u2013 T\u00e2y Ban Nha, K\u00ednh EuroKera \u2013 Ph\u00e1p<\/strong><\/p>\n<p>&nbsp;<\/p>\n<figure id=\"attachment_52556\" aria-describedby=\"caption-attachment-52556\" style=\"width: 800px\" class=\"wp-caption alignnone\"><img loading=\"lazy\" decoding=\"async\" class=\"wp-image-52556 size-large\" src=\"https:\/\/livinghome.vn\/thiet-bi\/wp-content\/uploads\/nha-bep\/malloca\/bep-dien-tu\/bep-dien-tu-malloca-mh-03ir-n\/bep-dien-tu-malloca-mh-03ir-n-2-800x800.jpg\" alt=\"K\u00edch th\u01b0\u1edbc b\u1ebfp \u0111i\u1ec7n t\u1eeb Malloca MH-03IR N \" width=\"800\" height=\"800\" title=\"\"><figcaption id=\"caption-attachment-52556\" class=\"wp-caption-text\">K\u00edch th\u01b0\u1edbc b\u1ebfp \u0111i\u1ec7n t\u1eeb Malloca MH-03IR N<\/figcaption><\/figure>\n<h3>Xu\u1ea5t x\u1ee9: Th\u00e1i Lan ho\u1eb7c Trung Qu\u1ed1c<\/h3>\n<div><\/div>\n","protected":false},"excerpt":{"rendered":"<p>B\u1ebfp \u0111i\u1ec7n t\u1eeb Malloca MH-03IR N th\u1ebf h\u1ec7 m\u1edbi n\u1ed5i b\u1eadt v\u1edbi ki\u1ec3u d\u00e1ng sang tr\u1ecdng, t\u00ednh n\u0103ng v\u01b0\u1ee3t tr\u1ed9i c\u00f9ng chi ph\u00ed h\u1ee3p T\u00ednh n\u0103ng c\u01a1 b\u1ea3n B\u1ebfp \u0111i\u1ec7n t\u1eeb &#8211; B\u1ebfp k\u00ednh \u00e2m 2 t\u1eeb v\u00e0 1 \u0111i\u1ec7n M\u1eb7t k\u00ednh Eurokera \u2013 m\u00e0u \u0111en ch\u1ea5m bi ch\u00ecm \u0110i\u1ec1u khi\u1ec3n c\u1ea3m \u1ee9ng M\u00e0n h\u00ecnh [&#8230;]\n","protected":false},"featured_media":5390,"comment_status":"open","ping_status":"closed","template":"","meta":[],"product_brand":[],"product_cat":[721,798,745,803,799,80,1760,801,811,816,805,262],"product_tag":[81,115,743,1761,264,310,270],"class_list":{"0":"post-5283","1":"product","2":"type-product","3":"status-publish","4":"has-post-thumbnail","6":"product_cat-bep-dien-tu-malloca","7":"product_cat-bep-2-tu-1-dien","8":"product_cat-bep-dien-tu","9":"product_cat-bep-dien-tu-3-vung-nau","10":"product_cat-bep-dien-tu-hinh-chu-nhat","11":"product_cat-bep-dien-tu-ket-hop","12":"product_cat-bep-dien-tu-ket-hop-malloca","13":"product_cat-bep-dien-tu-khong-ken-noi","14":"product_cat-bep-dien-tu-thai-lan","15":"product_cat-bep-dien-tu-thoi-trang","16":"product_cat-bep-tu-3-vung-nau","17":"product_cat-thuong-hieu-malloca","18":"product_tag-bep-dien-tu","19":"product_tag-bep-dien-tu-am","20":"product_tag-bep-dien-tu-ket-hop","21":"product_tag-bep-dien-tu-ket-hop-malloca","22":"product_tag-bep-dien-tu-malloca","23":"product_tag-bep-nau","24":"product_tag-malloca","26":"first","27":"instock","28":"sale","29":"shipping-taxable","30":"purchasable","31":"product-type-simple"},"_links":{"self":[{"href":"https:\/\/livinghome.vn\/thiet-bi\/wp-json\/wp\/v2\/product\/5283","targetHints":{"allow":["GET"]}}],"collection":[{"href":"https:\/\/livinghome.vn\/thiet-bi\/wp-json\/wp\/v2\/product"}],"about":[{"href":"https:\/\/livinghome.vn\/thiet-bi\/wp-json\/wp\/v2\/types\/product"}],"replies":[{"embeddable":true,"href":"https:\/\/livinghome.vn\/thiet-bi\/wp-json\/wp\/v2\/comments?post=5283"}],"wp:featuredmedia":[{"embeddable":true,"href":"https:\/\/livinghome.vn\/thiet-bi\/wp-json\/wp\/v2\/media\/5390"}],"wp:attachment":[{"href":"https:\/\/livinghome.vn\/thiet-bi\/wp-json\/wp\/v2\/media?parent=5283"}],"wp:term":[{"taxonomy":"product_brand","embeddable":true,"href":"https:\/\/livinghome.vn\/thiet-bi\/wp-json\/wp\/v2\/product_brand?post=5283"},{"taxonomy":"product_cat","embeddable":true,"href":"https:\/\/livinghome.vn\/thiet-bi\/wp-json\/wp\/v2\/product_cat?post=5283"},{"taxonomy":"product_tag","embeddable":true,"href":"https:\/\/livinghome.vn\/thiet-bi\/wp-json\/wp\/v2\/product_tag?post=5283"}],"curies":[{"name":"wp","href":"https:\/\/api.w.org\/{rel}","templated":true}]}}