{"id":5281,"date":"2023-01-12T19:34:07","date_gmt":"2023-01-12T12:34:07","guid":{"rendered":"https:\/\/livinghome.vn\/thiet-bi\/?post_type=product&#038;p=5281"},"modified":"2024-11-29T14:19:29","modified_gmt":"2024-11-29T07:19:29","slug":"bep-dien-tu-malloca-mh-02ir-lb-2-bep-ket-hop-mau-den-cham-bi-nau-nhat-mat-kinh-eurokera","status":"publish","type":"product","link":"https:\/\/livinghome.vn\/thiet-bi\/bep-dien-tu-malloca-mh-02ir-lb-2-bep-ket-hop-mau-den-cham-bi-nau-nhat-mat-kinh-eurokera\/","title":{"rendered":"B\u1ebfp \u0111i\u1ec7n t\u1eeb Malloca MH-02IR LB 2 b\u1ebfp k\u1ebft h\u1ee3p m\u00e0u \u0111en ch\u1ea5m bi n\u00e2u nh\u1ea1t m\u1eb7t k\u00ednh Eurokera"},"content":{"rendered":"<h3>B\u1ebfp \u0111i\u1ec7n t\u1eeb Malloca MH-02IR LB \u0111\u01b0\u1ee3c n\u00e2ng c\u1ea5p to\u00e0n di\u1ec7n v\u1edbi c\u00f4ng ngh\u1ec7 in ch\u00ecm ch\u1ea5m bi gi\u00fap ch\u1ed1ng b\u00e1m v\u00e2n tay, ch\u1ed1ng tr\u01a1n tr\u01b0\u1ee3t, h\u1ea1n ch\u1ebf tr\u1ea7y x\u01b0\u1edbc tr\u00ean m\u1eb7t k\u00ednh<\/h3>\n<figure id=\"attachment_52549\" aria-describedby=\"caption-attachment-52549\" style=\"width: 800px\" class=\"wp-caption alignnone\"><img loading=\"lazy\" decoding=\"async\" class=\"wp-image-52549 size-large\" src=\"https:\/\/livinghome.vn\/thiet-bi\/wp-content\/uploads\/nha-bep\/malloca\/bep-dien-tu\/bep-dien-tu-malloca-mh-02ir-lb\/bep-dien-tu-malloca-mh-02ir-lb-1-800x800.jpg\" alt=\"B\u1ebfp \u0111i\u1ec7n t\u1eeb Malloca MH-02IR LB\" width=\"800\" height=\"800\" title=\"\"><figcaption id=\"caption-attachment-52549\" class=\"wp-caption-text\">B\u1ebfp \u0111i\u1ec7n t\u1eeb Malloca MH-02IR LB<\/figcaption><\/figure>\n<h3>T\u00ednh n\u0103ng c\u01a1 b\u1ea3n<\/h3>\n<ul>\n<li><a href=\"https:\/\/livinghome.vn\/thiet-bi\/bep-dien-tu-ket-hop\/\">B\u1ebfp \u0111i\u1ec7n t\u1eeb<\/a> &#8211; B\u1ebfp k\u00ednh \u00e2m 1 \u0111i\u1ec7n v\u00e0 1 t\u1eeb<\/li>\n<li>M\u1eb7t k\u00ednh Eurokera \u2013 k\u00ednh \u0111en ch\u1ea5m bi n\u00e2u nh\u1ea1t<\/li>\n<li>\u0110i\u1ec1u khi\u1ec3n c\u1ea3m \u1ee9ng<\/li>\n<li>Ch\u1ee9c n\u0103ng nh\u1eadn di\u1ec7n n\u1ed3i<\/li>\n<li>Ch\u1ee9c n\u0103ng n\u1ea5u nhanh \u2013 Booster cho b\u1ebfp t\u1eeb<\/li>\n<li>2 v\u00f2ng nhi\u1ec7t cho b\u1ebfp h\u1ed3ng ngo\u1ea1i<\/li>\n<li>Ch\u1ee9c n\u0103ng h\u1eb9n gi\u1edd<\/li>\n<li>Ch\u1ee9c n\u0103ng b\u00e1o d\u01b0 nhi\u1ec7t<\/li>\n<li>Ch\u1ee9c n\u0103ng kh\u00f3a an to\u00e0n<\/li>\n<\/ul>\n<h3>Th\u00f4ng s\u1ed1 k\u1ef9 thu\u1eadt<\/h3>\n<ul>\n<li>C\u00f4ng su\u1ea5t: 0.8\/1.9kW + 2kW<\/li>\n<li>\u00a0 \u00a0 \u00a0 (\u00d8 130\/215) + (\u00d8 215)<\/li>\n<li>K\u00edch th\u01b0\u1edbc b\u1ebfp: W720 x D380 x H60mm<\/li>\n<li>K\u00edch th\u01b0\u1edbc l\u1ed7 \u0111\u00e1: W690 x D320mm<\/li>\n<\/ul>\n<p>&nbsp;<\/p>\n<p><strong>L\u1eafp r\u00e1p t\u1ea1i Vi\u1ec7t Nam theo b\u1ea3n quy\u1ec1n Malloca Vi\u1ec7t Nam<\/strong><\/p>\n<p><strong>Linh ki\u1ec7n: Copreci \u2013 T\u00e2y Ban Nha, K\u00ednh EuroKera \u2013 Ph\u00e1p<\/strong><\/p>\n<p>&nbsp;<\/p>\n<figure id=\"attachment_52548\" aria-describedby=\"caption-attachment-52548\" style=\"width: 800px\" class=\"wp-caption alignnone\"><img loading=\"lazy\" decoding=\"async\" class=\"wp-image-52548 size-large\" src=\"https:\/\/livinghome.vn\/thiet-bi\/wp-content\/uploads\/nha-bep\/malloca\/bep-dien-tu\/bep-dien-tu-malloca-mh-02ir-lb\/bep-dien-tu-malloca-mh-02ir-lb-2-800x800.jpg\" alt=\"K\u00edch th\u01b0\u1edbc b\u1ebfp \u0111i\u1ec7n t\u1eeb Malloca MH-02IR LB\" width=\"800\" height=\"800\" title=\"\"><figcaption id=\"caption-attachment-52548\" class=\"wp-caption-text\">K\u00edch th\u01b0\u1edbc b\u1ebfp \u0111i\u1ec7n t\u1eeb Malloca MH-02IR LB<\/figcaption><\/figure>\n<h3>Xu\u1ea5t x\u1ee9: Th\u00e1i Lan ho\u1eb7c Trung Qu\u1ed1c<\/h3>\n<div><\/div>\n","protected":false},"excerpt":{"rendered":"<p>B\u1ebfp \u0111i\u1ec7n t\u1eeb Malloca MH-02IR LB \u0111\u01b0\u1ee3c n\u00e2ng c\u1ea5p to\u00e0n di\u1ec7n v\u1edbi c\u00f4ng ngh\u1ec7 in ch\u00ecm ch\u1ea5m bi gi\u00fap ch\u1ed1ng b\u00e1m v\u00e2n tay, ch\u1ed1ng tr\u01a1n tr\u01b0\u1ee3t, h\u1ea1n ch\u1ebf tr\u1ea7y x\u01b0\u1edbc tr\u00ean m\u1eb7t k\u00ednh T\u00ednh n\u0103ng c\u01a1 b\u1ea3n B\u1ebfp \u0111i\u1ec7n t\u1eeb &#8211; B\u1ebfp k\u00ednh \u00e2m 1 \u0111i\u1ec7n v\u00e0 1 t\u1eeb M\u1eb7t k\u00ednh Eurokera \u2013 k\u00ednh \u0111en [&#8230;]\n","protected":false},"featured_media":20292,"comment_status":"open","ping_status":"closed","template":"","meta":[],"product_brand":[],"product_cat":[721,745,80,1760,262],"product_tag":[81,115,743,1761,264,310,270],"class_list":{"0":"post-5281","1":"product","2":"type-product","3":"status-publish","4":"has-post-thumbnail","6":"product_cat-bep-dien-tu-malloca","7":"product_cat-bep-dien-tu","8":"product_cat-bep-dien-tu-ket-hop","9":"product_cat-bep-dien-tu-ket-hop-malloca","10":"product_cat-thuong-hieu-malloca","11":"product_tag-bep-dien-tu","12":"product_tag-bep-dien-tu-am","13":"product_tag-bep-dien-tu-ket-hop","14":"product_tag-bep-dien-tu-ket-hop-malloca","15":"product_tag-bep-dien-tu-malloca","16":"product_tag-bep-nau","17":"product_tag-malloca","19":"first","20":"instock","21":"sale","22":"shipping-taxable","23":"purchasable","24":"product-type-simple"},"_links":{"self":[{"href":"https:\/\/livinghome.vn\/thiet-bi\/wp-json\/wp\/v2\/product\/5281","targetHints":{"allow":["GET"]}}],"collection":[{"href":"https:\/\/livinghome.vn\/thiet-bi\/wp-json\/wp\/v2\/product"}],"about":[{"href":"https:\/\/livinghome.vn\/thiet-bi\/wp-json\/wp\/v2\/types\/product"}],"replies":[{"embeddable":true,"href":"https:\/\/livinghome.vn\/thiet-bi\/wp-json\/wp\/v2\/comments?post=5281"}],"wp:featuredmedia":[{"embeddable":true,"href":"https:\/\/livinghome.vn\/thiet-bi\/wp-json\/wp\/v2\/media\/20292"}],"wp:attachment":[{"href":"https:\/\/livinghome.vn\/thiet-bi\/wp-json\/wp\/v2\/media?parent=5281"}],"wp:term":[{"taxonomy":"product_brand","embeddable":true,"href":"https:\/\/livinghome.vn\/thiet-bi\/wp-json\/wp\/v2\/product_brand?post=5281"},{"taxonomy":"product_cat","embeddable":true,"href":"https:\/\/livinghome.vn\/thiet-bi\/wp-json\/wp\/v2\/product_cat?post=5281"},{"taxonomy":"product_tag","embeddable":true,"href":"https:\/\/livinghome.vn\/thiet-bi\/wp-json\/wp\/v2\/product_tag?post=5281"}],"curies":[{"name":"wp","href":"https:\/\/api.w.org\/{rel}","templated":true}]}}