{"id":5278,"date":"2023-01-12T19:34:07","date_gmt":"2023-01-12T12:34:07","guid":{"rendered":"https:\/\/livinghome.vn\/thiet-bi\/?post_type=product&#038;p=5278"},"modified":"2024-11-29T14:19:29","modified_gmt":"2024-11-29T07:19:29","slug":"bep-dien-malloca-mr-732-72cm-2-dien","status":"publish","type":"product","link":"https:\/\/livinghome.vn\/thiet-bi\/bep-dien-malloca-mr-732-72cm-2-dien\/","title":{"rendered":"B\u1ebfp \u0110i\u1ec7n Malloca MR 732 72CM 2 \u0110i\u1ec7n K\u00ednh Schott Ceran"},"content":{"rendered":"<h2>Xin gi\u1edbi thi\u1ec7u B\u1ebfp \u0111i\u1ec7n Malloca MR 732 tinh t\u1ebf<\/h2>\n<p>S\u1ea3n ph\u1ea9m <a href=\"https:\/\/livinghome.vn\/thiet-bi\/bep-dien-malloca\/\">B\u1ebfp \u0111i\u1ec7n h\u1ed3ng ngo\u1ea1i Malloca<\/a> v\u1edbi m\u1eb7t k\u00ednh \u00e2m 2 \u0111i\u1ec7n n\u1ed5i b\u1eadt v\u1edbi ki\u1ec3u d\u00e1ng sang tr\u1ecdng, t\u00ednh n\u0103ng v\u01b0\u1ee3t tr\u1ed9i c\u00f9ng chi ph\u00ed h\u1ee3p l\u00fd.<\/p>\n<figure id=\"attachment_52543\" aria-describedby=\"caption-attachment-52543\" style=\"width: 800px\" class=\"wp-caption alignnone\"><img loading=\"lazy\" decoding=\"async\" class=\"wp-image-52543 size-large\" src=\"https:\/\/livinghome.vn\/thiet-bi\/wp-content\/uploads\/nha-bep\/malloca\/bep-dien-tu\/bep-dien-malloca-mr-732\/bep-dien-malloca-mr-732-1-800x800.jpg\" alt=\"B\u1ebfp \u0111i\u1ec7n Malloca MR 732 k\u00ednh \u00e2m 2 \u0111i\u1ec7n m\u00e0u \u0111en m\u1eb7t k\u00ednh Shott Ceran\" width=\"800\" height=\"800\" title=\"\"><figcaption id=\"caption-attachment-52543\" class=\"wp-caption-text\">B\u1ebfp \u0111i\u1ec7n Malloca MR 732 k\u00ednh \u00e2m 2 \u0111i\u1ec7n m\u00e0u \u0111en m\u1eb7t k\u00ednh Shott Ceran<\/figcaption><\/figure>\n<h3>T\u00ednh n\u0103ng c\u01a1 b\u1ea3n<\/h3>\n<ul>\n<li><a href=\"https:\/\/livinghome.vn\/thiet-bi\/bep-dien-am\/\">B\u1ebfp \u0111i\u1ec7n \u00e2m<\/a> &#8211; B\u1ebfp k\u00ednh \u00e2m 2 \u0111i\u1ec7n<\/li>\n<li>M\u1eb7t k\u00ednh <a href=\"https:\/\/livinghome.vn\/thiet-bi\/bep-dien-tu-mat-kinh-schott-ceran\/\">Schott Ceran<\/a> \u2013 m\u00e0u \u0111en<\/li>\n<li>\u0110i\u1ec1u khi\u1ec3n c\u1ea3m \u1ee9ng<\/li>\n<li>M\u00e0n h\u00ecnh LED hi\u1ec3n th\u1ecb<\/li>\n<li>9 m\u1ee9c c\u00f4ng su\u1ea5t<\/li>\n<li>Ch\u1ee9c n\u0103ng b\u00e1o d\u01b0 nhi\u1ec7t<\/li>\n<\/ul>\n<h3>Th\u00f4ng s\u1ed1 k\u1ef9 thu\u1eadt<\/h3>\n<ul>\n<li>C\u00f4ng su\u1ea5t: 1.5\/2.4kW + 1.8kW<\/li>\n<li>(\u00d8 220\/280) + (\u00d8 185)<\/li>\n<li>K\u00edch th\u01b0\u1edbc b\u1ebfp: W730 x D430 x H67mm<\/li>\n<li>K\u00edch th\u01b0\u1edbc l\u1ed7 \u0111\u00e1: W710 x D410mm<\/li>\n<\/ul>\n<p>&nbsp;<\/p>\n<figure id=\"attachment_52542\" aria-describedby=\"caption-attachment-52542\" style=\"width: 800px\" class=\"wp-caption alignnone\"><img loading=\"lazy\" decoding=\"async\" class=\"wp-image-52542 size-large\" src=\"https:\/\/livinghome.vn\/thiet-bi\/wp-content\/uploads\/nha-bep\/malloca\/bep-dien-tu\/bep-dien-malloca-mr-732\/bep-dien-malloca-mr-732-2-800x800.jpg\" alt=\"K\u00edch th\u01b0\u1edbc b\u1ebfp \u0111i\u1ec7n Malloca MR 732 \" width=\"800\" height=\"800\" title=\"\"><figcaption id=\"caption-attachment-52542\" class=\"wp-caption-text\">K\u00edch th\u01b0\u1edbc b\u1ebfp \u0111i\u1ec7n Malloca MR 732<\/figcaption><\/figure>\n<h3>Xu\u1ea5t x\u1ee9: T\u00e2y Ban Nha<\/h3>\n<div><\/div>\n","protected":false},"excerpt":{"rendered":"<p>&#8211; <strong>Lo\u1ea1i b\u1ebfp:<\/strong> b\u1ebfp \u00e2m v\u1edbi 2 v\u00f9ng n\u1ea5u \u0111i\u1ec7n (h\u1ed3ng ngo\u1ea1i)<\/p>\n<p>&#8211; <strong>M\u1eb7t k\u00ednh:<\/strong> Schott Ceran<\/p>\n<p>&#8211; <strong>C\u00f4ng su\u1ea5t:<\/strong> 1.5\/2.4kW + 1.8kW<\/p>\n<p>&#8211; <strong>K\u00edch th\u01b0\u1edbc b\u1ebfp:<\/strong> W730 x D430 x H67 mm<\/p>\n<p>&#8211; <strong>K\u00edch th\u01b0\u1edbc c\u1eaft \u0111\u00e1:<\/strong> W710 x D410 mm<\/p>\n<p>&#8211; <strong>H\u1ec7 th\u1ed1ng \u0111i\u1ec1u khi\u1ec3n:<\/strong> c\u1ea3m \u1ee9ng d\u1ea1ng ch\u1ea1m<\/p>\n","protected":false},"featured_media":22062,"comment_status":"open","ping_status":"closed","template":"","meta":[],"product_brand":[],"product_cat":[741,117,722,745,813,796,799,801,802,832,262],"product_tag":[118,263,81,113,264,174,1692],"class_list":{"0":"post-5278","1":"product","2":"type-product","3":"status-publish","4":"has-post-thumbnail","6":"product_cat-bep-hong-ngoai","7":"product_cat-bep-dien-hong-ngoai","8":"product_cat-bep-dien-hong-ngoai-malloca","9":"product_cat-bep-dien-tu","10":"product_cat-bep-dien-tu-chung-cu","11":"product_cat-bep-dien-tu-doi","12":"product_cat-bep-dien-tu-hinh-chu-nhat","13":"product_cat-bep-dien-tu-khong-ken-noi","14":"product_cat-bep-dien-tu-mat-kinh-schott-ceran","15":"product_cat-bep-dien-tu-tay-ban-nha","16":"product_cat-thuong-hieu-malloca","17":"product_tag-bep-dien","18":"product_tag-bep-dien-malloca","19":"product_tag-bep-dien-tu","20":"product_tag-bep-dien-tu-2-vung-nau","21":"product_tag-bep-dien-tu-malloca","22":"product_tag-bep-hong-ngoai","23":"product_tag-bep-hong-ngoai-malloca","25":"first","26":"instock","27":"sale","28":"shipping-taxable","29":"purchasable","30":"product-type-simple"},"_links":{"self":[{"href":"https:\/\/livinghome.vn\/thiet-bi\/wp-json\/wp\/v2\/product\/5278","targetHints":{"allow":["GET"]}}],"collection":[{"href":"https:\/\/livinghome.vn\/thiet-bi\/wp-json\/wp\/v2\/product"}],"about":[{"href":"https:\/\/livinghome.vn\/thiet-bi\/wp-json\/wp\/v2\/types\/product"}],"replies":[{"embeddable":true,"href":"https:\/\/livinghome.vn\/thiet-bi\/wp-json\/wp\/v2\/comments?post=5278"}],"wp:featuredmedia":[{"embeddable":true,"href":"https:\/\/livinghome.vn\/thiet-bi\/wp-json\/wp\/v2\/media\/22062"}],"wp:attachment":[{"href":"https:\/\/livinghome.vn\/thiet-bi\/wp-json\/wp\/v2\/media?parent=5278"}],"wp:term":[{"taxonomy":"product_brand","embeddable":true,"href":"https:\/\/livinghome.vn\/thiet-bi\/wp-json\/wp\/v2\/product_brand?post=5278"},{"taxonomy":"product_cat","embeddable":true,"href":"https:\/\/livinghome.vn\/thiet-bi\/wp-json\/wp\/v2\/product_cat?post=5278"},{"taxonomy":"product_tag","embeddable":true,"href":"https:\/\/livinghome.vn\/thiet-bi\/wp-json\/wp\/v2\/product_tag?post=5278"}],"curies":[{"name":"wp","href":"https:\/\/api.w.org\/{rel}","templated":true}]}}