{"id":5277,"date":"2023-01-12T19:34:07","date_gmt":"2023-01-12T12:34:07","guid":{"rendered":"https:\/\/livinghome.vn\/thiet-bi\/?post_type=product&#038;p=5277"},"modified":"2024-11-29T14:19:29","modified_gmt":"2024-11-29T07:19:29","slug":"bep-dien-malloca-mr-593-kinh-am-3-dien-mau-den-mat-kinh-shott-ceran","status":"publish","type":"product","link":"https:\/\/livinghome.vn\/thiet-bi\/bep-dien-malloca-mr-593-kinh-am-3-dien-mau-den-mat-kinh-shott-ceran\/","title":{"rendered":"B\u1ebfp \u0111i\u1ec7n Malloca MR 593 k\u00ednh \u00e2m 3 \u0111i\u1ec7n m\u00e0u \u0111en m\u1eb7t k\u00ednh Shott Ceran"},"content":{"rendered":"<h3>B\u1ebfp \u0111i\u1ec7n Malloca MR 593 m\u1eb7t k\u00ednh Shott Ceran gi\u00fap ch\u1ed1ng b\u00e1m v\u00e2n tay, ch\u1ed1ng tr\u01a1n tr\u01b0\u1ee3t, h\u1ea1n ch\u1ebf tr\u1ea7y x\u01b0\u1edbc tr\u00ean m\u1eb7t k\u00ednh.<\/h3>\n<figure id=\"attachment_52541\" aria-describedby=\"caption-attachment-52541\" style=\"width: 800px\" class=\"wp-caption alignnone\"><img loading=\"lazy\" decoding=\"async\" class=\"wp-image-52541 size-large\" src=\"https:\/\/livinghome.vn\/thiet-bi\/wp-content\/uploads\/nha-bep\/malloca\/bep-dien-tu\/bep-dien-malloca-mr-593\/bep-dien-malloca-mr-593-1-800x800.jpg\" alt=\"B\u1ebfp \u0111i\u1ec7n Malloca MR 593 k\u00ednh \u00e2m 3 \u0111i\u1ec7n m\u00e0u \u0111en m\u1eb7t k\u00ednh Shott Ceran\" width=\"800\" height=\"800\" title=\"\"><figcaption id=\"caption-attachment-52541\" class=\"wp-caption-text\">B\u1ebfp \u0111i\u1ec7n Malloca MR 593 k\u00ednh \u00e2m 3 \u0111i\u1ec7n m\u00e0u \u0111en m\u1eb7t k\u00ednh Shott Ceran<\/figcaption><\/figure>\n<h3>T\u00ednh n\u0103ng c\u01a1 b\u1ea3n<\/h3>\n<ul>\n<li><a href=\"https:\/\/livinghome.vn\/thiet-bi\/bep-dien-am\/\">B\u1ebfp \u0111i\u1ec7n \u00e2m<\/a> &#8211; B\u1ebfp k\u00ednh \u00e2m 3 \u0111i\u1ec7n<\/li>\n<li>M\u1eb7t k\u00ednh Shott Ceran \u2013 m\u00e0u \u0111en<\/li>\n<li>\u0110i\u1ec1u khi\u1ec3n c\u1ea3m \u1ee9ng<\/li>\n<li>M\u00e0n h\u00ecnh LED hi\u1ec3n th\u1ecb<\/li>\n<li>9 m\u1ee9c c\u00f4ng su\u1ea5t, 3 v\u00f2ng l\u1eeda cho b\u1ebfp l\u1edbn<\/li>\n<li>Ch\u1ee9c n\u0103ng b\u00e1o d\u01b0 nhi\u1ec7t<\/li>\n<\/ul>\n<h3>Th\u00f4ng s\u1ed1 k\u1ef9 thu\u1eadt<\/h3>\n<ul>\n<li>C\u00f4ng su\u1ea5t: 1.05\/1.95\/2.7kW + 1.2kW+ 1.8kW<\/li>\n<li>\u00a0(\u00d8140\/210\/270) + (\u00d8140) + (\u00d8180)<\/li>\n<li>K\u00edch th\u01b0\u1edbc b\u1ebfp: W590 x D520 x H67mm<\/li>\n<li>K\u00edch th\u01b0\u1edbc l\u1ed7 \u0111\u00e1: W560 x D490mm<\/li>\n<\/ul>\n<p>&nbsp;<\/p>\n<p>&nbsp;<\/p>\n<figure id=\"attachment_52540\" aria-describedby=\"caption-attachment-52540\" style=\"width: 800px\" class=\"wp-caption alignnone\"><img loading=\"lazy\" decoding=\"async\" class=\"wp-image-52540 size-large\" src=\"https:\/\/livinghome.vn\/thiet-bi\/wp-content\/uploads\/nha-bep\/malloca\/bep-dien-tu\/bep-dien-malloca-mr-593\/bep-dien-malloca-mr-593-2-800x800.jpg\" alt=\"K\u00edch th\u01b0\u1edbc b\u1ebfp \u0111i\u1ec7n Malloca MR 593 \" width=\"800\" height=\"800\" title=\"\"><figcaption id=\"caption-attachment-52540\" class=\"wp-caption-text\">K\u00edch th\u01b0\u1edbc b\u1ebfp \u0111i\u1ec7n Malloca MR 593<\/figcaption><\/figure>\n<h3>Xu\u1ea5t x\u1ee9: T\u00e2y Ban Nha<\/h3>\n<div><\/div>\n","protected":false},"excerpt":{"rendered":"<p>B\u1ebfp \u0111i\u1ec7n Malloca MR 593 m\u1eb7t k\u00ednh Shott Ceran gi\u00fap ch\u1ed1ng b\u00e1m v\u00e2n tay, ch\u1ed1ng tr\u01a1n tr\u01b0\u1ee3t, h\u1ea1n ch\u1ebf tr\u1ea7y x\u01b0\u1edbc tr\u00ean m\u1eb7t k\u00ednh. T\u00ednh n\u0103ng c\u01a1 b\u1ea3n B\u1ebfp \u0111i\u1ec7n \u00e2m &#8211; B\u1ebfp k\u00ednh \u00e2m 3 \u0111i\u1ec7n M\u1eb7t k\u00ednh Shott Ceran \u2013 m\u00e0u \u0111en \u0110i\u1ec1u khi\u1ec3n c\u1ea3m \u1ee9ng M\u00e0n h\u00ecnh LED hi\u1ec3n th\u1ecb 9 m\u1ee9c [&#8230;]\n","protected":false},"featured_media":22044,"comment_status":"open","ping_status":"closed","template":"","meta":[],"product_brand":[],"product_cat":[745,868,722,803,800,802,832,816,75,805,871,720,262],"product_tag":[118,309,120,263,174,270],"class_list":{"0":"post-5277","1":"product","2":"type-product","3":"status-publish","4":"has-post-thumbnail","6":"product_cat-bep-dien-tu","7":"product_cat-bep-3-tu","8":"product_cat-bep-dien-hong-ngoai-malloca","9":"product_cat-bep-dien-tu-3-vung-nau","10":"product_cat-bep-dien-tu-hinh-vuong","11":"product_cat-bep-dien-tu-mat-kinh-schott-ceran","12":"product_cat-bep-dien-tu-tay-ban-nha","13":"product_cat-bep-dien-tu-thoi-trang","14":"product_cat-bep-tu","15":"product_cat-bep-tu-3-vung-nau","16":"product_cat-bep-tu-da-vung-nau","17":"product_cat-bep-tu-malloca","18":"product_cat-thuong-hieu-malloca","19":"product_tag-bep-dien","20":"product_tag-bep-dien-3-vung-nau","21":"product_tag-bep-dien-am","22":"product_tag-bep-dien-malloca","23":"product_tag-bep-hong-ngoai","24":"product_tag-malloca","26":"first","27":"instock","28":"sale","29":"shipping-taxable","30":"purchasable","31":"product-type-simple"},"_links":{"self":[{"href":"https:\/\/livinghome.vn\/thiet-bi\/wp-json\/wp\/v2\/product\/5277","targetHints":{"allow":["GET"]}}],"collection":[{"href":"https:\/\/livinghome.vn\/thiet-bi\/wp-json\/wp\/v2\/product"}],"about":[{"href":"https:\/\/livinghome.vn\/thiet-bi\/wp-json\/wp\/v2\/types\/product"}],"replies":[{"embeddable":true,"href":"https:\/\/livinghome.vn\/thiet-bi\/wp-json\/wp\/v2\/comments?post=5277"}],"wp:featuredmedia":[{"embeddable":true,"href":"https:\/\/livinghome.vn\/thiet-bi\/wp-json\/wp\/v2\/media\/22044"}],"wp:attachment":[{"href":"https:\/\/livinghome.vn\/thiet-bi\/wp-json\/wp\/v2\/media?parent=5277"}],"wp:term":[{"taxonomy":"product_brand","embeddable":true,"href":"https:\/\/livinghome.vn\/thiet-bi\/wp-json\/wp\/v2\/product_brand?post=5277"},{"taxonomy":"product_cat","embeddable":true,"href":"https:\/\/livinghome.vn\/thiet-bi\/wp-json\/wp\/v2\/product_cat?post=5277"},{"taxonomy":"product_tag","embeddable":true,"href":"https:\/\/livinghome.vn\/thiet-bi\/wp-json\/wp\/v2\/product_tag?post=5277"}],"curies":[{"name":"wp","href":"https:\/\/api.w.org\/{rel}","templated":true}]}}