{"id":5275,"date":"2023-01-12T19:34:07","date_gmt":"2023-01-12T19:34:07","guid":{"rendered":"https:\/\/livinghome.vn\/thiet-bi\/?post_type=product&#038;p=5275"},"modified":"2024-11-29T14:19:29","modified_gmt":"2024-11-29T07:19:29","slug":"tu-lanh-malloca-mf-521sbs-side-by-side-hai-cua-dung-tich-521l","status":"publish","type":"product","link":"https:\/\/livinghome.vn\/thiet-bi\/tu-lanh-malloca-mf-521sbs-side-by-side-hai-cua-dung-tich-521l\/","title":{"rendered":"T\u1ee7 l\u1ea1nh Malloca MF-521SBS Side by Side hai c\u1eeda dung t\u00edch 521L"},"content":{"rendered":"<h3>T\u1ee7 l\u1ea1nh Malloca MF-521SBS Side by Side l\u00e0 s\u1ef1 l\u1ef1a ch\u1ecdn th\u00f4ng minh cho nh\u1eefng gia \u0111\u00ecnh \u0111ang t\u00ecm m\u1ed9t s\u1ea3n ph\u1ea9m h\u1ed9i t\u1ee5 \u0111\u1ee7 c\u00e1c y\u1ebfu t\u1ed1 v\u1ec1 hi\u1ec7u qu\u1ea3 ho\u1ea1t \u0111\u1ed9ng, ti\u1ebft ki\u1ec7m \u0111i\u1ec7n v\u00e0 \u0111\u1ea1t chu\u1ea9n c\u1ea3 v\u1ec1 \u0111\u1ed9 th\u1ea9m m\u1ef9 trong thi\u1ebft k\u1ebf \u0111\u1ec3 k\u1ebft h\u1ee3p h\u00e0i h\u00f2a c\u00f9ng n\u1ed9i th\u1ea5t sang tr\u1ecdng trong ng\u00f4i nh\u00e0 \u1ea5m c\u00fang c\u1ee7a m\u00ecnh.<\/h3>\n<figure id=\"attachment_52376\" aria-describedby=\"caption-attachment-52376\" style=\"width: 800px\" class=\"wp-caption alignnone\"><img loading=\"lazy\" decoding=\"async\" class=\"wp-image-52376 size-large\" src=\"https:\/\/livinghome.vn\/thiet-bi\/wp-content\/uploads\/nha-bep\/malloca\/tu-lanh\/tu-lanh-malloca-mf-521sbs\/tu-lanh-malloca-mf-521sbs-2-800x800.jpg\" alt=\"T\u1ee7 l\u1ea1nh Malloca MF-521SBS Side by Side hai c\u1eeda dung t\u00edch 521L\" width=\"800\" height=\"800\" title=\"\"><figcaption id=\"caption-attachment-52376\" class=\"wp-caption-text\">T\u1ee7 l\u1ea1nh Malloca MF-521SBS Side by Side hai c\u1eeda dung t\u00edch 521L<\/figcaption><\/figure>\n<h3>T\u00ednh n\u0103ng c\u01a1 b\u1ea3n<\/h3>\n<ul>\n<li><a href=\"https:\/\/livinghome.vn\/thiet-bi\/tu-lanh\/\">T\u1ee7 l\u1ea1nh<\/a> &#8211; T\u1ee7 l\u1ea1nh side by side 2 c\u1eeda &#8211; Tay n\u1eafm \u00e2m<\/li>\n<li>B\u1ec1 m\u1eb7t c\u1eeda kim lo\u1ea1i x\u01b0\u1edbc<\/li>\n<li>C\u00f4ng ngh\u1ec7 kh\u00f4ng \u0111\u00f3ng tuy\u1ebft<\/li>\n<li>C\u00f4ng ngh\u1ec7 lu\u1ed3ng kh\u00ed l\u1ea1nh \u0111a chi\u1ec1u<\/li>\n<li>H\u1ec7 th\u1ed1ng t\u1ef1 \u0111i\u1ec1u ch\u1ec9nh \u0111\u1ed9 \u1ea9m<\/li>\n<li>H\u1ec7 th\u1ed1ng \u0111i\u1ec1u khi\u1ec3n \u0111i\u1ec7n t\u1eed, c\u1ea3m \u1ee9ng<\/li>\n<li>H\u1ec7 th\u1ed1ng hi\u1ec3n th\u1ecb LED<\/li>\n<li>Hi\u1ec3n th\u1ecb nhi\u1ec7t \u0111\u1ed9 ng\u0103n \u0111\u00f4ng v\u00e0 ng\u0103n m\u00e1t<\/li>\n<li>H\u1ec7 th\u1ed1ng \u0111\u00e8n LED chi\u1ebfu s\u00e1ng trong t\u1ee7<\/li>\n<li>\u00c2m b\u00e1o khi c\u1eeda m\u1edf qu\u00e1 60 gi\u00e2y<\/li>\n<li>Ch\u1ee9c n\u0103ng kh\u00f3a tr\u1ebb em<\/li>\n<li>K\u1ec7 k\u00ednh c\u01b0\u1eddng l\u1ef1c an to\u00e0n<\/li>\n<li>Ch\u1ebf \u0111\u1ed9 SMART : t\u1ef1 \u0111\u1ed9ng c\u00e0i \u0111\u1eb7t nhi\u1ec7t \u0111\u1ed9 ph\u00f9 h\u1ee3p theo nhi\u1ec7t \u0111\u1ed9 m\u00f4i tr\u01b0\u1eddng<\/li>\n<li>Ch\u1ebf \u0111\u1ed9 ECO : ti\u1ebft ki\u1ec7m \u0111i\u1ec7n n\u0103ng<\/li>\n<li>Ch\u1ebf \u0111\u1ed9 SUPPER COOLING : l\u00e0m m\u00e1t nhanh trong 2 gi\u1edd sau \u0111\u00f3 tr\u1edf v\u1ec1 ch\u1ebf \u0111\u1ed9 t\u1ef1 \u0111\u1ed9ng<\/li>\n<li>Ch\u1ebf \u0111\u1ed9 SUPPER FREEZING : l\u00e0m \u0111\u00f4ng nhanh trong 6 gi\u1edd sau \u0111\u00f3 tr\u1edf v\u1ec1 ch\u1ebf \u0111\u1ed9 t\u1ef1 \u0111\u1ed9ng<\/li>\n<\/ul>\n<p>&nbsp;<\/p>\n<h3>Th\u00f4ng s\u1ed1 k\u1ef9 thu\u1eadt<\/h3>\n<ul>\n<li>T\u1ed5ng dung t\u00edch : 521 l\u00edt<\/li>\n<li>Dung t\u00edch ng\u0103n m\u00e1t : 344 l\u00edt<\/li>\n<li>Dung t\u00edch ng\u0103n \u0111\u00f4ng : 177 l\u00edt<\/li>\n<li>K\u00edch th\u01b0\u1edbc : W900 x D700 x H1.770m<\/li>\n<\/ul>\n<p>&nbsp;<\/p>\n<p>&nbsp;<\/p>\n<figure id=\"attachment_52375\" aria-describedby=\"caption-attachment-52375\" style=\"width: 800px\" class=\"wp-caption alignnone\"><img loading=\"lazy\" decoding=\"async\" class=\"wp-image-52375 size-large\" src=\"https:\/\/livinghome.vn\/thiet-bi\/wp-content\/uploads\/nha-bep\/malloca\/tu-lanh\/tu-lanh-malloca-mf-521sbs\/tu-lanh-malloca-mf-521sbs-3-800x800.jpg\" alt=\"K\u00edch th\u01b0\u1edbc t\u1ee7 l\u1ea1nh Malloca MF-521SBS \" width=\"800\" height=\"800\" title=\"\"><figcaption id=\"caption-attachment-52375\" class=\"wp-caption-text\">K\u00edch th\u01b0\u1edbc t\u1ee7 l\u1ea1nh Malloca MF-521SBS<\/figcaption><\/figure>\n<h3>Xu\u1ea5t x\u1ee9: Trung Qu\u1ed1c (theo b\u1ea3n quy\u1ec1n Malloca)<\/h3>\n<div><\/div>\n","protected":false},"excerpt":{"rendered":"<p>T\u1ee7 l\u1ea1nh Malloca MF-521SBS Side by Side l\u00e0 s\u1ef1 l\u1ef1a ch\u1ecdn th\u00f4ng minh cho nh\u1eefng gia \u0111\u00ecnh \u0111ang t\u00ecm m\u1ed9t s\u1ea3n ph\u1ea9m h\u1ed9i t\u1ee5 \u0111\u1ee7 c\u00e1c y\u1ebfu t\u1ed1 v\u1ec1 hi\u1ec7u qu\u1ea3 ho\u1ea1t \u0111\u1ed9ng, ti\u1ebft ki\u1ec7m \u0111i\u1ec7n v\u00e0 \u0111\u1ea1t chu\u1ea9n c\u1ea3 v\u1ec1 \u0111\u1ed9 th\u1ea9m m\u1ef9 trong thi\u1ebft k\u1ebf \u0111\u1ec3 k\u1ebft h\u1ee3p h\u00e0i h\u00f2a c\u00f9ng n\u1ed9i th\u1ea5t [&#8230;]\n","protected":false},"featured_media":5362,"comment_status":"open","ping_status":"closed","template":"","meta":[],"product_brand":[],"product_cat":[262,201],"product_tag":[270,203,308],"class_list":{"0":"post-5275","1":"product","2":"type-product","3":"status-publish","4":"has-post-thumbnail","6":"product_cat-thuong-hieu-malloca","7":"product_cat-tu-lanh","8":"product_tag-malloca","9":"product_tag-tu-lanh","10":"product_tag-tu-lanh-malloca","12":"first","13":"instock","14":"sale","15":"shipping-taxable","16":"purchasable","17":"product-type-simple"},"_links":{"self":[{"href":"https:\/\/livinghome.vn\/thiet-bi\/wp-json\/wp\/v2\/product\/5275","targetHints":{"allow":["GET"]}}],"collection":[{"href":"https:\/\/livinghome.vn\/thiet-bi\/wp-json\/wp\/v2\/product"}],"about":[{"href":"https:\/\/livinghome.vn\/thiet-bi\/wp-json\/wp\/v2\/types\/product"}],"replies":[{"embeddable":true,"href":"https:\/\/livinghome.vn\/thiet-bi\/wp-json\/wp\/v2\/comments?post=5275"}],"wp:featuredmedia":[{"embeddable":true,"href":"https:\/\/livinghome.vn\/thiet-bi\/wp-json\/wp\/v2\/media\/5362"}],"wp:attachment":[{"href":"https:\/\/livinghome.vn\/thiet-bi\/wp-json\/wp\/v2\/media?parent=5275"}],"wp:term":[{"taxonomy":"product_brand","embeddable":true,"href":"https:\/\/livinghome.vn\/thiet-bi\/wp-json\/wp\/v2\/product_brand?post=5275"},{"taxonomy":"product_cat","embeddable":true,"href":"https:\/\/livinghome.vn\/thiet-bi\/wp-json\/wp\/v2\/product_cat?post=5275"},{"taxonomy":"product_tag","embeddable":true,"href":"https:\/\/livinghome.vn\/thiet-bi\/wp-json\/wp\/v2\/product_tag?post=5275"}],"curies":[{"name":"wp","href":"https:\/\/api.w.org\/{rel}","templated":true}]}}