{"id":5270,"date":"2023-01-12T19:34:06","date_gmt":"2023-01-12T12:34:06","guid":{"rendered":"https:\/\/livinghome.vn\/thiet-bi\/?post_type=product&#038;p=5270"},"modified":"2024-11-29T14:17:38","modified_gmt":"2024-11-29T07:17:38","slug":"tu-bao-quan-ruou-malloca-mwc-24cp-24-chai","status":"publish","type":"product","link":"https:\/\/livinghome.vn\/thiet-bi\/tu-bao-quan-ruou-malloca-mwc-24cp-24-chai\/","title":{"rendered":"T\u1ee7 b\u1ea3o qu\u1ea3n r\u01b0\u1ee3u Malloca MWC-24CP 24 chai"},"content":{"rendered":"<h3>T\u1ee7 b\u1ea3o qu\u1ea3n r\u01b0\u1ee3u Malloca MWC-24CP \u00e2m t\u1ee7 \u0111\u01b0\u1ee3c l\u00e0m b\u1eb1ng ch\u1ea5t li\u1ec7u c\u00e1ch nhi\u1ec7t v\u00e0 c\u1eeda k\u00ednh Low-e 3 l\u1edbp ch\u1ed1ng tia UV n\u00ean kh\u00f4ng b\u1ecb t\u00e1c \u0111\u1ed9ng, \u1ea3nh h\u01b0\u1edfng t\u1eeb m\u00f4i tr\u01b0\u1eddng b\u00ean ngo\u00e0i.<\/h3>\n<figure id=\"attachment_54528\" aria-describedby=\"caption-attachment-54528\" style=\"width: 800px\" class=\"wp-caption alignnone\"><img loading=\"lazy\" decoding=\"async\" class=\"wp-image-54528 size-large\" src=\"https:\/\/livinghome.vn\/thiet-bi\/wp-content\/uploads\/nha-bep\/malloca\/tu-bao-quan-ruou\/tu-bao-quan-ruou-am-tu\/tu-uop-ruou-malloca-mwc-24cp\/tu-uop-ruou-malloca-mwc-24cp-1-800x800.jpg\" alt=\"T\u1ee7 b\u1ea3o qu\u1ea3n r\u01b0\u1ee3u Malloca MWC-24CP \u00e2m t\u1ee7\" width=\"800\" height=\"800\" title=\"\"><figcaption id=\"caption-attachment-54528\" class=\"wp-caption-text\">T\u1ee7 b\u1ea3o qu\u1ea3n r\u01b0\u1ee3u Malloca MWC-24CP \u00e2m t\u1ee7<\/figcaption><\/figure>\n<h3>H\u1ec7 th\u1ed1ng t\u1ea3n nhi\u1ec7t v\u00e0 kh\u1eed m\u00f9i c\u1ee7a t\u1ee7 b\u1ea3o qu\u1ea3n r\u01b0\u1ee3u vang \u00e2m t\u01b0\u1eddng Malloca ho\u1ea1t \u0111\u1ed9ng r\u1ea5t hi\u1ec7u qu\u1ea3 n\u00ean kh\u00f4ng kh\u00ed l\u01b0u chuy\u1ec3n trong t\u1ee7 lu\u00f4n lu\u00f4n trong l\u00e0nh, s\u1ea1ch s\u1ebd.<\/h3>\n<h3>T\u00ednh n\u0103ng c\u01a1 b\u1ea3n<\/h3>\n<ul>\n<li><a href=\"https:\/\/livinghome.vn\/thiet-bi\/gia-dung-khac\/tu-bao-quan-ruou\/\">T\u1ee7 b\u1ea3o qu\u1ea3n r\u01b0\u1ee3u<\/a> &#8211; T\u1ee7 b\u1ea3o qu\u1ea3n r\u01b0\u1ee3u \u00e2m t\u1ee7<\/li>\n<li>M\u1eb7t k\u00ednh m\u00e0u \u0111en<\/li>\n<li>S\u1ee9c ch\u1ee9a t\u1ed1i \u0111a: 24 chai (750ml ti\u00eau chu\u1ea9n)<\/li>\n<li>H\u1ec7 th\u1ed1ng \u0111i\u1ec1u khi\u1ec3n c\u1ea3m \u1ee9ng<\/li>\n<li>M\u00e0n h\u00ecnh LED hi\u1ec3n th\u1ecb<\/li>\n<li>Nhi\u1ec7t \u0111\u1ed9: 4-20 \u00b0C<\/li>\n<li>C\u1eeda k\u00e9o xu\u1ed1ng d\u01b0\u1edbi \u0111\u1ec3 m\u1edf<\/li>\n<li>C\u00e1c ng\u0103n r\u01b0\u1ee3u b\u1eb1ng g\u1ed7 v\u1edbi c\u1ea1nh vi\u1ec1n inox<\/li>\n<li>H\u1ec7 th\u1ed1ng ray tr\u01b0\u1ee3t 3 t\u1ea7ng cao c\u1ea5p<\/li>\n<li>C\u1eeda k\u00ednh 2 l\u1edbp ch\u1ed1ng tia UV<\/li>\n<li>\u0110\u00e8n chi\u1ebfu s\u00e1ng xanh b\u00ean trong<\/li>\n<li>Kh\u00f3a ph\u00edm an to\u00e0n tr\u1ebb em<\/li>\n<\/ul>\n<h3>Th\u00f4ng s\u1ed1 k\u1ef9 thu\u1eadt<\/h3>\n<ul>\n<li>Dung t\u00edch : 56L<\/li>\n<li>T\u1ed5ng c\u00f4ng su\u1ea5t : 80W<\/li>\n<li>\u0110i\u1ec7n \u00e1p : 220-240V~50\/60Hz<\/li>\n<li>K\u00edch th\u01b0\u1edbc: W592 x D545 x H455mm<\/li>\n<\/ul>\n<p><strong>***L\u01b0u \u00fd: S\u1ee9c ch\u1ee9a t\u1ee7 s\u1ebd thay \u0111\u1ed5i t\u00f9y thu\u1ed9c v\u00e0o k\u00edch th\u01b0\u1edbc chai r\u01b0\u1ee3u, c\u00f3 th\u1ec3 th\u00e1o b\u1edbt k\u1ec7 g\u1ed7 v\u00e0 x\u1ebfp ch\u1ed3ng c\u00e1c chai l\u00ean nhau \u0111\u1ec3 ph\u00f9 h\u1ee3p v\u1edbi nh\u1eefng chai c\u00f3 k\u00edch th\u01b0\u1edbc l\u1edbn.<\/strong><\/p>\n<p>&nbsp;<\/p>\n<p>&nbsp;<\/p>\n<p>&nbsp;<\/p>\n<figure id=\"attachment_54527\" aria-describedby=\"caption-attachment-54527\" style=\"width: 800px\" class=\"wp-caption alignnone\"><img loading=\"lazy\" decoding=\"async\" class=\"wp-image-54527 size-large\" src=\"https:\/\/livinghome.vn\/thiet-bi\/wp-content\/uploads\/nha-bep\/malloca\/tu-bao-quan-ruou\/tu-bao-quan-ruou-am-tu\/tu-uop-ruou-malloca-mwc-24cp\/tu-uop-ruou-malloca-mwc-24cp-2-800x800.jpg\" alt=\"K\u00edch th\u01b0\u1edbc t\u1ee7 b\u1ea3o qu\u1ea3n r\u01b0\u1ee3u Malloca MWC-24CP\" width=\"800\" height=\"800\" title=\"\"><figcaption id=\"caption-attachment-54527\" class=\"wp-caption-text\">K\u00edch th\u01b0\u1edbc t\u1ee7 b\u1ea3o qu\u1ea3n r\u01b0\u1ee3u Malloca MWC-24CP<\/figcaption><\/figure>\n<h3>Xu\u1ea5t x\u1ee9: Trung Qu\u1ed1c (theo b\u1ea3n quy\u1ec1n Malloca)<\/h3>\n<div><\/div>\n","protected":false},"excerpt":{"rendered":"<p>T\u1ee7 b\u1ea3o qu\u1ea3n r\u01b0\u1ee3u Malloca MWC-24CP \u00e2m t\u1ee7 \u0111\u01b0\u1ee3c l\u00e0m b\u1eb1ng ch\u1ea5t li\u1ec7u c\u00e1ch nhi\u1ec7t v\u00e0 c\u1eeda k\u00ednh Low-e 3 l\u1edbp ch\u1ed1ng tia UV n\u00ean kh\u00f4ng b\u1ecb t\u00e1c \u0111\u1ed9ng, \u1ea3nh h\u01b0\u1edfng t\u1eeb m\u00f4i tr\u01b0\u1eddng b\u00ean ngo\u00e0i. H\u1ec7 th\u1ed1ng t\u1ea3n nhi\u1ec7t v\u00e0 kh\u1eed m\u00f9i c\u1ee7a t\u1ee7 b\u1ea3o qu\u1ea3n r\u01b0\u1ee3u vang \u00e2m t\u01b0\u1eddng Malloca ho\u1ea1t \u0111\u1ed9ng r\u1ea5t [&#8230;]\n","protected":false},"featured_media":5343,"comment_status":"open","ping_status":"closed","template":"","meta":[],"product_brand":[],"product_cat":[262,193],"product_tag":[270,305,306],"class_list":{"0":"post-5270","1":"product","2":"type-product","3":"status-publish","4":"has-post-thumbnail","6":"product_cat-thuong-hieu-malloca","7":"product_cat-tu-uop-ruou","8":"product_tag-malloca","9":"product_tag-tu-bao-quan-ruou","10":"product_tag-tu-bao-quan-ruou-malloca","12":"first","13":"instock","14":"sale","15":"shipping-taxable","16":"purchasable","17":"product-type-simple"},"_links":{"self":[{"href":"https:\/\/livinghome.vn\/thiet-bi\/wp-json\/wp\/v2\/product\/5270","targetHints":{"allow":["GET"]}}],"collection":[{"href":"https:\/\/livinghome.vn\/thiet-bi\/wp-json\/wp\/v2\/product"}],"about":[{"href":"https:\/\/livinghome.vn\/thiet-bi\/wp-json\/wp\/v2\/types\/product"}],"replies":[{"embeddable":true,"href":"https:\/\/livinghome.vn\/thiet-bi\/wp-json\/wp\/v2\/comments?post=5270"}],"wp:featuredmedia":[{"embeddable":true,"href":"https:\/\/livinghome.vn\/thiet-bi\/wp-json\/wp\/v2\/media\/5343"}],"wp:attachment":[{"href":"https:\/\/livinghome.vn\/thiet-bi\/wp-json\/wp\/v2\/media?parent=5270"}],"wp:term":[{"taxonomy":"product_brand","embeddable":true,"href":"https:\/\/livinghome.vn\/thiet-bi\/wp-json\/wp\/v2\/product_brand?post=5270"},{"taxonomy":"product_cat","embeddable":true,"href":"https:\/\/livinghome.vn\/thiet-bi\/wp-json\/wp\/v2\/product_cat?post=5270"},{"taxonomy":"product_tag","embeddable":true,"href":"https:\/\/livinghome.vn\/thiet-bi\/wp-json\/wp\/v2\/product_tag?post=5270"}],"curies":[{"name":"wp","href":"https:\/\/api.w.org\/{rel}","templated":true}]}}