{"id":5268,"date":"2023-01-12T19:34:06","date_gmt":"2023-01-12T12:34:06","guid":{"rendered":"https:\/\/livinghome.vn\/thiet-bi\/?post_type=product&#038;p=5268"},"modified":"2024-11-29T14:17:38","modified_gmt":"2024-11-29T07:17:38","slug":"may-say-malloca-mtd-t1510hp-cua-truoc-10kg-mau-den-sang-trong-hien-dai","status":"publish","type":"product","link":"https:\/\/livinghome.vn\/thiet-bi\/may-say-malloca-mtd-t1510hp-cua-truoc-10kg-mau-den-sang-trong-hien-dai\/","title":{"rendered":"M\u00e1y s\u1ea5y Malloca MTD-T1510HP c\u1eeda tr\u01b0\u1edbc 10kg m\u00e0u \u0111en sang tr\u1ecdng hi\u1ec7n \u0111\u1ea1i"},"content":{"rendered":"<h3>M\u00e1y s\u1ea5y Malloca MTD-T1510HP c\u1eeda tr\u01b0\u1edbc 10kg mang \u0111\u1eadm ch\u1ea5t tinh t\u1ebf, sang tr\u1ecdng trong t\u1eebng \u0111\u01b0\u1eddng n\u00e9t, v\u1ecf b\u00ean ngo\u00e0i l\u00e0m t\u1eeb ch\u1ea5t li\u1ec7u cao c\u1ea5p c\u00f3 kh\u1ea3 n\u0103ng ch\u1ed1ng b\u00e1m b\u1ee5i t\u1ed1t, ch\u1ed1ng g\u1ec9 s\u00e9t, d\u00e0nh cho m\u1ecdi kh\u00f4ng gia gia \u0111\u00ecnh nh\u1ecf h\u1eb9p hay r\u1ed9ng l\u1edbn.<\/h3>\n<figure id=\"attachment_54526\" aria-describedby=\"caption-attachment-54526\" style=\"width: 800px\" class=\"wp-caption alignnone\"><img loading=\"lazy\" decoding=\"async\" class=\"wp-image-54526 size-large\" src=\"https:\/\/livinghome.vn\/thiet-bi\/wp-content\/uploads\/nha-bep\/malloca\/may-say-quan-ao\/may-say-malloca-mtd-t1510hp\/may-say-malloca-mtd-t1510hp-1-800x800.jpg\" alt=\"M\u00e1y s\u1ea5y Malloca MTD-T1510HP c\u1eeda tr\u01b0\u1edbc 10kg\" width=\"800\" height=\"800\" title=\"\"><figcaption id=\"caption-attachment-54526\" class=\"wp-caption-text\">M\u00e1y s\u1ea5y Malloca MTD-T1510HP c\u1eeda tr\u01b0\u1edbc 10kg<\/figcaption><\/figure>\n<h3>T\u00ednh n\u0103ng c\u01a1 b\u1ea3n<\/h3>\n<ul>\n<li><a href=\"https:\/\/livinghome.vn\/thiet-bi\/gia-dung-khac\/may-say\/\">M\u00e1y s\u1ea5y<\/a> qu\u1ea7n \u00e1o &#8211; M\u00e1y s\u1ea5y c\u1eeda tr\u01b0\u1edbc<\/li>\n<li>M\u00e1y s\u1ea5y c\u1eeda tr\u01b0\u1edbc, l\u1ed3ng ngang<\/li>\n<li>M\u00e0u s\u1eafc : x\u00e1m \u0111en<\/li>\n<li>M\u00e0n h\u00ecnh hi\u1ec3n th\u1ecb \u0111i\u1ec7n t\u1eed<\/li>\n<li>C\u00f4ng ngh\u1ec7 Heat Pump<\/li>\n<li>C\u00f4ng ngh\u1ec7 Inverter<\/li>\n<li>Ch\u1ee9c n\u0103ng kh\u00f3a ph\u00edm an to\u00e0n<\/li>\n<li>Ch\u1ee9c n\u0103ng ch\u1ed1ng nh\u0103n qu\u1ea7n \u00e1o<\/li>\n<li>Ch\u1ee9c n\u0103ng lo\u1ea1i b\u1ecf vi khu\u1ea9n v\u00e0 t\u00e1c nh\u00e2n g\u00e2y d\u1ecb \u1ee9ng<\/li>\n<li>\u0110\u00e8n chi\u1ebfu s\u00e1ng l\u1ed3ng s\u1ea5y<\/li>\n<li>15 ch\u01b0\u01a1ng tr\u00ecnh s\u1ea5y<\/li>\n<\/ul>\n<h3>Th\u00f4ng s\u1ed1 k\u1ef9 thu\u1eadt<\/h3>\n<ul>\n<li>Kh\u1ed1i l\u01b0\u1ee3ng s\u1ea5y: 10Kg<\/li>\n<li>Dung t\u00edch l\u1ed3ng s\u1ea5y : 120L<\/li>\n<li>\u0110\u1ed9 \u1ed3n: 65dB<\/li>\n<li>C\u00f4ng su\u1ea5t: 1000W<\/li>\n<li>Hi\u1ec7u su\u1ea5t n\u0103ng l\u01b0\u1ee3ng : A++<\/li>\n<li>Kh\u1ed1i l\u01b0\u1ee3ng: 56Kg<\/li>\n<li>K\u00edch th\u01b0\u1edbc: W597 x D639 x H845mm<\/li>\n<\/ul>\n<p>&nbsp;<\/p>\n<p>&nbsp;<\/p>\n<p>&nbsp;<\/p>\n<figure id=\"attachment_54525\" aria-describedby=\"caption-attachment-54525\" style=\"width: 800px\" class=\"wp-caption alignnone\"><img loading=\"lazy\" decoding=\"async\" class=\"wp-image-54525 size-large\" src=\"https:\/\/livinghome.vn\/thiet-bi\/wp-content\/uploads\/nha-bep\/malloca\/may-say-quan-ao\/may-say-malloca-mtd-t1510hp\/may-say-malloca-mtd-t1510hp-2-800x800.jpg\" alt=\"K\u00edch th\u01b0\u1edbc m\u00e1y s\u1ea5y Malloca MTD-T1510HP \" width=\"800\" height=\"800\" title=\"\"><figcaption id=\"caption-attachment-54525\" class=\"wp-caption-text\">K\u00edch th\u01b0\u1edbc m\u00e1y s\u1ea5y Malloca MTD-T1510HP<\/figcaption><\/figure>\n<h3>Xu\u1ea5t x\u1ee9: Th\u1ed5 Nh\u0129 K\u1ef3<\/h3>\n<div><\/div>\n","protected":false},"excerpt":{"rendered":"<p>M\u00e1y s\u1ea5y Malloca MTD-T1510HP c\u1eeda tr\u01b0\u1edbc 10kg mang \u0111\u1eadm ch\u1ea5t tinh t\u1ebf, sang tr\u1ecdng trong t\u1eebng \u0111\u01b0\u1eddng n\u00e9t, v\u1ecf b\u00ean ngo\u00e0i l\u00e0m t\u1eeb ch\u1ea5t li\u1ec7u cao c\u1ea5p c\u00f3 kh\u1ea3 n\u0103ng ch\u1ed1ng b\u00e1m b\u1ee5i t\u1ed1t, ch\u1ed1ng g\u1ec9 s\u00e9t, d\u00e0nh cho m\u1ecdi kh\u00f4ng gia gia \u0111\u00ecnh nh\u1ecf h\u1eb9p hay r\u1ed9ng l\u1edbn. T\u00ednh n\u0103ng c\u01a1 b\u1ea3n M\u00e1y s\u1ea5y [&#8230;]\n","protected":false},"featured_media":5336,"comment_status":"open","ping_status":"closed","template":"","meta":[],"product_brand":[],"product_cat":[300,262],"product_tag":[270,301,302,303],"class_list":{"0":"post-5268","1":"product","2":"type-product","3":"status-publish","4":"has-post-thumbnail","6":"product_cat-may-say","7":"product_cat-thuong-hieu-malloca","8":"product_tag-malloca","9":"product_tag-may-say","10":"product_tag-may-say-malloca","11":"product_tag-may-say-quan-ao","13":"first","14":"instock","15":"sale","16":"shipping-taxable","17":"purchasable","18":"product-type-simple"},"_links":{"self":[{"href":"https:\/\/livinghome.vn\/thiet-bi\/wp-json\/wp\/v2\/product\/5268","targetHints":{"allow":["GET"]}}],"collection":[{"href":"https:\/\/livinghome.vn\/thiet-bi\/wp-json\/wp\/v2\/product"}],"about":[{"href":"https:\/\/livinghome.vn\/thiet-bi\/wp-json\/wp\/v2\/types\/product"}],"replies":[{"embeddable":true,"href":"https:\/\/livinghome.vn\/thiet-bi\/wp-json\/wp\/v2\/comments?post=5268"}],"wp:featuredmedia":[{"embeddable":true,"href":"https:\/\/livinghome.vn\/thiet-bi\/wp-json\/wp\/v2\/media\/5336"}],"wp:attachment":[{"href":"https:\/\/livinghome.vn\/thiet-bi\/wp-json\/wp\/v2\/media?parent=5268"}],"wp:term":[{"taxonomy":"product_brand","embeddable":true,"href":"https:\/\/livinghome.vn\/thiet-bi\/wp-json\/wp\/v2\/product_brand?post=5268"},{"taxonomy":"product_cat","embeddable":true,"href":"https:\/\/livinghome.vn\/thiet-bi\/wp-json\/wp\/v2\/product_cat?post=5268"},{"taxonomy":"product_tag","embeddable":true,"href":"https:\/\/livinghome.vn\/thiet-bi\/wp-json\/wp\/v2\/product_tag?post=5268"}],"curies":[{"name":"wp","href":"https:\/\/api.w.org\/{rel}","templated":true}]}}