{"id":5267,"date":"2023-01-12T19:34:06","date_gmt":"2023-01-12T12:34:06","guid":{"rendered":"https:\/\/livinghome.vn\/thiet-bi\/?post_type=product&#038;p=5267"},"modified":"2024-11-29T14:19:30","modified_gmt":"2024-11-29T07:19:30","slug":"may-giat-malloca-mwm-t1510bl-cua-truoc-10kg-mau-den-sang-trong-hien-dai","status":"publish","type":"product","link":"https:\/\/livinghome.vn\/thiet-bi\/may-giat-malloca-mwm-t1510bl-cua-truoc-10kg-mau-den-sang-trong-hien-dai\/","title":{"rendered":"M\u00e1y gi\u1eb7t Malloca MWM-T1510BL c\u1eeda tr\u01b0\u1edbc 10kg m\u00e0u \u0111en sang tr\u1ecdng hi\u1ec7n \u0111\u1ea1i"},"content":{"rendered":"<h3>M\u00e1y gi\u1eb7t Malloca MWM-T1510BL c\u1eeda tr\u01b0\u1edbc 10kg mang \u0111\u1eadm ch\u1ea5t tinh t\u1ebf, sang tr\u1ecdng trong t\u1eebng \u0111\u01b0\u1eddng n\u00e9t, v\u1ecf b\u00ean ngo\u00e0i l\u00e0m t\u1eeb ch\u1ea5t li\u1ec7u cao c\u1ea5p c\u00f3 kh\u1ea3 n\u0103ng ch\u1ed1ng b\u00e1m b\u1ee5i t\u1ed1t, ch\u1ed1ng g\u1ec9 s\u00e9t, d\u00e0nh cho m\u1ecdi kh\u00f4ng gia gia \u0111\u00ecnh nh\u1ecf h\u1eb9p hay r\u1ed9ng l\u1edbn.<\/h3>\n<figure id=\"attachment_54295\" aria-describedby=\"caption-attachment-54295\" style=\"width: 800px\" class=\"wp-caption alignnone\"><img loading=\"lazy\" decoding=\"async\" class=\"wp-image-54295 size-large\" src=\"https:\/\/livinghome.vn\/thiet-bi\/wp-content\/uploads\/nha-bep\/malloca\/may-giat\/may-giat-malloca-mwm-t1510bl\/may-giat-malloca-mwm-t1510bl-1-800x800.jpg\" alt=\"M\u00e1y gi\u1eb7t Malloca MWM-T1510BL c\u1eeda tr\u01b0\u1edbc 10kg m\u00e0u \u0111en sang tr\u1ecdng hi\u1ec7n \u0111\u1ea1i\" width=\"800\" height=\"800\" title=\"\"><figcaption id=\"caption-attachment-54295\" class=\"wp-caption-text\">M\u00e1y gi\u1eb7t Malloca MWM-T1510BL c\u1eeda tr\u01b0\u1edbc 10kg m\u00e0u \u0111en sang tr\u1ecdng hi\u1ec7n \u0111\u1ea1i<\/figcaption><\/figure>\n<h3>T\u00ednh n\u0103ng c\u01a1 b\u1ea3n<\/h3>\n<ul>\n<li><a href=\"https:\/\/livinghome.vn\/thiet-bi\/gia-dung-khac\/may-giat\/\">M\u00e1y gi\u1eb7t<\/a> &#8211; M\u00e1y gi\u1eb7t c\u1eeda tr\u01b0\u1edbc<\/li>\n<li>M\u00e0u s\u1eafc : \u0110en, x\u00e1m<\/li>\n<li>M\u00e0n h\u00ecnh hi\u1ec3n th\u1ecb \u0111i\u1ec7n t\u1eed<\/li>\n<li>L\u1ed3ng gi\u1eb7t b\u1eb1ng th\u00e9p kh\u00f4ng g\u1ec9<\/li>\n<li>\u0110\u1ed9ng c\u01a1 BLDC<\/li>\n<li>C\u00f4ng ngh\u1ec7 Inveter<\/li>\n<li>C\u00f4ng ngh\u1ec7 Twinjet- T\u0103ng c\u01b0\u1eddng hi\u1ec7u su\u1ea5t v\u1edbi 2 \u0111\u1ea7u phun<\/li>\n<li>C\u00f4ng ngh\u1ec7 Eco-logic \u2013 T\u1ef1 \u0111\u1ed9ng c\u00e2n ch\u1ec9nh ti\u1ebft ki\u1ec7m n\u01b0\u1edbc<\/li>\n<li>C\u00f4ng ngh\u1ec7 Foam Protection- Ch\u1ed1ng tr\u00e0o b\u1ecdt b\u00ean trong m\u00e1y<\/li>\n<li>H\u1ec7 th\u1ed1ng nh\u1eadn bi\u1ebft s\u1ef1 m\u1ea5t c\u00e2n b\u1eb1ng v\u00e0 t\u1ef1 \u0111\u1ed9ng \u0111i\u1ec1u ch\u1ec9nh<\/li>\n<li>H\u1ec7 th\u1ed1ng nh\u1eadn bi\u1ebft s\u1ef1 c\u1ed1 tr\u00e0n n\u01b0\u1edbc v\u00e0 k\u00edch ho\u1ea1t m\u00e1y b\u01a1m ho\u1ea1t \u0111\u1ed9ng.<\/li>\n<li>\u0110\u00e8n b\u00e1o chu k\u1ef3 gi\u1eb7t<\/li>\n<li>Ch\u1ee9c n\u0103ng b\u00e1o l\u1ed7i<\/li>\n<li>Ch\u1ee9c n\u0103ng kh\u00f3a ph\u00edm an to\u00e0n<\/li>\n<li>Ch\u1ee9c n\u0103ng \u0111i\u1ec1u ch\u1ec9nh nhi\u1ec7t \u0111\u1ed9<\/li>\n<li>Ch\u1ee9c n\u0103ng \u0111i\u1ec1u ch\u1ec9nh t\u1ed1c \u0111\u1ed9 v\u1eaft<\/li>\n<li>Ch\u1ee9c n\u0103ng h\u1eb9n gi\u1edd gi\u1eb7t<\/li>\n<li>10 ch\u1ee9c n\u0103ng ph\u1ee5<\/li>\n<li>15 ch\u01b0\u01a1ng tr\u00ecnh gi\u1eb7t<\/li>\n<\/ul>\n<h3>Th\u00f4ng s\u1ed1 k\u1ef9 thu\u1eadt<\/h3>\n<ul>\n<li>Kh\u1ed1i l\u01b0\u1ee3ng gi\u1eb7t: 10Kg<\/li>\n<li>T\u1ed1c \u0111\u1ed9 v\u1eaft t\u1ed1i \u0111a: 1400 v\u00f2ng\/ph\u00fat<\/li>\n<li>Dung t\u00edch l\u1ed3ng gi\u1eb7t : 62L<\/li>\n<li>C\u00f4ng su\u1ea5t: 2200W<\/li>\n<li>Hi\u1ec7u su\u1ea5t n\u0103ng l\u01b0\u1ee3ng : A+++<\/li>\n<li>Kh\u1ed1i l\u01b0\u1ee3ng: 78.5Kg<\/li>\n<li>K\u00edch th\u01b0\u1edbc: W597 x D597 x H845mm<\/li>\n<\/ul>\n<p>&nbsp;<\/p>\n<p>&nbsp;<\/p>\n<p>&nbsp;<\/p>\n<p>&nbsp;<\/p>\n<figure id=\"attachment_54294\" aria-describedby=\"caption-attachment-54294\" style=\"width: 800px\" class=\"wp-caption alignnone\"><img loading=\"lazy\" decoding=\"async\" class=\"wp-image-54294 size-large\" src=\"https:\/\/livinghome.vn\/thiet-bi\/wp-content\/uploads\/nha-bep\/malloca\/may-giat\/may-giat-malloca-mwm-t1510bl\/may-giat-malloca-mwm-t1510bl-2-800x800.jpg\" alt=\"K\u00edch th\u01b0\u1edbc m\u00e1y gi\u1eb7t Malloca MWM-T1510BL \" width=\"800\" height=\"800\" title=\"\"><figcaption id=\"caption-attachment-54294\" class=\"wp-caption-text\">K\u00edch th\u01b0\u1edbc m\u00e1y gi\u1eb7t Malloca MWM-T1510BL<\/figcaption><\/figure>\n<h3>Xu\u1ea5t x\u1ee9: Th\u1ed5 Nh\u0129 K\u1ef3<\/h3>\n<div><\/div>\n","protected":false},"excerpt":{"rendered":"<p>M\u00e1y gi\u1eb7t Malloca MWM-T1510BL c\u1eeda tr\u01b0\u1edbc 10kg mang \u0111\u1eadm ch\u1ea5t tinh t\u1ebf, sang tr\u1ecdng trong t\u1eebng \u0111\u01b0\u1eddng n\u00e9t, v\u1ecf b\u00ean ngo\u00e0i l\u00e0m t\u1eeb ch\u1ea5t li\u1ec7u cao c\u1ea5p c\u00f3 kh\u1ea3 n\u0103ng ch\u1ed1ng b\u00e1m b\u1ee5i t\u1ed1t, ch\u1ed1ng g\u1ec9 s\u00e9t, d\u00e0nh cho m\u1ecdi kh\u00f4ng gia gia \u0111\u00ecnh nh\u1ecf h\u1eb9p hay r\u1ed9ng l\u1edbn. T\u00ednh n\u0103ng c\u01a1 b\u1ea3n M\u00e1y gi\u1eb7t [&#8230;]\n","protected":false},"featured_media":5334,"comment_status":"open","ping_status":"closed","template":"","meta":[],"product_brand":[],"product_cat":[213,262],"product_tag":[270,209,212,299],"class_list":{"0":"post-5267","1":"product","2":"type-product","3":"status-publish","4":"has-post-thumbnail","6":"product_cat-may-giat","7":"product_cat-thuong-hieu-malloca","8":"product_tag-malloca","9":"product_tag-may-giat","10":"product_tag-may-giat-cua-truoc","11":"product_tag-may-giat-malloca","13":"first","14":"instock","15":"sale","16":"shipping-taxable","17":"purchasable","18":"product-type-simple"},"_links":{"self":[{"href":"https:\/\/livinghome.vn\/thiet-bi\/wp-json\/wp\/v2\/product\/5267","targetHints":{"allow":["GET"]}}],"collection":[{"href":"https:\/\/livinghome.vn\/thiet-bi\/wp-json\/wp\/v2\/product"}],"about":[{"href":"https:\/\/livinghome.vn\/thiet-bi\/wp-json\/wp\/v2\/types\/product"}],"replies":[{"embeddable":true,"href":"https:\/\/livinghome.vn\/thiet-bi\/wp-json\/wp\/v2\/comments?post=5267"}],"wp:featuredmedia":[{"embeddable":true,"href":"https:\/\/livinghome.vn\/thiet-bi\/wp-json\/wp\/v2\/media\/5334"}],"wp:attachment":[{"href":"https:\/\/livinghome.vn\/thiet-bi\/wp-json\/wp\/v2\/media?parent=5267"}],"wp:term":[{"taxonomy":"product_brand","embeddable":true,"href":"https:\/\/livinghome.vn\/thiet-bi\/wp-json\/wp\/v2\/product_brand?post=5267"},{"taxonomy":"product_cat","embeddable":true,"href":"https:\/\/livinghome.vn\/thiet-bi\/wp-json\/wp\/v2\/product_cat?post=5267"},{"taxonomy":"product_tag","embeddable":true,"href":"https:\/\/livinghome.vn\/thiet-bi\/wp-json\/wp\/v2\/product_tag?post=5267"}],"curies":[{"name":"wp","href":"https:\/\/api.w.org\/{rel}","templated":true}]}}