{"id":5266,"date":"2023-01-12T19:34:06","date_gmt":"2023-01-12T12:34:06","guid":{"rendered":"https:\/\/livinghome.vn\/thiet-bi\/?post_type=product&#038;p=5266"},"modified":"2024-11-29T14:19:30","modified_gmt":"2024-11-29T07:19:30","slug":"may-rua-chen-malloca-wqp6-87cp-dang-ngan-keo-6-bo","status":"publish","type":"product","link":"https:\/\/livinghome.vn\/thiet-bi\/may-rua-chen-malloca-wqp6-87cp-dang-ngan-keo-6-bo\/","title":{"rendered":"M\u00e1y r\u1eeda ch\u00e9n Malloca WQP6-87CP d\u1ea1ng ng\u0103n k\u00e9o 6 b\u1ed9"},"content":{"rendered":"<h3>M\u00e1y r\u1eeda ch\u00e9n Malloca WQP6-87CP d\u1ea1ng ng\u0103n k\u00e9o r\u1eeda b\u00e1t nhanh ch\u00f3ng, s\u1ea1ch s\u1ebd v\u1edbi s\u1ed1 l\u01b0\u1ee3ng b\u00e1t \u0111\u0129a l\u00ean t\u1edbi 6 b\u1ed9, \u0111\u1ee7 cho 4-5 ng\u01b0\u1eddi \u0103n<\/h3>\n<figure id=\"attachment_54519\" aria-describedby=\"caption-attachment-54519\" style=\"width: 800px\" class=\"wp-caption alignnone\"><img loading=\"lazy\" decoding=\"async\" class=\"wp-image-54519 size-large\" src=\"https:\/\/livinghome.vn\/thiet-bi\/wp-content\/uploads\/nha-bep\/malloca\/may-rua-chen\/may-rua-chen-malloca-wqp6-87cp\/may-rua-chen-malloca-wqp6-87cp-1-800x800.jpg\" alt=\"M\u00e1y r\u1eeda ch\u00e9n Malloca WQP6-87CP d\u1ea1ng ng\u0103n k\u00e9o 6 b\u1ed9\" width=\"800\" height=\"800\" title=\"\"><figcaption id=\"caption-attachment-54519\" class=\"wp-caption-text\">M\u00e1y r\u1eeda ch\u00e9n Malloca WQP6-87CP d\u1ea1ng ng\u0103n k\u00e9o 6 b\u1ed9<\/figcaption><\/figure>\n<h3>T\u00ednh n\u0103ng c\u01a1 b\u1ea3n<\/h3>\n<ul>\n<li><a href=\"https:\/\/livinghome.vn\/thiet-bi\/may-rua-chen-bat\/\">M\u00e1y r\u1eeda ch\u00e9n<\/a> &#8211; D\u1ea1ng ng\u0103n k\u00e9o<\/li>\n<li>6 B\u1ed9 ch\u00e9n d\u0129a<\/li>\n<li>6 ch\u01b0\u01a1ng tr\u00ecnh r\u1eeda<\/li>\n<li>Nhi\u1ec7t \u0111\u1ed9 \u0111i\u1ec1u khi\u1ec3n t\u1ef1 \u0111\u1ed9ng 45-70 \u0111\u1ed9<\/li>\n<li>B\u1ea3ng \u0111i\u1ec1u khi\u1ec3n c\u1ea3m \u1ee9ng<\/li>\n<li>Kh\u00f3a tr\u1ebb em<\/li>\n<li>\u0110\u1ed9ng c\u01a1 bi\u1ebfn t\u1ea7n kh\u00f4ng ch\u1ed5i than (Brushless Inverter)<\/li>\n<li>L\u01b0\u1ee3ng n\u01b0\u1edbc ti\u00eau th\u1ee5 t\u1ed1i \u0111a: 8.4 l\u00edt<\/li>\n<\/ul>\n<h3>Th\u00f4ng s\u1ed1 k\u1ef9 thu\u1eadt<\/h3>\n<ul>\n<li>Dung t\u00edch: 87L<\/li>\n<li>C\u00f4ng su\u1ea5t: 1850W<\/li>\n<li>\u0110i\u1ec7n \u00e1p : 220-240V\/50Hz<\/li>\n<li>K\u00edch th\u01b0\u1edbc: W595 x D569 x H595mm<\/li>\n<\/ul>\n<h3>Xu\u1ea5t x\u1ee9: Trung Qu\u1ed1c (theo b\u1ea3n quy\u1ec1n Malloca)<\/h3>\n<div><\/div>\n","protected":false},"excerpt":{"rendered":"<p>M\u00e1y r\u1eeda ch\u00e9n Malloca WQP6-87CP d\u1ea1ng ng\u0103n k\u00e9o r\u1eeda b\u00e1t nhanh ch\u00f3ng, s\u1ea1ch s\u1ebd v\u1edbi s\u1ed1 l\u01b0\u1ee3ng b\u00e1t \u0111\u0129a l\u00ean t\u1edbi 6 b\u1ed9, \u0111\u1ee7 cho 4-5 ng\u01b0\u1eddi \u0103n T\u00ednh n\u0103ng c\u01a1 b\u1ea3n M\u00e1y r\u1eeda ch\u00e9n &#8211; D\u1ea1ng ng\u0103n k\u00e9o 6 B\u1ed9 ch\u00e9n d\u0129a 6 ch\u01b0\u01a1ng tr\u00ecnh r\u1eeda Nhi\u1ec7t \u0111\u1ed9 \u0111i\u1ec1u khi\u1ec3n t\u1ef1 \u0111\u1ed9ng 45-70 \u0111\u1ed9 [&#8230;]\n","protected":false},"featured_media":5328,"comment_status":"open","ping_status":"closed","template":"","meta":[],"product_brand":[],"product_cat":[609,92,819,829,828,827,817,262],"product_tag":[270,93,137,272,298],"class_list":{"0":"post-5266","1":"product","2":"type-product","3":"status-publish","4":"has-post-thumbnail","6":"product_cat-may-rua-chen-bat-malloca","7":"product_cat-may-rua-chen-bat","8":"product_cat-may-rua-chen-bat-6-bo","9":"product_cat-may-rua-chen-bat-am-toan-phan","10":"product_cat-may-rua-chen-bat-am-tu","11":"product_cat-may-rua-chen-bat-ban-am","12":"product_cat-may-rua-chen-bat-mini","13":"product_cat-thuong-hieu-malloca","14":"product_tag-malloca","15":"product_tag-may-rua-chen","16":"product_tag-may-rua-chen-am-tu","17":"product_tag-may-rua-chen-malloca","18":"product_tag-may-rua-chen-tich-hop","20":"first","21":"instock","22":"sale","23":"shipping-taxable","24":"purchasable","25":"product-type-simple"},"_links":{"self":[{"href":"https:\/\/livinghome.vn\/thiet-bi\/wp-json\/wp\/v2\/product\/5266","targetHints":{"allow":["GET"]}}],"collection":[{"href":"https:\/\/livinghome.vn\/thiet-bi\/wp-json\/wp\/v2\/product"}],"about":[{"href":"https:\/\/livinghome.vn\/thiet-bi\/wp-json\/wp\/v2\/types\/product"}],"replies":[{"embeddable":true,"href":"https:\/\/livinghome.vn\/thiet-bi\/wp-json\/wp\/v2\/comments?post=5266"}],"wp:featuredmedia":[{"embeddable":true,"href":"https:\/\/livinghome.vn\/thiet-bi\/wp-json\/wp\/v2\/media\/5328"}],"wp:attachment":[{"href":"https:\/\/livinghome.vn\/thiet-bi\/wp-json\/wp\/v2\/media?parent=5266"}],"wp:term":[{"taxonomy":"product_brand","embeddable":true,"href":"https:\/\/livinghome.vn\/thiet-bi\/wp-json\/wp\/v2\/product_brand?post=5266"},{"taxonomy":"product_cat","embeddable":true,"href":"https:\/\/livinghome.vn\/thiet-bi\/wp-json\/wp\/v2\/product_cat?post=5266"},{"taxonomy":"product_tag","embeddable":true,"href":"https:\/\/livinghome.vn\/thiet-bi\/wp-json\/wp\/v2\/product_tag?post=5266"}],"curies":[{"name":"wp","href":"https:\/\/api.w.org\/{rel}","templated":true}]}}