{"id":5265,"date":"2023-01-12T19:34:06","date_gmt":"2023-01-12T12:34:06","guid":{"rendered":"https:\/\/livinghome.vn\/thiet-bi\/?post_type=product&#038;p=5265"},"modified":"2024-11-29T14:19:30","modified_gmt":"2024-11-29T07:19:30","slug":"may-rua-chen-malloca-wqp12-j7713fb-am-tu-14-bo","status":"publish","type":"product","link":"https:\/\/livinghome.vn\/thiet-bi\/may-rua-chen-malloca-wqp12-j7713fb-am-tu-14-bo\/","title":{"rendered":"M\u00e1y r\u1eeda ch\u00e9n Malloca WQP12-J7713FB \u00e2m t\u1ee7 14 b\u1ed9"},"content":{"rendered":"<h3>M\u00e1y r\u1eeda ch\u00e9n Malloca WQP12-J7713FB \u00e2m t\u1ee7 14 b\u1ed9, d\u00f2ng s\u1ea3n ph\u1ea9m m\u00e1y r\u1eeda ch\u00e9n cao c\u1ea5p, mang l\u1ea1i kh\u00f4ng gian b\u1ebfp tuy\u1ec7t h\u1ea3o.<\/h3>\n<figure id=\"attachment_54518\" aria-describedby=\"caption-attachment-54518\" style=\"width: 800px\" class=\"wp-caption alignnone\"><img loading=\"lazy\" decoding=\"async\" class=\"wp-image-54518 size-large\" src=\"https:\/\/livinghome.vn\/thiet-bi\/wp-content\/uploads\/nha-bep\/malloca\/may-rua-chen\/may-rua-chen-malloca-wqp12-j7713fb\/may-rua-chen-malloca-wqp12-j7713fb-1-800x800.jpg\" alt=\"M\u00e1y r\u1eeda ch\u00e9n Malloca WQP12-J7713FB \u00e2m t\u1ee7 14 b\u1ed9\" width=\"800\" height=\"800\" title=\"\"><figcaption id=\"caption-attachment-54518\" class=\"wp-caption-text\">M\u00e1y r\u1eeda ch\u00e9n Malloca WQP12-J7713FB \u00e2m t\u1ee7 14 b\u1ed9<\/figcaption><\/figure>\n<h3>T\u00ednh n\u0103ng c\u01a1 b\u1ea3n<\/h3>\n<ul>\n<li><a href=\"https:\/\/livinghome.vn\/thiet-bi\/may-rua-chen-bat\/\">M\u00e1y r\u1eeda ch\u00e9n<\/a> &#8211; M\u00e1y r\u1eeda ch\u00e9n \u00e2m t\u1ee7 ho\u00e0n to\u00e0n<\/li>\n<li>H\u1ec7 th\u1ed1ng \u0111i\u1ec1u khi\u1ec3n \u0111i\u1ec7n t\u1eed<\/li>\n<li>M\u00e0n h\u00ecnh hi\u1ec3n th\u1ecb LCD<\/li>\n<li>8 Ch\u01b0\u01a1ng tr\u00ecnh r\u1eeda<\/li>\n<li>S\u1ee9c ch\u1ee9a : 14 b\u1ed9 ch\u00e9n d\u0129a<\/li>\n<li>H\u1ec7 th\u1ed1ng tay phun c\u00f3 th\u1ec3 \u0111i\u1ec1u ch\u1ec9nh<\/li>\n<li>H\u1eb9n gi\u1edd kh\u1edfi \u0111\u1ed9ng 1-24 ti\u1ebfng<\/li>\n<li>Ch\u1ebf \u0111\u1ed9 s\u1ea5y t\u1ef1 \u0111\u1ed9ng<\/li>\n<li>Kh\u00f3a ph\u00edm an to\u00e0n tr\u1ebb em<\/li>\n<\/ul>\n<h3>Th\u00f4ng s\u1ed1 k\u1ef9 thu\u1eadt<\/h3>\n<ul>\n<li>Hi\u1ec7u su\u1ea5t n\u0103ng l\u01b0\u1ee3ng: A++<\/li>\n<li>\u0110\u1ed9 \u1ed3n: 44db<\/li>\n<li>C\u00f4ng su\u1ea5t: 1760-2100W<\/li>\n<li>\u0110i\u1ec7n \u00e1p: 220-240V\/50Hz<\/li>\n<li>K\u00edch th\u01b0\u1edbc: W598 x D550 x H815mm<\/li>\n<\/ul>\n<p>&nbsp;<\/p>\n<p>&nbsp;<\/p>\n<p>&nbsp;<\/p>\n<figure id=\"attachment_54517\" aria-describedby=\"caption-attachment-54517\" style=\"width: 800px\" class=\"wp-caption alignnone\"><img loading=\"lazy\" decoding=\"async\" class=\"wp-image-54517 size-large\" src=\"https:\/\/livinghome.vn\/thiet-bi\/wp-content\/uploads\/nha-bep\/malloca\/may-rua-chen\/may-rua-chen-malloca-wqp12-j7713fb\/may-rua-chen-malloca-wqp12-j7713fb-2-800x800.jpg\" alt=\"K\u00edch th\u01b0\u1edbc m\u00e1y r\u1eeda ch\u00e9n Malloca WQP12-J7713FB\" width=\"800\" height=\"800\" title=\"\"><figcaption id=\"caption-attachment-54517\" class=\"wp-caption-text\">K\u00edch th\u01b0\u1edbc m\u00e1y r\u1eeda ch\u00e9n Malloca WQP12-J7713FB<\/figcaption><\/figure>\n<h3>Xu\u1ea5t x\u1ee9: Trung Qu\u1ed1c (theo b\u1ea3n quy\u1ec1n Malloca)<\/h3>\n<div><\/div>\n","protected":false},"excerpt":{"rendered":"<p>M\u00e1y r\u1eeda ch\u00e9n Malloca WQP12-J7713FB \u00e2m t\u1ee7 14 b\u1ed9, d\u00f2ng s\u1ea3n ph\u1ea9m m\u00e1y r\u1eeda ch\u00e9n cao c\u1ea5p, mang l\u1ea1i kh\u00f4ng gian b\u1ebfp tuy\u1ec7t h\u1ea3o. T\u00ednh n\u0103ng c\u01a1 b\u1ea3n M\u00e1y r\u1eeda ch\u00e9n &#8211; M\u00e1y r\u1eeda ch\u00e9n \u00e2m t\u1ee7 ho\u00e0n to\u00e0n H\u1ec7 th\u1ed1ng \u0111i\u1ec1u khi\u1ec3n \u0111i\u1ec7n t\u1eed M\u00e0n h\u00ecnh hi\u1ec3n th\u1ecb LCD 8 Ch\u01b0\u01a1ng tr\u00ecnh r\u1eeda S\u1ee9c [&#8230;]\n","protected":false},"featured_media":5326,"comment_status":"open","ping_status":"closed","template":"","meta":[],"product_brand":[],"product_cat":[609,92,823,829,828,827,867,262],"product_tag":[270,93,137,272],"class_list":{"0":"post-5265","1":"product","2":"type-product","3":"status-publish","4":"has-post-thumbnail","6":"product_cat-may-rua-chen-bat-malloca","7":"product_cat-may-rua-chen-bat","8":"product_cat-may-rua-chen-bat-14-bo","9":"product_cat-may-rua-chen-bat-am-toan-phan","10":"product_cat-may-rua-chen-bat-am-tu","11":"product_cat-may-rua-chen-bat-ban-am","12":"product_cat-may-rua-chen-bat-chau-au","13":"product_cat-thuong-hieu-malloca","14":"product_tag-malloca","15":"product_tag-may-rua-chen","16":"product_tag-may-rua-chen-am-tu","17":"product_tag-may-rua-chen-malloca","19":"first","20":"instock","21":"sale","22":"shipping-taxable","23":"purchasable","24":"product-type-simple"},"_links":{"self":[{"href":"https:\/\/livinghome.vn\/thiet-bi\/wp-json\/wp\/v2\/product\/5265","targetHints":{"allow":["GET"]}}],"collection":[{"href":"https:\/\/livinghome.vn\/thiet-bi\/wp-json\/wp\/v2\/product"}],"about":[{"href":"https:\/\/livinghome.vn\/thiet-bi\/wp-json\/wp\/v2\/types\/product"}],"replies":[{"embeddable":true,"href":"https:\/\/livinghome.vn\/thiet-bi\/wp-json\/wp\/v2\/comments?post=5265"}],"wp:featuredmedia":[{"embeddable":true,"href":"https:\/\/livinghome.vn\/thiet-bi\/wp-json\/wp\/v2\/media\/5326"}],"wp:attachment":[{"href":"https:\/\/livinghome.vn\/thiet-bi\/wp-json\/wp\/v2\/media?parent=5265"}],"wp:term":[{"taxonomy":"product_brand","embeddable":true,"href":"https:\/\/livinghome.vn\/thiet-bi\/wp-json\/wp\/v2\/product_brand?post=5265"},{"taxonomy":"product_cat","embeddable":true,"href":"https:\/\/livinghome.vn\/thiet-bi\/wp-json\/wp\/v2\/product_cat?post=5265"},{"taxonomy":"product_tag","embeddable":true,"href":"https:\/\/livinghome.vn\/thiet-bi\/wp-json\/wp\/v2\/product_tag?post=5265"}],"curies":[{"name":"wp","href":"https:\/\/api.w.org\/{rel}","templated":true}]}}