{"id":5262,"date":"2023-01-12T19:34:05","date_gmt":"2023-01-12T12:34:05","guid":{"rendered":"https:\/\/livinghome.vn\/thiet-bi\/?post_type=product&#038;p=5262"},"modified":"2024-11-29T14:19:39","modified_gmt":"2024-11-29T07:19:39","slug":"may-rua-chen-malloca-wqp6-890f4-tich-hop-6-bo","status":"publish","type":"product","link":"https:\/\/livinghome.vn\/thiet-bi\/may-rua-chen-malloca-wqp6-890f4-tich-hop-6-bo\/","title":{"rendered":"M\u00e1y r\u1eeda ch\u00e9n Malloca WQP6-890F4 t\u00edch h\u1ee3p 6 b\u1ed9"},"content":{"rendered":"<h3>M\u00e1y r\u1eeda ch\u00e9n Malloca WQP6-890F4 t\u00edch h\u1ee3p r\u1eeda b\u00e1t nhanh ch\u00f3ng, s\u1ea1ch s\u1ebd v\u1edbi s\u1ed1 l\u01b0\u1ee3ng b\u00e1t \u0111\u0129a l\u00ean t\u1edbi 6 b\u1ed9, \u0111\u1ee7 cho 4-5 ng\u01b0\u1eddi \u0103n<\/h3>\n<figure id=\"attachment_54511\" aria-describedby=\"caption-attachment-54511\" style=\"width: 800px\" class=\"wp-caption alignnone\"><img loading=\"lazy\" decoding=\"async\" class=\"wp-image-54511 size-large\" src=\"https:\/\/livinghome.vn\/thiet-bi\/wp-content\/uploads\/nha-bep\/malloca\/may-rua-chen\/may-rua-chen-malloca-mqp6-890f4\/may-rua-chen-malloca-mqp6-890f4-2-800x800.jpg\" alt=\"M\u00e1y r\u1eeda ch\u00e9n Malloca WQP6-890F4 t\u00edch h\u1ee3p 6 b\u1ed9\" width=\"800\" height=\"800\" title=\"\"><figcaption id=\"caption-attachment-54511\" class=\"wp-caption-text\">M\u00e1y r\u1eeda ch\u00e9n Malloca WQP6-890F4 t\u00edch h\u1ee3p 6 b\u1ed9<\/figcaption><\/figure>\n<h3>T\u00ednh n\u0103ng c\u01a1 b\u1ea3n<\/h3>\n<ul>\n<li><a href=\"https:\/\/livinghome.vn\/thiet-bi\/may-rua-chen-bat\/\">M\u00e1y r\u1eeda ch\u00e9n<\/a> &#8211; M\u00e1y r\u1eeda ch\u00e9n t\u00edch h\u1ee3p<\/li>\n<li>M\u00e0n h\u00ecnh hi\u1ec3n th\u1ecb LCD<\/li>\n<li>4 Ch\u01b0\u01a1ng tr\u00ecnh r\u1eeda<\/li>\n<li>S\u1ee9c ch\u1ee9a : 6 b\u1ed9 ch\u00e9n d\u0129a<\/li>\n<li>Ch\u1ee9c n\u0103ng r\u1eeda rau qu\u1ea3 b\u1eb1ng s\u00f3ng si\u00eau \u00e2m<\/li>\n<li>Ch\u1ee9c n\u0103ng r\u1eeda h\u1ea3i s\u1ea3n, th\u1ef1c ph\u1ea9m<\/li>\n<li>H\u1ec7 th\u1ed1ng \u0111i\u1ec1u khi\u1ec3n c\u1ea3m \u1ee9ng<\/li>\n<\/ul>\n<h3>Th\u00f4ng s\u1ed1 k\u1ef9 thu\u1eadt<\/h3>\n<ul>\n<li>Hi\u1ec7u su\u1ea5t n\u0103ng l\u01b0\u1ee3ng A++<\/li>\n<li>\u0110\u1ed9 \u1ed3n: 58dB<\/li>\n<li>C\u00f4ng su\u1ea5t: 1760W<\/li>\n<li>\u0110i\u1ec7n \u00e1p: 220-240V\/50Hz<\/li>\n<li>K\u00edch th\u01b0\u1edbc: W900 x D500 x H485mm<\/li>\n<li>K\u00edch th\u01b0\u1edbc l\u1ed7 \u0111\u00e1: W870 x D470 x Hmin650mm<\/li>\n<\/ul>\n<p>&nbsp;<\/p>\n<p>&nbsp;<\/p>\n<figure id=\"attachment_54510\" aria-describedby=\"caption-attachment-54510\" style=\"width: 800px\" class=\"wp-caption alignnone\"><img loading=\"lazy\" decoding=\"async\" class=\"wp-image-54510 size-large\" src=\"https:\/\/livinghome.vn\/thiet-bi\/wp-content\/uploads\/nha-bep\/malloca\/may-rua-chen\/may-rua-chen-malloca-mqp6-890f4\/may-rua-chen-malloca-mqp6-890f4-3-800x800.jpg\" alt=\"K\u00edch th\u01b0\u1edbc m\u00e1y r\u1eeda ch\u00e9n Malloca WQP6-890F4 \" width=\"800\" height=\"800\" title=\"\"><figcaption id=\"caption-attachment-54510\" class=\"wp-caption-text\">K\u00edch th\u01b0\u1edbc m\u00e1y r\u1eeda ch\u00e9n Malloca WQP6-890F4<\/figcaption><\/figure>\n<h3>Xu\u1ea5t x\u1ee9: Trung Qu\u1ed1c (theo b\u1ea3n quy\u1ec1n Malloca)<\/h3>\n<div><\/div>\n","protected":false},"excerpt":{"rendered":"<p>M\u00e1y r\u1eeda ch\u00e9n Malloca WQP6-890F4 t\u00edch h\u1ee3p r\u1eeda b\u00e1t nhanh ch\u00f3ng, s\u1ea1ch s\u1ebd v\u1edbi s\u1ed1 l\u01b0\u1ee3ng b\u00e1t \u0111\u0129a l\u00ean t\u1edbi 6 b\u1ed9, \u0111\u1ee7 cho 4-5 ng\u01b0\u1eddi \u0103n T\u00ednh n\u0103ng c\u01a1 b\u1ea3n M\u00e1y r\u1eeda ch\u00e9n &#8211; M\u00e1y r\u1eeda ch\u00e9n t\u00edch h\u1ee3p M\u00e0n h\u00ecnh hi\u1ec3n th\u1ecb LCD 4 Ch\u01b0\u01a1ng tr\u00ecnh r\u1eeda S\u1ee9c ch\u1ee9a : 6 b\u1ed9 ch\u00e9n [&#8230;]\n","protected":false},"featured_media":22066,"comment_status":"open","ping_status":"closed","template":"","meta":[],"product_brand":[],"product_cat":[609,92,819,829,828,825,262],"product_tag":[270,93,137,272,298],"class_list":{"0":"post-5262","1":"product","2":"type-product","3":"status-publish","4":"has-post-thumbnail","6":"product_cat-may-rua-chen-bat-malloca","7":"product_cat-may-rua-chen-bat","8":"product_cat-may-rua-chen-bat-6-bo","9":"product_cat-may-rua-chen-bat-am-toan-phan","10":"product_cat-may-rua-chen-bat-am-tu","11":"product_cat-may-rua-chen-bat-tich-hop","12":"product_cat-thuong-hieu-malloca","13":"product_tag-malloca","14":"product_tag-may-rua-chen","15":"product_tag-may-rua-chen-am-tu","16":"product_tag-may-rua-chen-malloca","17":"product_tag-may-rua-chen-tich-hop","19":"first","20":"instock","21":"sale","22":"shipping-taxable","23":"purchasable","24":"product-type-simple"},"_links":{"self":[{"href":"https:\/\/livinghome.vn\/thiet-bi\/wp-json\/wp\/v2\/product\/5262","targetHints":{"allow":["GET"]}}],"collection":[{"href":"https:\/\/livinghome.vn\/thiet-bi\/wp-json\/wp\/v2\/product"}],"about":[{"href":"https:\/\/livinghome.vn\/thiet-bi\/wp-json\/wp\/v2\/types\/product"}],"replies":[{"embeddable":true,"href":"https:\/\/livinghome.vn\/thiet-bi\/wp-json\/wp\/v2\/comments?post=5262"}],"wp:featuredmedia":[{"embeddable":true,"href":"https:\/\/livinghome.vn\/thiet-bi\/wp-json\/wp\/v2\/media\/22066"}],"wp:attachment":[{"href":"https:\/\/livinghome.vn\/thiet-bi\/wp-json\/wp\/v2\/media?parent=5262"}],"wp:term":[{"taxonomy":"product_brand","embeddable":true,"href":"https:\/\/livinghome.vn\/thiet-bi\/wp-json\/wp\/v2\/product_brand?post=5262"},{"taxonomy":"product_cat","embeddable":true,"href":"https:\/\/livinghome.vn\/thiet-bi\/wp-json\/wp\/v2\/product_cat?post=5262"},{"taxonomy":"product_tag","embeddable":true,"href":"https:\/\/livinghome.vn\/thiet-bi\/wp-json\/wp\/v2\/product_tag?post=5262"}],"curies":[{"name":"wp","href":"https:\/\/api.w.org\/{rel}","templated":true}]}}