{"id":5260,"date":"2023-01-12T19:34:05","date_gmt":"2023-01-12T12:34:05","guid":{"rendered":"https:\/\/livinghome.vn\/thiet-bi\/?post_type=product&#038;p=5260"},"modified":"2024-11-29T14:19:39","modified_gmt":"2024-11-29T07:19:39","slug":"may-rua-chen-malloca-mdw14-s08si-am-tu-14-bo","status":"publish","type":"product","link":"https:\/\/livinghome.vn\/thiet-bi\/may-rua-chen-malloca-mdw14-s08si-am-tu-14-bo\/","title":{"rendered":"M\u00e1y r\u1eeda ch\u00e9n Malloca MDW14-S08SI \u00e2m t\u1ee7 14 b\u1ed9"},"content":{"rendered":"<h3>M\u00e1y r\u1eeda ch\u00e9n Malloca MDW14-S08SI \u00e2m t\u1ee7 14 b\u1ed9, d\u00f2ng s\u1ea3n ph\u1ea9m m\u00e1y r\u1eeda ch\u00e9n cao c\u1ea5p, mang l\u1ea1i kh\u00f4ng gian b\u1ebfp tuy\u1ec7t h\u1ea3o.<\/h3>\n<figure id=\"attachment_54490\" aria-describedby=\"caption-attachment-54490\" style=\"width: 800px\" class=\"wp-caption alignnone\"><img loading=\"lazy\" decoding=\"async\" class=\"wp-image-54490 size-large\" src=\"https:\/\/livinghome.vn\/thiet-bi\/wp-content\/uploads\/nha-bep\/malloca\/may-rua-chen\/may-rua-chen-malloca-mdw14-s08si\/may-rua-chen-malloca-mdw14-s08si-4-800x800.jpg\" alt=\"M\u00e1y r\u1eeda ch\u00e9n Malloca MDW14-S08SI \u0111\u01b0\u1ee3c trang b\u1ecb th\u00eam nhi\u1ec1u t\u00ednh n\u0103ng \u01b0u vi\u1ec7t v\u00e0 thi\u1ebft k\u1ebf hi\u1ec7n \u0111\u1ea1i\" width=\"800\" height=\"800\" title=\"\"><figcaption id=\"caption-attachment-54490\" class=\"wp-caption-text\">M\u00e1y r\u1eeda ch\u00e9n Malloca MDW14-S08SI \u0111\u01b0\u1ee3c trang b\u1ecb th\u00eam nhi\u1ec1u t\u00ednh n\u0103ng \u01b0u vi\u1ec7t v\u00e0 thi\u1ebft k\u1ebf hi\u1ec7n \u0111\u1ea1i<\/figcaption><\/figure>\n<h3>T\u00ednh n\u0103ng c\u01a1 b\u1ea3n<\/h3>\n<ul>\n<li><a href=\"https:\/\/livinghome.vn\/thiet-bi\/may-rua-chen-bat\/\">M\u00e1y r\u1eeda ch\u00e9n<\/a> &#8211; M\u00e1y r\u1eeda ch\u00e9n b\u00e1n \u00e2m t\u1ee7<\/li>\n<li>M\u00e0u s\u1eafc: Inox<\/li>\n<li>8 ch\u01b0\u01a1ng tr\u00ecnh r\u1eeda<\/li>\n<li>T\u00edch h\u1ee3p c\u00e1c c\u00f4ng ngh\u1ec7 ti\u00ean ti\u1ebfn nh\u1ea5t<\/li>\n<li>C\u00f4ng ngh\u1ec7 Hydro Power: ti\u1ebft ki\u1ec7m n\u01b0\u1edbc, n\u0103ng l\u01b0\u1ee3ng.<\/li>\n<li>C\u00f4ng ngh\u1ec7 Smart Wash: r\u1eeda th\u00f4ng minh ki\u1ec3m so\u00e1t l\u01b0\u1ee3ng n\u01b0\u1edbc, nhi\u1ec7t \u0111\u1ed9 v\u00e0 th\u1eddi gian.<\/li>\n<li>C\u00f4ng ngh\u1ec7 Drying Turbo k\u1ebft h\u1ee3p Auto Door: s\u1ea5y kh\u00f4 hi\u1ec7u qu\u1ea3, nhanh ch\u00f3ng.<\/li>\n<li>Ch\u1ee9c n\u0103ng Eco \/ Save+ ti\u1ebft ki\u1ec7m h\u01a1n 5.4 L n\u01b0\u1edbc cho l\u1ea7n r\u1eeda ti\u1ebfp theo<\/li>\n<li>Ch\u1ee9c n\u0103ng Silent Wash: kh\u00f4ng ti\u1ebfng \u1ed3n.<\/li>\n<li>Ch\u1ee9c n\u0103ng Antibacterial filter: l\u1ecdc kh\u00e1ng khu\u1ea9n<\/li>\n<li>Ch\u1ee9c n\u0103ng v\u1ec7 sinh t\u0103ng c\u01b0\u1eddng<\/li>\n<li>Ch\u1ee9c n\u0103ng r\u1eeda nhanh t\u0103ng c\u01b0\u1eddng<\/li>\n<li>Ch\u1ee9c n\u0103ng r\u1eeda n\u1eeda t\u1ea3i<\/li>\n<\/ul>\n<h3>Th\u00f4ng s\u1ed1 k\u1ef9 thu\u1eadt<\/h3>\n<ul>\n<li>\u0110\u1ed9 \u1ed3n: 44 dB<\/li>\n<li>S\u1ee9c ch\u1ee9a: 14 b\u1ed9 ch\u00e9n d\u0129a<\/li>\n<li>Hi\u1ec7u su\u1ea5t n\u0103ng l\u01b0\u1ee3ng: A+++<\/li>\n<li>C\u00f4ng su\u1ea5t: 100-1900W<\/li>\n<li>Ti\u00eau th\u1ee5 n\u01b0\u1edbc: 5.4 \u2013 22.0 l\u00edt\/ l\u1ea7n r\u1eeda<\/li>\n<li>K\u00edch th\u01b0\u1edbc: W598 x D570 x H820mm<\/li>\n<\/ul>\n<p>&nbsp;<\/p>\n<figure id=\"attachment_54493\" aria-describedby=\"caption-attachment-54493\" style=\"width: 800px\" class=\"wp-caption alignnone\"><img loading=\"lazy\" decoding=\"async\" class=\"wp-image-54493 size-large\" src=\"https:\/\/livinghome.vn\/thiet-bi\/wp-content\/uploads\/nha-bep\/malloca\/may-rua-chen\/may-rua-chen-malloca-mdw14-s08si\/may-rua-chen-malloca-mdw14-s08si-2-800x800.jpg\" alt=\"K\u00edch th\u01b0\u1edbc m\u00e1y r\u1eeda ch\u00e9n Malloca MDW14-S08SI\" width=\"800\" height=\"800\" title=\"\"><figcaption id=\"caption-attachment-54493\" class=\"wp-caption-text\">K\u00edch th\u01b0\u1edbc m\u00e1y r\u1eeda ch\u00e9n Malloca MDW14-S08SI<\/figcaption><\/figure>\n<h3>Xu\u1ea5t x\u1ee9: Th\u1ed5 Nh\u0129 K\u1ef3<\/h3>\n<div><\/div>\n","protected":false},"excerpt":{"rendered":"<p>M\u00e1y r\u1eeda ch\u00e9n Malloca MDW14-S08SI \u00e2m t\u1ee7 14 b\u1ed9, d\u00f2ng s\u1ea3n ph\u1ea9m m\u00e1y r\u1eeda ch\u00e9n cao c\u1ea5p, mang l\u1ea1i kh\u00f4ng gian b\u1ebfp tuy\u1ec7t h\u1ea3o. T\u00ednh n\u0103ng c\u01a1 b\u1ea3n M\u00e1y r\u1eeda ch\u00e9n &#8211; M\u00e1y r\u1eeda ch\u00e9n b\u00e1n \u00e2m t\u1ee7 M\u00e0u s\u1eafc: Inox 8 ch\u01b0\u01a1ng tr\u00ecnh r\u1eeda T\u00edch h\u1ee3p c\u00e1c c\u00f4ng ngh\u1ec7 ti\u00ean ti\u1ebfn nh\u1ea5t C\u00f4ng ngh\u1ec7 [&#8230;]\n","protected":false},"featured_media":5298,"comment_status":"open","ping_status":"closed","template":"","meta":[],"product_brand":[],"product_cat":[609,92,823,829,828,827,867,262],"product_tag":[270,93,137,272],"class_list":{"0":"post-5260","1":"product","2":"type-product","3":"status-publish","4":"has-post-thumbnail","6":"product_cat-may-rua-chen-bat-malloca","7":"product_cat-may-rua-chen-bat","8":"product_cat-may-rua-chen-bat-14-bo","9":"product_cat-may-rua-chen-bat-am-toan-phan","10":"product_cat-may-rua-chen-bat-am-tu","11":"product_cat-may-rua-chen-bat-ban-am","12":"product_cat-may-rua-chen-bat-chau-au","13":"product_cat-thuong-hieu-malloca","14":"product_tag-malloca","15":"product_tag-may-rua-chen","16":"product_tag-may-rua-chen-am-tu","17":"product_tag-may-rua-chen-malloca","19":"first","20":"instock","21":"sale","22":"shipping-taxable","23":"purchasable","24":"product-type-simple"},"_links":{"self":[{"href":"https:\/\/livinghome.vn\/thiet-bi\/wp-json\/wp\/v2\/product\/5260","targetHints":{"allow":["GET"]}}],"collection":[{"href":"https:\/\/livinghome.vn\/thiet-bi\/wp-json\/wp\/v2\/product"}],"about":[{"href":"https:\/\/livinghome.vn\/thiet-bi\/wp-json\/wp\/v2\/types\/product"}],"replies":[{"embeddable":true,"href":"https:\/\/livinghome.vn\/thiet-bi\/wp-json\/wp\/v2\/comments?post=5260"}],"wp:featuredmedia":[{"embeddable":true,"href":"https:\/\/livinghome.vn\/thiet-bi\/wp-json\/wp\/v2\/media\/5298"}],"wp:attachment":[{"href":"https:\/\/livinghome.vn\/thiet-bi\/wp-json\/wp\/v2\/media?parent=5260"}],"wp:term":[{"taxonomy":"product_brand","embeddable":true,"href":"https:\/\/livinghome.vn\/thiet-bi\/wp-json\/wp\/v2\/product_brand?post=5260"},{"taxonomy":"product_cat","embeddable":true,"href":"https:\/\/livinghome.vn\/thiet-bi\/wp-json\/wp\/v2\/product_cat?post=5260"},{"taxonomy":"product_tag","embeddable":true,"href":"https:\/\/livinghome.vn\/thiet-bi\/wp-json\/wp\/v2\/product_tag?post=5260"}],"curies":[{"name":"wp","href":"https:\/\/api.w.org\/{rel}","templated":true}]}}