{"id":523,"date":"2023-01-12T10:21:25","date_gmt":"2023-01-12T10:21:25","guid":{"rendered":"https:\/\/livinghome.vn\/thiet-bi\/?post_type=product&#038;p=523"},"modified":"2024-11-29T14:21:01","modified_gmt":"2024-11-29T07:21:01","slug":"bep-gas-am-eurosun-eu-gn09-2-lo-nau-thiet-ke-sang-trong-noi-bat","status":"publish","type":"product","link":"https:\/\/livinghome.vn\/thiet-bi\/bep-gas-am-eurosun-eu-gn09-2-lo-nau-thiet-ke-sang-trong-noi-bat\/","title":{"rendered":"B\u1ebfp gas \u00e2m Eurosun EU-GN09 2 l\u00f2 n\u1ea5u thi\u1ebft k\u1ebf sang tr\u1ecdng n\u1ed5i b\u1eadt"},"content":{"rendered":"<h2>C\u00f9ng kh\u00e1m ph\u00e1 B\u1ebfp gas \u00e2m Eurosun EU-GN09 2 l\u00f2 n\u1ea5u thi\u1ebft k\u1ebf sang tr\u1ecdng n\u1ed5i b\u1eadt c\u00f3 g\u00ec \u0111\u1eb7c bi\u1ec7t<\/h2>\n<figure id=\"attachment_44216\" aria-describedby=\"caption-attachment-44216\" style=\"width: 800px\" class=\"wp-caption alignnone\"><img loading=\"lazy\" decoding=\"async\" class=\"size-large wp-image-44216\" src=\"https:\/\/livinghome.vn\/thiet-bi\/wp-content\/uploads\/nha-bep\/eurosun\/bep-ga-am\/bep-ga-am-eurosun-eu-gn09\/bep-ga-am-eurosun-eu-gn09-800x800.jpg\" alt=\"B\u1ebfp gas \u00e2m Eurosun EU-GN09 2 l\u00f2 n\u1ea5u thi\u1ebft k\u1ebf sang tr\u1ecdng n\u1ed5i b\u1eadt\" width=\"800\" height=\"800\" title=\"\"><figcaption id=\"caption-attachment-44216\" class=\"wp-caption-text\">B\u1ebfp gas \u00e2m Eurosun EU-GN09 2 l\u00f2 n\u1ea5u thi\u1ebft k\u1ebf sang tr\u1ecdng n\u1ed5i b\u1eadt<\/figcaption><\/figure>\n<h3><strong><span class=\"fontstyle0\">\u0110\u1eb7c t\u00ednh s\u1ea3n ph\u1ea9m<\/span> <\/strong><\/h3>\n<ul>\n<li><a href=\"https:\/\/livinghome.vn\/product-category\/nha-bep\/bep-nau\/bep-gas-am\/\">B\u1ebfp gas \u00e2m<\/a> 2 l\u00f2 n\u1ea5u c\u1ef1c k\u00ec ti\u1ec7n d\u1ee5ng<\/li>\n<li><span class=\"fontstyle0\">M\u00e2m ph\u00e1t nhi\u1ec7t d\u00f9ng v\u1eadt li\u1ec7u g\u1ed1m Ceramic c\u00f4ng ngh\u1ec7 cao, truy\u1ec1n nhi\u1ec7t t\u1ed1i \u0111a<br \/>\n<\/span><\/li>\n<li><span class=\"fontstyle0\">M\u00e2m chia l\u1eeda 2 v\u00f2ng nhi\u1ec7t, ph\u00f9 h\u1ee3p v\u1edbi k\u00edch th\u01b0\u1edbc \u0111\u00e1y n\u1ed3i<br \/>\n<\/span><\/li>\n<li><span class=\"fontstyle0\">H\u1ecdng b\u1ebfp \u0111\u01b0\u1ee3c l\u00e0m ch\u1ea5t li\u1ec7u h\u1ee3p kim Atimon<br \/>\n<\/span><\/li>\n<li><span class=\"fontstyle0\">Ti\u1ebft ki\u1ec7m tr\u00ean 40% l\u01b0\u1ee3ng gas ti\u00eau th\u1ee5<br \/>\n<\/span><\/li>\n<li><span class=\"fontstyle0\">Ch\u1ebf \u0111\u1ed9 h\u1ea7m ti\u1ebft ki\u1ec7m gas<br \/>\n<\/span><\/li>\n<li><span class=\"fontstyle0\">M\u1eb7t k\u00ednh c\u01b0\u1eddng l\u1ef1c, ch\u1ecbu nhi\u1ec7t d\u00e0y 8mm<br \/>\n<\/span><\/li>\n<li><span class=\"fontstyle0\">Ki\u1ec1ng gang \u0111\u00fac ch\u1ed1ng tr\u01b0\u1ee3t, khay inox cao c\u1ea5p<br \/>\n<\/span><\/li>\n<li><span class=\"fontstyle0\">B\u1ee5ng b\u1ebfp inox SUS 304<\/span><\/li>\n<\/ul>\n<h3><strong style=\"font-size: 20.16px;\"><span class=\"fontstyle0\">Ch\u1ee9c n\u0103ng an to\u00e0n<\/span><\/strong><\/h3>\n<ul>\n<li><span class=\"fontstyle0\">C\u1ea3m bi\u1ebfn an to\u00e0n t\u1ef1 \u0111\u1ed9ng kh\u00f3a Orkli (Made in Spain)<br \/>\n<\/span><\/li>\n<li><span class=\"fontstyle0\">C\u1ea3m bi\u1ebfn \u0111\u00e1nh l\u1eeda nhanh<\/span><\/li>\n<\/ul>\n<h3>\u00a0<strong><span class=\"fontstyle0\">Th\u00f4ng tin k\u1ef9 thu\u1eadt<\/span><\/strong><\/h3>\n<ul>\n<li><span class=\"fontstyle0\">C\u00f4ng su\u1ea5t: 0.21kg\/h\/l\u00f2<br \/>\n<\/span><\/li>\n<li><span class=\"fontstyle0\">H\u1ec7 th\u1ed1ng \u0111\u00e1nh l\u1eeda b\u1eb1ng PIN (DC)<br \/>\n<\/span><\/li>\n<li><span class=\"fontstyle0\">K\u00edch th\u01b0\u1edbc s\u1ea3n ph\u1ea9m: 730R x 410S x 108C mm<br \/>\n<\/span><\/li>\n<li><span class=\"fontstyle0\">K\u00edch th\u01b0\u1edbc kho\u00e9t \u0111\u00e1: 660R x 350S mm<\/span><\/li>\n<\/ul>\n","protected":false},"excerpt":{"rendered":"<p>C\u00f9ng kh\u00e1m ph\u00e1 B\u1ebfp gas \u00e2m Eurosun EU-GN09 2 l\u00f2 n\u1ea5u thi\u1ebft k\u1ebf sang tr\u1ecdng n\u1ed5i b\u1eadt c\u00f3 g\u00ec \u0111\u1eb7c bi\u1ec7t \u0110\u1eb7c t\u00ednh s\u1ea3n ph\u1ea9m B\u1ebfp gas \u00e2m 2 l\u00f2 n\u1ea5u c\u1ef1c k\u00ec ti\u1ec7n d\u1ee5ng M\u00e2m ph\u00e1t nhi\u1ec7t d\u00f9ng v\u1eadt li\u1ec7u g\u1ed1m Ceramic c\u00f4ng ngh\u1ec7 cao, truy\u1ec1n nhi\u1ec7t t\u1ed1i \u0111a M\u00e2m chia l\u1eeda 2 v\u00f2ng [&#8230;]\n","protected":false},"featured_media":608,"comment_status":"open","ping_status":"closed","template":"","meta":[],"product_brand":[],"product_cat":[123,729,106],"product_tag":[124,126,129,740,127,108],"class_list":{"0":"post-523","1":"product","2":"type-product","3":"status-publish","4":"has-post-thumbnail","6":"product_cat-bep-gas","7":"product_cat-bep-gas-eurosun","8":"product_cat-thuong-hieu-eurosun","9":"product_tag-bep-gas","10":"product_tag-bep-gas-am","11":"product_tag-bep-gas-am-2-lo-nau","12":"product_tag-bep-gas-am-eurosun","13":"product_tag-bep-gas-eurosun","14":"product_tag-eurosun","16":"first","17":"instock","18":"sale","19":"shipping-taxable","20":"purchasable","21":"product-type-simple"},"_links":{"self":[{"href":"https:\/\/livinghome.vn\/thiet-bi\/wp-json\/wp\/v2\/product\/523","targetHints":{"allow":["GET"]}}],"collection":[{"href":"https:\/\/livinghome.vn\/thiet-bi\/wp-json\/wp\/v2\/product"}],"about":[{"href":"https:\/\/livinghome.vn\/thiet-bi\/wp-json\/wp\/v2\/types\/product"}],"replies":[{"embeddable":true,"href":"https:\/\/livinghome.vn\/thiet-bi\/wp-json\/wp\/v2\/comments?post=523"}],"wp:featuredmedia":[{"embeddable":true,"href":"https:\/\/livinghome.vn\/thiet-bi\/wp-json\/wp\/v2\/media\/608"}],"wp:attachment":[{"href":"https:\/\/livinghome.vn\/thiet-bi\/wp-json\/wp\/v2\/media?parent=523"}],"wp:term":[{"taxonomy":"product_brand","embeddable":true,"href":"https:\/\/livinghome.vn\/thiet-bi\/wp-json\/wp\/v2\/product_brand?post=523"},{"taxonomy":"product_cat","embeddable":true,"href":"https:\/\/livinghome.vn\/thiet-bi\/wp-json\/wp\/v2\/product_cat?post=523"},{"taxonomy":"product_tag","embeddable":true,"href":"https:\/\/livinghome.vn\/thiet-bi\/wp-json\/wp\/v2\/product_tag?post=523"}],"curies":[{"name":"wp","href":"https:\/\/api.w.org\/{rel}","templated":true}]}}