{"id":508,"date":"2023-01-12T10:20:59","date_gmt":"2023-01-12T10:20:59","guid":{"rendered":"https:\/\/livinghome.vn\/thiet-bi\/?post_type=product&#038;p=508"},"modified":"2024-11-29T14:21:01","modified_gmt":"2024-11-29T07:21:01","slug":"bep-gas-am-eurosun-eu-ga287-2-lo-nau-mau-den-noi-bat","status":"publish","type":"product","link":"https:\/\/livinghome.vn\/thiet-bi\/bep-gas-am-eurosun-eu-ga287-2-lo-nau-mau-den-noi-bat\/","title":{"rendered":"B\u1ebfp gas \u00e2m Eurosun EU-GA287 2 l\u00f2 n\u1ea5u m\u00e0u \u0111en n\u1ed5i b\u1eadt"},"content":{"rendered":"<h2>B\u1ebfp gas \u00e2m Eurosun EU-GA287 2 l\u00f2 n\u1ea5u m\u00e0u \u0111en n\u1ed5i b\u1eadt c\u00f3 g\u00ec \u0111\u1eb7c bi\u1ec7t:<\/h2>\n<figure id=\"attachment_44144\" aria-describedby=\"caption-attachment-44144\" style=\"width: 800px\" class=\"wp-caption alignnone\"><img loading=\"lazy\" decoding=\"async\" class=\"size-large wp-image-44144\" src=\"https:\/\/livinghome.vn\/thiet-bi\/wp-content\/uploads\/nha-bep\/eurosun\/bep-ga-am\/bep-ga-am-eurosun-eu-ga287\/bep-ga-am-eurosun-eu-ga287-800x800.jpg\" alt=\"B\u1ebfp gas \u00e2m Eurosun EU-GA287 2 l\u00f2 n\u1ea5u m\u00e0u \u0111en n\u1ed5i b\u1eadt\" width=\"800\" height=\"800\" title=\"\"><figcaption id=\"caption-attachment-44144\" class=\"wp-caption-text\">B\u1ebfp gas \u00e2m Eurosun EU-GA287 2 l\u00f2 n\u1ea5u m\u00e0u \u0111en n\u1ed5i b\u1eadt<\/figcaption><\/figure>\n<h3><strong><span class=\"fontstyle0\">\u0110\u1eb7c t\u00ednh s\u1ea3n ph\u1ea9m<\/span> <\/strong><\/h3>\n<ul>\n<li><a href=\"https:\/\/livinghome.vn\/product-category\/nha-bep\/bep-nau\/bep-gas-am\/\">B\u1ebfp gas \u00e2m<\/a> 2 l\u00f2 n\u1ea5u c\u1ef1c k\u00ec ti\u1ec7n d\u1ee5ng<\/li>\n<li><span class=\"fontstyle0\">M\u00e2m chia l\u1eeda b\u1eb1ng \u0111\u1ed3ng<br \/>\n<\/span><\/li>\n<li><span class=\"fontstyle0\">H\u1ecdng b\u1ebfp \u0111\u01b0\u1ee3c l\u00e0m ch\u1ea5t li\u1ec7u h\u1ee3p kim Atimon<br \/>\n<\/span><\/li>\n<li><span class=\"fontstyle0\">Ch\u1ebf \u0111\u1ed9 h\u1ea7m ti\u1ebft ki\u1ec7m gas<br \/>\n<\/span><\/li>\n<li><span class=\"fontstyle0\">M\u1eb7t k\u00ednh c\u01b0\u1eddng l\u1ef1c, ch\u1ecbu nhi\u1ec7t d\u00e0y 8mm, v\u00e1t 4 c\u1ea1nh<br \/>\n<\/span><\/li>\n<li><span class=\"fontstyle0\">Ki\u1ec1ng gang \u0111\u00fac ch\u1ed1ng tr\u01b0\u1ee3t, khay inox 304 ch\u1ed1ng han g\u1ec9<\/span><\/li>\n<\/ul>\n<h3><strong style=\"font-size: 20.16px;\"><span class=\"fontstyle0\">Ch\u1ee9c n\u0103ng an to\u00e0n<\/span><\/strong><\/h3>\n<ul>\n<li><span class=\"fontstyle0\">C\u1ea3m bi\u1ebfn an to\u00e0n t\u1ef1 \u0111\u1ed9ng kh\u00f3a Orkli (Made in Spain)<br \/>\n<\/span><\/li>\n<li><span class=\"fontstyle0\">C\u1ea3m bi\u1ebfn \u0111\u00e1nh l\u1eeda nhanh<\/span><\/li>\n<\/ul>\n<h3>\u00a0<strong><span class=\"fontstyle0\">Th\u00f4ng tin k\u1ef9 thu\u1eadt<\/span><\/strong><\/h3>\n<ul>\n<li><span class=\"fontstyle0\">C\u00f4ng su\u1ea5t: 0.26kg\/h\/l\u00f2<br \/>\n<\/span><\/li>\n<li><span class=\"fontstyle0\">H\u1ec7 th\u1ed1ng \u0111\u00e1nh l\u1eeda b\u1eb1ng PIN (DC)<br \/>\n<\/span><\/li>\n<li><span class=\"fontstyle0\">K\u00edch th\u01b0\u1edbc s\u1ea3n ph\u1ea9m: 730R x 410S x 108C mm<br \/>\n<\/span><\/li>\n<li><span class=\"fontstyle0\">K\u00edch th\u01b0\u1edbc kho\u00e9t \u0111\u00e1: 650R x 350S mm<\/span><\/li>\n<\/ul>\n","protected":false},"excerpt":{"rendered":"<p>B\u1ebfp gas \u00e2m Eurosun EU-GA287 2 l\u00f2 n\u1ea5u m\u00e0u \u0111en n\u1ed5i b\u1eadt c\u00f3 g\u00ec \u0111\u1eb7c bi\u1ec7t: \u0110\u1eb7c t\u00ednh s\u1ea3n ph\u1ea9m B\u1ebfp gas \u00e2m 2 l\u00f2 n\u1ea5u c\u1ef1c k\u00ec ti\u1ec7n d\u1ee5ng M\u00e2m chia l\u1eeda b\u1eb1ng \u0111\u1ed3ng H\u1ecdng b\u1ebfp \u0111\u01b0\u1ee3c l\u00e0m ch\u1ea5t li\u1ec7u h\u1ee3p kim Atimon Ch\u1ebf \u0111\u1ed9 h\u1ea7m ti\u1ebft ki\u1ec7m gas M\u1eb7t k\u00ednh c\u01b0\u1eddng l\u1ef1c, ch\u1ecbu [&#8230;]\n","protected":false},"featured_media":603,"comment_status":"open","ping_status":"closed","template":"","meta":[],"product_brand":[],"product_cat":[123,729,106],"product_tag":[124,125,126,740,127,108],"class_list":{"0":"post-508","1":"product","2":"type-product","3":"status-publish","4":"has-post-thumbnail","6":"product_cat-bep-gas","7":"product_cat-bep-gas-eurosun","8":"product_cat-thuong-hieu-eurosun","9":"product_tag-bep-gas","10":"product_tag-bep-gas-2-lo-nau","11":"product_tag-bep-gas-am","12":"product_tag-bep-gas-am-eurosun","13":"product_tag-bep-gas-eurosun","14":"product_tag-eurosun","16":"first","17":"instock","18":"sale","19":"shipping-taxable","20":"purchasable","21":"product-type-simple"},"_links":{"self":[{"href":"https:\/\/livinghome.vn\/thiet-bi\/wp-json\/wp\/v2\/product\/508","targetHints":{"allow":["GET"]}}],"collection":[{"href":"https:\/\/livinghome.vn\/thiet-bi\/wp-json\/wp\/v2\/product"}],"about":[{"href":"https:\/\/livinghome.vn\/thiet-bi\/wp-json\/wp\/v2\/types\/product"}],"replies":[{"embeddable":true,"href":"https:\/\/livinghome.vn\/thiet-bi\/wp-json\/wp\/v2\/comments?post=508"}],"wp:featuredmedia":[{"embeddable":true,"href":"https:\/\/livinghome.vn\/thiet-bi\/wp-json\/wp\/v2\/media\/603"}],"wp:attachment":[{"href":"https:\/\/livinghome.vn\/thiet-bi\/wp-json\/wp\/v2\/media?parent=508"}],"wp:term":[{"taxonomy":"product_brand","embeddable":true,"href":"https:\/\/livinghome.vn\/thiet-bi\/wp-json\/wp\/v2\/product_brand?post=508"},{"taxonomy":"product_cat","embeddable":true,"href":"https:\/\/livinghome.vn\/thiet-bi\/wp-json\/wp\/v2\/product_cat?post=508"},{"taxonomy":"product_tag","embeddable":true,"href":"https:\/\/livinghome.vn\/thiet-bi\/wp-json\/wp\/v2\/product_tag?post=508"}],"curies":[{"name":"wp","href":"https:\/\/api.w.org\/{rel}","templated":true}]}}