{"id":5051,"date":"2023-01-12T19:21:56","date_gmt":"2023-01-12T19:21:56","guid":{"rendered":"https:\/\/livinghome.vn\/thiet-bi\/?post_type=product&#038;p=5051"},"modified":"2024-11-29T14:19:39","modified_gmt":"2024-11-29T07:19:39","slug":"tu-uop-ruou-bosch-ksw38940-kiem-soat-nhiet-do-414-lit","status":"publish","type":"product","link":"https:\/\/livinghome.vn\/thiet-bi\/tu-uop-ruou-bosch-ksw38940-kiem-soat-nhiet-do-414-lit\/","title":{"rendered":"T\u1ee7 \u01b0\u1edbp r\u01b0\u1ee3u Bosch KSW38940 &#8211; Ki\u1ec3m so\u00e1t nhi\u1ec7t \u0111\u1ed9 414 l\u00edt"},"content":{"rendered":"<h1>Living Home xin tr\u00e2n tr\u1ecdng gi\u1edbi thi\u1ec7u \u0111\u1ebfn b\u1ea1n T\u1ee7 \u01b0\u1edbp r\u01b0\u1ee3u Bosch KSW38940 v\u1edbi nh\u1eefng t\u00ednh n\u0103ng v\u00f4 c\u00f9ng h\u1ea5p d\u1eabn nh\u01b0 sau<\/h1>\n<h3>Th\u00f4ng tin thi\u1ebft b\u1ecb<\/h3>\n<ul>\n<li>Thi\u1ebft k\u1ebf \u0111\u1eb7c bi\u1ec7t sang tr\u1ecdng v\u1edbi m\u1eb7t k\u00ednh 2 l\u1edbp v\u00e0 vi\u1ec1n c\u1eeda gi\u00fap t\u00e1ch bi\u1ec7t ho\u00e0n to\u00e0n nhi\u1ec7t \u0111\u1ed9 b\u00ean trong v\u00e0 b\u00ean ngo\u00e0i t\u1ee7<\/li>\n<li>H\u1ec7 th\u1ed1ng \u0111i\u1ec1u khi\u1ec3n v\u00e0 ki\u1ec3m so\u00e1t nhi\u1ec7t \u0111\u1ed9 b\u00ean trong ti\u00ean ti\u1ebfn v\u1edbi 2 v\u00f9ng nhi\u1ec7t \u0111\u1ed9 t\u00e1ch bi\u1ec7t gi\u00fap l\u01b0u gi\u1eef \u0111\u01b0\u1ee3c c\u00e1c lo\u1ea1i r\u01b0\u1ee3u c\u00f3 y\u00eau c\u1ea7u nhi\u1ec7t \u0111\u1ed9 kh\u00e1c nhau<\/li>\n<li>C\u00f4ng ngh\u1ec7 v\u1eadn h\u00e0nh ti\u1ebft ki\u1ec7m n\u0103ng l\u01b0\u1ee3ng theo ti\u00eau chu\u1ea9n B Ch\u00e2u \u00c2u<\/li>\n<li>Thi\u1ebft k\u1ebf hi\u1ec7n \u0111\u1ea1i v\u1edbi 7 khoang ch\u1ee9a l\u1edbn, c\u00e1c k\u1ec7 c\u00f3 th\u1ec3 \u0111i\u1ec1u ch\u1ec9nh \u0111\u1ed9 cao<\/li>\n<li>H\u1ec7 th\u1ed1ng \u0111\u00e8n LED chi\u1ebfu s\u00e1ng b\u00ean trong.<\/li>\n<li>Dung t\u00edch l\u00ean \u0111\u1ebfn 414 L;<\/li>\n<li>S\u1ee9c ch\u1ee9a l\u00ean \u0111\u1ebfn 198 chai (\u1ee9ng m\u1ed7i chai 0.97 L)<\/li>\n<li>D\u00e3y nhi\u1ec7t \u0111\u1ed9 v\u1eadn h\u00e0nh c\u1ee7a t\u1ee7 t\u1eeb\u00a0<strong>+5<sup>0<\/sup>C \u0111\u1ebfn +22<sup>0<\/sup>C<\/strong><\/li>\n<li>B\u1ea3ng \u0111i\u1ec1u khi\u1ec3n \u0111i\u1ec7n t\u1eed<\/li>\n<li>C\u00e1c khay l\u00e0m b\u1eb1ng g\u1ed7<\/li>\n<\/ul>\n<figure id=\"attachment_59437\" aria-describedby=\"caption-attachment-59437\" style=\"width: 800px\" class=\"wp-caption alignnone\"><img loading=\"lazy\" decoding=\"async\" class=\"wp-image-59437 size-large\" src=\"https:\/\/livinghome.vn\/thiet-bi\/wp-content\/uploads\/nha-bep\/bosch-hmh\/tu-uop-ruou\/tu-uop-ruou-bosch-ksw38940\/tu-uop-ruou-bosch-ksw38940-3-800x800.jpg\" alt=\"T\u1ee7 \u01b0\u1edbp r\u01b0\u1ee3u Bosch KSW38940 - Ki\u1ec3m so\u00e1t nhi\u1ec7t \u0111\u1ed9 414 l\u00edt\" width=\"800\" height=\"800\" title=\"\"><figcaption id=\"caption-attachment-59437\" class=\"wp-caption-text\">T\u1ee7 \u01b0\u1edbp r\u01b0\u1ee3u Bosch KSW38940 &#8211; D\u00e3y nhi\u1ec7t \u0111\u1ed9 v\u1eadn h\u00e0nh c\u1ee7a t\u1ee7 t\u1eeb\u00a0+50C \u0111\u1ebfn +220C<\/figcaption><\/figure>\n<h3>Ch\u1ee9c n\u0103ng an to\u00e0n<\/h3>\n<ul>\n<li>C\u1ee7a k\u00ednh ch\u1ed1ng tia UV<\/li>\n<li>B\u1ed9 l\u1ecdc m\u00f9i v\u1edbi than ho\u1ea1t t\u00ednh \u0111\u01b0\u1ee3c t\u00edch h\u1ee3p b\u00ean trong t\u1ee7<\/li>\n<li>Kh\u00f3a c\u1ee7a t\u1ee7<\/li>\n<\/ul>\n<h3>Th\u00f4ng s\u1ed1 k\u1ef9 thu\u1eadt<\/h3>\n<ul>\n<li>M\u00e0u: x\u00e1m; Tr\u1ecdng l\u01b0\u1ee3ng: 86 kg<\/li>\n<li>\u0110\u1ed9 \u1ed3n: 42 dB; C\u00f4ng su\u1ea5t: 200 W<\/li>\n<li>Hi\u1ec7u \u0111i\u1ec7n th\u1ebf: 220 \u2013 240V<\/li>\n<li>C\u01b0\u1eddng \u0111\u1ed9: 10A; T\u1ea7n s\u1ed1: 50Hz<\/li>\n<li>K\u00edch th\u01b0\u1edbc:<\/li>\n<li>Cao 1860 x R\u1ed9ng 595 x S\u00e2u 595 mm<\/li>\n<\/ul>\n","protected":false},"excerpt":{"rendered":"<p>Thi\u1ebft k\u1ebf \u0111\u1eb7c bi\u1ec7t sang tr\u1ecdng v\u1edbi m\u1eb7t k\u00ednh 2 l\u1edbp v\u00e0 vi\u1ec1n c\u1eeda gi\u00fap t\u00e1ch bi\u1ec7t ho\u00e0n to\u00e0n nhi\u1ec7t \u0111\u1ed9 b\u00ean trong v\u00e0 b\u00ean ngo\u00e0i t\u1ee7<\/p>\n<p>H\u1ec7 th\u1ed1ng \u0111i\u1ec1u khi\u1ec3n v\u00e0 ki\u1ec3m so\u00e1t nhi\u1ec7t \u0111\u1ed9 b\u00ean trong ti\u00ean ti\u1ebfn v\u1edbi 2 v\u00f9ng nhi\u1ec7t \u0111\u1ed9 t\u00e1ch bi\u1ec7t gi\u00fap l\u01b0u gi\u1eef \u0111\u01b0\u1ee3c c\u00e1c lo\u1ea1i r\u01b0\u1ee3u c\u00f3 y\u00eau c\u1ea7u nhi\u1ec7t \u0111\u1ed9 kh\u00e1c nhau<\/p>\n<p>C\u00f4ng ngh\u1ec7 v\u1eadn h\u00e0nh ti\u1ebft ki\u1ec7m n\u0103ng l\u01b0\u1ee3ng theo ti\u00eau chu\u1ea9n B Ch\u00e2u \u00c2u<\/p>\n<p>Thi\u1ebft k\u1ebf hi\u1ec7n \u0111\u1ea1i v\u1edbi 7 khoang ch\u1ee9a l\u1edbn, c\u00e1c k\u1ec7 c\u00f3 th\u1ec3 \u0111i\u1ec1u ch\u1ec9nh \u0111\u1ed9 cao<\/p>\n<p>H\u1ec7 th\u1ed1ng \u0111\u00e8n LED chi\u1ebfu s\u00e1ng b\u00ean trong.<\/p>\n<p>Dung t\u00edch l\u00ean \u0111\u1ebfn 414 L;<\/p>\n<p>S\u1ee9c ch\u1ee9a l\u00ean \u0111\u1ebfn 198 chai (\u1ee9ng m\u1ed7i chai 0.97 L)<\/p>\n<p>D\u00e3y nhi\u1ec7t \u0111\u1ed9 v\u1eadn h\u00e0nh c\u1ee7a t\u1ee7 t\u1eeb\u00a0<strong>+5<sup>0<\/sup>C \u0111\u1ebfn +22<sup>0<\/sup>C<\/strong><\/p>\n<p>B\u1ea3ng \u0111i\u1ec1u khi\u1ec3n \u0111i\u1ec7n t\u1eed<\/p>\n<p>C\u00e1c khay l\u00e0m b\u1eb1ng g\u1ed7<\/p>\n","protected":false},"featured_media":5253,"comment_status":"open","ping_status":"closed","template":"","meta":[],"product_brand":[],"product_cat":[472,193],"product_tag":[473,532,533],"class_list":{"0":"post-5051","1":"product","2":"type-product","3":"status-publish","4":"has-post-thumbnail","6":"product_cat-thuong-hieu-bosch","7":"product_cat-tu-uop-ruou","8":"product_tag-bosch","9":"product_tag-tu-uop-ruou","10":"product_tag-tu-uop-ruou-bosch","12":"first","13":"instock","14":"sale","15":"shipping-taxable","16":"purchasable","17":"product-type-simple"},"_links":{"self":[{"href":"https:\/\/livinghome.vn\/thiet-bi\/wp-json\/wp\/v2\/product\/5051","targetHints":{"allow":["GET"]}}],"collection":[{"href":"https:\/\/livinghome.vn\/thiet-bi\/wp-json\/wp\/v2\/product"}],"about":[{"href":"https:\/\/livinghome.vn\/thiet-bi\/wp-json\/wp\/v2\/types\/product"}],"replies":[{"embeddable":true,"href":"https:\/\/livinghome.vn\/thiet-bi\/wp-json\/wp\/v2\/comments?post=5051"}],"wp:featuredmedia":[{"embeddable":true,"href":"https:\/\/livinghome.vn\/thiet-bi\/wp-json\/wp\/v2\/media\/5253"}],"wp:attachment":[{"href":"https:\/\/livinghome.vn\/thiet-bi\/wp-json\/wp\/v2\/media?parent=5051"}],"wp:term":[{"taxonomy":"product_brand","embeddable":true,"href":"https:\/\/livinghome.vn\/thiet-bi\/wp-json\/wp\/v2\/product_brand?post=5051"},{"taxonomy":"product_cat","embeddable":true,"href":"https:\/\/livinghome.vn\/thiet-bi\/wp-json\/wp\/v2\/product_cat?post=5051"},{"taxonomy":"product_tag","embeddable":true,"href":"https:\/\/livinghome.vn\/thiet-bi\/wp-json\/wp\/v2\/product_tag?post=5051"}],"curies":[{"name":"wp","href":"https:\/\/api.w.org\/{rel}","templated":true}]}}